{"id":26409,"date":"2023-03-12T10:12:20","date_gmt":"2023-03-12T09:12:20","guid":{"rendered":"https:\/\/docmarket-dz.com\/?post_type=product&#038;p=26409"},"modified":"2023-10-05T11:03:30","modified_gmt":"2023-10-05T10:03:30","slug":"trousse-ophtalmique-sterile-couvre-table-140-cm-x-190-cm-champ-ophtalmique-100cm-x-120-cm-avec-02-poches-de-recueil","status":"publish","type":"product","link":"https:\/\/docmarket-dz.com\/index.php\/product\/trousse-ophtalmique-sterile-couvre-table-140-cm-x-190-cm-champ-ophtalmique-100cm-x-120-cm-avec-02-poches-de-recueil\/","title":{"rendered":"Trousse Ophtalmique sterile : Couvre table (140 cm x 190 cm) Champ ophtalmique (100cm x 120 cm) Avec 02 poches de recueil"},"content":{"rendered":"<p>La trousse st\u00e9rile d&#8217;ophtalmologie \u00e0 usage unique\u00a0 est compos\u00e9e d&#8217;un grand champ avec fen\u00eatre adh\u00e9sive, film \u00e0 inciser, 2 poches de recueil et de barrettes conformables.<\/p>\n","protected":false},"excerpt":{"rendered":"<p>La trousse st\u00e9rile d&#8217;ophtalmologie \u00e0 usage unique\u00a0 est compos\u00e9e d&#8217;un grand champ avec fen\u00eatre adh\u00e9sive, film \u00e0 inciser, 2 poches de recueil et de barrettes conformables.<\/p>\n","protected":false},"featured_media":27398,"comment_status":"open","ping_status":"closed","template":"","meta":{"content-type":"","om_disable_all_campaigns":false,"_uf_show_specific_survey":0,"_uf_disable_surveys":false,"jetpack_publicize_message":"","jetpack_publicize_feature_enabled":true,"jetpack_social_post_already_shared":false,"jetpack_social_options":{"image_generator_settings":{"template":"highway","default_image_id":0,"font":"","enabled":false},"version":2}},"product_brand":[],"product_cat":[487],"product_tag":[],"class_list":{"0":"post-26409","1":"product","2":"type-product","3":"status-publish","4":"has-post-thumbnail","6":"product_cat-medical","8":"first","9":"onbackorder","10":"taxable","11":"shipping-taxable","12":"purchasable","13":"product-type-simple"},"supplier_id":null,"supplier_sku":"","barcode":null,"atum_controlled":true,"out_stock_date":null,"out_stock_threshold":null,"inheritable":false,"inbound_stock":0,"stock_on_hold":0,"sold_today":0,"sales_last_days":0,"reserved_stock":0,"customer_returns":0,"warehouse_damage":0,"lost_in_post":0,"other_logs":0,"out_stock_days":0,"lost_sales":0,"has_location":false,"update_date":"2026-04-16T00:08:01","atum_locations":[],"atum_stock_status":"onbackorder","restock_status":false,"low_stock_amount":"","sales_update_date":"2026-04-16T00:08:01","calc_backorders":null,"aioseo_notices":[],"jetpack_publicize_connections":[],"jetpack-related-posts":[{"id":25341,"url":"https:\/\/docmarket-dz.com\/index.php\/product\/champ-ophtalmique-160-x-180-cm-avec-02-poches-de-recueil\/","url_meta":{"origin":26409,"position":0},"title":"Champ Ophtalmique (160 x 180 cm) avec 02 poches de recueil","author":"falek.h","date":"05\/03\/2023","format":false,"excerpt":"","rel":"","context":"Article similaire","block_context":{"text":"Article similaire","link":""},"img":{"alt_text":"","src":"https:\/\/i0.wp.com\/docmarket-dz.com\/wp-content\/uploads\/2023\/03\/Champ-Ophtalmique-e1677985845855.jpg?fit=750%2C422&ssl=1&resize=350%2C200","width":350,"height":200,"srcset":"https:\/\/i0.wp.com\/docmarket-dz.com\/wp-content\/uploads\/2023\/03\/Champ-Ophtalmique-e1677985845855.jpg?fit=750%2C422&ssl=1&resize=350%2C200 1x, https:\/\/i0.wp.com\/docmarket-dz.com\/wp-content\/uploads\/2023\/03\/Champ-Ophtalmique-e1677985845855.jpg?fit=750%2C422&ssl=1&resize=525%2C300 1.5x, https:\/\/i0.wp.com\/docmarket-dz.com\/wp-content\/uploads\/2023\/03\/Champ-Ophtalmique-e1677985845855.jpg?fit=750%2C422&ssl=1&resize=700%2C400 2x"},"classes":[]},{"id":30191,"url":"https:\/\/docmarket-dz.com\/index.php\/product\/champ-ophtalmique-avec-poche-11090-sottex\/","url_meta":{"origin":26409,"position":1},"title":"Champ Ophtalmique avec poche 110*90 SOTTEX","author":"Amel","date":"23\/06\/2025","format":false,"excerpt":"","rel":"","context":"Article similaire","block_context":{"text":"Article similaire","link":""},"img":{"alt_text":"","src":"","width":0,"height":0},"classes":[]},{"id":30636,"url":"https:\/\/docmarket-dz.com\/index.php\/product\/champ-ophtalmique-sans-poche-4040-sottex\/","url_meta":{"origin":26409,"position":2},"title":"Champ Ophtalmique sans poche 40*40 SOTTEX","author":"Amel","date":"07\/01\/2026","format":false,"excerpt":"","rel":"","context":"Article similaire","block_context":{"text":"Article similaire","link":""},"img":{"alt_text":"","src":"","width":0,"height":0},"classes":[]},{"id":30637,"url":"https:\/\/docmarket-dz.com\/index.php\/product\/champ-ophtalmique-sans-poche-10070-sottex\/","url_meta":{"origin":26409,"position":3},"title":"Champ Ophtalmique sans poche 100*70 SOTTEX","author":"Amel","date":"07\/01\/2026","format":false,"excerpt":"","rel":"","context":"Article similaire","block_context":{"text":"Article similaire","link":""},"img":{"alt_text":"","src":"","width":0,"height":0},"classes":[]},{"id":26390,"url":"https:\/\/docmarket-dz.com\/index.php\/product\/trousse-celioscopie-sterile\/","url_meta":{"origin":26409,"position":4},"title":"TROUSSE COELIOSCOPIE STERILE","author":"falek.h","date":"12\/03\/2023","format":false,"excerpt":"Les champs de la trousse de c\u0153lioscopie sont soigneusement con\u00e7us pour garantir la s\u00e9curit\u00e9 et l\u2019efficacit\u00e9 face aux exigences particuli\u00e8res de la chirurgie c\u0153lioscopie, et renforcer l\u2019efficacit\u00e9 au bloc op\u00e9ratoire. Les passes tubulures et bandes adh\u00e9sives permettent d\u2019organiser la zone de travail et de conserver un environnement propre et st\u00e9rile,\u2026","rel":"","context":"Article similaire","block_context":{"text":"Article similaire","link":""},"img":{"alt_text":"","src":"https:\/\/i0.wp.com\/docmarket-dz.com\/wp-content\/uploads\/2023\/03\/Capture-tousse-coeloscopie.png?fit=432%2C267&ssl=1&resize=350%2C200","width":350,"height":200},"classes":[]},{"id":30654,"url":"https:\/\/docmarket-dz.com\/index.php\/product\/champ-dophtalmologie-75cm-x-80cm-avec-poche-de-recueil\/","url_meta":{"origin":26409,"position":5},"title":"CHAMP D&#8217;OPHTALMOLOGIE 75cm x 80cm AVEC POCHE DE RECUEIL","author":"Amel","date":"15\/01\/2026","format":false,"excerpt":"","rel":"","context":"Article similaire","block_context":{"text":"Article similaire","link":""},"img":{"alt_text":"","src":"","width":0,"height":0},"classes":[]}],"jetpack_sharing_enabled":true,"tiered_pricing_type":"fixed","tiered_pricing_fixed_rules":[],"tiered_pricing_product_settings":{"layout":"default","base_unit_name":{"singular":null,"plural":null},"default_variation":null},"tiered_pricing_minimum_quantity":null,"tiered_pricing_roles_data":[],"tiered_pricing_percentage_rules":[],"_links":{"self":[{"href":"https:\/\/docmarket-dz.com\/index.php\/wp-json\/wp\/v2\/product\/26409","targetHints":{"allow":["GET"]}}],"collection":[{"href":"https:\/\/docmarket-dz.com\/index.php\/wp-json\/wp\/v2\/product"}],"about":[{"href":"https:\/\/docmarket-dz.com\/index.php\/wp-json\/wp\/v2\/types\/product"}],"replies":[{"embeddable":true,"href":"https:\/\/docmarket-dz.com\/index.php\/wp-json\/wp\/v2\/comments?post=26409"}],"wp:featuredmedia":[{"embeddable":true,"href":"https:\/\/docmarket-dz.com\/index.php\/wp-json\/wp\/v2\/media\/27398"}],"wp:attachment":[{"href":"https:\/\/docmarket-dz.com\/index.php\/wp-json\/wp\/v2\/media?parent=26409"}],"wp:term":[{"taxonomy":"product_brand","embeddable":true,"href":"https:\/\/docmarket-dz.com\/index.php\/wp-json\/wp\/v2\/product_brand?post=26409"},{"taxonomy":"product_cat","embeddable":true,"href":"https:\/\/docmarket-dz.com\/index.php\/wp-json\/wp\/v2\/product_cat?post=26409"},{"taxonomy":"product_tag","embeddable":true,"href":"https:\/\/docmarket-dz.com\/index.php\/wp-json\/wp\/v2\/product_tag?post=26409"}],"curies":[{"name":"wp","href":"https:\/\/api.w.org\/{rel}","templated":true}]}}