{"id":26418,"date":"2023-03-12T10:22:56","date_gmt":"2023-03-12T09:22:56","guid":{"rendered":"https:\/\/docmarket-dz.com\/?post_type=product&#038;p=26418"},"modified":"2023-08-09T13:59:53","modified_gmt":"2023-08-09T12:59:53","slug":"desinfectant-multisurface-5l-2m","status":"publish","type":"product","link":"https:\/\/docmarket-dz.com\/index.php\/product\/desinfectant-multisurface-5l-2m\/","title":{"rendered":"DESINFECTANT MULTISURFACE 5L 2M"},"content":{"rendered":"","protected":false},"excerpt":{"rendered":"","protected":false},"featured_media":0,"comment_status":"open","ping_status":"closed","template":"","meta":{"content-type":"","om_disable_all_campaigns":false,"_uf_show_specific_survey":0,"_uf_disable_surveys":false,"jetpack_publicize_message":"","jetpack_publicize_feature_enabled":true,"jetpack_social_post_already_shared":false,"jetpack_social_options":{"image_generator_settings":{"template":"highway","default_image_id":0,"font":"","enabled":false},"version":2}},"product_brand":[],"product_cat":[560,487],"product_tag":[],"class_list":{"0":"post-26418","1":"product","2":"type-product","3":"status-publish","5":"product_cat-hygiene","6":"product_cat-medical","8":"first","9":"onbackorder","10":"taxable","11":"shipping-taxable","12":"purchasable","13":"product-type-simple"},"supplier_id":null,"supplier_sku":"","barcode":null,"atum_controlled":true,"out_stock_date":null,"out_stock_threshold":null,"inheritable":false,"inbound_stock":0,"stock_on_hold":0,"sold_today":0,"sales_last_days":0,"reserved_stock":0,"customer_returns":0,"warehouse_damage":0,"lost_in_post":0,"other_logs":0,"out_stock_days":0,"lost_sales":0,"has_location":false,"update_date":"2026-04-16T00:07:54","atum_locations":[],"atum_stock_status":"onbackorder","restock_status":false,"low_stock_amount":"","sales_update_date":"2026-04-16T00:07:54","calc_backorders":null,"aioseo_notices":[],"jetpack_publicize_connections":[],"jetpack-related-posts":[{"id":26417,"url":"https:\/\/docmarket-dz.com\/index.php\/product\/desinfectant-multisurface-1l-2m\/","url_meta":{"origin":26418,"position":0},"title":"DESINFECTANT MULTISURFACE 1L 2M","author":"falek.h","date":"12\/03\/2023","format":false,"excerpt":"","rel":"","context":"Article similaire","block_context":{"text":"Article similaire","link":""},"img":{"alt_text":"","src":"","width":0,"height":0},"classes":[]},{"id":26414,"url":"https:\/\/docmarket-dz.com\/index.php\/product\/desinfectant-des-instruments-chirurgicaux-5l-2m\/","url_meta":{"origin":26418,"position":1},"title":"DESINFECTANT DES INSTRUMENTS CHIRURGICAUX 5L 2M","author":"falek.h","date":"12\/03\/2023","format":false,"excerpt":"","rel":"","context":"Article similaire","block_context":{"text":"Article similaire","link":""},"img":{"alt_text":"","src":"","width":0,"height":0},"classes":[]},{"id":26244,"url":"https:\/\/docmarket-dz.com\/index.php\/product\/predesinfectant-des-instruments-chirurgicaux-5l-2m-2\/","url_meta":{"origin":26418,"position":2},"title":"PREDESINFECTANT DES INSTRUMENTS CHIRURGICAUX 5L 2M","author":"falek.h","date":"12\/03\/2023","format":false,"excerpt":"","rel":"","context":"Article similaire","block_context":{"text":"Article similaire","link":""},"img":{"alt_text":"","src":"","width":0,"height":0},"classes":[]},{"id":26413,"url":"https:\/\/docmarket-dz.com\/index.php\/product\/desinfectant-concentre-5l-0-25\/","url_meta":{"origin":26418,"position":3},"title":"DESINFECTANT CONCENTRE 5L  (0.25%)","author":"falek.h","date":"12\/03\/2023","format":false,"excerpt":"","rel":"","context":"Article similaire","block_context":{"text":"Article similaire","link":""},"img":{"alt_text":"","src":"","width":0,"height":0},"classes":[]},{"id":27587,"url":"https:\/\/docmarket-dz.com\/index.php\/product\/eau-distilee-5l-2m\/","url_meta":{"origin":26418,"position":4},"title":"EAU DISTILEE 5L","author":"fatmazohra.nasri","date":"17\/10\/2023","format":false,"excerpt":"","rel":"","context":"Article similaire","block_context":{"text":"Article similaire","link":""},"img":{"alt_text":"","src":"https:\/\/i0.wp.com\/docmarket-dz.com\/wp-content\/uploads\/2023\/10\/EAU-DISTILE-5L-2M.jpg?fit=600%2C600&ssl=1&resize=350%2C200","width":350,"height":200,"srcset":"https:\/\/i0.wp.com\/docmarket-dz.com\/wp-content\/uploads\/2023\/10\/EAU-DISTILE-5L-2M.jpg?fit=600%2C600&ssl=1&resize=350%2C200 1x, https:\/\/i0.wp.com\/docmarket-dz.com\/wp-content\/uploads\/2023\/10\/EAU-DISTILE-5L-2M.jpg?fit=600%2C600&ssl=1&resize=525%2C300 1.5x"},"classes":[]},{"id":26648,"url":"https:\/\/docmarket-dz.com\/index.php\/product\/desinfectant-surface-sanicleaner-5l\/","url_meta":{"origin":26418,"position":5},"title":"DESINFECTANT SURFACE SANICLEANER 5L","author":"falek.h","date":"17\/03\/2023","format":false,"excerpt":"Nouveau d\u00e9tergent pr\u00e9ventif \u00e0 base d\u2019un complexe de 6 enzymes. Con\u00e7u pour un entretien quotidien et la d\u00e9gradation des souillures organiques et matrices biofilms pour un nettoyage des instruments total et une politique de gestion du risque optimale. \u00c9conomique \u00e0 l\u2019emploi et compatible avec les laveurs automatiques ainsi que les\u2026","rel":"","context":"Article similaire","block_context":{"text":"Article similaire","link":""},"img":{"alt_text":"","src":"https:\/\/i0.wp.com\/docmarket-dz.com\/wp-content\/uploads\/2023\/03\/100894-16655678-e1680614113425.jpg?fit=600%2C600&ssl=1&resize=350%2C200","width":350,"height":200,"srcset":"https:\/\/i0.wp.com\/docmarket-dz.com\/wp-content\/uploads\/2023\/03\/100894-16655678-e1680614113425.jpg?fit=600%2C600&ssl=1&resize=350%2C200 1x, https:\/\/i0.wp.com\/docmarket-dz.com\/wp-content\/uploads\/2023\/03\/100894-16655678-e1680614113425.jpg?fit=600%2C600&ssl=1&resize=525%2C300 1.5x"},"classes":[]}],"jetpack_sharing_enabled":true,"tiered_pricing_type":"fixed","tiered_pricing_fixed_rules":[],"tiered_pricing_product_settings":{"layout":"default","base_unit_name":{"singular":null,"plural":null},"default_variation":null},"tiered_pricing_minimum_quantity":null,"tiered_pricing_roles_data":[],"tiered_pricing_percentage_rules":[],"_links":{"self":[{"href":"https:\/\/docmarket-dz.com\/index.php\/wp-json\/wp\/v2\/product\/26418","targetHints":{"allow":["GET"]}}],"collection":[{"href":"https:\/\/docmarket-dz.com\/index.php\/wp-json\/wp\/v2\/product"}],"about":[{"href":"https:\/\/docmarket-dz.com\/index.php\/wp-json\/wp\/v2\/types\/product"}],"replies":[{"embeddable":true,"href":"https:\/\/docmarket-dz.com\/index.php\/wp-json\/wp\/v2\/comments?post=26418"}],"wp:attachment":[{"href":"https:\/\/docmarket-dz.com\/index.php\/wp-json\/wp\/v2\/media?parent=26418"}],"wp:term":[{"taxonomy":"product_brand","embeddable":true,"href":"https:\/\/docmarket-dz.com\/index.php\/wp-json\/wp\/v2\/product_brand?post=26418"},{"taxonomy":"product_cat","embeddable":true,"href":"https:\/\/docmarket-dz.com\/index.php\/wp-json\/wp\/v2\/product_cat?post=26418"},{"taxonomy":"product_tag","embeddable":true,"href":"https:\/\/docmarket-dz.com\/index.php\/wp-json\/wp\/v2\/product_tag?post=26418"}],"curies":[{"name":"wp","href":"https:\/\/api.w.org\/{rel}","templated":true}]}}