{"id":26431,"date":"1970-01-01T00:00:00","date_gmt":"1970-01-01T00:00:00","guid":{"rendered":"https:\/\/docmarket-dz.com\/?post_type=product&#038;p=26431"},"modified":"2023-08-09T14:27:59","modified_gmt":"2023-08-09T13:27:59","slug":"actyl-surface-5l","status":"publish","type":"product","link":"https:\/\/docmarket-dz.com\/index.php\/product\/actyl-surface-5l\/","title":{"rendered":"ACTYL + SURFACE 5L"},"content":{"rendered":"","protected":false},"excerpt":{"rendered":"","protected":false},"featured_media":27065,"comment_status":"open","ping_status":"closed","template":"","meta":{"content-type":"","om_disable_all_campaigns":false,"_uf_show_specific_survey":0,"_uf_disable_surveys":false,"jetpack_publicize_message":"","jetpack_publicize_feature_enabled":true,"jetpack_social_post_already_shared":false,"jetpack_social_options":{"image_generator_settings":{"template":"highway","default_image_id":0,"font":"","enabled":false},"version":2}},"product_brand":[],"product_cat":[100],"product_tag":[],"class_list":{"0":"post-26431","1":"product","2":"type-product","3":"status-publish","4":"has-post-thumbnail","6":"product_cat-dentaire","8":"first","9":"onbackorder","10":"taxable","11":"shipping-taxable","12":"purchasable","13":"product-type-simple"},"supplier_id":null,"supplier_sku":"","barcode":null,"atum_controlled":true,"out_stock_date":null,"out_stock_threshold":null,"inheritable":false,"inbound_stock":0,"stock_on_hold":0,"sold_today":0,"sales_last_days":0,"reserved_stock":0,"customer_returns":0,"warehouse_damage":0,"lost_in_post":0,"other_logs":0,"out_stock_days":0,"lost_sales":0,"has_location":false,"update_date":"2026-04-10T00:04:59","atum_locations":[],"atum_stock_status":"onbackorder","restock_status":false,"low_stock_amount":"","sales_update_date":"2026-04-10T00:04:59","calc_backorders":null,"aioseo_notices":[],"jetpack_publicize_connections":[],"jetpack-related-posts":[{"id":26648,"url":"https:\/\/docmarket-dz.com\/index.php\/product\/desinfectant-surface-sanicleaner-5l\/","url_meta":{"origin":26431,"position":0},"title":"DESINFECTANT SURFACE SANICLEANER 5L","author":"falek.h","date":"17\/03\/2023","format":false,"excerpt":"Nouveau d\u00e9tergent pr\u00e9ventif \u00e0 base d\u2019un complexe de 6 enzymes. Con\u00e7u pour un entretien quotidien et la d\u00e9gradation des souillures organiques et matrices biofilms pour un nettoyage des instruments total et une politique de gestion du risque optimale. \u00c9conomique \u00e0 l\u2019emploi et compatible avec les laveurs automatiques ainsi que les\u2026","rel":"","context":"Article similaire","block_context":{"text":"Article similaire","link":""},"img":{"alt_text":"","src":"https:\/\/i0.wp.com\/docmarket-dz.com\/wp-content\/uploads\/2023\/03\/100894-16655678-e1680614113425.jpg?fit=600%2C600&ssl=1&resize=350%2C200","width":350,"height":200,"srcset":"https:\/\/i0.wp.com\/docmarket-dz.com\/wp-content\/uploads\/2023\/03\/100894-16655678-e1680614113425.jpg?fit=600%2C600&ssl=1&resize=350%2C200 1x, https:\/\/i0.wp.com\/docmarket-dz.com\/wp-content\/uploads\/2023\/03\/100894-16655678-e1680614113425.jpg?fit=600%2C600&ssl=1&resize=525%2C300 1.5x"},"classes":[]},{"id":26650,"url":"https:\/\/docmarket-dz.com\/index.php\/product\/desinfectant-surface-surfanium-5l\/","url_meta":{"origin":26431,"position":1},"title":"SURFANIOS Premium 5L","author":"falek.h","date":"17\/03\/2023","format":false,"excerpt":"D\u00e9tergent D\u00e9sinfectant sols et surfaces \u00a0 \u00a0 \u00a0 \u00a0 \u00a0 \u00a0 \u00a0\u00a0 Produit combinant les actions d\u00e9tergente et d\u00e9sinfectante Efficace sur les bact\u00e9ries et moisissures isol\u00e9es de l'environnement hospitalier Produit formul\u00e9 sans ald\u00e9hyde Optimisation \u00e9cotoxycologiques \u00a0 \u00a0 \u00a0 \u00a0 \u00a0 \u00a0Indications : Nettoyage et d\u00e9sinfection des sols, murs, mat\u00e9riel m\u00e9dical\u2026","rel":"","context":"Article similaire","block_context":{"text":"Article similaire","link":""},"img":{"alt_text":"","src":"https:\/\/i0.wp.com\/docmarket-dz.com\/wp-content\/uploads\/2023\/03\/DESINFECTANT-SURFACE-SURFANIUM-5L-e1680614797239.webp?fit=477%2C600&ssl=1&resize=350%2C200","width":350,"height":200},"classes":[]},{"id":29779,"url":"https:\/\/docmarket-dz.com\/index.php\/product\/bechtid-premium-5l-concentre\/","url_meta":{"origin":26431,"position":2},"title":"Bechtid Premium 5L concentr\u00e9","author":"Sofiane Arbouche","date":"23\/12\/2024","format":false,"excerpt":"Pour une protection microbicide compl\u00e8te sur les surfaces lavables \u00e0 l'eau","rel":"","context":"Article similaire","block_context":{"text":"Article similaire","link":""},"img":{"alt_text":"","src":"https:\/\/i0.wp.com\/docmarket-dz.com\/wp-content\/uploads\/2024\/12\/Sans-titre-1.png?fit=348%2C500&ssl=1&resize=350%2C200","width":350,"height":200},"classes":[]},{"id":30013,"url":"https:\/\/docmarket-dz.com\/index.php\/product\/aniospray-29-bouteille-1l\/","url_meta":{"origin":26431,"position":3},"title":"ANIOSPRAY 29 &#8211; Bouteille 1L","author":"Sofiane Arbouche","date":"15\/04\/2025","format":false,"excerpt":"\ud83e\uddf4 Aniospray Surf 29 \u2013 D\u00e9sinfectant de surface professionnel sans rin\u00e7age (1L ou 5L) Aniospray Surf 29 est un d\u00e9sinfectant de surface pr\u00eat \u00e0 l\u2019emploi, sp\u00e9cialement con\u00e7u pour la d\u00e9sinfection rapide du mat\u00e9riel m\u00e9dical et des surfaces en milieu m\u00e9dical, param\u00e9dical et laboratoire. Formul\u00e9 sans ald\u00e9hyde, il garantit une action\u2026","rel":"","context":"Article similaire","block_context":{"text":"Article similaire","link":""},"img":{"alt_text":"","src":"","width":0,"height":0},"classes":[]},{"id":28069,"url":"https:\/\/docmarket-dz.com\/index.php\/product\/revelateur-de-radio-5l\/","url_meta":{"origin":26431,"position":4},"title":"R\u00e9v\u00e9lateur de Radio 5L","author":"fatmazohra.nasri","date":"10\/12\/2023","format":false,"excerpt":"","rel":"","context":"Article similaire","block_context":{"text":"Article similaire","link":""},"img":{"alt_text":"","src":"","width":0,"height":0},"classes":[]},{"id":24430,"url":"https:\/\/docmarket-dz.com\/index.php\/product\/eau-demineralisee-5l\/","url_meta":{"origin":26431,"position":5},"title":"Eau d\u00e9mineralis\u00e9e 5L","author":"falek.h","date":"24\/12\/2022","format":false,"excerpt":"","rel":"","context":"Article similaire","block_context":{"text":"Article similaire","link":""},"img":{"alt_text":"","src":"https:\/\/i0.wp.com\/docmarket-dz.com\/wp-content\/uploads\/2022\/12\/eau-demineralisee-PhotoRoom1-e1671864569197.jpg?fit=600%2C535&ssl=1&resize=350%2C200","width":350,"height":200,"srcset":"https:\/\/i0.wp.com\/docmarket-dz.com\/wp-content\/uploads\/2022\/12\/eau-demineralisee-PhotoRoom1-e1671864569197.jpg?fit=600%2C535&ssl=1&resize=350%2C200 1x, https:\/\/i0.wp.com\/docmarket-dz.com\/wp-content\/uploads\/2022\/12\/eau-demineralisee-PhotoRoom1-e1671864569197.jpg?fit=600%2C535&ssl=1&resize=525%2C300 1.5x"},"classes":[]}],"jetpack_sharing_enabled":true,"tiered_pricing_type":"fixed","tiered_pricing_fixed_rules":[],"tiered_pricing_product_settings":{"layout":"default","base_unit_name":{"singular":null,"plural":null},"default_variation":null},"tiered_pricing_minimum_quantity":null,"tiered_pricing_roles_data":[],"tiered_pricing_percentage_rules":[],"_links":{"self":[{"href":"https:\/\/docmarket-dz.com\/index.php\/wp-json\/wp\/v2\/product\/26431","targetHints":{"allow":["GET"]}}],"collection":[{"href":"https:\/\/docmarket-dz.com\/index.php\/wp-json\/wp\/v2\/product"}],"about":[{"href":"https:\/\/docmarket-dz.com\/index.php\/wp-json\/wp\/v2\/types\/product"}],"replies":[{"embeddable":true,"href":"https:\/\/docmarket-dz.com\/index.php\/wp-json\/wp\/v2\/comments?post=26431"}],"wp:featuredmedia":[{"embeddable":true,"href":"https:\/\/docmarket-dz.com\/index.php\/wp-json\/wp\/v2\/media\/27065"}],"wp:attachment":[{"href":"https:\/\/docmarket-dz.com\/index.php\/wp-json\/wp\/v2\/media?parent=26431"}],"wp:term":[{"taxonomy":"product_brand","embeddable":true,"href":"https:\/\/docmarket-dz.com\/index.php\/wp-json\/wp\/v2\/product_brand?post=26431"},{"taxonomy":"product_cat","embeddable":true,"href":"https:\/\/docmarket-dz.com\/index.php\/wp-json\/wp\/v2\/product_cat?post=26431"},{"taxonomy":"product_tag","embeddable":true,"href":"https:\/\/docmarket-dz.com\/index.php\/wp-json\/wp\/v2\/product_tag?post=26431"}],"curies":[{"name":"wp","href":"https:\/\/api.w.org\/{rel}","templated":true}]}}