{"id":26432,"date":"2023-03-17T13:00:12","date_gmt":"2023-03-17T12:00:12","guid":{"rendered":"https:\/\/docmarket-dz.com\/?post_type=product&#038;p=26432"},"modified":"2023-08-09T13:59:52","modified_gmt":"2023-08-09T12:59:52","slug":"ad-seal","status":"publish","type":"product","link":"https:\/\/docmarket-dz.com\/index.php\/product\/ad-seal\/","title":{"rendered":"AD SEAL"},"content":{"rendered":"<p>Adseal (Scellant pour canal radiculaire \u00e0 base de r\u00e9sine)<\/p>\n<h4>Avantages<\/h4>\n<p>Excellente biocompatibilit\u00e9<br \/>\nP\u00e2te facile \u00e0 m\u00e9langer<br \/>\nCapacit\u00e9 de scellement herm\u00e9tique<br \/>\nNe tache pas les dents<br \/>\nInsoluble dans le liquide tissulaire<br \/>\nBonne radio-opacit\u00e9<\/p>\n","protected":false},"excerpt":{"rendered":"<p>Adseal (Scellant pour canal radiculaire \u00e0 base de r\u00e9sine) Avantages Excellente biocompatibilit\u00e9 P\u00e2te facile \u00e0 m\u00e9langer Capacit\u00e9 de scellement herm\u00e9tique Ne tache pas les dents Insoluble dans le liquide tissulaire Bonne radio-opacit\u00e9<\/p>\n","protected":false},"featured_media":27063,"comment_status":"open","ping_status":"closed","template":"","meta":{"content-type":"","om_disable_all_campaigns":false,"_uf_show_specific_survey":0,"_uf_disable_surveys":false,"jetpack_publicize_message":"","jetpack_publicize_feature_enabled":true,"jetpack_social_post_already_shared":false,"jetpack_social_options":{"image_generator_settings":{"template":"highway","default_image_id":0,"font":"","enabled":false},"version":2}},"product_brand":[],"product_cat":[100],"product_tag":[],"class_list":{"0":"post-26432","1":"product","2":"type-product","3":"status-publish","4":"has-post-thumbnail","6":"product_cat-dentaire","8":"first","9":"onbackorder","10":"taxable","11":"shipping-taxable","12":"purchasable","13":"product-type-simple"},"supplier_id":null,"supplier_sku":"","barcode":null,"atum_controlled":true,"out_stock_date":null,"out_stock_threshold":null,"inheritable":false,"inbound_stock":0,"stock_on_hold":0,"sold_today":0,"sales_last_days":0,"reserved_stock":0,"customer_returns":0,"warehouse_damage":0,"lost_in_post":0,"other_logs":0,"out_stock_days":0,"lost_sales":0,"has_location":false,"update_date":"2026-04-10T00:04:59","atum_locations":[],"atum_stock_status":"onbackorder","restock_status":false,"low_stock_amount":"","sales_update_date":"2026-04-10T00:04:59","calc_backorders":null,"aioseo_notices":[],"jetpack_publicize_connections":[],"jetpack-related-posts":[{"id":26544,"url":"https:\/\/docmarket-dz.com\/index.php\/product\/ciment-de-scelement-airel-pharma\/","url_meta":{"origin":26432,"position":0},"title":"CIMENT DE SCELEMENT AIREL PHARMA","author":"falek.h","date":"01\/01\/1970","format":false,"excerpt":"Ciment de scellement au verre ionomer","rel":"","context":"Article similaire","block_context":{"text":"Article similaire","link":""},"img":{"alt_text":"","src":"https:\/\/i0.wp.com\/docmarket-dz.com\/wp-content\/uploads\/1970\/01\/ciment-verre-ionomer-1-e1696413408772.jpg?fit=600%2C600&ssl=1&resize=350%2C200","width":350,"height":200,"srcset":"https:\/\/i0.wp.com\/docmarket-dz.com\/wp-content\/uploads\/1970\/01\/ciment-verre-ionomer-1-e1696413408772.jpg?fit=600%2C600&ssl=1&resize=350%2C200 1x, https:\/\/i0.wp.com\/docmarket-dz.com\/wp-content\/uploads\/1970\/01\/ciment-verre-ionomer-1-e1696413408772.jpg?fit=600%2C600&ssl=1&resize=525%2C300 1.5x"},"classes":[]},{"id":26543,"url":"https:\/\/docmarket-dz.com\/index.php\/product\/ciment-de-scelement-3m\/","url_meta":{"origin":26432,"position":1},"title":"CIMENT DE SCELEMENT 3M","author":"falek.h","date":"01\/01\/1970","format":false,"excerpt":"","rel":"","context":"Article similaire","block_context":{"text":"Article similaire","link":""},"img":{"alt_text":"","src":"https:\/\/i0.wp.com\/docmarket-dz.com\/wp-content\/uploads\/1970\/01\/CIMENT-DE-SCELEMENT-3M-e1696414023331.jpg?fit=600%2C421&ssl=1&resize=350%2C200","width":350,"height":200,"srcset":"https:\/\/i0.wp.com\/docmarket-dz.com\/wp-content\/uploads\/1970\/01\/CIMENT-DE-SCELEMENT-3M-e1696414023331.jpg?fit=600%2C421&ssl=1&resize=350%2C200 1x, https:\/\/i0.wp.com\/docmarket-dz.com\/wp-content\/uploads\/1970\/01\/CIMENT-DE-SCELEMENT-3M-e1696414023331.jpg?fit=600%2C421&ssl=1&resize=525%2C300 1.5x"},"classes":[]},{"id":26550,"url":"https:\/\/docmarket-dz.com\/index.php\/product\/ciment-de-scelement-medicem\/","url_meta":{"origin":26432,"position":2},"title":"CIMENT DE SCELEMENT MEDICEM","author":"falek.h","date":"01\/01\/1970","format":false,"excerpt":"","rel":"","context":"Article similaire","block_context":{"text":"Article similaire","link":""},"img":{"alt_text":"","src":"","width":0,"height":0},"classes":[]},{"id":26552,"url":"https:\/\/docmarket-dz.com\/index.php\/product\/ciment-de-scellement-i-fix\/","url_meta":{"origin":26432,"position":3},"title":"CIMENT DE SCELLEMENT I-FIX","author":"falek.h","date":"01\/01\/1970","format":false,"excerpt":"","rel":"","context":"Article similaire","block_context":{"text":"Article similaire","link":""},"img":{"alt_text":"","src":"","width":0,"height":0},"classes":[]},{"id":26545,"url":"https:\/\/docmarket-dz.com\/index.php\/product\/ciment-de-scelement-fuji-one-capsule\/","url_meta":{"origin":26432,"position":4},"title":"CIMENT DE SCELEMENT FUJI ONE CAPSULE","author":"falek.h","date":"01\/01\/1970","format":false,"excerpt":"","rel":"","context":"Article similaire","block_context":{"text":"Article similaire","link":""},"img":{"alt_text":"","src":"","width":0,"height":0},"classes":[]},{"id":26634,"url":"https:\/\/docmarket-dz.com\/index.php\/product\/dentocore\/","url_meta":{"origin":26432,"position":5},"title":"DENTOCORE","author":"falek.h","date":"17\/03\/2023","format":false,"excerpt":"Composite de reconstitution de moignons et de scellement des tenons \u00a0 Indications Reconstitutions corono-radiculaires foul\u00e9es Scellement de tenons fibre de verre, carbone ou m\u00e9tal","rel":"","context":"Article similaire","block_context":{"text":"Article similaire","link":""},"img":{"alt_text":"","src":"https:\/\/i0.wp.com\/docmarket-dz.com\/wp-content\/uploads\/2023\/03\/DENTOCORE-1.jpg?fit=497%2C500&ssl=1&resize=350%2C200","width":350,"height":200},"classes":[]}],"jetpack_sharing_enabled":true,"tiered_pricing_type":"fixed","tiered_pricing_fixed_rules":[],"tiered_pricing_product_settings":{"layout":"default","base_unit_name":{"singular":null,"plural":null},"default_variation":null},"tiered_pricing_minimum_quantity":null,"tiered_pricing_roles_data":[],"tiered_pricing_percentage_rules":[],"_links":{"self":[{"href":"https:\/\/docmarket-dz.com\/index.php\/wp-json\/wp\/v2\/product\/26432","targetHints":{"allow":["GET"]}}],"collection":[{"href":"https:\/\/docmarket-dz.com\/index.php\/wp-json\/wp\/v2\/product"}],"about":[{"href":"https:\/\/docmarket-dz.com\/index.php\/wp-json\/wp\/v2\/types\/product"}],"replies":[{"embeddable":true,"href":"https:\/\/docmarket-dz.com\/index.php\/wp-json\/wp\/v2\/comments?post=26432"}],"wp:featuredmedia":[{"embeddable":true,"href":"https:\/\/docmarket-dz.com\/index.php\/wp-json\/wp\/v2\/media\/27063"}],"wp:attachment":[{"href":"https:\/\/docmarket-dz.com\/index.php\/wp-json\/wp\/v2\/media?parent=26432"}],"wp:term":[{"taxonomy":"product_brand","embeddable":true,"href":"https:\/\/docmarket-dz.com\/index.php\/wp-json\/wp\/v2\/product_brand?post=26432"},{"taxonomy":"product_cat","embeddable":true,"href":"https:\/\/docmarket-dz.com\/index.php\/wp-json\/wp\/v2\/product_cat?post=26432"},{"taxonomy":"product_tag","embeddable":true,"href":"https:\/\/docmarket-dz.com\/index.php\/wp-json\/wp\/v2\/product_tag?post=26432"}],"curies":[{"name":"wp","href":"https:\/\/api.w.org\/{rel}","templated":true}]}}