{"id":26460,"date":"1970-01-01T00:00:00","date_gmt":"1970-01-01T00:00:00","guid":{"rendered":"https:\/\/docmarket-dz.com\/?post_type=product&#038;p=26460"},"modified":"2023-08-09T14:28:00","modified_gmt":"2023-08-09T13:28:00","slug":"amalgame-ruby-sd","status":"publish","type":"product","link":"https:\/\/docmarket-dz.com\/index.php\/product\/amalgame-ruby-sd\/","title":{"rendered":"AMALGAME RUBY SD"},"content":{"rendered":"<p>AMALGAME RUBY Simple Dose<\/p>\n","protected":false},"excerpt":{"rendered":"<p>AMALGAME RUBY Simple Dose<\/p>\n","protected":false},"featured_media":27102,"comment_status":"open","ping_status":"closed","template":"","meta":{"content-type":"","om_disable_all_campaigns":false,"_uf_show_specific_survey":0,"_uf_disable_surveys":false,"jetpack_publicize_message":"","jetpack_publicize_feature_enabled":true,"jetpack_social_post_already_shared":false,"jetpack_social_options":{"image_generator_settings":{"template":"highway","default_image_id":0,"font":"","enabled":false},"version":2}},"product_brand":[],"product_cat":[100],"product_tag":[],"class_list":{"0":"post-26460","1":"product","2":"type-product","3":"status-publish","4":"has-post-thumbnail","6":"product_cat-dentaire","8":"first","9":"onbackorder","10":"taxable","11":"shipping-taxable","12":"purchasable","13":"product-type-simple"},"supplier_id":null,"supplier_sku":"","barcode":null,"atum_controlled":true,"out_stock_date":null,"out_stock_threshold":null,"inheritable":false,"inbound_stock":0,"stock_on_hold":0,"sold_today":0,"sales_last_days":0,"reserved_stock":0,"customer_returns":0,"warehouse_damage":0,"lost_in_post":0,"other_logs":0,"out_stock_days":0,"lost_sales":0,"has_location":false,"update_date":"2026-04-10T00:04:59","atum_locations":[],"atum_stock_status":"onbackorder","restock_status":false,"low_stock_amount":"","sales_update_date":"2026-04-10T00:04:59","calc_backorders":null,"aioseo_notices":[],"jetpack_publicize_connections":[],"jetpack-related-posts":[{"id":26461,"url":"https:\/\/docmarket-dz.com\/index.php\/product\/amalgame-simple-dose-cavex\/","url_meta":{"origin":26460,"position":0},"title":"AMALGAME SIMPLE DOSE CAVEX","author":"falek.h","date":"17\/03\/2023","format":false,"excerpt":"Amalgame Cavex Simple dose Amalgame non gamma-2 a forte teneur en argent compos\u00e9 de particules sph\u00e9riques et limailles. Haute r\u00e9sistance Haute polissabilit\u00e9 Qualit\u00e9 de maniabilit\u00e9 sup\u00e9rieur Faible taux de micro fuites : sensibilit\u00e9 postop\u00e9ratoire r\u00e9duite au minimum.","rel":"","context":"Article similaire","block_context":{"text":"Article similaire","link":""},"img":{"alt_text":"","src":"https:\/\/i0.wp.com\/docmarket-dz.com\/wp-content\/uploads\/2023\/03\/AMALGAME-CAVEX-SIMPLE-DOSE-e1680691444357.jpg?fit=701%2C600&ssl=1&resize=350%2C200","width":350,"height":200,"srcset":"https:\/\/i0.wp.com\/docmarket-dz.com\/wp-content\/uploads\/2023\/03\/AMALGAME-CAVEX-SIMPLE-DOSE-e1680691444357.jpg?fit=701%2C600&ssl=1&resize=350%2C200 1x, https:\/\/i0.wp.com\/docmarket-dz.com\/wp-content\/uploads\/2023\/03\/AMALGAME-CAVEX-SIMPLE-DOSE-e1680691444357.jpg?fit=701%2C600&ssl=1&resize=525%2C300 1.5x, https:\/\/i0.wp.com\/docmarket-dz.com\/wp-content\/uploads\/2023\/03\/AMALGAME-CAVEX-SIMPLE-DOSE-e1680691444357.jpg?fit=701%2C600&ssl=1&resize=700%2C400 2x"},"classes":[]},{"id":26462,"url":"https:\/\/docmarket-dz.com\/index.php\/product\/ana2000-sd\/","url_meta":{"origin":26460,"position":1},"title":"ANA2000 SD","author":"falek.h","date":"17\/03\/2023","format":false,"excerpt":"ANA 2000 est un amalgame non gamma 2 ternaire monophas\u00e9 \u00e0 haute teneure en cuivre, double dose, boite de 50 capsules.","rel":"","context":"Article similaire","block_context":{"text":"Article similaire","link":""},"img":{"alt_text":"","src":"https:\/\/i0.wp.com\/docmarket-dz.com\/wp-content\/uploads\/2023\/03\/ANA2000-SD-e1680691596502.webp?fit=600%2C600&ssl=1&resize=350%2C200","width":350,"height":200,"srcset":"https:\/\/i0.wp.com\/docmarket-dz.com\/wp-content\/uploads\/2023\/03\/ANA2000-SD-e1680691596502.webp?fit=600%2C600&ssl=1&resize=350%2C200 1x, https:\/\/i0.wp.com\/docmarket-dz.com\/wp-content\/uploads\/2023\/03\/ANA2000-SD-e1680691596502.webp?fit=600%2C600&ssl=1&resize=525%2C300 1.5x"},"classes":[]},{"id":26651,"url":"https:\/\/docmarket-dz.com\/index.php\/product\/desinfectant-vacucid-2\/","url_meta":{"origin":26460,"position":2},"title":"DESINFECTANT VACUCID 2","author":"falek.h","date":"17\/03\/2023","format":false,"excerpt":"Nettoyage et d\u00e9sinfection des syst\u00e8mes d'aspiration Unident. Solution liquide concentr\u00e9e sans ald\u00e9hydes, ph\u00e9nol ou chlore. Pour traiter tous les syst\u00e8mes d'aspiration, les s\u00e9parateurs d'amalgame et les crachoirs. Large spectre d'action. Disponible en flacon de 1 litre et en bidon de 5 litres.","rel":"","context":"Article similaire","block_context":{"text":"Article similaire","link":""},"img":{"alt_text":"","src":"https:\/\/i0.wp.com\/docmarket-dz.com\/wp-content\/uploads\/2023\/03\/DESINFECTANT-VACUCID-2-e1680614688600.jpg?fit=600%2C600&ssl=1&resize=350%2C200","width":350,"height":200,"srcset":"https:\/\/i0.wp.com\/docmarket-dz.com\/wp-content\/uploads\/2023\/03\/DESINFECTANT-VACUCID-2-e1680614688600.jpg?fit=600%2C600&ssl=1&resize=350%2C200 1x, https:\/\/i0.wp.com\/docmarket-dz.com\/wp-content\/uploads\/2023\/03\/DESINFECTANT-VACUCID-2-e1680614688600.jpg?fit=600%2C600&ssl=1&resize=525%2C300 1.5x"},"classes":[]},{"id":26493,"url":"https:\/\/docmarket-dz.com\/index.php\/product\/bonding-es-com\/","url_meta":{"origin":26460,"position":3},"title":"BONDING ES COM","author":"falek.h","date":"17\/03\/2023","format":false,"excerpt":"EsBond\u00ae est un agent de liaison de 5\u00e8me g\u00e9n\u00e9ration qui offre des forces de liaison \u00e9lev\u00e9es dans une application pratique en flacon unique. Cet agent de liaison monocomposant est con\u00e7u pour lier toutes les classes de restaurations composites directes \u00e0 la dentine, \u00e0 l'\u00e9mail, ainsi qu'au composite, \u00e0 la porcelaine\u2026","rel":"","context":"Article similaire","block_context":{"text":"Article similaire","link":""},"img":{"alt_text":"","src":"https:\/\/i0.wp.com\/docmarket-dz.com\/wp-content\/uploads\/2023\/03\/ESBOND-min-e1680697583930.jpg?fit=632%2C600&ssl=1&resize=350%2C200","width":350,"height":200,"srcset":"https:\/\/i0.wp.com\/docmarket-dz.com\/wp-content\/uploads\/2023\/03\/ESBOND-min-e1680697583930.jpg?fit=632%2C600&ssl=1&resize=350%2C200 1x, https:\/\/i0.wp.com\/docmarket-dz.com\/wp-content\/uploads\/2023\/03\/ESBOND-min-e1680697583930.jpg?fit=632%2C600&ssl=1&resize=525%2C300 1.5x"},"classes":[]},{"id":26479,"url":"https:\/\/docmarket-dz.com\/index.php\/product\/biodentine-dose\/","url_meta":{"origin":26460,"position":4},"title":"BIODENTINE \/DOSE","author":"falek.h","date":"17\/03\/2023","format":false,"excerpt":"Caract\u00e9ristiques et b\u00e9n\u00e9fices Multi-indications : r\u00e9paration endodontique et restauration. Gain de temps au fauteuil gr\u00e2ce au collage direct du composite d\u00e9sormais possible dans la m\u00eame s\u00e9ance. Formation de dentine r\u00e9actionnelle pour une pr\u00e9servation de la vitalit\u00e9 pulpaire. Ancrage microm\u00e9canique naturel pour d\u2019excellentes propri\u00e9t\u00e9s d\u2019\u00e9tanch\u00e9it\u00e9 sans conditionnement pr\u00e9alable de la surface.\u2026","rel":"","context":"Article similaire","block_context":{"text":"Article similaire","link":""},"img":{"alt_text":"","src":"https:\/\/i0.wp.com\/docmarket-dz.com\/wp-content\/uploads\/2023\/03\/BIODENTINE-DOSE-e1680694850392.webp?fit=623%2C600&ssl=1&resize=350%2C200","width":350,"height":200,"srcset":"https:\/\/i0.wp.com\/docmarket-dz.com\/wp-content\/uploads\/2023\/03\/BIODENTINE-DOSE-e1680694850392.webp?fit=623%2C600&ssl=1&resize=350%2C200 1x, https:\/\/i0.wp.com\/docmarket-dz.com\/wp-content\/uploads\/2023\/03\/BIODENTINE-DOSE-e1680694850392.webp?fit=623%2C600&ssl=1&resize=525%2C300 1.5x"},"classes":[]},{"id":26398,"url":"https:\/\/docmarket-dz.com\/index.php\/product\/tube-simple-edta\/","url_meta":{"origin":26460,"position":5},"title":"TUBE SIMPLE EDTA","author":"falek.h","date":"12\/03\/2023","format":false,"excerpt":"","rel":"","context":"Article similaire","block_context":{"text":"Article similaire","link":""},"img":{"alt_text":"","src":"","width":0,"height":0},"classes":[]}],"jetpack_sharing_enabled":true,"tiered_pricing_type":"fixed","tiered_pricing_fixed_rules":[],"tiered_pricing_product_settings":{"layout":"default","base_unit_name":{"singular":null,"plural":null},"default_variation":null},"tiered_pricing_minimum_quantity":null,"tiered_pricing_roles_data":[],"tiered_pricing_percentage_rules":[],"_links":{"self":[{"href":"https:\/\/docmarket-dz.com\/index.php\/wp-json\/wp\/v2\/product\/26460","targetHints":{"allow":["GET"]}}],"collection":[{"href":"https:\/\/docmarket-dz.com\/index.php\/wp-json\/wp\/v2\/product"}],"about":[{"href":"https:\/\/docmarket-dz.com\/index.php\/wp-json\/wp\/v2\/types\/product"}],"replies":[{"embeddable":true,"href":"https:\/\/docmarket-dz.com\/index.php\/wp-json\/wp\/v2\/comments?post=26460"}],"wp:featuredmedia":[{"embeddable":true,"href":"https:\/\/docmarket-dz.com\/index.php\/wp-json\/wp\/v2\/media\/27102"}],"wp:attachment":[{"href":"https:\/\/docmarket-dz.com\/index.php\/wp-json\/wp\/v2\/media?parent=26460"}],"wp:term":[{"taxonomy":"product_brand","embeddable":true,"href":"https:\/\/docmarket-dz.com\/index.php\/wp-json\/wp\/v2\/product_brand?post=26460"},{"taxonomy":"product_cat","embeddable":true,"href":"https:\/\/docmarket-dz.com\/index.php\/wp-json\/wp\/v2\/product_cat?post=26460"},{"taxonomy":"product_tag","embeddable":true,"href":"https:\/\/docmarket-dz.com\/index.php\/wp-json\/wp\/v2\/product_tag?post=26460"}],"curies":[{"name":"wp","href":"https:\/\/api.w.org\/{rel}","templated":true}]}}