{"id":26461,"date":"2023-03-17T13:00:23","date_gmt":"2023-03-17T12:00:23","guid":{"rendered":"https:\/\/docmarket-dz.com\/?post_type=product&#038;p=26461"},"modified":"2023-08-09T13:59:20","modified_gmt":"2023-08-09T12:59:20","slug":"amalgame-simple-dose-cavex","status":"publish","type":"product","link":"https:\/\/docmarket-dz.com\/index.php\/product\/amalgame-simple-dose-cavex\/","title":{"rendered":"AMALGAME SIMPLE DOSE CAVEX"},"content":{"rendered":"<p>Amalgame Cavex Simple dose<\/p>\n<p>Amalgame non gamma-2 a forte teneur en argent compos\u00e9 de particules sph\u00e9riques et limailles.<\/p>\n<ul>\n<li>Haute r\u00e9sistance<\/li>\n<li>Haute polissabilit\u00e9<\/li>\n<li>Qualit\u00e9 de maniabilit\u00e9 sup\u00e9rieur<\/li>\n<li>Faible taux de micro fuites : sensibilit\u00e9 postop\u00e9ratoire r\u00e9duite au minimum.<\/li>\n<\/ul>\n","protected":false},"excerpt":{"rendered":"<p>Amalgame Cavex Simple dose Amalgame non gamma-2 a forte teneur en argent compos\u00e9 de particules sph\u00e9riques et limailles. Haute r\u00e9sistance Haute polissabilit\u00e9 Qualit\u00e9 de maniabilit\u00e9 sup\u00e9rieur Faible taux de micro fuites : sensibilit\u00e9 postop\u00e9ratoire r\u00e9duite au minimum.<\/p>\n","protected":false},"featured_media":27116,"comment_status":"open","ping_status":"closed","template":"","meta":{"content-type":"","om_disable_all_campaigns":false,"_uf_show_specific_survey":0,"_uf_disable_surveys":false,"jetpack_publicize_message":"","jetpack_publicize_feature_enabled":true,"jetpack_social_post_already_shared":false,"jetpack_social_options":{"image_generator_settings":{"template":"highway","default_image_id":0,"font":"","enabled":false},"version":2}},"product_brand":[],"product_cat":[100],"product_tag":[],"class_list":{"0":"post-26461","1":"product","2":"type-product","3":"status-publish","4":"has-post-thumbnail","6":"product_cat-dentaire","8":"first","9":"onbackorder","10":"taxable","11":"shipping-taxable","12":"purchasable","13":"product-type-simple"},"supplier_id":null,"supplier_sku":"","barcode":null,"atum_controlled":true,"out_stock_date":null,"out_stock_threshold":null,"inheritable":false,"inbound_stock":0,"stock_on_hold":0,"sold_today":0,"sales_last_days":0,"reserved_stock":0,"customer_returns":0,"warehouse_damage":0,"lost_in_post":0,"other_logs":0,"out_stock_days":0,"lost_sales":0,"has_location":false,"update_date":"2026-04-10T00:04:59","atum_locations":[],"atum_stock_status":"onbackorder","restock_status":false,"low_stock_amount":"","sales_update_date":"2026-04-10T00:04:59","calc_backorders":null,"aioseo_notices":[],"jetpack_publicize_connections":[],"jetpack-related-posts":[{"id":26460,"url":"https:\/\/docmarket-dz.com\/index.php\/product\/amalgame-ruby-sd\/","url_meta":{"origin":26461,"position":0},"title":"AMALGAME RUBY SD","author":"falek.h","date":"01\/01\/1970","format":false,"excerpt":"AMALGAME RUBY Simple Dose","rel":"","context":"Article similaire","block_context":{"text":"Article similaire","link":""},"img":{"alt_text":"","src":"https:\/\/i0.wp.com\/docmarket-dz.com\/wp-content\/uploads\/2023\/03\/AMALGAME-RUBY-SD-e1680689298763.jpg?fit=600%2C600&ssl=1&resize=350%2C200","width":350,"height":200,"srcset":"https:\/\/i0.wp.com\/docmarket-dz.com\/wp-content\/uploads\/2023\/03\/AMALGAME-RUBY-SD-e1680689298763.jpg?fit=600%2C600&ssl=1&resize=350%2C200 1x, https:\/\/i0.wp.com\/docmarket-dz.com\/wp-content\/uploads\/2023\/03\/AMALGAME-RUBY-SD-e1680689298763.jpg?fit=600%2C600&ssl=1&resize=525%2C300 1.5x"},"classes":[]},{"id":26462,"url":"https:\/\/docmarket-dz.com\/index.php\/product\/ana2000-sd\/","url_meta":{"origin":26461,"position":1},"title":"ANA2000 SD","author":"falek.h","date":"17\/03\/2023","format":false,"excerpt":"ANA 2000 est un amalgame non gamma 2 ternaire monophas\u00e9 \u00e0 haute teneure en cuivre, double dose, boite de 50 capsules.","rel":"","context":"Article similaire","block_context":{"text":"Article similaire","link":""},"img":{"alt_text":"","src":"https:\/\/i0.wp.com\/docmarket-dz.com\/wp-content\/uploads\/2023\/03\/ANA2000-SD-e1680691596502.webp?fit=600%2C600&ssl=1&resize=350%2C200","width":350,"height":200,"srcset":"https:\/\/i0.wp.com\/docmarket-dz.com\/wp-content\/uploads\/2023\/03\/ANA2000-SD-e1680691596502.webp?fit=600%2C600&ssl=1&resize=350%2C200 1x, https:\/\/i0.wp.com\/docmarket-dz.com\/wp-content\/uploads\/2023\/03\/ANA2000-SD-e1680691596502.webp?fit=600%2C600&ssl=1&resize=525%2C300 1.5x"},"classes":[]},{"id":26651,"url":"https:\/\/docmarket-dz.com\/index.php\/product\/desinfectant-vacucid-2\/","url_meta":{"origin":26461,"position":2},"title":"DESINFECTANT VACUCID 2","author":"falek.h","date":"17\/03\/2023","format":false,"excerpt":"Nettoyage et d\u00e9sinfection des syst\u00e8mes d'aspiration Unident. Solution liquide concentr\u00e9e sans ald\u00e9hydes, ph\u00e9nol ou chlore. Pour traiter tous les syst\u00e8mes d'aspiration, les s\u00e9parateurs d'amalgame et les crachoirs. Large spectre d'action. Disponible en flacon de 1 litre et en bidon de 5 litres.","rel":"","context":"Article similaire","block_context":{"text":"Article similaire","link":""},"img":{"alt_text":"","src":"https:\/\/i0.wp.com\/docmarket-dz.com\/wp-content\/uploads\/2023\/03\/DESINFECTANT-VACUCID-2-e1680614688600.jpg?fit=600%2C600&ssl=1&resize=350%2C200","width":350,"height":200,"srcset":"https:\/\/i0.wp.com\/docmarket-dz.com\/wp-content\/uploads\/2023\/03\/DESINFECTANT-VACUCID-2-e1680614688600.jpg?fit=600%2C600&ssl=1&resize=350%2C200 1x, https:\/\/i0.wp.com\/docmarket-dz.com\/wp-content\/uploads\/2023\/03\/DESINFECTANT-VACUCID-2-e1680614688600.jpg?fit=600%2C600&ssl=1&resize=525%2C300 1.5x"},"classes":[]},{"id":26493,"url":"https:\/\/docmarket-dz.com\/index.php\/product\/bonding-es-com\/","url_meta":{"origin":26461,"position":3},"title":"BONDING ES COM","author":"falek.h","date":"17\/03\/2023","format":false,"excerpt":"EsBond\u00ae est un agent de liaison de 5\u00e8me g\u00e9n\u00e9ration qui offre des forces de liaison \u00e9lev\u00e9es dans une application pratique en flacon unique. Cet agent de liaison monocomposant est con\u00e7u pour lier toutes les classes de restaurations composites directes \u00e0 la dentine, \u00e0 l'\u00e9mail, ainsi qu'au composite, \u00e0 la porcelaine\u2026","rel":"","context":"Article similaire","block_context":{"text":"Article similaire","link":""},"img":{"alt_text":"","src":"https:\/\/i0.wp.com\/docmarket-dz.com\/wp-content\/uploads\/2023\/03\/ESBOND-min-e1680697583930.jpg?fit=632%2C600&ssl=1&resize=350%2C200","width":350,"height":200,"srcset":"https:\/\/i0.wp.com\/docmarket-dz.com\/wp-content\/uploads\/2023\/03\/ESBOND-min-e1680697583930.jpg?fit=632%2C600&ssl=1&resize=350%2C200 1x, https:\/\/i0.wp.com\/docmarket-dz.com\/wp-content\/uploads\/2023\/03\/ESBOND-min-e1680697583930.jpg?fit=632%2C600&ssl=1&resize=525%2C300 1.5x"},"classes":[]},{"id":26185,"url":"https:\/\/docmarket-dz.com\/index.php\/product\/masque-doxygene-a-haute-concentration\/","url_meta":{"origin":26461,"position":4},"title":"MASQUE D&#8217;OXYGENE A HAUTE CONCENTRATION","author":"falek.h","date":"12\/03\/2023","format":false,"excerpt":"","rel":"","context":"Article similaire","block_context":{"text":"Article similaire","link":""},"img":{"alt_text":"","src":"","width":0,"height":0},"classes":[]},{"id":26416,"url":"https:\/\/docmarket-dz.com\/index.php\/product\/desinfectant-des-surfaces-haute-500ml-spray\/","url_meta":{"origin":26461,"position":5},"title":"DESINFECTANT DES SURFACES HAUTE 500ML SPRAY","author":"falek.h","date":"12\/03\/2023","format":false,"excerpt":"","rel":"","context":"Article similaire","block_context":{"text":"Article similaire","link":""},"img":{"alt_text":"","src":"","width":0,"height":0},"classes":[]}],"jetpack_sharing_enabled":true,"tiered_pricing_type":"fixed","tiered_pricing_fixed_rules":[],"tiered_pricing_product_settings":{"layout":"default","base_unit_name":{"singular":null,"plural":null},"default_variation":null},"tiered_pricing_minimum_quantity":null,"tiered_pricing_roles_data":[],"tiered_pricing_percentage_rules":[],"_links":{"self":[{"href":"https:\/\/docmarket-dz.com\/index.php\/wp-json\/wp\/v2\/product\/26461","targetHints":{"allow":["GET"]}}],"collection":[{"href":"https:\/\/docmarket-dz.com\/index.php\/wp-json\/wp\/v2\/product"}],"about":[{"href":"https:\/\/docmarket-dz.com\/index.php\/wp-json\/wp\/v2\/types\/product"}],"replies":[{"embeddable":true,"href":"https:\/\/docmarket-dz.com\/index.php\/wp-json\/wp\/v2\/comments?post=26461"}],"wp:featuredmedia":[{"embeddable":true,"href":"https:\/\/docmarket-dz.com\/index.php\/wp-json\/wp\/v2\/media\/27116"}],"wp:attachment":[{"href":"https:\/\/docmarket-dz.com\/index.php\/wp-json\/wp\/v2\/media?parent=26461"}],"wp:term":[{"taxonomy":"product_brand","embeddable":true,"href":"https:\/\/docmarket-dz.com\/index.php\/wp-json\/wp\/v2\/product_brand?post=26461"},{"taxonomy":"product_cat","embeddable":true,"href":"https:\/\/docmarket-dz.com\/index.php\/wp-json\/wp\/v2\/product_cat?post=26461"},{"taxonomy":"product_tag","embeddable":true,"href":"https:\/\/docmarket-dz.com\/index.php\/wp-json\/wp\/v2\/product_tag?post=26461"}],"curies":[{"name":"wp","href":"https:\/\/api.w.org\/{rel}","templated":true}]}}