{"id":26462,"date":"2023-03-17T13:00:23","date_gmt":"2023-03-17T12:00:23","guid":{"rendered":"https:\/\/docmarket-dz.com\/?post_type=product&#038;p=26462"},"modified":"2023-08-09T13:59:20","modified_gmt":"2023-08-09T12:59:20","slug":"ana2000-sd","status":"publish","type":"product","link":"https:\/\/docmarket-dz.com\/index.php\/product\/ana2000-sd\/","title":{"rendered":"ANA2000 SD"},"content":{"rendered":"<p>ANA 2000 est un amalgame non gamma 2 ternaire monophas\u00e9 \u00e0 haute teneure en cuivre, double dose, boite de 50 capsules.<\/p>\n","protected":false},"excerpt":{"rendered":"<p>ANA 2000 est un amalgame non gamma 2 ternaire monophas\u00e9 \u00e0 haute teneure en cuivre, double dose, boite de 50 capsules.<\/p>\n","protected":false},"featured_media":27118,"comment_status":"open","ping_status":"closed","template":"","meta":{"content-type":"","om_disable_all_campaigns":false,"_uf_show_specific_survey":0,"_uf_disable_surveys":false,"jetpack_publicize_message":"","jetpack_publicize_feature_enabled":true,"jetpack_social_post_already_shared":false,"jetpack_social_options":{"image_generator_settings":{"template":"highway","default_image_id":0,"font":"","enabled":false},"version":2}},"product_brand":[],"product_cat":[100],"product_tag":[],"class_list":{"0":"post-26462","1":"product","2":"type-product","3":"status-publish","4":"has-post-thumbnail","6":"product_cat-dentaire","8":"first","9":"onbackorder","10":"taxable","11":"shipping-taxable","12":"purchasable","13":"product-type-simple"},"supplier_id":null,"supplier_sku":"","barcode":null,"atum_controlled":true,"out_stock_date":null,"out_stock_threshold":null,"inheritable":false,"inbound_stock":0,"stock_on_hold":0,"sold_today":0,"sales_last_days":0,"reserved_stock":0,"customer_returns":0,"warehouse_damage":0,"lost_in_post":0,"other_logs":0,"out_stock_days":0,"lost_sales":0,"has_location":false,"update_date":"2026-04-10T00:04:59","atum_locations":[],"atum_stock_status":"onbackorder","restock_status":false,"low_stock_amount":"","sales_update_date":"2026-04-10T00:04:59","calc_backorders":null,"aioseo_notices":[],"jetpack_publicize_connections":[],"jetpack-related-posts":[{"id":26461,"url":"https:\/\/docmarket-dz.com\/index.php\/product\/amalgame-simple-dose-cavex\/","url_meta":{"origin":26462,"position":0},"title":"AMALGAME SIMPLE DOSE CAVEX","author":"falek.h","date":"17\/03\/2023","format":false,"excerpt":"Amalgame Cavex Simple dose Amalgame non gamma-2 a forte teneur en argent compos\u00e9 de particules sph\u00e9riques et limailles. Haute r\u00e9sistance Haute polissabilit\u00e9 Qualit\u00e9 de maniabilit\u00e9 sup\u00e9rieur Faible taux de micro fuites : sensibilit\u00e9 postop\u00e9ratoire r\u00e9duite au minimum.","rel":"","context":"Article similaire","block_context":{"text":"Article similaire","link":""},"img":{"alt_text":"","src":"https:\/\/i0.wp.com\/docmarket-dz.com\/wp-content\/uploads\/2023\/03\/AMALGAME-CAVEX-SIMPLE-DOSE-e1680691444357.jpg?fit=701%2C600&ssl=1&resize=350%2C200","width":350,"height":200,"srcset":"https:\/\/i0.wp.com\/docmarket-dz.com\/wp-content\/uploads\/2023\/03\/AMALGAME-CAVEX-SIMPLE-DOSE-e1680691444357.jpg?fit=701%2C600&ssl=1&resize=350%2C200 1x, https:\/\/i0.wp.com\/docmarket-dz.com\/wp-content\/uploads\/2023\/03\/AMALGAME-CAVEX-SIMPLE-DOSE-e1680691444357.jpg?fit=701%2C600&ssl=1&resize=525%2C300 1.5x, https:\/\/i0.wp.com\/docmarket-dz.com\/wp-content\/uploads\/2023\/03\/AMALGAME-CAVEX-SIMPLE-DOSE-e1680691444357.jpg?fit=701%2C600&ssl=1&resize=700%2C400 2x"},"classes":[]},{"id":26460,"url":"https:\/\/docmarket-dz.com\/index.php\/product\/amalgame-ruby-sd\/","url_meta":{"origin":26462,"position":1},"title":"AMALGAME RUBY SD","author":"falek.h","date":"01\/01\/1970","format":false,"excerpt":"AMALGAME RUBY Simple Dose","rel":"","context":"Article similaire","block_context":{"text":"Article similaire","link":""},"img":{"alt_text":"","src":"https:\/\/i0.wp.com\/docmarket-dz.com\/wp-content\/uploads\/2023\/03\/AMALGAME-RUBY-SD-e1680689298763.jpg?fit=600%2C600&ssl=1&resize=350%2C200","width":350,"height":200,"srcset":"https:\/\/i0.wp.com\/docmarket-dz.com\/wp-content\/uploads\/2023\/03\/AMALGAME-RUBY-SD-e1680689298763.jpg?fit=600%2C600&ssl=1&resize=350%2C200 1x, https:\/\/i0.wp.com\/docmarket-dz.com\/wp-content\/uploads\/2023\/03\/AMALGAME-RUBY-SD-e1680689298763.jpg?fit=600%2C600&ssl=1&resize=525%2C300 1.5x"},"classes":[]},{"id":24202,"url":"https:\/\/docmarket-dz.com\/index.php\/product\/tampon-sec-2\/","url_meta":{"origin":26462,"position":2},"title":"Boite Tampon sec","author":"falek.h","date":"19\/12\/2022","format":false,"excerpt":"Lingette non tiss\u00e9e 8cm x 6cm Emballage duplex Boite de 150","rel":"","context":"Article similaire","block_context":{"text":"Article similaire","link":""},"img":{"alt_text":"","src":"https:\/\/i0.wp.com\/docmarket-dz.com\/wp-content\/uploads\/2022\/12\/tampon-sec-PhotoRoom2-e1671461162211.jpg?fit=600%2C502&ssl=1&resize=350%2C200","width":350,"height":200,"srcset":"https:\/\/i0.wp.com\/docmarket-dz.com\/wp-content\/uploads\/2022\/12\/tampon-sec-PhotoRoom2-e1671461162211.jpg?fit=600%2C502&ssl=1&resize=350%2C200 1x, https:\/\/i0.wp.com\/docmarket-dz.com\/wp-content\/uploads\/2022\/12\/tampon-sec-PhotoRoom2-e1671461162211.jpg?fit=600%2C502&ssl=1&resize=525%2C300 1.5x"},"classes":[]},{"id":29836,"url":"https:\/\/docmarket-dz.com\/index.php\/product\/masques-de-protection-jetables-a-3-couches-boite-de50unites\/","url_meta":{"origin":26462,"position":3},"title":"Bavette &#8211; Masques de protection jetables \u00e0 3 couches &#8211; Boite de 50 unit\u00e9s","author":"Amel","date":"14\/01\/2025","format":false,"excerpt":"Le masque chirurgical ou bavette est un masque \u00e0 usage unique con\u00e7u pour limiter la propagation des germes en retenant les gouttelettes respiratoires. Il est principalement utilis\u00e9 par les professionnels de la sant\u00e9 lors d'interventions chirurgicales et par les personnes contagieuses pour prot\u00e9ger leur entourage","rel":"","context":"Article similaire","block_context":{"text":"Article similaire","link":""},"img":{"alt_text":"","src":"https:\/\/i0.wp.com\/docmarket-dz.com\/wp-content\/uploads\/2020\/08\/face-masks.jpg?fit=465%2C351&ssl=1&resize=350%2C200","width":350,"height":200},"classes":[]},{"id":26583,"url":"https:\/\/docmarket-dz.com\/index.php\/product\/composite-coffret-ventura-7ser\/","url_meta":{"origin":26462,"position":4},"title":"COMPOSITE COFFRET VENTURA 7SER","author":"falek.h","date":"01\/01\/1970","format":false,"excerpt":"DESCRIPTION Composite nano-hybride. Le composite nano-hybride universel photopolym\u00e9risable qui permet de r\u00e9aliser d'excellentes restaurations ant\u00e9rieures et post\u00e9rieures de haute qualit\u00e9. Il s'agit d'un composite hybride moderne modifi\u00e9 avec des nanoparticules de c\u00e9ramique. Il pr\u00e9sente donc d'excellentes propri\u00e9t\u00e9s de manipulation et garantit des restaurations esth\u00e9tiques, s\u00fbres et durables gr\u00e2ce \u00e0 sa\u2026","rel":"","context":"Article similaire","block_context":{"text":"Article similaire","link":""},"img":{"alt_text":"","src":"https:\/\/i0.wp.com\/docmarket-dz.com\/wp-content\/uploads\/1970\/01\/73120-13618021-e1697015782133.jpg?fit=600%2C333&ssl=1&resize=350%2C200","width":350,"height":200,"srcset":"https:\/\/i0.wp.com\/docmarket-dz.com\/wp-content\/uploads\/1970\/01\/73120-13618021-e1697015782133.jpg?fit=600%2C333&ssl=1&resize=350%2C200 1x, https:\/\/i0.wp.com\/docmarket-dz.com\/wp-content\/uploads\/1970\/01\/73120-13618021-e1697015782133.jpg?fit=600%2C333&ssl=1&resize=525%2C300 1.5x"},"classes":[]},{"id":27696,"url":"https:\/\/docmarket-dz.com\/index.php\/product\/sterilet\/","url_meta":{"origin":26462,"position":5},"title":"St\u00e9rilet en U &#8211; CU 375","author":"fatmazohra.nasri","date":"04\/12\/2023","format":false,"excerpt":"Dispositif contraceptif intra-ut\u00e9rin (DIU) au cuivre, non hormonal\u00a0qui emp\u00eache l\u2019implantation dans l\u2019ut\u00e9rus de l\u2019ovocyte f\u00e9cond\u00e9. Cette activit\u00e9 est renforc\u00e9e de mani\u00e8re ancillaire par la pr\u00e9sence de cuivre. Le cuivre a un effet cytotoxique sur les gam\u00e8tes \u00e0 l\u2019origine d\u2019une alt\u00e9ration des spermatozo\u00efdes, entra\u00eenant ainsi une inhibition de la f\u00e9condation. Le\u2026","rel":"","context":"Article similaire","block_context":{"text":"Article similaire","link":""},"img":{"alt_text":"","src":"https:\/\/i0.wp.com\/docmarket-dz.com\/wp-content\/uploads\/2023\/10\/STERILET-PhotoRoom.png-PhotoRoom.png?fit=673%2C540&ssl=1&resize=350%2C200","width":350,"height":200,"srcset":"https:\/\/i0.wp.com\/docmarket-dz.com\/wp-content\/uploads\/2023\/10\/STERILET-PhotoRoom.png-PhotoRoom.png?fit=673%2C540&ssl=1&resize=350%2C200 1x, https:\/\/i0.wp.com\/docmarket-dz.com\/wp-content\/uploads\/2023\/10\/STERILET-PhotoRoom.png-PhotoRoom.png?fit=673%2C540&ssl=1&resize=525%2C300 1.5x"},"classes":[]}],"jetpack_sharing_enabled":true,"tiered_pricing_type":"fixed","tiered_pricing_fixed_rules":[],"tiered_pricing_product_settings":{"layout":"default","base_unit_name":{"singular":null,"plural":null},"default_variation":null},"tiered_pricing_minimum_quantity":null,"tiered_pricing_roles_data":[],"tiered_pricing_percentage_rules":[],"_links":{"self":[{"href":"https:\/\/docmarket-dz.com\/index.php\/wp-json\/wp\/v2\/product\/26462","targetHints":{"allow":["GET"]}}],"collection":[{"href":"https:\/\/docmarket-dz.com\/index.php\/wp-json\/wp\/v2\/product"}],"about":[{"href":"https:\/\/docmarket-dz.com\/index.php\/wp-json\/wp\/v2\/types\/product"}],"replies":[{"embeddable":true,"href":"https:\/\/docmarket-dz.com\/index.php\/wp-json\/wp\/v2\/comments?post=26462"}],"wp:featuredmedia":[{"embeddable":true,"href":"https:\/\/docmarket-dz.com\/index.php\/wp-json\/wp\/v2\/media\/27118"}],"wp:attachment":[{"href":"https:\/\/docmarket-dz.com\/index.php\/wp-json\/wp\/v2\/media?parent=26462"}],"wp:term":[{"taxonomy":"product_brand","embeddable":true,"href":"https:\/\/docmarket-dz.com\/index.php\/wp-json\/wp\/v2\/product_brand?post=26462"},{"taxonomy":"product_cat","embeddable":true,"href":"https:\/\/docmarket-dz.com\/index.php\/wp-json\/wp\/v2\/product_cat?post=26462"},{"taxonomy":"product_tag","embeddable":true,"href":"https:\/\/docmarket-dz.com\/index.php\/wp-json\/wp\/v2\/product_tag?post=26462"}],"curies":[{"name":"wp","href":"https:\/\/api.w.org\/{rel}","templated":true}]}}