{"id":26471,"date":"2023-03-17T13:00:26","date_gmt":"2023-03-17T12:00:26","guid":{"rendered":"https:\/\/docmarket-dz.com\/?post_type=product&#038;p=26471"},"modified":"2024-06-06T12:44:25","modified_gmt":"2024-06-06T11:44:25","slug":"aphtisol-pd","status":"publish","type":"product","link":"https:\/\/docmarket-dz.com\/index.php\/product\/aphtisol-pd\/","title":{"rendered":"I GINGI Calm 20 ml acide trichloroacetique"},"content":{"rendered":"<p>Solution pour le traitement de la muqueuse buccale ulc\u00e9r\u00e9e et de l&#8217;aphte<\/p>\n<p><strong>Composition<\/strong><br \/>\nEug\u00e9nol 90%, acide trichlorac\u00e9tique 8,1%, excipient ad 100%.<\/p>\n<p><strong>Propri\u00e9t\u00e9s<\/strong><br \/>\nPD Aphtisol est une pr\u00e9paration combinant les qualit\u00e9s antiseptiques, analg\u00e9siques et s\u00e9datives de l&#8217;eug\u00e9nol avec les effets astringents et caustiques de l&#8217;acide trichlorac\u00e9tique.<\/p>\n<p><strong>Indications<\/strong><br \/>\nTraitement des aphtes et des petites ulc\u00e9rations de la muqueuse buccale (gencive, langue).<br \/>\nTraitement des plaies apr\u00e8s extraction dentaire<\/p>\n","protected":false},"excerpt":{"rendered":"<p>Solution pour le traitement de la muqueuse buccale ulc\u00e9r\u00e9e et de l&#8217;aphte Composition Eug\u00e9nol 90%, acide trichlorac\u00e9tique 8,1%, excipient ad 100%. Propri\u00e9t\u00e9s PD Aphtisol est une pr\u00e9paration combinant les qualit\u00e9s antiseptiques, analg\u00e9siques et s\u00e9datives de l&#8217;eug\u00e9nol avec les effets astringents et caustiques de l&#8217;acide trichlorac\u00e9tique. Indications Traitement des aphtes et des petites ulc\u00e9rations de la [&hellip;]<\/p>\n","protected":false},"featured_media":0,"comment_status":"open","ping_status":"closed","template":"","meta":{"content-type":"","om_disable_all_campaigns":false,"_uf_show_specific_survey":0,"_uf_disable_surveys":false,"jetpack_publicize_message":"","jetpack_publicize_feature_enabled":true,"jetpack_social_post_already_shared":false,"jetpack_social_options":{"image_generator_settings":{"template":"highway","default_image_id":0,"font":"","enabled":false},"version":2}},"product_brand":[],"product_cat":[100],"product_tag":[],"class_list":{"0":"post-26471","1":"product","2":"type-product","3":"status-publish","5":"product_cat-dentaire","7":"first","8":"outofstock","9":"taxable","10":"shipping-taxable","11":"purchasable","12":"product-type-simple"},"supplier_id":null,"supplier_sku":"","barcode":null,"atum_controlled":true,"out_stock_date":null,"out_stock_threshold":null,"inheritable":false,"inbound_stock":0,"stock_on_hold":0,"sold_today":0,"sales_last_days":0,"reserved_stock":0,"customer_returns":0,"warehouse_damage":0,"lost_in_post":0,"other_logs":0,"out_stock_days":0,"lost_sales":0,"has_location":false,"update_date":"2026-04-10T00:05:00","atum_locations":[],"atum_stock_status":"outofstock","restock_status":false,"low_stock_amount":"","sales_update_date":"2026-04-10T00:05:00","calc_backorders":null,"aioseo_notices":[],"jetpack_publicize_connections":[],"jetpack-related-posts":[{"id":26538,"url":"https:\/\/docmarket-dz.com\/index.php\/product\/chlorbutanol-pd\/","url_meta":{"origin":26471,"position":0},"title":"CHLORBUTANOL PD","author":"falek.h","date":"17\/03\/2023","format":false,"excerpt":"Solution analg\u00e9sique et antiseptique pour le traitement topique des pulpites Composition Chlorobutanol h\u00e9mihydrat\u00e9 30%, Eug\u00e9nol 57,5%, Huile de Cannelle 10%, Salicylate de m\u00e9thyle 2,5%. Propri\u00e9t\u00e9s Le Chlorbutanol est une pr\u00e9paration qui combine l'action analg\u00e9sique et s\u00e9dative du chlorobutanol avec l'effet antiseptique des autres composants, parmi lesquels le Salicylate de m\u00e9thyle\u2026","rel":"","context":"Article similaire","block_context":{"text":"Article similaire","link":""},"img":{"alt_text":"","src":"","width":0,"height":0},"classes":[]},{"id":26681,"url":"https:\/\/docmarket-dz.com\/index.php\/product\/edta-creme-canal-prep\/","url_meta":{"origin":26471,"position":1},"title":"EDTA CREME CANAL PREP","author":"falek.h","date":"17\/03\/2023","format":false,"excerpt":"E.D.T.A. acide \u00e9thyl\u00e8nediaminet\u00e9traac\u00e9tique Application : Irrigant dans la th\u00e9rapie endodontique Nettoyage et modelage des canaux Avantages R\u00e9duit le stress pendant les traitements du canal radiculaire \u00c9limine les substances organiques Favorise la p\u00e9n\u00e9tration des m\u00e9dicaments","rel":"","context":"Article similaire","block_context":{"text":"Article similaire","link":""},"img":{"alt_text":"","src":"https:\/\/i0.wp.com\/docmarket-dz.com\/wp-content\/uploads\/2023\/03\/EDTA-CREME-CANAL-PREP-1.jpg?fit=500%2C500&ssl=1&resize=350%2C200","width":350,"height":200},"classes":[]},{"id":27534,"url":"https:\/\/docmarket-dz.com\/index.php\/product\/betadine-solui-odine-flc-125ml\/","url_meta":{"origin":26471,"position":2},"title":"BETADINE SOLUI-ODINE FLC-125ML","author":"Somia Belmadani","date":"17\/10\/2023","format":false,"excerpt":"Une solution antiseptique \u00e0 base de povidone iod\u00e9e (10%) est employ\u00e9 pour le traitement local d'appoint des affections de la peau et des muqueuses infect\u00e9es ou risquant de s'infecter mais \u00e9galement pour l'antisepsie du champ op\u00e9ratoire. Forme............................Solution pour application locale Dosage..........................10 % Contenance...................125 ml","rel":"","context":"Article similaire","block_context":{"text":"Article similaire","link":""},"img":{"alt_text":"","src":"https:\/\/i0.wp.com\/docmarket-dz.com\/wp-content\/uploads\/2023\/10\/0000172.png?fit=603%2C601&ssl=1&resize=350%2C200","width":350,"height":200,"srcset":"https:\/\/i0.wp.com\/docmarket-dz.com\/wp-content\/uploads\/2023\/10\/0000172.png?fit=603%2C601&ssl=1&resize=350%2C200 1x, https:\/\/i0.wp.com\/docmarket-dz.com\/wp-content\/uploads\/2023\/10\/0000172.png?fit=603%2C601&ssl=1&resize=525%2C300 1.5x"},"classes":[]},{"id":27538,"url":"https:\/\/docmarket-dz.com\/index.php\/product\/betadine-solui-odine-flc-1-l\/","url_meta":{"origin":26471,"position":3},"title":"BETADINE SOLUI-ODINE FLC-1 L","author":"Somia Belmadani","date":"17\/10\/2023","format":false,"excerpt":"Une solution antiseptique \u00e0 base de povidone iod\u00e9e (10%) est employ\u00e9 pour le traitement local d'appoint des affections de la peau et des muqueuses infect\u00e9es ou risquant de s'infecter mais \u00e9galement pour l'antisepsie du champ op\u00e9ratoire. Forme............................Solution pour application locale Dosage..........................10 % Contenance...................1 L","rel":"","context":"Article similaire","block_context":{"text":"Article similaire","link":""},"img":{"alt_text":"","src":"https:\/\/i0.wp.com\/docmarket-dz.com\/wp-content\/uploads\/2023\/10\/SOLUIODINE-500-ML.jpg-PhotoRoom-PhotoRoom.webp?fit=612%2C792&ssl=1&resize=350%2C200","width":350,"height":200,"srcset":"https:\/\/i0.wp.com\/docmarket-dz.com\/wp-content\/uploads\/2023\/10\/SOLUIODINE-500-ML.jpg-PhotoRoom-PhotoRoom.webp?fit=612%2C792&ssl=1&resize=350%2C200 1x, https:\/\/i0.wp.com\/docmarket-dz.com\/wp-content\/uploads\/2023\/10\/SOLUIODINE-500-ML.jpg-PhotoRoom-PhotoRoom.webp?fit=612%2C792&ssl=1&resize=525%2C300 1.5x"},"classes":[]},{"id":27548,"url":"https:\/\/docmarket-dz.com\/index.php\/product\/betadine-solui-odine-flc-250-ml\/","url_meta":{"origin":26471,"position":4},"title":"BETADINE SOLUI-ODINE FLC- 250 ML","author":"Somia Belmadani","date":"17\/10\/2023","format":false,"excerpt":"Une solution antiseptique \u00e0 base de povidone iod\u00e9e (10%) est employ\u00e9 pour le traitement local d'appoint des affections de la peau et des muqueuses infect\u00e9es ou risquant de s'infecter mais \u00e9galement pour l'antisepsie du champ op\u00e9ratoire. Forme............................Solution pour application locale Dosage..........................10 % Contenance................... 250 ML","rel":"","context":"Article similaire","block_context":{"text":"Article similaire","link":""},"img":{"alt_text":"","src":"https:\/\/i0.wp.com\/docmarket-dz.com\/wp-content\/uploads\/2023\/10\/BETADINE-10-SOLUIODINE-PLYVIDONE-IODE-1-LITRE-Copie-PhotoRoom-e1672566570554.webp?fit=600%2C534&ssl=1&resize=350%2C200","width":350,"height":200,"srcset":"https:\/\/i0.wp.com\/docmarket-dz.com\/wp-content\/uploads\/2023\/10\/BETADINE-10-SOLUIODINE-PLYVIDONE-IODE-1-LITRE-Copie-PhotoRoom-e1672566570554.webp?fit=600%2C534&ssl=1&resize=350%2C200 1x, https:\/\/i0.wp.com\/docmarket-dz.com\/wp-content\/uploads\/2023\/10\/BETADINE-10-SOLUIODINE-PLYVIDONE-IODE-1-LITRE-Copie-PhotoRoom-e1672566570554.webp?fit=600%2C534&ssl=1&resize=525%2C300 1.5x"},"classes":[]},{"id":27540,"url":"https:\/\/docmarket-dz.com\/index.php\/product\/betadine-solui-odine-flc-500-ml\/","url_meta":{"origin":26471,"position":5},"title":"BETADINE SOLUI-ODINE FLC- 500 ML","author":"Somia Belmadani","date":"17\/10\/2023","format":false,"excerpt":"Une solution antiseptique \u00e0 base de povidone iod\u00e9e (10%) est employ\u00e9 pour le traitement local d'appoint des affections de la peau et des muqueuses infect\u00e9es ou risquant de s'infecter mais \u00e9galement pour l'antisepsie du champ op\u00e9ratoire. Forme............................Solution pour application locale Dosage..........................10 % Contenance................... 500 ML","rel":"","context":"Article similaire","block_context":{"text":"Article similaire","link":""},"img":{"alt_text":"","src":"https:\/\/i0.wp.com\/docmarket-dz.com\/wp-content\/uploads\/2023\/10\/BETADINE-10-SOLUIODINE-POLYVIDONE-IODE-500-ML-PhotoRoom-e1672566478316.webp?fit=600%2C543&ssl=1&resize=350%2C200","width":350,"height":200,"srcset":"https:\/\/i0.wp.com\/docmarket-dz.com\/wp-content\/uploads\/2023\/10\/BETADINE-10-SOLUIODINE-POLYVIDONE-IODE-500-ML-PhotoRoom-e1672566478316.webp?fit=600%2C543&ssl=1&resize=350%2C200 1x, https:\/\/i0.wp.com\/docmarket-dz.com\/wp-content\/uploads\/2023\/10\/BETADINE-10-SOLUIODINE-POLYVIDONE-IODE-500-ML-PhotoRoom-e1672566478316.webp?fit=600%2C543&ssl=1&resize=525%2C300 1.5x"},"classes":[]}],"jetpack_sharing_enabled":true,"tiered_pricing_type":"fixed","tiered_pricing_fixed_rules":[],"tiered_pricing_product_settings":{"layout":"default","base_unit_name":{"singular":null,"plural":null},"default_variation":null},"tiered_pricing_minimum_quantity":null,"tiered_pricing_roles_data":[],"tiered_pricing_percentage_rules":[],"_links":{"self":[{"href":"https:\/\/docmarket-dz.com\/index.php\/wp-json\/wp\/v2\/product\/26471","targetHints":{"allow":["GET"]}}],"collection":[{"href":"https:\/\/docmarket-dz.com\/index.php\/wp-json\/wp\/v2\/product"}],"about":[{"href":"https:\/\/docmarket-dz.com\/index.php\/wp-json\/wp\/v2\/types\/product"}],"replies":[{"embeddable":true,"href":"https:\/\/docmarket-dz.com\/index.php\/wp-json\/wp\/v2\/comments?post=26471"}],"wp:attachment":[{"href":"https:\/\/docmarket-dz.com\/index.php\/wp-json\/wp\/v2\/media?parent=26471"}],"wp:term":[{"taxonomy":"product_brand","embeddable":true,"href":"https:\/\/docmarket-dz.com\/index.php\/wp-json\/wp\/v2\/product_brand?post=26471"},{"taxonomy":"product_cat","embeddable":true,"href":"https:\/\/docmarket-dz.com\/index.php\/wp-json\/wp\/v2\/product_cat?post=26471"},{"taxonomy":"product_tag","embeddable":true,"href":"https:\/\/docmarket-dz.com\/index.php\/wp-json\/wp\/v2\/product_tag?post=26471"}],"curies":[{"name":"wp","href":"https:\/\/api.w.org\/{rel}","templated":true}]}}