{"id":26472,"date":"1970-01-01T00:00:00","date_gmt":"1970-01-01T00:00:00","guid":{"rendered":"https:\/\/docmarket-dz.com\/?post_type=product&#038;p=26472"},"modified":"2023-08-09T14:28:00","modified_gmt":"2023-08-09T13:28:00","slug":"applicateur-adhesif","status":"publish","type":"product","link":"https:\/\/docmarket-dz.com\/index.php\/product\/applicateur-adhesif\/","title":{"rendered":"APPLICATEUR ADHESIF"},"content":{"rendered":"","protected":false},"excerpt":{"rendered":"","protected":false},"featured_media":0,"comment_status":"open","ping_status":"closed","template":"","meta":{"content-type":"","om_disable_all_campaigns":false,"_uf_show_specific_survey":0,"_uf_disable_surveys":false,"jetpack_publicize_message":"","jetpack_publicize_feature_enabled":true,"jetpack_social_post_already_shared":false,"jetpack_social_options":{"image_generator_settings":{"template":"highway","default_image_id":0,"font":"","enabled":false},"version":2}},"product_brand":[],"product_cat":[100],"product_tag":[],"class_list":{"0":"post-26472","1":"product","2":"type-product","3":"status-publish","5":"product_cat-dentaire","7":"first","8":"onbackorder","9":"taxable","10":"shipping-taxable","11":"purchasable","12":"product-type-simple"},"supplier_id":null,"supplier_sku":"","barcode":null,"atum_controlled":true,"out_stock_date":null,"out_stock_threshold":null,"inheritable":false,"inbound_stock":0,"stock_on_hold":0,"sold_today":0,"sales_last_days":0,"reserved_stock":0,"customer_returns":0,"warehouse_damage":0,"lost_in_post":0,"other_logs":0,"out_stock_days":0,"lost_sales":0,"has_location":false,"update_date":"2026-04-10T00:04:59","atum_locations":[],"atum_stock_status":"onbackorder","restock_status":false,"low_stock_amount":"","sales_update_date":"2026-04-10T00:04:59","calc_backorders":null,"aioseo_notices":[],"jetpack_publicize_connections":[],"jetpack-related-posts":[{"id":26492,"url":"https:\/\/docmarket-dz.com\/index.php\/product\/bonding-3m-universel\/","url_meta":{"origin":26472,"position":0},"title":"BONDING-3M UNIVERSEL","author":"falek.h","date":"17\/03\/2023","format":false,"excerpt":"Adh\u00e9sif am\u00e9lo-dentinaire automordan\u00e7ant La solution adh\u00e9sive polyvalente qui peut \u00eatre utilis\u00e9e pour toutes les techniques et sur toutes les surfaces dans un seul flacon, r\u00e9sultat : Adh\u00e9sion durable pour les restaurations directes et indirectes. Simplicit\u00e9 : Une seule \u00e9tape, une seule couche pour un temps d\u2019application de 35 secondes. Adh\u00e9sif\u2026","rel":"","context":"Article similaire","block_context":{"text":"Article similaire","link":""},"img":{"alt_text":"","src":"https:\/\/i0.wp.com\/docmarket-dz.com\/wp-content\/uploads\/2023\/03\/BONDING-3M-UNIVERSEL.jpg?fit=600%2C600&ssl=1&resize=350%2C200","width":350,"height":200,"srcset":"https:\/\/i0.wp.com\/docmarket-dz.com\/wp-content\/uploads\/2023\/03\/BONDING-3M-UNIVERSEL.jpg?fit=600%2C600&ssl=1&resize=350%2C200 1x, https:\/\/i0.wp.com\/docmarket-dz.com\/wp-content\/uploads\/2023\/03\/BONDING-3M-UNIVERSEL.jpg?fit=600%2C600&ssl=1&resize=525%2C300 1.5x"},"classes":[]},{"id":26500,"url":"https:\/\/docmarket-dz.com\/index.php\/product\/bonding-solobond-voco\/","url_meta":{"origin":26472,"position":1},"title":"BONDING SOLOBOND VOCO","author":"falek.h","date":"17\/03\/2023","format":false,"excerpt":"Mat\u00e9riau de bonding am\u00e9lo-dentinaire photopolym\u00e9risable, mono-composant Un composant \u2013 une seule couche Excellente adh\u00e9sion \u00c9lasticit\u00e9 de mat\u00e9riau \u00e9lev\u00e9e et joint \u00e9tanche permanent L\u2019effet d\u2019adh\u00e9sion imm\u00e9diate facilite l\u2019application du mat\u00e9riau d\u2019obturation Peut \u00eatre utilis\u00e9 pour tous les mat\u00e9riaux d\u2019obturation photopolym\u00e9risables","rel":"","context":"Article similaire","block_context":{"text":"Article similaire","link":""},"img":{"alt_text":"","src":"https:\/\/i0.wp.com\/docmarket-dz.com\/wp-content\/uploads\/2023\/03\/BONDING-SOLOBOND-VOCO.jpg?fit=800%2C600&ssl=1&resize=350%2C200","width":350,"height":200,"srcset":"https:\/\/i0.wp.com\/docmarket-dz.com\/wp-content\/uploads\/2023\/03\/BONDING-SOLOBOND-VOCO.jpg?fit=800%2C600&ssl=1&resize=350%2C200 1x, https:\/\/i0.wp.com\/docmarket-dz.com\/wp-content\/uploads\/2023\/03\/BONDING-SOLOBOND-VOCO.jpg?fit=800%2C600&ssl=1&resize=525%2C300 1.5x, https:\/\/i0.wp.com\/docmarket-dz.com\/wp-content\/uploads\/2023\/03\/BONDING-SOLOBOND-VOCO.jpg?fit=800%2C600&ssl=1&resize=700%2C400 2x"},"classes":[]},{"id":26493,"url":"https:\/\/docmarket-dz.com\/index.php\/product\/bonding-es-com\/","url_meta":{"origin":26472,"position":2},"title":"BONDING ES COM","author":"falek.h","date":"17\/03\/2023","format":false,"excerpt":"EsBond\u00ae est un agent de liaison de 5\u00e8me g\u00e9n\u00e9ration qui offre des forces de liaison \u00e9lev\u00e9es dans une application pratique en flacon unique. Cet agent de liaison monocomposant est con\u00e7u pour lier toutes les classes de restaurations composites directes \u00e0 la dentine, \u00e0 l'\u00e9mail, ainsi qu'au composite, \u00e0 la porcelaine\u2026","rel":"","context":"Article similaire","block_context":{"text":"Article similaire","link":""},"img":{"alt_text":"","src":"https:\/\/i0.wp.com\/docmarket-dz.com\/wp-content\/uploads\/2023\/03\/ESBOND-min-e1680697583930.jpg?fit=632%2C600&ssl=1&resize=350%2C200","width":350,"height":200,"srcset":"https:\/\/i0.wp.com\/docmarket-dz.com\/wp-content\/uploads\/2023\/03\/ESBOND-min-e1680697583930.jpg?fit=632%2C600&ssl=1&resize=350%2C200 1x, https:\/\/i0.wp.com\/docmarket-dz.com\/wp-content\/uploads\/2023\/03\/ESBOND-min-e1680697583930.jpg?fit=632%2C600&ssl=1&resize=525%2C300 1.5x"},"classes":[]},{"id":26501,"url":"https:\/\/docmarket-dz.com\/index.php\/product\/bonding-universel-c-bond\/","url_meta":{"origin":26472,"position":3},"title":"BONDING UNIVERSEL C-BOND","author":"falek.h","date":"17\/03\/2023","format":false,"excerpt":"C-Bond est un adh\u00e9sif total-etch (mordan\u00e7age total) avec une excellente adh\u00e9sion \u00e0 la dentine et \u00e0 l\u00b4\u00e9mail dentaire. C-Bond assure une bonne r\u00e9tention entre le composite et la dent. Le mat\u00e9riau est d\u00b4une consistance fluide et facile \u00e0 appliquer. C-Bond adh\u00e8re aussi sur les ciments verre ionom\u00e8re pour fond de\u2026","rel":"","context":"Article similaire","block_context":{"text":"Article similaire","link":""},"img":{"alt_text":"","src":"https:\/\/i0.wp.com\/docmarket-dz.com\/wp-content\/uploads\/2023\/03\/BONDING-UNIVERSEL-C-BOND-e1680699009381.jpg?fit=777%2C600&ssl=1&resize=350%2C200","width":350,"height":200,"srcset":"https:\/\/i0.wp.com\/docmarket-dz.com\/wp-content\/uploads\/2023\/03\/BONDING-UNIVERSEL-C-BOND-e1680699009381.jpg?fit=777%2C600&ssl=1&resize=350%2C200 1x, https:\/\/i0.wp.com\/docmarket-dz.com\/wp-content\/uploads\/2023\/03\/BONDING-UNIVERSEL-C-BOND-e1680699009381.jpg?fit=777%2C600&ssl=1&resize=525%2C300 1.5x, https:\/\/i0.wp.com\/docmarket-dz.com\/wp-content\/uploads\/2023\/03\/BONDING-UNIVERSEL-C-BOND-e1680699009381.jpg?fit=777%2C600&ssl=1&resize=700%2C400 2x"},"classes":[]},{"id":30561,"url":"https:\/\/docmarket-dz.com\/index.php\/product\/urgo-strapping-bande-elastique-adhesive-25m-x-6cm\/","url_meta":{"origin":26472,"position":4},"title":"Urgo strapping bande \u00e9lastique adh\u00e9sive 2,5m \u00d7 6cm","author":"Amel","date":"09\/12\/2025","format":false,"excerpt":"","rel":"","context":"Article similaire","block_context":{"text":"Article similaire","link":""},"img":{"alt_text":"","src":"","width":0,"height":0},"classes":[]},{"id":26498,"url":"https:\/\/docmarket-dz.com\/index.php\/product\/bonding-p-bond-metabiomed\/","url_meta":{"origin":26472,"position":5},"title":"BONDING P-BOND METABIOMED","author":"falek.h","date":"17\/03\/2023","format":false,"excerpt":"Force d'adh\u00e9rence sup\u00e9rieure. Adh\u00e9sif de 5\u00e8me g\u00e9n\u00e9ration. Appr\u00eat et collage en une seule \u00e9tape. Adh\u00e9sif \u00e0 base d'\u00e9thanol. Type de collage humide.","rel":"","context":"Article similaire","block_context":{"text":"Article similaire","link":""},"img":{"alt_text":"","src":"https:\/\/i0.wp.com\/docmarket-dz.com\/wp-content\/uploads\/2023\/03\/BONDING-P-BOND-METABIOMED-e1680698115241.jpg?fit=600%2C600&ssl=1&resize=350%2C200","width":350,"height":200,"srcset":"https:\/\/i0.wp.com\/docmarket-dz.com\/wp-content\/uploads\/2023\/03\/BONDING-P-BOND-METABIOMED-e1680698115241.jpg?fit=600%2C600&ssl=1&resize=350%2C200 1x, https:\/\/i0.wp.com\/docmarket-dz.com\/wp-content\/uploads\/2023\/03\/BONDING-P-BOND-METABIOMED-e1680698115241.jpg?fit=600%2C600&ssl=1&resize=525%2C300 1.5x"},"classes":[]}],"jetpack_sharing_enabled":true,"tiered_pricing_type":"fixed","tiered_pricing_fixed_rules":[],"tiered_pricing_product_settings":{"layout":"default","base_unit_name":{"singular":null,"plural":null},"default_variation":null},"tiered_pricing_minimum_quantity":null,"tiered_pricing_roles_data":[],"tiered_pricing_percentage_rules":[],"_links":{"self":[{"href":"https:\/\/docmarket-dz.com\/index.php\/wp-json\/wp\/v2\/product\/26472","targetHints":{"allow":["GET"]}}],"collection":[{"href":"https:\/\/docmarket-dz.com\/index.php\/wp-json\/wp\/v2\/product"}],"about":[{"href":"https:\/\/docmarket-dz.com\/index.php\/wp-json\/wp\/v2\/types\/product"}],"replies":[{"embeddable":true,"href":"https:\/\/docmarket-dz.com\/index.php\/wp-json\/wp\/v2\/comments?post=26472"}],"wp:attachment":[{"href":"https:\/\/docmarket-dz.com\/index.php\/wp-json\/wp\/v2\/media?parent=26472"}],"wp:term":[{"taxonomy":"product_brand","embeddable":true,"href":"https:\/\/docmarket-dz.com\/index.php\/wp-json\/wp\/v2\/product_brand?post=26472"},{"taxonomy":"product_cat","embeddable":true,"href":"https:\/\/docmarket-dz.com\/index.php\/wp-json\/wp\/v2\/product_cat?post=26472"},{"taxonomy":"product_tag","embeddable":true,"href":"https:\/\/docmarket-dz.com\/index.php\/wp-json\/wp\/v2\/product_tag?post=26472"}],"curies":[{"name":"wp","href":"https:\/\/api.w.org\/{rel}","templated":true}]}}