{"id":26476,"date":"1970-01-01T00:00:00","date_gmt":"1970-01-01T00:00:00","guid":{"rendered":"https:\/\/docmarket-dz.com\/?post_type=product&#038;p=26476"},"modified":"2023-08-09T14:28:32","modified_gmt":"2023-08-09T13:28:32","slug":"basmasil-light","status":"publish","type":"product","link":"https:\/\/docmarket-dz.com\/index.php\/product\/basmasil-light\/","title":{"rendered":"BASMASIL LIGHT"},"content":{"rendered":"","protected":false},"excerpt":{"rendered":"","protected":false},"featured_media":27136,"comment_status":"open","ping_status":"closed","template":"","meta":{"content-type":"","om_disable_all_campaigns":false,"_uf_show_specific_survey":0,"_uf_disable_surveys":false,"jetpack_publicize_message":"","jetpack_publicize_feature_enabled":true,"jetpack_social_post_already_shared":false,"jetpack_social_options":{"image_generator_settings":{"template":"highway","default_image_id":0,"font":"","enabled":false},"version":2}},"product_brand":[],"product_cat":[100],"product_tag":[],"class_list":{"0":"post-26476","1":"product","2":"type-product","3":"status-publish","4":"has-post-thumbnail","6":"product_cat-dentaire","8":"first","9":"onbackorder","10":"taxable","11":"shipping-taxable","12":"purchasable","13":"product-type-simple"},"supplier_id":null,"supplier_sku":"","barcode":null,"atum_controlled":true,"out_stock_date":null,"out_stock_threshold":null,"inheritable":false,"inbound_stock":0,"stock_on_hold":0,"sold_today":0,"sales_last_days":0,"reserved_stock":0,"customer_returns":0,"warehouse_damage":0,"lost_in_post":0,"other_logs":0,"out_stock_days":0,"lost_sales":0,"has_location":false,"update_date":"2026-04-10T00:04:59","atum_locations":[],"atum_stock_status":"onbackorder","restock_status":false,"low_stock_amount":"","sales_update_date":"2026-04-10T00:04:59","calc_backorders":null,"aioseo_notices":[],"jetpack_publicize_connections":[],"jetpack-related-posts":[{"id":26477,"url":"https:\/\/docmarket-dz.com\/index.php\/product\/basmasil-lourd\/","url_meta":{"origin":26476,"position":0},"title":"BASMASIL LOURD","author":"falek.h","date":"01\/01\/1970","format":false,"excerpt":"","rel":"","context":"Article similaire","block_context":{"text":"Article similaire","link":""},"img":{"alt_text":"","src":"https:\/\/i0.wp.com\/docmarket-dz.com\/wp-content\/uploads\/1970\/01\/334936052_1186915628631516_3036917445441083398_n-PhotoRoom.png-PhotoRoom-PhotoRoom-e1697961089537.jpg?fit=600%2C619&ssl=1&resize=350%2C200","width":350,"height":200,"srcset":"https:\/\/i0.wp.com\/docmarket-dz.com\/wp-content\/uploads\/1970\/01\/334936052_1186915628631516_3036917445441083398_n-PhotoRoom.png-PhotoRoom-PhotoRoom-e1697961089537.jpg?fit=600%2C619&ssl=1&resize=350%2C200 1x, https:\/\/i0.wp.com\/docmarket-dz.com\/wp-content\/uploads\/1970\/01\/334936052_1186915628631516_3036917445441083398_n-PhotoRoom.png-PhotoRoom-PhotoRoom-e1697961089537.jpg?fit=600%2C619&ssl=1&resize=525%2C300 1.5x"},"classes":[]},{"id":26581,"url":"https:\/\/docmarket-dz.com\/index.php\/product\/composite-coffret-i-light\/","url_meta":{"origin":26476,"position":1},"title":"COMPOSITE COFFRET I-LIGHT","author":"falek.h","date":"01\/01\/1970","format":false,"excerpt":"Composite nano hybride, i-LIGHT coffret de 8 tubes de 4g + etching + bonding","rel":"","context":"Article similaire","block_context":{"text":"Article similaire","link":""},"img":{"alt_text":"","src":"https:\/\/i0.wp.com\/docmarket-dz.com\/wp-content\/uploads\/1970\/01\/i-light-n-4x4g-72-1000x667-1.jpg?fit=1000%2C667&ssl=1&resize=350%2C200","width":350,"height":200,"srcset":"https:\/\/i0.wp.com\/docmarket-dz.com\/wp-content\/uploads\/1970\/01\/i-light-n-4x4g-72-1000x667-1.jpg?fit=1000%2C667&ssl=1&resize=350%2C200 1x, https:\/\/i0.wp.com\/docmarket-dz.com\/wp-content\/uploads\/1970\/01\/i-light-n-4x4g-72-1000x667-1.jpg?fit=1000%2C667&ssl=1&resize=525%2C300 1.5x, https:\/\/i0.wp.com\/docmarket-dz.com\/wp-content\/uploads\/1970\/01\/i-light-n-4x4g-72-1000x667-1.jpg?fit=1000%2C667&ssl=1&resize=700%2C400 2x"},"classes":[]},{"id":26485,"url":"https:\/\/docmarket-dz.com\/index.php\/product\/blanchiment-light-whitening\/","url_meta":{"origin":26476,"position":2},"title":"BLANCHIMENT LIGHT WHITENING","author":"falek.h","date":"17\/03\/2023","format":false,"excerpt":"LIGHTWHITENING est id\u00e9al comme \u00ab\u00a0prophylaxis +\u00a0\u00bb apr\u00e8s un nettoyage dentaire professionnelle. Le blanchiment dentaire individuel peut \u00eatre men\u00e9 avec LIGHT WHITENING . Le traitement n\u00e9cessite une lampe.","rel":"","context":"Article similaire","block_context":{"text":"Article similaire","link":""},"img":{"alt_text":"","src":"https:\/\/i0.wp.com\/docmarket-dz.com\/wp-content\/uploads\/2023\/03\/BLANCHIMENT-LIGHT-WHITENING-e1680697202785.webp?fit=600%2C600&ssl=1&resize=350%2C200","width":350,"height":200,"srcset":"https:\/\/i0.wp.com\/docmarket-dz.com\/wp-content\/uploads\/2023\/03\/BLANCHIMENT-LIGHT-WHITENING-e1680697202785.webp?fit=600%2C600&ssl=1&resize=350%2C200 1x, https:\/\/i0.wp.com\/docmarket-dz.com\/wp-content\/uploads\/2023\/03\/BLANCHIMENT-LIGHT-WHITENING-e1680697202785.webp?fit=600%2C600&ssl=1&resize=525%2C300 1.5x"},"classes":[]},{"id":26590,"url":"https:\/\/docmarket-dz.com\/index.php\/product\/composite-seringue-i-light\/","url_meta":{"origin":26476,"position":3},"title":"COMPOSITE SERINGUE I-LIGHT","author":"falek.h","date":"01\/01\/1970","format":false,"excerpt":"","rel":"","context":"Article similaire","block_context":{"text":"Article similaire","link":""},"img":{"alt_text":"","src":"https:\/\/i0.wp.com\/docmarket-dz.com\/wp-content\/uploads\/1970\/01\/composite-i-light-1-4-syringe.jpg?fit=410%2C492&ssl=1&resize=350%2C200","width":350,"height":200},"classes":[]},{"id":26688,"url":"https:\/\/docmarket-dz.com\/index.php\/product\/elite-hd-light-body-bleu-100ml\/","url_meta":{"origin":26476,"position":4},"title":"ELITE HD + LIGHT BODY BLEU 100ML","author":"falek.h","date":"17\/03\/2023","format":false,"excerpt":"Avantages \u2022Polyvalence d\u2019utilisation :\u00a0disponible en 6 consistances diff\u00e9rentes et 4 types de conditionnement diff\u00e9rents (bo\u00eetes, tubes, cartouches 1:1 et 5:1) \u2022\u00a0Exactitude et pr\u00e9cision de l\u2019empreinte :\u00a0l\u2019hydrocompatibilit\u00e9 des fluides contribue \u00e0 l\u2019obtention d\u2019une empreinte de qualit\u00e9 \u2022\u00a0Pr\u00e9cision et fiabilit\u00e9\u00a0de l\u2019empreinte en raison de sa r\u00e9sistance au d\u00e9chirement et de sa r\u00e9cup\u00e9ration\u2026","rel":"","context":"Article similaire","block_context":{"text":"Article similaire","link":""},"img":{"alt_text":"","src":"https:\/\/i0.wp.com\/docmarket-dz.com\/wp-content\/uploads\/2023\/03\/ELITE-HD-LIGHT-BODY-BLEU-100ML.jpg?fit=600%2C600&ssl=1&resize=350%2C200","width":350,"height":200,"srcset":"https:\/\/i0.wp.com\/docmarket-dz.com\/wp-content\/uploads\/2023\/03\/ELITE-HD-LIGHT-BODY-BLEU-100ML.jpg?fit=600%2C600&ssl=1&resize=350%2C200 1x, https:\/\/i0.wp.com\/docmarket-dz.com\/wp-content\/uploads\/2023\/03\/ELITE-HD-LIGHT-BODY-BLEU-100ML.jpg?fit=600%2C600&ssl=1&resize=525%2C300 1.5x"},"classes":[]},{"id":26687,"url":"https:\/\/docmarket-dz.com\/index.php\/product\/elite-hd-fast-set-vert-100ml\/","url_meta":{"origin":26476,"position":5},"title":"ELITE HD +- FAST SET VERT 100ML","author":"falek.h","date":"17\/03\/2023","format":false,"excerpt":"ELITE HD+ Light Body Fast Set - ZHERMACK Silicone-A Hydrophile \u00e0 basse viscosit\u00e9 pour proth\u00e8se fixe. Technique recommand\u00e9e: fluide pour la double m\u00e9lange. Standard pack : 2 cartouches de 50 ml (Base + catalyseur) + 12 embouts de m\u00e9lange jaunes Avantages \u2022 R\u00e9sistance \u00e0 la d\u00e9formation \u2022 Excellente r\u00e9cup\u00e9ration \u00e9lastique\u2026","rel":"","context":"Article similaire","block_context":{"text":"Article similaire","link":""},"img":{"alt_text":"","src":"https:\/\/i0.wp.com\/docmarket-dz.com\/wp-content\/uploads\/2023\/03\/ELITE-HD-FAST-SET-VERT-100ML-scaled-e1680610130135.jpg?fit=771%2C600&ssl=1&resize=350%2C200","width":350,"height":200,"srcset":"https:\/\/i0.wp.com\/docmarket-dz.com\/wp-content\/uploads\/2023\/03\/ELITE-HD-FAST-SET-VERT-100ML-scaled-e1680610130135.jpg?fit=771%2C600&ssl=1&resize=350%2C200 1x, https:\/\/i0.wp.com\/docmarket-dz.com\/wp-content\/uploads\/2023\/03\/ELITE-HD-FAST-SET-VERT-100ML-scaled-e1680610130135.jpg?fit=771%2C600&ssl=1&resize=525%2C300 1.5x, https:\/\/i0.wp.com\/docmarket-dz.com\/wp-content\/uploads\/2023\/03\/ELITE-HD-FAST-SET-VERT-100ML-scaled-e1680610130135.jpg?fit=771%2C600&ssl=1&resize=700%2C400 2x"},"classes":[]}],"jetpack_sharing_enabled":true,"tiered_pricing_type":"fixed","tiered_pricing_fixed_rules":[],"tiered_pricing_product_settings":{"layout":"default","base_unit_name":{"singular":null,"plural":null},"default_variation":null},"tiered_pricing_minimum_quantity":null,"tiered_pricing_roles_data":[],"tiered_pricing_percentage_rules":[],"_links":{"self":[{"href":"https:\/\/docmarket-dz.com\/index.php\/wp-json\/wp\/v2\/product\/26476","targetHints":{"allow":["GET"]}}],"collection":[{"href":"https:\/\/docmarket-dz.com\/index.php\/wp-json\/wp\/v2\/product"}],"about":[{"href":"https:\/\/docmarket-dz.com\/index.php\/wp-json\/wp\/v2\/types\/product"}],"replies":[{"embeddable":true,"href":"https:\/\/docmarket-dz.com\/index.php\/wp-json\/wp\/v2\/comments?post=26476"}],"wp:featuredmedia":[{"embeddable":true,"href":"https:\/\/docmarket-dz.com\/index.php\/wp-json\/wp\/v2\/media\/27136"}],"wp:attachment":[{"href":"https:\/\/docmarket-dz.com\/index.php\/wp-json\/wp\/v2\/media?parent=26476"}],"wp:term":[{"taxonomy":"product_brand","embeddable":true,"href":"https:\/\/docmarket-dz.com\/index.php\/wp-json\/wp\/v2\/product_brand?post=26476"},{"taxonomy":"product_cat","embeddable":true,"href":"https:\/\/docmarket-dz.com\/index.php\/wp-json\/wp\/v2\/product_cat?post=26476"},{"taxonomy":"product_tag","embeddable":true,"href":"https:\/\/docmarket-dz.com\/index.php\/wp-json\/wp\/v2\/product_tag?post=26476"}],"curies":[{"name":"wp","href":"https:\/\/api.w.org\/{rel}","templated":true}]}}