{"id":26478,"date":"2023-03-17T13:00:27","date_gmt":"2023-03-17T12:00:27","guid":{"rendered":"https:\/\/docmarket-dz.com\/?post_type=product&#038;p=26478"},"modified":"2023-08-09T13:59:20","modified_gmt":"2023-08-09T12:59:20","slug":"biner-lc-metabiomed","status":"publish","type":"product","link":"https:\/\/docmarket-dz.com\/index.php\/product\/biner-lc-metabiomed\/","title":{"rendered":"BINER LC METABIOMED"},"content":{"rendered":"<p>Biner LC contient le phosphate de calcium hydroxy.<\/p>\n<p>Biner LC est un traitement l\u00e9ger, fluorure lib\u00e9rant, rev\u00eatement radio-opaque de cavit\u00e9 et mati\u00e8re premi\u00e8re speciallyformulated pour l&#8217;usage avec des adh\u00e9sifs et des compos\u00e9s et avec les mat\u00e9riaux fortifiants conventionnels.Biner LC contient le phosphate de calcium hydroxy dans une r\u00e9sine de dimethacrylate d&#8217;ur\u00e9thane.Il liaison chimique sur les amorces adh\u00e9sives, les compos\u00e9s et toute autre r\u00e9sine la mati\u00e8re premi\u00e8re, et itmicromechanically les liens \u00e0 l&#8217;ivoire.<\/p>\n","protected":false},"excerpt":{"rendered":"<p>Biner LC contient le phosphate de calcium hydroxy. Biner LC est un traitement l\u00e9ger, fluorure lib\u00e9rant, rev\u00eatement radio-opaque de cavit\u00e9 et mati\u00e8re premi\u00e8re speciallyformulated pour l&#8217;usage avec des adh\u00e9sifs et des compos\u00e9s et avec les mat\u00e9riaux fortifiants conventionnels.Biner LC contient le phosphate de calcium hydroxy dans une r\u00e9sine de dimethacrylate d&#8217;ur\u00e9thane.Il liaison chimique sur les [&hellip;]<\/p>\n","protected":false},"featured_media":27134,"comment_status":"open","ping_status":"closed","template":"","meta":{"content-type":"","om_disable_all_campaigns":false,"_uf_show_specific_survey":0,"_uf_disable_surveys":false,"jetpack_publicize_message":"","jetpack_publicize_feature_enabled":true,"jetpack_social_post_already_shared":false,"jetpack_social_options":{"image_generator_settings":{"template":"highway","default_image_id":0,"font":"","enabled":false},"version":2}},"product_brand":[],"product_cat":[100],"product_tag":[],"class_list":{"0":"post-26478","1":"product","2":"type-product","3":"status-publish","4":"has-post-thumbnail","6":"product_cat-dentaire","8":"first","9":"onbackorder","10":"taxable","11":"shipping-taxable","12":"purchasable","13":"product-type-simple"},"supplier_id":null,"supplier_sku":"","barcode":null,"atum_controlled":true,"out_stock_date":null,"out_stock_threshold":null,"inheritable":false,"inbound_stock":0,"stock_on_hold":0,"sold_today":0,"sales_last_days":0,"reserved_stock":0,"customer_returns":0,"warehouse_damage":0,"lost_in_post":0,"other_logs":0,"out_stock_days":0,"lost_sales":0,"has_location":false,"update_date":"2026-04-14T00:06:13","atum_locations":[],"atum_stock_status":"onbackorder","restock_status":false,"low_stock_amount":"","sales_update_date":"2026-04-14T00:06:13","calc_backorders":null,"aioseo_notices":[],"jetpack_publicize_connections":[],"jetpack-related-posts":[{"id":26554,"url":"https:\/\/docmarket-dz.com\/index.php\/product\/ciment-dobturationi-fil-lc\/","url_meta":{"origin":26478,"position":0},"title":"CIMENT DoBTURATIONI-FIL LC","author":"falek.h","date":"01\/01\/1970","format":false,"excerpt":"","rel":"","context":"Article similaire","block_context":{"text":"Article similaire","link":""},"img":{"alt_text":"","src":"","width":0,"height":0},"classes":[]},{"id":26584,"url":"https:\/\/docmarket-dz.com\/index.php\/product\/composite-coffret-xcite-lc\/","url_meta":{"origin":26478,"position":1},"title":"COMPOSITE COFFRET I-XCITE LC","author":"falek.h","date":"01\/01\/1970","format":false,"excerpt":"","rel":"","context":"Article similaire","block_context":{"text":"Article similaire","link":""},"img":{"alt_text":"","src":"https:\/\/i0.wp.com\/docmarket-dz.com\/wp-content\/uploads\/1970\/01\/13059_i-dental-ixtk2-i-xcite-lc-n-spritzen-kit-dental-2.jpg?fit=1200%2C1200&ssl=1&resize=350%2C200","width":350,"height":200,"srcset":"https:\/\/i0.wp.com\/docmarket-dz.com\/wp-content\/uploads\/1970\/01\/13059_i-dental-ixtk2-i-xcite-lc-n-spritzen-kit-dental-2.jpg?fit=1200%2C1200&ssl=1&resize=350%2C200 1x, https:\/\/i0.wp.com\/docmarket-dz.com\/wp-content\/uploads\/1970\/01\/13059_i-dental-ixtk2-i-xcite-lc-n-spritzen-kit-dental-2.jpg?fit=1200%2C1200&ssl=1&resize=525%2C300 1.5x, https:\/\/i0.wp.com\/docmarket-dz.com\/wp-content\/uploads\/1970\/01\/13059_i-dental-ixtk2-i-xcite-lc-n-spritzen-kit-dental-2.jpg?fit=1200%2C1200&ssl=1&resize=700%2C400 2x, https:\/\/i0.wp.com\/docmarket-dz.com\/wp-content\/uploads\/1970\/01\/13059_i-dental-ixtk2-i-xcite-lc-n-spritzen-kit-dental-2.jpg?fit=1200%2C1200&ssl=1&resize=1050%2C600 3x"},"classes":[]},{"id":26598,"url":"https:\/\/docmarket-dz.com\/index.php\/product\/composite-seringue-i-xcite-lc-idental\/","url_meta":{"origin":26478,"position":2},"title":"COMPOSITE SERINGUE I-XCITE LC IDENTAL","author":"falek.h","date":"01\/01\/1970","format":false,"excerpt":"","rel":"","context":"Article similaire","block_context":{"text":"Article similaire","link":""},"img":{"alt_text":"","src":"https:\/\/i0.wp.com\/docmarket-dz.com\/wp-content\/uploads\/1970\/01\/composite-i-xcite-light-curing-a1-4g.jpg?fit=410%2C492&ssl=1&resize=350%2C200","width":350,"height":200},"classes":[]},{"id":26530,"url":"https:\/\/docmarket-dz.com\/index.php\/product\/cavit-i-pro-lc\/","url_meta":{"origin":26478,"position":3},"title":"CAVIT I-PRO LC","author":"falek.h","date":"01\/01\/1970","format":false,"excerpt":"Haute adh\u00e9rence Non-collant Radio-opaque Haute r\u00e9sistance et duret\u00e9 Facilement emballable Duret\u00e9 diff\u00e9rente apr\u00e8s r\u00e9glage Sans eug\u00e9nol","rel":"","context":"Article similaire","block_context":{"text":"Article similaire","link":""},"img":{"alt_text":"","src":"https:\/\/i0.wp.com\/docmarket-dz.com\/wp-content\/uploads\/1970\/01\/i-pro-50g-temporary-filling-e1696412645869.jpg?fit=600%2C720&ssl=1&resize=350%2C200","width":350,"height":200,"srcset":"https:\/\/i0.wp.com\/docmarket-dz.com\/wp-content\/uploads\/1970\/01\/i-pro-50g-temporary-filling-e1696412645869.jpg?fit=600%2C720&ssl=1&resize=350%2C200 1x, https:\/\/i0.wp.com\/docmarket-dz.com\/wp-content\/uploads\/1970\/01\/i-pro-50g-temporary-filling-e1696412645869.jpg?fit=600%2C720&ssl=1&resize=525%2C300 1.5x"},"classes":[]},{"id":26500,"url":"https:\/\/docmarket-dz.com\/index.php\/product\/bonding-solobond-voco\/","url_meta":{"origin":26478,"position":4},"title":"BONDING SOLOBOND VOCO","author":"falek.h","date":"17\/03\/2023","format":false,"excerpt":"Mat\u00e9riau de bonding am\u00e9lo-dentinaire photopolym\u00e9risable, mono-composant Un composant \u2013 une seule couche Excellente adh\u00e9sion \u00c9lasticit\u00e9 de mat\u00e9riau \u00e9lev\u00e9e et joint \u00e9tanche permanent L\u2019effet d\u2019adh\u00e9sion imm\u00e9diate facilite l\u2019application du mat\u00e9riau d\u2019obturation Peut \u00eatre utilis\u00e9 pour tous les mat\u00e9riaux d\u2019obturation photopolym\u00e9risables","rel":"","context":"Article similaire","block_context":{"text":"Article similaire","link":""},"img":{"alt_text":"","src":"https:\/\/i0.wp.com\/docmarket-dz.com\/wp-content\/uploads\/2023\/03\/BONDING-SOLOBOND-VOCO.jpg?fit=800%2C600&ssl=1&resize=350%2C200","width":350,"height":200,"srcset":"https:\/\/i0.wp.com\/docmarket-dz.com\/wp-content\/uploads\/2023\/03\/BONDING-SOLOBOND-VOCO.jpg?fit=800%2C600&ssl=1&resize=350%2C200 1x, https:\/\/i0.wp.com\/docmarket-dz.com\/wp-content\/uploads\/2023\/03\/BONDING-SOLOBOND-VOCO.jpg?fit=800%2C600&ssl=1&resize=525%2C300 1.5x, https:\/\/i0.wp.com\/docmarket-dz.com\/wp-content\/uploads\/2023\/03\/BONDING-SOLOBOND-VOCO.jpg?fit=800%2C600&ssl=1&resize=700%2C400 2x"},"classes":[]},{"id":29699,"url":"https:\/\/docmarket-dz.com\/index.php\/product\/calcium-diazone\/","url_meta":{"origin":26478,"position":5},"title":"Calcium Diazone","author":"Amel","date":"20\/11\/2024","format":false,"excerpt":"","rel":"","context":"Article similaire","block_context":{"text":"Article similaire","link":""},"img":{"alt_text":"","src":"","width":0,"height":0},"classes":[]}],"jetpack_sharing_enabled":true,"tiered_pricing_type":"fixed","tiered_pricing_fixed_rules":[],"tiered_pricing_product_settings":{"layout":"default","base_unit_name":{"singular":null,"plural":null},"default_variation":null},"tiered_pricing_minimum_quantity":null,"tiered_pricing_roles_data":[],"tiered_pricing_percentage_rules":[],"_links":{"self":[{"href":"https:\/\/docmarket-dz.com\/index.php\/wp-json\/wp\/v2\/product\/26478","targetHints":{"allow":["GET"]}}],"collection":[{"href":"https:\/\/docmarket-dz.com\/index.php\/wp-json\/wp\/v2\/product"}],"about":[{"href":"https:\/\/docmarket-dz.com\/index.php\/wp-json\/wp\/v2\/types\/product"}],"replies":[{"embeddable":true,"href":"https:\/\/docmarket-dz.com\/index.php\/wp-json\/wp\/v2\/comments?post=26478"}],"wp:featuredmedia":[{"embeddable":true,"href":"https:\/\/docmarket-dz.com\/index.php\/wp-json\/wp\/v2\/media\/27134"}],"wp:attachment":[{"href":"https:\/\/docmarket-dz.com\/index.php\/wp-json\/wp\/v2\/media?parent=26478"}],"wp:term":[{"taxonomy":"product_brand","embeddable":true,"href":"https:\/\/docmarket-dz.com\/index.php\/wp-json\/wp\/v2\/product_brand?post=26478"},{"taxonomy":"product_cat","embeddable":true,"href":"https:\/\/docmarket-dz.com\/index.php\/wp-json\/wp\/v2\/product_cat?post=26478"},{"taxonomy":"product_tag","embeddable":true,"href":"https:\/\/docmarket-dz.com\/index.php\/wp-json\/wp\/v2\/product_tag?post=26478"}],"curies":[{"name":"wp","href":"https:\/\/api.w.org\/{rel}","templated":true}]}}