{"id":26480,"date":"2023-03-17T13:00:27","date_gmt":"2023-03-17T12:00:27","guid":{"rendered":"https:\/\/docmarket-dz.com\/?post_type=product&#038;p=26480"},"modified":"2023-08-09T13:59:20","modified_gmt":"2023-08-09T12:59:20","slug":"bioroot","status":"publish","type":"product","link":"https:\/\/docmarket-dz.com\/index.php\/product\/bioroot\/","title":{"rendered":"BIOROOT"},"content":{"rendered":"<p>Scellant bioc\u00e9ramique pour canal radiculaire assurant une \u00e9tanch\u00e9it\u00e9, une absence de r\u00e9traction et une grande puret\u00e9.<\/p>\n","protected":false},"excerpt":{"rendered":"<p>Scellant bioc\u00e9ramique pour canal radiculaire assurant une \u00e9tanch\u00e9it\u00e9, une absence de r\u00e9traction et une grande puret\u00e9.<\/p>\n","protected":false},"featured_media":27132,"comment_status":"open","ping_status":"closed","template":"","meta":{"content-type":"","om_disable_all_campaigns":false,"_uf_show_specific_survey":0,"_uf_disable_surveys":false,"jetpack_publicize_message":"","jetpack_publicize_feature_enabled":true,"jetpack_social_post_already_shared":false,"jetpack_social_options":{"image_generator_settings":{"template":"highway","default_image_id":0,"font":"","enabled":false},"version":2}},"product_brand":[],"product_cat":[100],"product_tag":[],"class_list":{"0":"post-26480","1":"product","2":"type-product","3":"status-publish","4":"has-post-thumbnail","6":"product_cat-dentaire","8":"first","9":"onbackorder","10":"taxable","11":"shipping-taxable","12":"purchasable","13":"product-type-simple"},"supplier_id":null,"supplier_sku":"","barcode":null,"atum_controlled":true,"out_stock_date":null,"out_stock_threshold":null,"inheritable":false,"inbound_stock":0,"stock_on_hold":1,"sold_today":0,"sales_last_days":1,"reserved_stock":0,"customer_returns":0,"warehouse_damage":0,"lost_in_post":0,"other_logs":0,"out_stock_days":0,"lost_sales":0,"has_location":false,"update_date":"2026-04-10T00:05:12","atum_locations":[],"atum_stock_status":"onbackorder","restock_status":false,"low_stock_amount":"","sales_update_date":"2026-04-10T00:05:12","calc_backorders":null,"aioseo_notices":[],"jetpack_publicize_connections":[],"jetpack-related-posts":[{"id":26533,"url":"https:\/\/docmarket-dz.com\/index.php\/product\/ceraseal-sealer-bioceramique\/","url_meta":{"origin":26480,"position":0},"title":"CERASEAL SEALER BIOCERAMIC","author":"falek.h","date":"01\/01\/1970","format":false,"excerpt":"Scellant Canalaire \u00c0 Base De Bioc\u00e9ramique, Seringue 2g AVANTAGES Antimicrobien Biocompatibilit\u00e9 Optimale Excellente Capacit\u00e9 D'\u00e9tanch\u00e9it\u00e9 Le Silicate De Calcium Produit Un Gel CAH (Calcium Aluminate Hydrate) Et Un Gel CSH (Calcium Silicate Hydrate) En Absorbant L'humidit\u00e9 Des Tissus Environnants Dans Le Canal Radiculaire Et Une Certaine Cristallisation De L'hydroxyde De\u2026","rel":"","context":"Article similaire","block_context":{"text":"Article similaire","link":""},"img":{"alt_text":"","src":"https:\/\/i0.wp.com\/docmarket-dz.com\/wp-content\/uploads\/1970\/01\/274abd46ce2704fbad2627c4661443de-e1696412976894.png?fit=600%2C450&ssl=1&resize=350%2C200","width":350,"height":200,"srcset":"https:\/\/i0.wp.com\/docmarket-dz.com\/wp-content\/uploads\/1970\/01\/274abd46ce2704fbad2627c4661443de-e1696412976894.png?fit=600%2C450&ssl=1&resize=350%2C200 1x, https:\/\/i0.wp.com\/docmarket-dz.com\/wp-content\/uploads\/1970\/01\/274abd46ce2704fbad2627c4661443de-e1696412976894.png?fit=600%2C450&ssl=1&resize=525%2C300 1.5x"},"classes":[]},{"id":26432,"url":"https:\/\/docmarket-dz.com\/index.php\/product\/ad-seal\/","url_meta":{"origin":26480,"position":1},"title":"AD SEAL","author":"falek.h","date":"17\/03\/2023","format":false,"excerpt":"Adseal (Scellant pour canal radiculaire \u00e0 base de r\u00e9sine) Avantages Excellente biocompatibilit\u00e9 P\u00e2te facile \u00e0 m\u00e9langer Capacit\u00e9 de scellement herm\u00e9tique Ne tache pas les dents Insoluble dans le liquide tissulaire Bonne radio-opacit\u00e9","rel":"","context":"Article similaire","block_context":{"text":"Article similaire","link":""},"img":{"alt_text":"","src":"https:\/\/i0.wp.com\/docmarket-dz.com\/wp-content\/uploads\/2023\/03\/AD-SEAL-1-e1680679645664.jpg?fit=600%2C600&ssl=1&resize=350%2C200","width":350,"height":200,"srcset":"https:\/\/i0.wp.com\/docmarket-dz.com\/wp-content\/uploads\/2023\/03\/AD-SEAL-1-e1680679645664.jpg?fit=600%2C600&ssl=1&resize=350%2C200 1x, https:\/\/i0.wp.com\/docmarket-dz.com\/wp-content\/uploads\/2023\/03\/AD-SEAL-1-e1680679645664.jpg?fit=600%2C600&ssl=1&resize=525%2C300 1.5x"},"classes":[]},{"id":26634,"url":"https:\/\/docmarket-dz.com\/index.php\/product\/dentocore\/","url_meta":{"origin":26480,"position":2},"title":"DENTOCORE","author":"falek.h","date":"17\/03\/2023","format":false,"excerpt":"Composite de reconstitution de moignons et de scellement des tenons \u00a0 Indications Reconstitutions corono-radiculaires foul\u00e9es Scellement de tenons fibre de verre, carbone ou m\u00e9tal","rel":"","context":"Article similaire","block_context":{"text":"Article similaire","link":""},"img":{"alt_text":"","src":"https:\/\/i0.wp.com\/docmarket-dz.com\/wp-content\/uploads\/2023\/03\/DENTOCORE-1.jpg?fit=497%2C500&ssl=1&resize=350%2C200","width":350,"height":200},"classes":[]},{"id":26635,"url":"https:\/\/docmarket-dz.com\/index.php\/product\/dentocore-body\/","url_meta":{"origin":26480,"position":3},"title":"DENTOCORE BODY","author":"falek.h","date":"17\/03\/2023","format":false,"excerpt":"Indications Reconstitutions corono-radiculaires foul\u00e9es Scellement de tenons fibre de verre, carbone ou m\u00e9tal","rel":"","context":"Article similaire","block_context":{"text":"Article similaire","link":""},"img":{"alt_text":"","src":"https:\/\/i0.wp.com\/docmarket-dz.com\/wp-content\/uploads\/2023\/03\/DENTOCORE-BODY.jpg?fit=500%2C500&ssl=1&resize=350%2C200","width":350,"height":200},"classes":[]},{"id":26512,"url":"https:\/\/docmarket-dz.com\/index.php\/product\/camphor-mono-chlorophenol-pd\/","url_meta":{"origin":26480,"position":4},"title":"CAMPHOR MONO-CHLOROPHENOL PD","author":"falek.h","date":"17\/03\/2023","format":false,"excerpt":"Le Camphor Mono-Chlorophenol, \u00e9galement connu sous le nom de CMCP, est un d\u00e9sinfectant actif pour le traitement des canaux radiculaires infect\u00e9s et des infections p\u00e9riapicales. D\u00e9sinfection apr\u00e8s pulpectomie et pansement pulpaire Traitement de l'inflammation post-traumatique D\u00e9sinfection du canal radiculaire","rel":"","context":"Article similaire","block_context":{"text":"Article similaire","link":""},"img":{"alt_text":"","src":"https:\/\/i0.wp.com\/docmarket-dz.com\/wp-content\/uploads\/2023\/03\/CAMPHOR-MONO-CHLOROPHENOL-PD.jpg?fit=600%2C598&ssl=1&resize=350%2C200","width":350,"height":200,"srcset":"https:\/\/i0.wp.com\/docmarket-dz.com\/wp-content\/uploads\/2023\/03\/CAMPHOR-MONO-CHLOROPHENOL-PD.jpg?fit=600%2C598&ssl=1&resize=350%2C200 1x, https:\/\/i0.wp.com\/docmarket-dz.com\/wp-content\/uploads\/2023\/03\/CAMPHOR-MONO-CHLOROPHENOL-PD.jpg?fit=600%2C598&ssl=1&resize=525%2C300 1.5x"},"classes":[]},{"id":26682,"url":"https:\/\/docmarket-dz.com\/index.php\/product\/edta-gel-i-dental\/","url_meta":{"origin":26480,"position":5},"title":"EDTA GEL I-DENTAL","author":"falek.h","date":"17\/03\/2023","format":false,"excerpt":"Gel de pr\u00e9paration du canal radiculaire. Indications : Pour le nettoyage Pour la lubrification Pour l'irrigation Avantages : Effet antibact\u00e9rien Aide \u00e0 trouver les entr\u00e9es du canal radiculaire R\u00e9duit la casse des limes lors de la pr\u00e9paration m\u00e9canique L'EDTA aide \u00e0 ch\u00e9later les sels de calcium Le gel aide \u00e0\u2026","rel":"","context":"Article similaire","block_context":{"text":"Article similaire","link":""},"img":{"alt_text":"","src":"https:\/\/i0.wp.com\/docmarket-dz.com\/wp-content\/uploads\/2023\/03\/EDTA-GEL-I-DENTAL-e1680611507939.jpg?fit=600%2C600&ssl=1&resize=350%2C200","width":350,"height":200,"srcset":"https:\/\/i0.wp.com\/docmarket-dz.com\/wp-content\/uploads\/2023\/03\/EDTA-GEL-I-DENTAL-e1680611507939.jpg?fit=600%2C600&ssl=1&resize=350%2C200 1x, https:\/\/i0.wp.com\/docmarket-dz.com\/wp-content\/uploads\/2023\/03\/EDTA-GEL-I-DENTAL-e1680611507939.jpg?fit=600%2C600&ssl=1&resize=525%2C300 1.5x"},"classes":[]}],"jetpack_sharing_enabled":true,"tiered_pricing_type":"fixed","tiered_pricing_fixed_rules":[],"tiered_pricing_product_settings":{"layout":"default","base_unit_name":{"singular":null,"plural":null},"default_variation":null},"tiered_pricing_minimum_quantity":null,"tiered_pricing_roles_data":[],"tiered_pricing_percentage_rules":[],"_links":{"self":[{"href":"https:\/\/docmarket-dz.com\/index.php\/wp-json\/wp\/v2\/product\/26480","targetHints":{"allow":["GET"]}}],"collection":[{"href":"https:\/\/docmarket-dz.com\/index.php\/wp-json\/wp\/v2\/product"}],"about":[{"href":"https:\/\/docmarket-dz.com\/index.php\/wp-json\/wp\/v2\/types\/product"}],"replies":[{"embeddable":true,"href":"https:\/\/docmarket-dz.com\/index.php\/wp-json\/wp\/v2\/comments?post=26480"}],"wp:featuredmedia":[{"embeddable":true,"href":"https:\/\/docmarket-dz.com\/index.php\/wp-json\/wp\/v2\/media\/27132"}],"wp:attachment":[{"href":"https:\/\/docmarket-dz.com\/index.php\/wp-json\/wp\/v2\/media?parent=26480"}],"wp:term":[{"taxonomy":"product_brand","embeddable":true,"href":"https:\/\/docmarket-dz.com\/index.php\/wp-json\/wp\/v2\/product_brand?post=26480"},{"taxonomy":"product_cat","embeddable":true,"href":"https:\/\/docmarket-dz.com\/index.php\/wp-json\/wp\/v2\/product_cat?post=26480"},{"taxonomy":"product_tag","embeddable":true,"href":"https:\/\/docmarket-dz.com\/index.php\/wp-json\/wp\/v2\/product_tag?post=26480"}],"curies":[{"name":"wp","href":"https:\/\/api.w.org\/{rel}","templated":true}]}}