{"id":26481,"date":"2023-03-17T13:00:29","date_gmt":"2023-03-17T12:00:29","guid":{"rendered":"https:\/\/docmarket-dz.com\/?post_type=product&#038;p=26481"},"modified":"2023-08-09T13:59:19","modified_gmt":"2023-08-09T12:59:19","slug":"blanchiment-boost","status":"publish","type":"product","link":"https:\/\/docmarket-dz.com\/index.php\/product\/blanchiment-boost\/","title":{"rendered":"BLANCHIMENT BOOST"},"content":{"rendered":"<div class=\"field field-name-field-subtitulo field-type-text field-label-hidden\">\n<h4>Blanchiment en clinique :<\/h4>\n<\/div>\n<div class=\"field field-name-field-descripcion-corta field-type-text-long field-label-hidden\">\n<ul>\n<li>Un gel frais pour chaque application.<\/li>\n<li><strong>40% de peroxyde d&#8217;hydrog\u00e8ne<\/strong><\/li>\n<li>Il r\u00e9duit les caries.<\/li>\n<li>Nouvelle formulation pour am\u00e9liorer la viscosit\u00e9 et la consistance.<\/li>\n<li>Comprend des illustrations des seringues pour distinguer facilement la nouvelle formule de l&#8217;ancienne.<\/li>\n<li>Avec les nouveaux conseils de Black Mini.<\/li>\n<\/ul>\n<p><strong>*AVERTISSEMENT : Vente exclusive aux dentistes et cliniques dentaires.<\/strong><\/p>\n<\/div>\n","protected":false},"excerpt":{"rendered":"<p>Blanchiment en clinique : Un gel frais pour chaque application. 40% de peroxyde d&#8217;hydrog\u00e8ne Il r\u00e9duit les caries. Nouvelle formulation pour am\u00e9liorer la viscosit\u00e9 et la consistance. Comprend des illustrations des seringues pour distinguer facilement la nouvelle formule de l&#8217;ancienne. Avec les nouveaux conseils de Black Mini. *AVERTISSEMENT : Vente exclusive aux dentistes et cliniques [&hellip;]<\/p>\n","protected":false},"featured_media":27139,"comment_status":"open","ping_status":"closed","template":"","meta":{"content-type":"","om_disable_all_campaigns":false,"_uf_show_specific_survey":0,"_uf_disable_surveys":false,"jetpack_publicize_message":"","jetpack_publicize_feature_enabled":true,"jetpack_social_post_already_shared":false,"jetpack_social_options":{"image_generator_settings":{"template":"highway","default_image_id":0,"font":"","enabled":false},"version":2}},"product_brand":[],"product_cat":[100],"product_tag":[],"class_list":{"0":"post-26481","1":"product","2":"type-product","3":"status-publish","4":"has-post-thumbnail","6":"product_cat-dentaire","8":"first","9":"onbackorder","10":"taxable","11":"shipping-taxable","12":"purchasable","13":"product-type-simple"},"supplier_id":null,"supplier_sku":"","barcode":null,"atum_controlled":true,"out_stock_date":null,"out_stock_threshold":null,"inheritable":false,"inbound_stock":0,"stock_on_hold":0,"sold_today":0,"sales_last_days":0,"reserved_stock":0,"customer_returns":0,"warehouse_damage":0,"lost_in_post":0,"other_logs":0,"out_stock_days":0,"lost_sales":0,"has_location":false,"update_date":"2026-04-10T00:04:58","atum_locations":[],"atum_stock_status":"onbackorder","restock_status":false,"low_stock_amount":"","sales_update_date":"2026-04-10T00:04:58","calc_backorders":null,"aioseo_notices":[],"jetpack_publicize_connections":[],"jetpack-related-posts":[{"id":30405,"url":"https:\/\/docmarket-dz.com\/index.php\/product\/camisole-de-soin-blanche-35g\/","url_meta":{"origin":26481,"position":0},"title":"Camisole de soin blanche 35G","author":"Sofiane Arbouche","date":"20\/10\/2025","format":false,"excerpt":"Camisole de Soin M\u00e9dical Jetable 35G \u2013 Protection et Confort pour les Professionnels de Sant\u00e9 Assurez la s\u00e9curit\u00e9 et le confort de vos patients avec cette camisole de soin jetable 35G, con\u00e7ue pour r\u00e9pondre aux exigences des environnements m\u00e9dicaux. Fabriqu\u00e9e en polypropyl\u00e8ne non tiss\u00e9 de 35 grammes, elle offre une\u2026","rel":"","context":"Article similaire","block_context":{"text":"Article similaire","link":""},"img":{"alt_text":"","src":"https:\/\/i0.wp.com\/docmarket-dz.com\/wp-content\/uploads\/2024\/07\/Sans-titre-4.png?fit=200%2C200&ssl=1&resize=350%2C200","width":350,"height":200},"classes":[]},{"id":29781,"url":"https:\/\/docmarket-dz.com\/index.php\/product\/becht-4care-liquide-1l\/","url_meta":{"origin":26481,"position":1},"title":"Becht 4care 1L en gel","author":"Sofiane Arbouche","date":"23\/12\/2024","format":false,"excerpt":"La d\u00e9sinfection pr\u00e9-chirurgicale des mains avec le lavage par un savon et le rin\u00e7age \u00e0 l\u2019eau est l\u2019une des plus anciennes m\u00e9thodes reste insuffisantes pour se d\u00e9barrasser des germes. Le laboratoire BECHT a d\u00e9velopp\u00e9 une nouvelle strat\u00e9gie plus pratique pour une d\u00e9sinfection optimale\u00a0: BECHT 4 CARE LIQUID \u00e0 base d\u2019ALOE\u2026","rel":"","context":"Article similaire","block_context":{"text":"Article similaire","link":""},"img":{"alt_text":"","src":"https:\/\/i0.wp.com\/docmarket-dz.com\/wp-content\/uploads\/2024\/12\/Sans-titre-2.png?fit=241%2C547&ssl=1&resize=350%2C200","width":350,"height":200},"classes":[]},{"id":29783,"url":"https:\/\/docmarket-dz.com\/index.php\/product\/becht-4care-liquide-1l-2\/","url_meta":{"origin":26481,"position":2},"title":"Becht 4care liquide 1L","author":"Sofiane Arbouche","date":"23\/12\/2024","format":false,"excerpt":"La d\u00e9sinfection pr\u00e9-chirurgicale des mains avec le lavage par un savon et le rin\u00e7age \u00e0 l\u2019eau est l\u2019une des plus anciennes m\u00e9thodes reste insuffisantes pour se d\u00e9barrasser des germes. Le laboratoire BECHT a d\u00e9velopp\u00e9 une nouvelle strat\u00e9gie plus pratique pour une d\u00e9sinfection optimale\u00a0: BECHT 4 CARE LIQUID \u00e0 base d\u2019ALOE\u2026","rel":"","context":"Article similaire","block_context":{"text":"Article similaire","link":""},"img":{"alt_text":"","src":"https:\/\/i0.wp.com\/docmarket-dz.com\/wp-content\/uploads\/2024\/12\/Sans-titre-2.png?fit=241%2C547&ssl=1&resize=350%2C200","width":350,"height":200},"classes":[]},{"id":26483,"url":"https:\/\/docmarket-dz.com\/index.php\/product\/blanchiment-flash\/","url_meta":{"origin":26481,"position":3},"title":"BLANCHIMENT FLASH","author":"falek.h","date":"17\/03\/2023","format":false,"excerpt":"Kit de blanchiment au fauteuil FLASH 2 Patients des dents assist\u00e9 par la lumi\u00e8re offre la forme la plus rapide de blanchiment des dents. Avec des accessoires parfaitement coordonn\u00e9s, fl\u00e4sh vous offre le plus haut niveau de confort et le meilleur r\u00e9sultat de traitement pour des dents brillantes et blanches.\u2026","rel":"","context":"Article similaire","block_context":{"text":"Article similaire","link":""},"img":{"alt_text":"","src":"https:\/\/i0.wp.com\/docmarket-dz.com\/wp-content\/uploads\/2023\/03\/BLANCHIMENTFLASH.png?fit=601%2C603&ssl=1&resize=350%2C200","width":350,"height":200,"srcset":"https:\/\/i0.wp.com\/docmarket-dz.com\/wp-content\/uploads\/2023\/03\/BLANCHIMENTFLASH.png?fit=601%2C603&ssl=1&resize=350%2C200 1x, https:\/\/i0.wp.com\/docmarket-dz.com\/wp-content\/uploads\/2023\/03\/BLANCHIMENTFLASH.png?fit=601%2C603&ssl=1&resize=525%2C300 1.5x"},"classes":[]},{"id":26484,"url":"https:\/\/docmarket-dz.com\/index.php\/product\/blanchiment-i-smile\/","url_meta":{"origin":26481,"position":4},"title":"BLANCHIMENT I-SMILE","author":"falek.h","date":"01\/01\/1970","format":false,"excerpt":"","rel":"","context":"Article similaire","block_context":{"text":"Article similaire","link":""},"img":{"alt_text":"","src":"https:\/\/i0.wp.com\/docmarket-dz.com\/wp-content\/uploads\/1970\/01\/i-smile-10-gel-blanchiment-dentaire-3g.webp?fit=800%2C800&ssl=1&resize=350%2C200","width":350,"height":200,"srcset":"https:\/\/i0.wp.com\/docmarket-dz.com\/wp-content\/uploads\/1970\/01\/i-smile-10-gel-blanchiment-dentaire-3g.webp?fit=800%2C800&ssl=1&resize=350%2C200 1x, https:\/\/i0.wp.com\/docmarket-dz.com\/wp-content\/uploads\/1970\/01\/i-smile-10-gel-blanchiment-dentaire-3g.webp?fit=800%2C800&ssl=1&resize=525%2C300 1.5x, https:\/\/i0.wp.com\/docmarket-dz.com\/wp-content\/uploads\/1970\/01\/i-smile-10-gel-blanchiment-dentaire-3g.webp?fit=800%2C800&ssl=1&resize=700%2C400 2x"},"classes":[]},{"id":26485,"url":"https:\/\/docmarket-dz.com\/index.php\/product\/blanchiment-light-whitening\/","url_meta":{"origin":26481,"position":5},"title":"BLANCHIMENT LIGHT WHITENING","author":"falek.h","date":"17\/03\/2023","format":false,"excerpt":"LIGHTWHITENING est id\u00e9al comme \u00ab\u00a0prophylaxis +\u00a0\u00bb apr\u00e8s un nettoyage dentaire professionnelle. Le blanchiment dentaire individuel peut \u00eatre men\u00e9 avec LIGHT WHITENING . Le traitement n\u00e9cessite une lampe.","rel":"","context":"Article similaire","block_context":{"text":"Article similaire","link":""},"img":{"alt_text":"","src":"https:\/\/i0.wp.com\/docmarket-dz.com\/wp-content\/uploads\/2023\/03\/BLANCHIMENT-LIGHT-WHITENING-e1680697202785.webp?fit=600%2C600&ssl=1&resize=350%2C200","width":350,"height":200,"srcset":"https:\/\/i0.wp.com\/docmarket-dz.com\/wp-content\/uploads\/2023\/03\/BLANCHIMENT-LIGHT-WHITENING-e1680697202785.webp?fit=600%2C600&ssl=1&resize=350%2C200 1x, https:\/\/i0.wp.com\/docmarket-dz.com\/wp-content\/uploads\/2023\/03\/BLANCHIMENT-LIGHT-WHITENING-e1680697202785.webp?fit=600%2C600&ssl=1&resize=525%2C300 1.5x"},"classes":[]}],"jetpack_sharing_enabled":true,"tiered_pricing_type":"fixed","tiered_pricing_fixed_rules":[],"tiered_pricing_product_settings":{"layout":"default","base_unit_name":{"singular":null,"plural":null},"default_variation":null},"tiered_pricing_minimum_quantity":null,"tiered_pricing_roles_data":[],"tiered_pricing_percentage_rules":[],"_links":{"self":[{"href":"https:\/\/docmarket-dz.com\/index.php\/wp-json\/wp\/v2\/product\/26481","targetHints":{"allow":["GET"]}}],"collection":[{"href":"https:\/\/docmarket-dz.com\/index.php\/wp-json\/wp\/v2\/product"}],"about":[{"href":"https:\/\/docmarket-dz.com\/index.php\/wp-json\/wp\/v2\/types\/product"}],"replies":[{"embeddable":true,"href":"https:\/\/docmarket-dz.com\/index.php\/wp-json\/wp\/v2\/comments?post=26481"}],"wp:featuredmedia":[{"embeddable":true,"href":"https:\/\/docmarket-dz.com\/index.php\/wp-json\/wp\/v2\/media\/27139"}],"wp:attachment":[{"href":"https:\/\/docmarket-dz.com\/index.php\/wp-json\/wp\/v2\/media?parent=26481"}],"wp:term":[{"taxonomy":"product_brand","embeddable":true,"href":"https:\/\/docmarket-dz.com\/index.php\/wp-json\/wp\/v2\/product_brand?post=26481"},{"taxonomy":"product_cat","embeddable":true,"href":"https:\/\/docmarket-dz.com\/index.php\/wp-json\/wp\/v2\/product_cat?post=26481"},{"taxonomy":"product_tag","embeddable":true,"href":"https:\/\/docmarket-dz.com\/index.php\/wp-json\/wp\/v2\/product_tag?post=26481"}],"curies":[{"name":"wp","href":"https:\/\/api.w.org\/{rel}","templated":true}]}}