{"id":26483,"date":"2023-03-17T13:00:30","date_gmt":"2023-03-17T12:00:30","guid":{"rendered":"https:\/\/docmarket-dz.com\/?post_type=product&#038;p=26483"},"modified":"2024-07-06T17:37:46","modified_gmt":"2024-07-06T16:37:46","slug":"blanchiment-flash","status":"publish","type":"product","link":"https:\/\/docmarket-dz.com\/index.php\/product\/blanchiment-flash\/","title":{"rendered":"BLANCHIMENT FLASH"},"content":{"rendered":"<p>Kit de blanchiment au fauteuil FLASH 2 Patients des dents assist\u00e9 par la lumi\u00e8re offre la forme la plus rapide de blanchiment des dents. Avec des accessoires parfaitement coordonn\u00e9s, fl\u00e4sh vous offre le plus haut niveau de confort et le meilleur r\u00e9sultat de traitement pour des dents brillantes et blanches.<\/p>\n<p>Pour le blanchiment cosm\u00e9tique des dents avec 6% de peroxyde d\u2019hydrog\u00e8ne. Disponible uniquement chez le dentiste pour les patients de plus de 18 ans.<\/p>\n<p>Une variante \u00e0 32% de peroxyde d\u2019hydrog\u00e8ne est disponible pour les cas sp\u00e9ciaux \u00e0 indication m\u00e9dicale.<\/p>\n","protected":false},"excerpt":{"rendered":"<p>Kit de blanchiment au fauteuil FLASH 2 Patients des dents assist\u00e9 par la lumi\u00e8re offre la forme la plus rapide de blanchiment des dents. Avec des accessoires parfaitement coordonn\u00e9s, fl\u00e4sh vous offre le plus haut niveau de confort et le meilleur r\u00e9sultat de traitement pour des dents brillantes et blanches. Pour le blanchiment cosm\u00e9tique des [&hellip;]<\/p>\n","protected":false},"featured_media":27226,"comment_status":"open","ping_status":"closed","template":"","meta":{"content-type":"","om_disable_all_campaigns":false,"_uf_show_specific_survey":0,"_uf_disable_surveys":false,"jetpack_publicize_message":"","jetpack_publicize_feature_enabled":true,"jetpack_social_post_already_shared":false,"jetpack_social_options":{"image_generator_settings":{"template":"highway","default_image_id":0,"font":"","enabled":false},"version":2}},"product_brand":[],"product_cat":[100],"product_tag":[],"class_list":{"0":"post-26483","1":"product","2":"type-product","3":"status-publish","4":"has-post-thumbnail","6":"product_cat-dentaire","8":"first","9":"outofstock","10":"taxable","11":"shipping-taxable","12":"purchasable","13":"product-type-simple"},"supplier_id":null,"supplier_sku":"","barcode":null,"atum_controlled":true,"out_stock_date":null,"out_stock_threshold":null,"inheritable":false,"inbound_stock":0,"stock_on_hold":0,"sold_today":0,"sales_last_days":0,"reserved_stock":0,"customer_returns":0,"warehouse_damage":0,"lost_in_post":0,"other_logs":0,"out_stock_days":0,"lost_sales":0,"has_location":false,"update_date":"2026-04-10T00:04:58","atum_locations":[],"atum_stock_status":"outofstock","restock_status":false,"low_stock_amount":"","sales_update_date":"2026-04-10T00:04:58","calc_backorders":null,"aioseo_notices":[],"jetpack_publicize_connections":[],"jetpack-related-posts":[{"id":26482,"url":"https:\/\/docmarket-dz.com\/index.php\/product\/blanchiment-endo-belagel\/","url_meta":{"origin":26483,"position":0},"title":"BLANCHIMENT ENDO BELAGEL","author":"falek.h","date":"17\/03\/2023","format":false,"excerpt":"Mat\u00e9riau dentaire peroxyde de carbamide\u00a0BELAGEL-O (ENDO)\u00a0 INDICATIONS La p\u00e2te \u00abBelagel-O\u00bb (Endo) est con\u00e7u pour le blanchiment des dents d\u00e9pulp\u00e9es \u00e0 l'int\u00e9rieur des canaux et des couronnes. COMPOSITION ET PROPRI\u00c9T\u00c9S PRINCIPALES La \u00abBelagel-O\u00bb (Endo) est une p\u00e2te \u00e0 base de l\u2019agent de blanchiment plus doux de peroxyde de carbamide - 60%\u2026","rel":"","context":"Article similaire","block_context":{"text":"Article similaire","link":""},"img":{"alt_text":"","src":"https:\/\/i0.wp.com\/docmarket-dz.com\/wp-content\/uploads\/2023\/03\/BLANCHIMENT-ENDO-BELAGEL-e1680696177831.webp?fit=900%2C600&ssl=1&resize=350%2C200","width":350,"height":200,"srcset":"https:\/\/i0.wp.com\/docmarket-dz.com\/wp-content\/uploads\/2023\/03\/BLANCHIMENT-ENDO-BELAGEL-e1680696177831.webp?fit=900%2C600&ssl=1&resize=350%2C200 1x, https:\/\/i0.wp.com\/docmarket-dz.com\/wp-content\/uploads\/2023\/03\/BLANCHIMENT-ENDO-BELAGEL-e1680696177831.webp?fit=900%2C600&ssl=1&resize=525%2C300 1.5x, https:\/\/i0.wp.com\/docmarket-dz.com\/wp-content\/uploads\/2023\/03\/BLANCHIMENT-ENDO-BELAGEL-e1680696177831.webp?fit=900%2C600&ssl=1&resize=700%2C400 2x"},"classes":[]},{"id":26487,"url":"https:\/\/docmarket-dz.com\/index.php\/product\/blanchiment-pure-office-35-itena\/","url_meta":{"origin":26483,"position":1},"title":"BLANCHIMENT PURE OFFICE 35% ITENA","author":"falek.h","date":"17\/03\/2023","format":false,"excerpt":"Eclaircissement dentaire professionnel \u00e0 35% de Peroxyde d'Hydrog\u00e8ne Offrez \u00e0 vos patients un sourire purement lumineux en une seule s\u00e9ance ! RAPIDE : intervention unique au cabinet. Le traitement s'effectue en 1 \u00e0 3 \u00e9tapes au sein du cabinet. SIMPLE : tout le n\u00e9cessaire pour un rendu optimal, disponible en\u2026","rel":"","context":"Article similaire","block_context":{"text":"Article similaire","link":""},"img":{"alt_text":"","src":"https:\/\/i0.wp.com\/docmarket-dz.com\/wp-content\/uploads\/2023\/03\/BLANCHIMENT-PURE-OFFICE-35-ITENA-e1680696975881.jpg?fit=598%2C600&ssl=1&resize=350%2C200","width":350,"height":200,"srcset":"https:\/\/i0.wp.com\/docmarket-dz.com\/wp-content\/uploads\/2023\/03\/BLANCHIMENT-PURE-OFFICE-35-ITENA-e1680696975881.jpg?fit=598%2C600&ssl=1&resize=350%2C200 1x, https:\/\/i0.wp.com\/docmarket-dz.com\/wp-content\/uploads\/2023\/03\/BLANCHIMENT-PURE-OFFICE-35-ITENA-e1680696975881.jpg?fit=598%2C600&ssl=1&resize=525%2C300 1.5x"},"classes":[]},{"id":26481,"url":"https:\/\/docmarket-dz.com\/index.php\/product\/blanchiment-boost\/","url_meta":{"origin":26483,"position":2},"title":"BLANCHIMENT BOOST","author":"falek.h","date":"17\/03\/2023","format":false,"excerpt":"Blanchiment en clinique : Un gel frais pour chaque application. 40% de peroxyde d'hydrog\u00e8ne Il r\u00e9duit les caries. Nouvelle formulation pour am\u00e9liorer la viscosit\u00e9 et la consistance. Comprend des illustrations des seringues pour distinguer facilement la nouvelle formule de l'ancienne. Avec les nouveaux conseils de Black Mini. *AVERTISSEMENT : Vente\u2026","rel":"","context":"Article similaire","block_context":{"text":"Article similaire","link":""},"img":{"alt_text":"","src":"https:\/\/i0.wp.com\/docmarket-dz.com\/wp-content\/uploads\/2023\/03\/BLANCHIMENT-BOOST-e1680696361499.jpg?fit=600%2C600&ssl=1&resize=350%2C200","width":350,"height":200,"srcset":"https:\/\/i0.wp.com\/docmarket-dz.com\/wp-content\/uploads\/2023\/03\/BLANCHIMENT-BOOST-e1680696361499.jpg?fit=600%2C600&ssl=1&resize=350%2C200 1x, https:\/\/i0.wp.com\/docmarket-dz.com\/wp-content\/uploads\/2023\/03\/BLANCHIMENT-BOOST-e1680696361499.jpg?fit=600%2C600&ssl=1&resize=525%2C300 1.5x"},"classes":[]},{"id":30405,"url":"https:\/\/docmarket-dz.com\/index.php\/product\/camisole-de-soin-blanche-35g\/","url_meta":{"origin":26483,"position":3},"title":"Camisole de soin blanche 35G","author":"Sofiane Arbouche","date":"20\/10\/2025","format":false,"excerpt":"Camisole de Soin M\u00e9dical Jetable 35G \u2013 Protection et Confort pour les Professionnels de Sant\u00e9 Assurez la s\u00e9curit\u00e9 et le confort de vos patients avec cette camisole de soin jetable 35G, con\u00e7ue pour r\u00e9pondre aux exigences des environnements m\u00e9dicaux. Fabriqu\u00e9e en polypropyl\u00e8ne non tiss\u00e9 de 35 grammes, elle offre une\u2026","rel":"","context":"Article similaire","block_context":{"text":"Article similaire","link":""},"img":{"alt_text":"","src":"https:\/\/i0.wp.com\/docmarket-dz.com\/wp-content\/uploads\/2024\/07\/Sans-titre-4.png?fit=200%2C200&ssl=1&resize=350%2C200","width":350,"height":200},"classes":[]},{"id":26505,"url":"https:\/\/docmarket-dz.com\/index.php\/product\/brosse-a-dent-odf\/","url_meta":{"origin":26483,"position":4},"title":"BROSSE A DENT ODF","author":"falek.h","date":"01\/01\/1970","format":false,"excerpt":"","rel":"","context":"Article similaire","block_context":{"text":"Article similaire","link":""},"img":{"alt_text":"","src":"","width":0,"height":0},"classes":[]},{"id":26567,"url":"https:\/\/docmarket-dz.com\/index.php\/product\/coffret-composite-prime-dent-photo\/","url_meta":{"origin":26483,"position":5},"title":"COFFRET COMPOSITE PRIME-DENT","author":"falek.h","date":"01\/01\/1970","format":false,"excerpt":"Le kit composite hybride dentaire Prime est un kit de restauration contenant une r\u00e9sine composite, un agent de gravure et un agent de liaison.\u00a07 seringues de 4,5 g chacune de composite photopolym\u00e9risable sont incluses dans le kit de restauration.\u00a0De plus, un flacon d'enchantement (7,5 ml) et de la colle de\u2026","rel":"","context":"Article similaire","block_context":{"text":"Article similaire","link":""},"img":{"alt_text":"","src":"https:\/\/i0.wp.com\/docmarket-dz.com\/wp-content\/uploads\/1970\/01\/prime-dent-kit-min-e1697012420677.webp?fit=600%2C600&ssl=1&resize=350%2C200","width":350,"height":200,"srcset":"https:\/\/i0.wp.com\/docmarket-dz.com\/wp-content\/uploads\/1970\/01\/prime-dent-kit-min-e1697012420677.webp?fit=600%2C600&ssl=1&resize=350%2C200 1x, https:\/\/i0.wp.com\/docmarket-dz.com\/wp-content\/uploads\/1970\/01\/prime-dent-kit-min-e1697012420677.webp?fit=600%2C600&ssl=1&resize=525%2C300 1.5x"},"classes":[]}],"jetpack_sharing_enabled":true,"tiered_pricing_type":"fixed","tiered_pricing_fixed_rules":[],"tiered_pricing_product_settings":{"layout":"default","base_unit_name":{"singular":null,"plural":null},"default_variation":null},"tiered_pricing_minimum_quantity":null,"tiered_pricing_roles_data":[],"tiered_pricing_percentage_rules":[],"_links":{"self":[{"href":"https:\/\/docmarket-dz.com\/index.php\/wp-json\/wp\/v2\/product\/26483","targetHints":{"allow":["GET"]}}],"collection":[{"href":"https:\/\/docmarket-dz.com\/index.php\/wp-json\/wp\/v2\/product"}],"about":[{"href":"https:\/\/docmarket-dz.com\/index.php\/wp-json\/wp\/v2\/types\/product"}],"replies":[{"embeddable":true,"href":"https:\/\/docmarket-dz.com\/index.php\/wp-json\/wp\/v2\/comments?post=26483"}],"wp:featuredmedia":[{"embeddable":true,"href":"https:\/\/docmarket-dz.com\/index.php\/wp-json\/wp\/v2\/media\/27226"}],"wp:attachment":[{"href":"https:\/\/docmarket-dz.com\/index.php\/wp-json\/wp\/v2\/media?parent=26483"}],"wp:term":[{"taxonomy":"product_brand","embeddable":true,"href":"https:\/\/docmarket-dz.com\/index.php\/wp-json\/wp\/v2\/product_brand?post=26483"},{"taxonomy":"product_cat","embeddable":true,"href":"https:\/\/docmarket-dz.com\/index.php\/wp-json\/wp\/v2\/product_cat?post=26483"},{"taxonomy":"product_tag","embeddable":true,"href":"https:\/\/docmarket-dz.com\/index.php\/wp-json\/wp\/v2\/product_tag?post=26483"}],"curies":[{"name":"wp","href":"https:\/\/api.w.org\/{rel}","templated":true}]}}