{"id":26484,"date":"1970-01-01T00:00:00","date_gmt":"1970-01-01T00:00:00","guid":{"rendered":"https:\/\/docmarket-dz.com\/?post_type=product&#038;p=26484"},"modified":"2023-10-04T09:44:53","modified_gmt":"2023-10-04T08:44:53","slug":"blanchiment-i-smile","status":"publish","type":"product","link":"https:\/\/docmarket-dz.com\/index.php\/product\/blanchiment-i-smile\/","title":{"rendered":"BLANCHIMENT I-SMILE"},"content":{"rendered":"","protected":false},"excerpt":{"rendered":"","protected":false},"featured_media":27348,"comment_status":"open","ping_status":"closed","template":"","meta":{"content-type":"","om_disable_all_campaigns":false,"_uf_show_specific_survey":0,"_uf_disable_surveys":false,"jetpack_publicize_message":"","jetpack_publicize_feature_enabled":true,"jetpack_social_post_already_shared":false,"jetpack_social_options":{"image_generator_settings":{"template":"highway","default_image_id":0,"font":"","enabled":false},"version":2}},"product_brand":[],"product_cat":[100],"product_tag":[],"class_list":{"0":"post-26484","1":"product","2":"type-product","3":"status-publish","4":"has-post-thumbnail","6":"product_cat-dentaire","8":"first","9":"onbackorder","10":"taxable","11":"shipping-taxable","12":"purchasable","13":"product-type-simple"},"supplier_id":null,"supplier_sku":"","barcode":null,"atum_controlled":true,"out_stock_date":null,"out_stock_threshold":null,"inheritable":false,"inbound_stock":0,"stock_on_hold":0,"sold_today":0,"sales_last_days":0,"reserved_stock":0,"customer_returns":0,"warehouse_damage":0,"lost_in_post":0,"other_logs":0,"out_stock_days":0,"lost_sales":0,"has_location":false,"update_date":"2026-04-10T00:04:58","atum_locations":[],"atum_stock_status":"onbackorder","restock_status":false,"low_stock_amount":"","sales_update_date":"2026-04-10T00:04:58","calc_backorders":null,"aioseo_notices":[],"jetpack_publicize_connections":[],"jetpack-related-posts":[{"id":26682,"url":"https:\/\/docmarket-dz.com\/index.php\/product\/edta-gel-i-dental\/","url_meta":{"origin":26484,"position":0},"title":"EDTA GEL I-DENTAL","author":"falek.h","date":"17\/03\/2023","format":false,"excerpt":"Gel de pr\u00e9paration du canal radiculaire. Indications : Pour le nettoyage Pour la lubrification Pour l'irrigation Avantages : Effet antibact\u00e9rien Aide \u00e0 trouver les entr\u00e9es du canal radiculaire R\u00e9duit la casse des limes lors de la pr\u00e9paration m\u00e9canique L'EDTA aide \u00e0 ch\u00e9later les sels de calcium Le gel aide \u00e0\u2026","rel":"","context":"Article similaire","block_context":{"text":"Article similaire","link":""},"img":{"alt_text":"","src":"https:\/\/i0.wp.com\/docmarket-dz.com\/wp-content\/uploads\/2023\/03\/EDTA-GEL-I-DENTAL-e1680611507939.jpg?fit=600%2C600&ssl=1&resize=350%2C200","width":350,"height":200,"srcset":"https:\/\/i0.wp.com\/docmarket-dz.com\/wp-content\/uploads\/2023\/03\/EDTA-GEL-I-DENTAL-e1680611507939.jpg?fit=600%2C600&ssl=1&resize=350%2C200 1x, https:\/\/i0.wp.com\/docmarket-dz.com\/wp-content\/uploads\/2023\/03\/EDTA-GEL-I-DENTAL-e1680611507939.jpg?fit=600%2C600&ssl=1&resize=525%2C300 1.5x"},"classes":[]},{"id":26483,"url":"https:\/\/docmarket-dz.com\/index.php\/product\/blanchiment-flash\/","url_meta":{"origin":26484,"position":1},"title":"BLANCHIMENT FLASH","author":"falek.h","date":"17\/03\/2023","format":false,"excerpt":"Kit de blanchiment au fauteuil FLASH 2 Patients des dents assist\u00e9 par la lumi\u00e8re offre la forme la plus rapide de blanchiment des dents. Avec des accessoires parfaitement coordonn\u00e9s, fl\u00e4sh vous offre le plus haut niveau de confort et le meilleur r\u00e9sultat de traitement pour des dents brillantes et blanches.\u2026","rel":"","context":"Article similaire","block_context":{"text":"Article similaire","link":""},"img":{"alt_text":"","src":"https:\/\/i0.wp.com\/docmarket-dz.com\/wp-content\/uploads\/2023\/03\/BLANCHIMENTFLASH.png?fit=601%2C603&ssl=1&resize=350%2C200","width":350,"height":200,"srcset":"https:\/\/i0.wp.com\/docmarket-dz.com\/wp-content\/uploads\/2023\/03\/BLANCHIMENTFLASH.png?fit=601%2C603&ssl=1&resize=350%2C200 1x, https:\/\/i0.wp.com\/docmarket-dz.com\/wp-content\/uploads\/2023\/03\/BLANCHIMENTFLASH.png?fit=601%2C603&ssl=1&resize=525%2C300 1.5x"},"classes":[]},{"id":26485,"url":"https:\/\/docmarket-dz.com\/index.php\/product\/blanchiment-light-whitening\/","url_meta":{"origin":26484,"position":2},"title":"BLANCHIMENT LIGHT WHITENING","author":"falek.h","date":"17\/03\/2023","format":false,"excerpt":"LIGHTWHITENING est id\u00e9al comme \u00ab\u00a0prophylaxis +\u00a0\u00bb apr\u00e8s un nettoyage dentaire professionnelle. Le blanchiment dentaire individuel peut \u00eatre men\u00e9 avec LIGHT WHITENING . Le traitement n\u00e9cessite une lampe.","rel":"","context":"Article similaire","block_context":{"text":"Article similaire","link":""},"img":{"alt_text":"","src":"https:\/\/i0.wp.com\/docmarket-dz.com\/wp-content\/uploads\/2023\/03\/BLANCHIMENT-LIGHT-WHITENING-e1680697202785.webp?fit=600%2C600&ssl=1&resize=350%2C200","width":350,"height":200,"srcset":"https:\/\/i0.wp.com\/docmarket-dz.com\/wp-content\/uploads\/2023\/03\/BLANCHIMENT-LIGHT-WHITENING-e1680697202785.webp?fit=600%2C600&ssl=1&resize=350%2C200 1x, https:\/\/i0.wp.com\/docmarket-dz.com\/wp-content\/uploads\/2023\/03\/BLANCHIMENT-LIGHT-WHITENING-e1680697202785.webp?fit=600%2C600&ssl=1&resize=525%2C300 1.5x"},"classes":[]},{"id":25090,"url":"https:\/\/docmarket-dz.com\/index.php\/product\/blouse-blanche-homme-38-58\/","url_meta":{"origin":26484,"position":3},"title":"BLOUSE BLANCHE &#8211; Tablier Homme","author":"falek.h","date":"24\/02\/2023","format":false,"excerpt":"","rel":"","context":"Article similaire","block_context":{"text":"Article similaire","link":""},"img":{"alt_text":"","src":"https:\/\/i0.wp.com\/docmarket-dz.com\/wp-content\/uploads\/2023\/02\/blouse-pro-blanche-ml-homme-snv-christian.jpg?fit=800%2C800&ssl=1&resize=350%2C200","width":350,"height":200,"srcset":"https:\/\/i0.wp.com\/docmarket-dz.com\/wp-content\/uploads\/2023\/02\/blouse-pro-blanche-ml-homme-snv-christian.jpg?fit=800%2C800&ssl=1&resize=350%2C200 1x, https:\/\/i0.wp.com\/docmarket-dz.com\/wp-content\/uploads\/2023\/02\/blouse-pro-blanche-ml-homme-snv-christian.jpg?fit=800%2C800&ssl=1&resize=525%2C300 1.5x, https:\/\/i0.wp.com\/docmarket-dz.com\/wp-content\/uploads\/2023\/02\/blouse-pro-blanche-ml-homme-snv-christian.jpg?fit=800%2C800&ssl=1&resize=700%2C400 2x"},"classes":[]},{"id":24378,"url":"https:\/\/docmarket-dz.com\/index.php\/product\/blouse-blanche-femme-36-50\/","url_meta":{"origin":26484,"position":4},"title":"BLOUSE BLANCHE &#8211; Tablier Femme","author":"falek.h","date":"23\/12\/2022","format":false,"excerpt":"","rel":"","context":"Article similaire","block_context":{"text":"Article similaire","link":""},"img":{"alt_text":"","src":"https:\/\/i0.wp.com\/docmarket-dz.com\/wp-content\/uploads\/2022\/12\/received_1563388824132734-PhotoRoom-e1673278215912.jpg?fit=600%2C543&ssl=1&resize=350%2C200","width":350,"height":200,"srcset":"https:\/\/i0.wp.com\/docmarket-dz.com\/wp-content\/uploads\/2022\/12\/received_1563388824132734-PhotoRoom-e1673278215912.jpg?fit=600%2C543&ssl=1&resize=350%2C200 1x, https:\/\/i0.wp.com\/docmarket-dz.com\/wp-content\/uploads\/2022\/12\/received_1563388824132734-PhotoRoom-e1673278215912.jpg?fit=600%2C543&ssl=1&resize=525%2C300 1.5x"},"classes":[]},{"id":26482,"url":"https:\/\/docmarket-dz.com\/index.php\/product\/blanchiment-endo-belagel\/","url_meta":{"origin":26484,"position":5},"title":"BLANCHIMENT ENDO BELAGEL","author":"falek.h","date":"17\/03\/2023","format":false,"excerpt":"Mat\u00e9riau dentaire peroxyde de carbamide\u00a0BELAGEL-O (ENDO)\u00a0 INDICATIONS La p\u00e2te \u00abBelagel-O\u00bb (Endo) est con\u00e7u pour le blanchiment des dents d\u00e9pulp\u00e9es \u00e0 l'int\u00e9rieur des canaux et des couronnes. COMPOSITION ET PROPRI\u00c9T\u00c9S PRINCIPALES La \u00abBelagel-O\u00bb (Endo) est une p\u00e2te \u00e0 base de l\u2019agent de blanchiment plus doux de peroxyde de carbamide - 60%\u2026","rel":"","context":"Article similaire","block_context":{"text":"Article similaire","link":""},"img":{"alt_text":"","src":"https:\/\/i0.wp.com\/docmarket-dz.com\/wp-content\/uploads\/2023\/03\/BLANCHIMENT-ENDO-BELAGEL-e1680696177831.webp?fit=900%2C600&ssl=1&resize=350%2C200","width":350,"height":200,"srcset":"https:\/\/i0.wp.com\/docmarket-dz.com\/wp-content\/uploads\/2023\/03\/BLANCHIMENT-ENDO-BELAGEL-e1680696177831.webp?fit=900%2C600&ssl=1&resize=350%2C200 1x, https:\/\/i0.wp.com\/docmarket-dz.com\/wp-content\/uploads\/2023\/03\/BLANCHIMENT-ENDO-BELAGEL-e1680696177831.webp?fit=900%2C600&ssl=1&resize=525%2C300 1.5x, https:\/\/i0.wp.com\/docmarket-dz.com\/wp-content\/uploads\/2023\/03\/BLANCHIMENT-ENDO-BELAGEL-e1680696177831.webp?fit=900%2C600&ssl=1&resize=700%2C400 2x"},"classes":[]}],"jetpack_sharing_enabled":true,"tiered_pricing_type":"fixed","tiered_pricing_fixed_rules":[],"tiered_pricing_product_settings":{"layout":"default","base_unit_name":{"singular":null,"plural":null},"default_variation":null},"tiered_pricing_minimum_quantity":null,"tiered_pricing_roles_data":[],"tiered_pricing_percentage_rules":[],"_links":{"self":[{"href":"https:\/\/docmarket-dz.com\/index.php\/wp-json\/wp\/v2\/product\/26484","targetHints":{"allow":["GET"]}}],"collection":[{"href":"https:\/\/docmarket-dz.com\/index.php\/wp-json\/wp\/v2\/product"}],"about":[{"href":"https:\/\/docmarket-dz.com\/index.php\/wp-json\/wp\/v2\/types\/product"}],"replies":[{"embeddable":true,"href":"https:\/\/docmarket-dz.com\/index.php\/wp-json\/wp\/v2\/comments?post=26484"}],"wp:featuredmedia":[{"embeddable":true,"href":"https:\/\/docmarket-dz.com\/index.php\/wp-json\/wp\/v2\/media\/27348"}],"wp:attachment":[{"href":"https:\/\/docmarket-dz.com\/index.php\/wp-json\/wp\/v2\/media?parent=26484"}],"wp:term":[{"taxonomy":"product_brand","embeddable":true,"href":"https:\/\/docmarket-dz.com\/index.php\/wp-json\/wp\/v2\/product_brand?post=26484"},{"taxonomy":"product_cat","embeddable":true,"href":"https:\/\/docmarket-dz.com\/index.php\/wp-json\/wp\/v2\/product_cat?post=26484"},{"taxonomy":"product_tag","embeddable":true,"href":"https:\/\/docmarket-dz.com\/index.php\/wp-json\/wp\/v2\/product_tag?post=26484"}],"curies":[{"name":"wp","href":"https:\/\/api.w.org\/{rel}","templated":true}]}}