{"id":26485,"date":"2023-03-17T13:16:26","date_gmt":"2023-03-17T12:16:26","guid":{"rendered":"https:\/\/docmarket-dz.com\/?post_type=product&#038;p=26485"},"modified":"2023-08-09T13:58:47","modified_gmt":"2023-08-09T12:58:47","slug":"blanchiment-light-whitening","status":"publish","type":"product","link":"https:\/\/docmarket-dz.com\/index.php\/product\/blanchiment-light-whitening\/","title":{"rendered":"BLANCHIMENT LIGHT WHITENING"},"content":{"rendered":"<p>LIGHTWHITENING est id\u00e9al comme \u00ab\u00a0prophylaxis +\u00a0\u00bb apr\u00e8s un nettoyage dentaire professionnelle. Le blanchiment dentaire individuel peut \u00eatre men\u00e9 avec LIGHT WHITENING . Le traitement n\u00e9cessite une lampe.<\/p>\n","protected":false},"excerpt":{"rendered":"<p>LIGHTWHITENING est id\u00e9al comme \u00ab\u00a0prophylaxis +\u00a0\u00bb apr\u00e8s un nettoyage dentaire professionnelle. Le blanchiment dentaire individuel peut \u00eatre men\u00e9 avec LIGHT WHITENING . Le traitement n\u00e9cessite une lampe.<\/p>\n","protected":false},"featured_media":27144,"comment_status":"open","ping_status":"closed","template":"","meta":{"content-type":"","om_disable_all_campaigns":false,"_uf_show_specific_survey":0,"_uf_disable_surveys":false,"jetpack_publicize_message":"","jetpack_publicize_feature_enabled":true,"jetpack_social_post_already_shared":false,"jetpack_social_options":{"image_generator_settings":{"template":"highway","default_image_id":0,"font":"","enabled":false},"version":2}},"product_brand":[],"product_cat":[100],"product_tag":[],"class_list":{"0":"post-26485","1":"product","2":"type-product","3":"status-publish","4":"has-post-thumbnail","6":"product_cat-dentaire","8":"first","9":"onbackorder","10":"taxable","11":"shipping-taxable","12":"purchasable","13":"product-type-simple"},"supplier_id":null,"supplier_sku":"","barcode":null,"atum_controlled":true,"out_stock_date":null,"out_stock_threshold":null,"inheritable":false,"inbound_stock":0,"stock_on_hold":0,"sold_today":0,"sales_last_days":0,"reserved_stock":0,"customer_returns":0,"warehouse_damage":0,"lost_in_post":0,"other_logs":0,"out_stock_days":0,"lost_sales":0,"has_location":false,"update_date":"2026-04-10T00:04:58","atum_locations":[],"atum_stock_status":"onbackorder","restock_status":false,"low_stock_amount":"","sales_update_date":"2026-04-10T00:04:58","calc_backorders":null,"aioseo_notices":[],"jetpack_publicize_connections":[],"jetpack-related-posts":[{"id":26486,"url":"https:\/\/docmarket-dz.com\/index.php\/product\/blanchiment-power-whitening\/","url_meta":{"origin":26485,"position":0},"title":"BLANCHIMENT POWER WHITENING","author":"falek.h","date":"17\/03\/2023","format":false,"excerpt":"POWER WHITENING YF est id\u00e9al comme \u00ab\u00a0prophylaxis +\u00a0\u00bb apr\u00e8s un nettoyage dentaire professionnelle. Le blanchiment dentaire individuel peut \u00eatre men\u00e9 avec POWER WHITENING YF. Le traitement ne n\u00e9cessite pas de mat\u00e9riel sp\u00e9cial. En raison du pigment jaune du gel Power Whitening YF 40%, ce dernier s\u2019applique facilement. L\u2019activation par la\u2026","rel":"","context":"Article similaire","block_context":{"text":"Article similaire","link":""},"img":{"alt_text":"","src":"https:\/\/i0.wp.com\/docmarket-dz.com\/wp-content\/uploads\/2023\/03\/BLANCHIMENT-POWER-WHITENING-e1680697111269.jpg?fit=600%2C600&ssl=1&resize=350%2C200","width":350,"height":200,"srcset":"https:\/\/i0.wp.com\/docmarket-dz.com\/wp-content\/uploads\/2023\/03\/BLANCHIMENT-POWER-WHITENING-e1680697111269.jpg?fit=600%2C600&ssl=1&resize=350%2C200 1x, https:\/\/i0.wp.com\/docmarket-dz.com\/wp-content\/uploads\/2023\/03\/BLANCHIMENT-POWER-WHITENING-e1680697111269.jpg?fit=600%2C600&ssl=1&resize=525%2C300 1.5x"},"classes":[]},{"id":26482,"url":"https:\/\/docmarket-dz.com\/index.php\/product\/blanchiment-endo-belagel\/","url_meta":{"origin":26485,"position":1},"title":"BLANCHIMENT ENDO BELAGEL","author":"falek.h","date":"17\/03\/2023","format":false,"excerpt":"Mat\u00e9riau dentaire peroxyde de carbamide\u00a0BELAGEL-O (ENDO)\u00a0 INDICATIONS La p\u00e2te \u00abBelagel-O\u00bb (Endo) est con\u00e7u pour le blanchiment des dents d\u00e9pulp\u00e9es \u00e0 l'int\u00e9rieur des canaux et des couronnes. COMPOSITION ET PROPRI\u00c9T\u00c9S PRINCIPALES La \u00abBelagel-O\u00bb (Endo) est une p\u00e2te \u00e0 base de l\u2019agent de blanchiment plus doux de peroxyde de carbamide - 60%\u2026","rel":"","context":"Article similaire","block_context":{"text":"Article similaire","link":""},"img":{"alt_text":"","src":"https:\/\/i0.wp.com\/docmarket-dz.com\/wp-content\/uploads\/2023\/03\/BLANCHIMENT-ENDO-BELAGEL-e1680696177831.webp?fit=900%2C600&ssl=1&resize=350%2C200","width":350,"height":200,"srcset":"https:\/\/i0.wp.com\/docmarket-dz.com\/wp-content\/uploads\/2023\/03\/BLANCHIMENT-ENDO-BELAGEL-e1680696177831.webp?fit=900%2C600&ssl=1&resize=350%2C200 1x, https:\/\/i0.wp.com\/docmarket-dz.com\/wp-content\/uploads\/2023\/03\/BLANCHIMENT-ENDO-BELAGEL-e1680696177831.webp?fit=900%2C600&ssl=1&resize=525%2C300 1.5x, https:\/\/i0.wp.com\/docmarket-dz.com\/wp-content\/uploads\/2023\/03\/BLANCHIMENT-ENDO-BELAGEL-e1680696177831.webp?fit=900%2C600&ssl=1&resize=700%2C400 2x"},"classes":[]},{"id":26481,"url":"https:\/\/docmarket-dz.com\/index.php\/product\/blanchiment-boost\/","url_meta":{"origin":26485,"position":2},"title":"BLANCHIMENT BOOST","author":"falek.h","date":"17\/03\/2023","format":false,"excerpt":"Blanchiment en clinique : Un gel frais pour chaque application. 40% de peroxyde d'hydrog\u00e8ne Il r\u00e9duit les caries. Nouvelle formulation pour am\u00e9liorer la viscosit\u00e9 et la consistance. Comprend des illustrations des seringues pour distinguer facilement la nouvelle formule de l'ancienne. Avec les nouveaux conseils de Black Mini. *AVERTISSEMENT : Vente\u2026","rel":"","context":"Article similaire","block_context":{"text":"Article similaire","link":""},"img":{"alt_text":"","src":"https:\/\/i0.wp.com\/docmarket-dz.com\/wp-content\/uploads\/2023\/03\/BLANCHIMENT-BOOST-e1680696361499.jpg?fit=600%2C600&ssl=1&resize=350%2C200","width":350,"height":200,"srcset":"https:\/\/i0.wp.com\/docmarket-dz.com\/wp-content\/uploads\/2023\/03\/BLANCHIMENT-BOOST-e1680696361499.jpg?fit=600%2C600&ssl=1&resize=350%2C200 1x, https:\/\/i0.wp.com\/docmarket-dz.com\/wp-content\/uploads\/2023\/03\/BLANCHIMENT-BOOST-e1680696361499.jpg?fit=600%2C600&ssl=1&resize=525%2C300 1.5x"},"classes":[]},{"id":26484,"url":"https:\/\/docmarket-dz.com\/index.php\/product\/blanchiment-i-smile\/","url_meta":{"origin":26485,"position":3},"title":"BLANCHIMENT I-SMILE","author":"falek.h","date":"01\/01\/1970","format":false,"excerpt":"","rel":"","context":"Article similaire","block_context":{"text":"Article similaire","link":""},"img":{"alt_text":"","src":"https:\/\/i0.wp.com\/docmarket-dz.com\/wp-content\/uploads\/1970\/01\/i-smile-10-gel-blanchiment-dentaire-3g.webp?fit=800%2C800&ssl=1&resize=350%2C200","width":350,"height":200,"srcset":"https:\/\/i0.wp.com\/docmarket-dz.com\/wp-content\/uploads\/1970\/01\/i-smile-10-gel-blanchiment-dentaire-3g.webp?fit=800%2C800&ssl=1&resize=350%2C200 1x, https:\/\/i0.wp.com\/docmarket-dz.com\/wp-content\/uploads\/1970\/01\/i-smile-10-gel-blanchiment-dentaire-3g.webp?fit=800%2C800&ssl=1&resize=525%2C300 1.5x, https:\/\/i0.wp.com\/docmarket-dz.com\/wp-content\/uploads\/1970\/01\/i-smile-10-gel-blanchiment-dentaire-3g.webp?fit=800%2C800&ssl=1&resize=700%2C400 2x"},"classes":[]},{"id":26476,"url":"https:\/\/docmarket-dz.com\/index.php\/product\/basmasil-light\/","url_meta":{"origin":26485,"position":4},"title":"BASMASIL LIGHT","author":"falek.h","date":"01\/01\/1970","format":false,"excerpt":"","rel":"","context":"Article similaire","block_context":{"text":"Article similaire","link":""},"img":{"alt_text":"","src":"https:\/\/i0.wp.com\/docmarket-dz.com\/wp-content\/uploads\/2023\/03\/BASMASIL-Light-e1680696101605.jpg?fit=570%2C600&ssl=1&resize=350%2C200","width":350,"height":200,"srcset":"https:\/\/i0.wp.com\/docmarket-dz.com\/wp-content\/uploads\/2023\/03\/BASMASIL-Light-e1680696101605.jpg?fit=570%2C600&ssl=1&resize=350%2C200 1x, https:\/\/i0.wp.com\/docmarket-dz.com\/wp-content\/uploads\/2023\/03\/BASMASIL-Light-e1680696101605.jpg?fit=570%2C600&ssl=1&resize=525%2C300 1.5x"},"classes":[]},{"id":26590,"url":"https:\/\/docmarket-dz.com\/index.php\/product\/composite-seringue-i-light\/","url_meta":{"origin":26485,"position":5},"title":"COMPOSITE SERINGUE I-LIGHT","author":"falek.h","date":"01\/01\/1970","format":false,"excerpt":"","rel":"","context":"Article similaire","block_context":{"text":"Article similaire","link":""},"img":{"alt_text":"","src":"https:\/\/i0.wp.com\/docmarket-dz.com\/wp-content\/uploads\/1970\/01\/composite-i-light-1-4-syringe.jpg?fit=410%2C492&ssl=1&resize=350%2C200","width":350,"height":200},"classes":[]}],"jetpack_sharing_enabled":true,"tiered_pricing_type":"fixed","tiered_pricing_fixed_rules":[],"tiered_pricing_product_settings":{"layout":"default","base_unit_name":{"singular":null,"plural":null},"default_variation":null},"tiered_pricing_minimum_quantity":null,"tiered_pricing_roles_data":[],"tiered_pricing_percentage_rules":[],"_links":{"self":[{"href":"https:\/\/docmarket-dz.com\/index.php\/wp-json\/wp\/v2\/product\/26485","targetHints":{"allow":["GET"]}}],"collection":[{"href":"https:\/\/docmarket-dz.com\/index.php\/wp-json\/wp\/v2\/product"}],"about":[{"href":"https:\/\/docmarket-dz.com\/index.php\/wp-json\/wp\/v2\/types\/product"}],"replies":[{"embeddable":true,"href":"https:\/\/docmarket-dz.com\/index.php\/wp-json\/wp\/v2\/comments?post=26485"}],"wp:featuredmedia":[{"embeddable":true,"href":"https:\/\/docmarket-dz.com\/index.php\/wp-json\/wp\/v2\/media\/27144"}],"wp:attachment":[{"href":"https:\/\/docmarket-dz.com\/index.php\/wp-json\/wp\/v2\/media?parent=26485"}],"wp:term":[{"taxonomy":"product_brand","embeddable":true,"href":"https:\/\/docmarket-dz.com\/index.php\/wp-json\/wp\/v2\/product_brand?post=26485"},{"taxonomy":"product_cat","embeddable":true,"href":"https:\/\/docmarket-dz.com\/index.php\/wp-json\/wp\/v2\/product_cat?post=26485"},{"taxonomy":"product_tag","embeddable":true,"href":"https:\/\/docmarket-dz.com\/index.php\/wp-json\/wp\/v2\/product_tag?post=26485"}],"curies":[{"name":"wp","href":"https:\/\/api.w.org\/{rel}","templated":true}]}}