{"id":26487,"date":"2023-03-17T13:16:26","date_gmt":"2023-03-17T12:16:26","guid":{"rendered":"https:\/\/docmarket-dz.com\/?post_type=product&#038;p=26487"},"modified":"2023-08-09T13:59:19","modified_gmt":"2023-08-09T12:59:19","slug":"blanchiment-pure-office-35-itena","status":"publish","type":"product","link":"https:\/\/docmarket-dz.com\/index.php\/product\/blanchiment-pure-office-35-itena\/","title":{"rendered":"BLANCHIMENT PURE OFFICE 35% ITENA"},"content":{"rendered":"<p><span class=\"subtitle\">Eclaircissement dentaire professionnel \u00e0 35% de Peroxyde d&#8217;Hydrog\u00e8ne<\/span><\/p>\n<div class=\"product--description list-with-stroke\">\n<p>Offrez \u00e0 vos patients un sourire purement lumineux en une seule s\u00e9ance !<\/p>\n<ul>\n<li>RAPIDE : intervention unique au cabinet. Le traitement s&#8217;effectue en 1 \u00e0 3 \u00e9tapes au sein du cabinet.<\/li>\n<li>SIMPLE : tout le n\u00e9cessaire pour un rendu optimal, disponible en kit d&#8217;introduction ou en value pack contenant :\n<ul>\n<li>seringue(s) de gel d&#8217;\u00e9claircissement PURE OFFICE \u00e0 35% de Peroxyde d&#8217;Hydrog\u00e8ne<\/li>\n<li>seringue(s) de barri\u00e8re gingivale PURE PROTECT<\/li>\n<\/ul>\n<\/li>\n<li>ECONOMIQUE : seringue PURE OFFICE de 5 g (2 fois plus que la moyenne du march\u00e9)<\/li>\n<li>CONFORT PATIENT :\n<ul>\n<li>PH neutre pour faciliter la lib\u00e9ration compl\u00e8te du peroxyde et assurer un confort optimal au patient.<\/li>\n<li>Go\u00fbt de menthe<\/li>\n<\/ul>\n<\/li>\n<\/ul>\n<\/div>\n","protected":false},"excerpt":{"rendered":"<p>Eclaircissement dentaire professionnel \u00e0 35% de Peroxyde d&#8217;Hydrog\u00e8ne Offrez \u00e0 vos patients un sourire purement lumineux en une seule s\u00e9ance ! RAPIDE : intervention unique au cabinet. Le traitement s&#8217;effectue en 1 \u00e0 3 \u00e9tapes au sein du cabinet. SIMPLE : tout le n\u00e9cessaire pour un rendu optimal, disponible en kit d&#8217;introduction ou en value [&hellip;]<\/p>\n","protected":false},"featured_media":27142,"comment_status":"open","ping_status":"closed","template":"","meta":{"content-type":"","om_disable_all_campaigns":false,"_uf_show_specific_survey":0,"_uf_disable_surveys":false,"jetpack_publicize_message":"","jetpack_publicize_feature_enabled":true,"jetpack_social_post_already_shared":false,"jetpack_social_options":{"image_generator_settings":{"template":"highway","default_image_id":0,"font":"","enabled":false},"version":2}},"product_brand":[],"product_cat":[100],"product_tag":[],"class_list":{"0":"post-26487","1":"product","2":"type-product","3":"status-publish","4":"has-post-thumbnail","6":"product_cat-dentaire","8":"first","9":"onbackorder","10":"taxable","11":"shipping-taxable","12":"purchasable","13":"product-type-simple"},"supplier_id":null,"supplier_sku":"","barcode":null,"atum_controlled":true,"out_stock_date":null,"out_stock_threshold":null,"inheritable":false,"inbound_stock":0,"stock_on_hold":0,"sold_today":0,"sales_last_days":0,"reserved_stock":0,"customer_returns":0,"warehouse_damage":0,"lost_in_post":0,"other_logs":0,"out_stock_days":0,"lost_sales":0,"has_location":false,"update_date":"2026-04-10T00:04:58","atum_locations":[],"atum_stock_status":"onbackorder","restock_status":false,"low_stock_amount":"","sales_update_date":"2026-04-10T00:04:58","calc_backorders":null,"aioseo_notices":[],"jetpack_publicize_connections":[],"jetpack-related-posts":[{"id":26483,"url":"https:\/\/docmarket-dz.com\/index.php\/product\/blanchiment-flash\/","url_meta":{"origin":26487,"position":0},"title":"BLANCHIMENT FLASH","author":"falek.h","date":"17\/03\/2023","format":false,"excerpt":"Kit de blanchiment au fauteuil FLASH 2 Patients des dents assist\u00e9 par la lumi\u00e8re offre la forme la plus rapide de blanchiment des dents. Avec des accessoires parfaitement coordonn\u00e9s, fl\u00e4sh vous offre le plus haut niveau de confort et le meilleur r\u00e9sultat de traitement pour des dents brillantes et blanches.\u2026","rel":"","context":"Article similaire","block_context":{"text":"Article similaire","link":""},"img":{"alt_text":"","src":"https:\/\/i0.wp.com\/docmarket-dz.com\/wp-content\/uploads\/2023\/03\/BLANCHIMENTFLASH.png?fit=601%2C603&ssl=1&resize=350%2C200","width":350,"height":200,"srcset":"https:\/\/i0.wp.com\/docmarket-dz.com\/wp-content\/uploads\/2023\/03\/BLANCHIMENTFLASH.png?fit=601%2C603&ssl=1&resize=350%2C200 1x, https:\/\/i0.wp.com\/docmarket-dz.com\/wp-content\/uploads\/2023\/03\/BLANCHIMENTFLASH.png?fit=601%2C603&ssl=1&resize=525%2C300 1.5x"},"classes":[]},{"id":26481,"url":"https:\/\/docmarket-dz.com\/index.php\/product\/blanchiment-boost\/","url_meta":{"origin":26487,"position":1},"title":"BLANCHIMENT BOOST","author":"falek.h","date":"17\/03\/2023","format":false,"excerpt":"Blanchiment en clinique : Un gel frais pour chaque application. 40% de peroxyde d'hydrog\u00e8ne Il r\u00e9duit les caries. Nouvelle formulation pour am\u00e9liorer la viscosit\u00e9 et la consistance. Comprend des illustrations des seringues pour distinguer facilement la nouvelle formule de l'ancienne. Avec les nouveaux conseils de Black Mini. *AVERTISSEMENT : Vente\u2026","rel":"","context":"Article similaire","block_context":{"text":"Article similaire","link":""},"img":{"alt_text":"","src":"https:\/\/i0.wp.com\/docmarket-dz.com\/wp-content\/uploads\/2023\/03\/BLANCHIMENT-BOOST-e1680696361499.jpg?fit=600%2C600&ssl=1&resize=350%2C200","width":350,"height":200,"srcset":"https:\/\/i0.wp.com\/docmarket-dz.com\/wp-content\/uploads\/2023\/03\/BLANCHIMENT-BOOST-e1680696361499.jpg?fit=600%2C600&ssl=1&resize=350%2C200 1x, https:\/\/i0.wp.com\/docmarket-dz.com\/wp-content\/uploads\/2023\/03\/BLANCHIMENT-BOOST-e1680696361499.jpg?fit=600%2C600&ssl=1&resize=525%2C300 1.5x"},"classes":[]},{"id":26482,"url":"https:\/\/docmarket-dz.com\/index.php\/product\/blanchiment-endo-belagel\/","url_meta":{"origin":26487,"position":2},"title":"BLANCHIMENT ENDO BELAGEL","author":"falek.h","date":"17\/03\/2023","format":false,"excerpt":"Mat\u00e9riau dentaire peroxyde de carbamide\u00a0BELAGEL-O (ENDO)\u00a0 INDICATIONS La p\u00e2te \u00abBelagel-O\u00bb (Endo) est con\u00e7u pour le blanchiment des dents d\u00e9pulp\u00e9es \u00e0 l'int\u00e9rieur des canaux et des couronnes. COMPOSITION ET PROPRI\u00c9T\u00c9S PRINCIPALES La \u00abBelagel-O\u00bb (Endo) est une p\u00e2te \u00e0 base de l\u2019agent de blanchiment plus doux de peroxyde de carbamide - 60%\u2026","rel":"","context":"Article similaire","block_context":{"text":"Article similaire","link":""},"img":{"alt_text":"","src":"https:\/\/i0.wp.com\/docmarket-dz.com\/wp-content\/uploads\/2023\/03\/BLANCHIMENT-ENDO-BELAGEL-e1680696177831.webp?fit=900%2C600&ssl=1&resize=350%2C200","width":350,"height":200,"srcset":"https:\/\/i0.wp.com\/docmarket-dz.com\/wp-content\/uploads\/2023\/03\/BLANCHIMENT-ENDO-BELAGEL-e1680696177831.webp?fit=900%2C600&ssl=1&resize=350%2C200 1x, https:\/\/i0.wp.com\/docmarket-dz.com\/wp-content\/uploads\/2023\/03\/BLANCHIMENT-ENDO-BELAGEL-e1680696177831.webp?fit=900%2C600&ssl=1&resize=525%2C300 1.5x, https:\/\/i0.wp.com\/docmarket-dz.com\/wp-content\/uploads\/2023\/03\/BLANCHIMENT-ENDO-BELAGEL-e1680696177831.webp?fit=900%2C600&ssl=1&resize=700%2C400 2x"},"classes":[]},{"id":30038,"url":"https:\/\/docmarket-dz.com\/index.php\/product\/camisole-de-soin-bleu-35g\/","url_meta":{"origin":26487,"position":3},"title":"Camisole de soin bleu 35G","author":"Sofiane Arbouche","date":"18\/04\/2025","format":false,"excerpt":"Camisole de Soin M\u00e9dical Jetable 35G \u2013 Protection et Confort pour les Professionnels de Sant\u00e9 Assurez la s\u00e9curit\u00e9 et le confort de vos patients avec cette camisole de soin jetable 35G, con\u00e7ue pour r\u00e9pondre aux exigences des environnements m\u00e9dicaux. Fabriqu\u00e9e en polypropyl\u00e8ne non tiss\u00e9 de 35 grammes, elle offre une\u2026","rel":"","context":"Article similaire","block_context":{"text":"Article similaire","link":""},"img":{"alt_text":"","src":"https:\/\/i0.wp.com\/docmarket-dz.com\/wp-content\/uploads\/2024\/07\/Sans-titre-4.png?fit=200%2C200&ssl=1&resize=350%2C200","width":350,"height":200},"classes":[]},{"id":30405,"url":"https:\/\/docmarket-dz.com\/index.php\/product\/camisole-de-soin-blanche-35g\/","url_meta":{"origin":26487,"position":4},"title":"Camisole de soin blanche 35G","author":"Sofiane Arbouche","date":"20\/10\/2025","format":false,"excerpt":"Camisole de Soin M\u00e9dical Jetable 35G \u2013 Protection et Confort pour les Professionnels de Sant\u00e9 Assurez la s\u00e9curit\u00e9 et le confort de vos patients avec cette camisole de soin jetable 35G, con\u00e7ue pour r\u00e9pondre aux exigences des environnements m\u00e9dicaux. Fabriqu\u00e9e en polypropyl\u00e8ne non tiss\u00e9 de 35 grammes, elle offre une\u2026","rel":"","context":"Article similaire","block_context":{"text":"Article similaire","link":""},"img":{"alt_text":"","src":"https:\/\/i0.wp.com\/docmarket-dz.com\/wp-content\/uploads\/2024\/07\/Sans-titre-4.png?fit=200%2C200&ssl=1&resize=350%2C200","width":350,"height":200},"classes":[]},{"id":26653,"url":"https:\/\/docmarket-dz.com\/index.php\/product\/diaflex-diadent-seringue\/","url_meta":{"origin":26487,"position":5},"title":"DIAFLEX DIADENT SERINGUE","author":"falek.h","date":"17\/03\/2023","format":false,"excerpt":"DiaFlex (Seringue d'irrigation pour canal radiculaire) Seringue \u00e0 embout souple en polypropyl\u00e8ne souple pour l'irrigation canalaire. Autoclavable et chimiclavable pour usage multiple jusqu'\u00e0 50 fois. Volume de 1,3 ml imprim\u00e9 \u00e0 intervalles de 1 mm. Effet clinique maximal en un minimum de temps. DiaFlex est compatible avec les seringues Luer\u2026","rel":"","context":"Article similaire","block_context":{"text":"Article similaire","link":""},"img":{"alt_text":"","src":"https:\/\/i0.wp.com\/docmarket-dz.com\/wp-content\/uploads\/2023\/03\/DIAFLEX-DIADENT-SERINGUE-e1680614398697.jpg?fit=600%2C600&ssl=1&resize=350%2C200","width":350,"height":200,"srcset":"https:\/\/i0.wp.com\/docmarket-dz.com\/wp-content\/uploads\/2023\/03\/DIAFLEX-DIADENT-SERINGUE-e1680614398697.jpg?fit=600%2C600&ssl=1&resize=350%2C200 1x, https:\/\/i0.wp.com\/docmarket-dz.com\/wp-content\/uploads\/2023\/03\/DIAFLEX-DIADENT-SERINGUE-e1680614398697.jpg?fit=600%2C600&ssl=1&resize=525%2C300 1.5x"},"classes":[]}],"jetpack_sharing_enabled":true,"tiered_pricing_type":"fixed","tiered_pricing_fixed_rules":[],"tiered_pricing_product_settings":{"layout":"default","base_unit_name":{"singular":null,"plural":null},"default_variation":null},"tiered_pricing_minimum_quantity":null,"tiered_pricing_roles_data":[],"tiered_pricing_percentage_rules":[],"_links":{"self":[{"href":"https:\/\/docmarket-dz.com\/index.php\/wp-json\/wp\/v2\/product\/26487","targetHints":{"allow":["GET"]}}],"collection":[{"href":"https:\/\/docmarket-dz.com\/index.php\/wp-json\/wp\/v2\/product"}],"about":[{"href":"https:\/\/docmarket-dz.com\/index.php\/wp-json\/wp\/v2\/types\/product"}],"replies":[{"embeddable":true,"href":"https:\/\/docmarket-dz.com\/index.php\/wp-json\/wp\/v2\/comments?post=26487"}],"wp:featuredmedia":[{"embeddable":true,"href":"https:\/\/docmarket-dz.com\/index.php\/wp-json\/wp\/v2\/media\/27142"}],"wp:attachment":[{"href":"https:\/\/docmarket-dz.com\/index.php\/wp-json\/wp\/v2\/media?parent=26487"}],"wp:term":[{"taxonomy":"product_brand","embeddable":true,"href":"https:\/\/docmarket-dz.com\/index.php\/wp-json\/wp\/v2\/product_brand?post=26487"},{"taxonomy":"product_cat","embeddable":true,"href":"https:\/\/docmarket-dz.com\/index.php\/wp-json\/wp\/v2\/product_cat?post=26487"},{"taxonomy":"product_tag","embeddable":true,"href":"https:\/\/docmarket-dz.com\/index.php\/wp-json\/wp\/v2\/product_tag?post=26487"}],"curies":[{"name":"wp","href":"https:\/\/api.w.org\/{rel}","templated":true}]}}