{"id":26493,"date":"2023-03-17T13:16:27","date_gmt":"2023-03-17T12:16:27","guid":{"rendered":"https:\/\/docmarket-dz.com\/?post_type=product&#038;p=26493"},"modified":"2023-08-09T13:58:47","modified_gmt":"2023-08-09T12:58:47","slug":"bonding-es-com","status":"publish","type":"product","link":"https:\/\/docmarket-dz.com\/index.php\/product\/bonding-es-com\/","title":{"rendered":"BONDING ES COM"},"content":{"rendered":"<p>EsBond\u00ae est un agent de liaison de 5\u00e8me g\u00e9n\u00e9ration qui offre des forces de liaison \u00e9lev\u00e9es dans une application pratique en flacon unique. Cet agent de liaison monocomposant est con\u00e7u pour lier toutes les classes de restaurations composites directes \u00e0 la dentine, \u00e0 l&#8217;\u00e9mail, ainsi qu&#8217;au composite, \u00e0 la porcelaine trait\u00e9e et \u00e0 l&#8217;amalgame serti.<\/p>\n<p><strong>CARACT\u00c9RISTIQUES<\/strong><br \/>\nForce d&#8217;adh\u00e9rence sup\u00e9rieure<br \/>\nAdh\u00e9sif Total-etch<br \/>\nSyst\u00e8me d&#8217;adh\u00e9sif \u00e0 photopolym\u00e9risation directe<br \/>\nSyst\u00e8me de collage humide<br \/>\nAdh\u00e9sif de 5\u00e8me g\u00e9n\u00e9ration \u00e0 base d&#8217;ac\u00e9tone<\/p>\n","protected":false},"excerpt":{"rendered":"<p>EsBond\u00ae est un agent de liaison de 5\u00e8me g\u00e9n\u00e9ration qui offre des forces de liaison \u00e9lev\u00e9es dans une application pratique en flacon unique. Cet agent de liaison monocomposant est con\u00e7u pour lier toutes les classes de restaurations composites directes \u00e0 la dentine, \u00e0 l&#8217;\u00e9mail, ainsi qu&#8217;au composite, \u00e0 la porcelaine trait\u00e9e et \u00e0 l&#8217;amalgame serti. [&hellip;]<\/p>\n","protected":false},"featured_media":27145,"comment_status":"open","ping_status":"closed","template":"","meta":{"content-type":"","om_disable_all_campaigns":false,"_uf_show_specific_survey":0,"_uf_disable_surveys":false,"jetpack_publicize_message":"","jetpack_publicize_feature_enabled":true,"jetpack_social_post_already_shared":false,"jetpack_social_options":{"image_generator_settings":{"template":"highway","default_image_id":0,"font":"","enabled":false},"version":2}},"product_brand":[],"product_cat":[100],"product_tag":[],"class_list":{"0":"post-26493","1":"product","2":"type-product","3":"status-publish","4":"has-post-thumbnail","6":"product_cat-dentaire","8":"first","9":"onbackorder","10":"taxable","11":"shipping-taxable","12":"purchasable","13":"product-type-simple"},"supplier_id":null,"supplier_sku":"","barcode":null,"atum_controlled":true,"out_stock_date":null,"out_stock_threshold":null,"inheritable":false,"inbound_stock":0,"stock_on_hold":0,"sold_today":0,"sales_last_days":0,"reserved_stock":0,"customer_returns":0,"warehouse_damage":0,"lost_in_post":0,"other_logs":0,"out_stock_days":0,"lost_sales":0,"has_location":false,"update_date":"2026-04-16T00:07:52","atum_locations":[],"atum_stock_status":"onbackorder","restock_status":false,"low_stock_amount":"","sales_update_date":"2026-04-16T00:07:52","calc_backorders":null,"aioseo_notices":[],"jetpack_publicize_connections":[],"jetpack-related-posts":[{"id":26567,"url":"https:\/\/docmarket-dz.com\/index.php\/product\/coffret-composite-prime-dent-photo\/","url_meta":{"origin":26493,"position":0},"title":"COFFRET COMPOSITE PRIME-DENT","author":"falek.h","date":"01\/01\/1970","format":false,"excerpt":"Le kit composite hybride dentaire Prime est un kit de restauration contenant une r\u00e9sine composite, un agent de gravure et un agent de liaison.\u00a07 seringues de 4,5 g chacune de composite photopolym\u00e9risable sont incluses dans le kit de restauration.\u00a0De plus, un flacon d'enchantement (7,5 ml) et de la colle de\u2026","rel":"","context":"Article similaire","block_context":{"text":"Article similaire","link":""},"img":{"alt_text":"","src":"https:\/\/i0.wp.com\/docmarket-dz.com\/wp-content\/uploads\/1970\/01\/prime-dent-kit-min-e1697012420677.webp?fit=600%2C600&ssl=1&resize=350%2C200","width":350,"height":200,"srcset":"https:\/\/i0.wp.com\/docmarket-dz.com\/wp-content\/uploads\/1970\/01\/prime-dent-kit-min-e1697012420677.webp?fit=600%2C600&ssl=1&resize=350%2C200 1x, https:\/\/i0.wp.com\/docmarket-dz.com\/wp-content\/uploads\/1970\/01\/prime-dent-kit-min-e1697012420677.webp?fit=600%2C600&ssl=1&resize=525%2C300 1.5x"},"classes":[]},{"id":26498,"url":"https:\/\/docmarket-dz.com\/index.php\/product\/bonding-p-bond-metabiomed\/","url_meta":{"origin":26493,"position":1},"title":"BONDING P-BOND METABIOMED","author":"falek.h","date":"17\/03\/2023","format":false,"excerpt":"Force d'adh\u00e9rence sup\u00e9rieure. Adh\u00e9sif de 5\u00e8me g\u00e9n\u00e9ration. Appr\u00eat et collage en une seule \u00e9tape. Adh\u00e9sif \u00e0 base d'\u00e9thanol. Type de collage humide.","rel":"","context":"Article similaire","block_context":{"text":"Article similaire","link":""},"img":{"alt_text":"","src":"https:\/\/i0.wp.com\/docmarket-dz.com\/wp-content\/uploads\/2023\/03\/BONDING-P-BOND-METABIOMED-e1680698115241.jpg?fit=600%2C600&ssl=1&resize=350%2C200","width":350,"height":200,"srcset":"https:\/\/i0.wp.com\/docmarket-dz.com\/wp-content\/uploads\/2023\/03\/BONDING-P-BOND-METABIOMED-e1680698115241.jpg?fit=600%2C600&ssl=1&resize=350%2C200 1x, https:\/\/i0.wp.com\/docmarket-dz.com\/wp-content\/uploads\/2023\/03\/BONDING-P-BOND-METABIOMED-e1680698115241.jpg?fit=600%2C600&ssl=1&resize=525%2C300 1.5x"},"classes":[]},{"id":26492,"url":"https:\/\/docmarket-dz.com\/index.php\/product\/bonding-3m-universel\/","url_meta":{"origin":26493,"position":2},"title":"BONDING-3M UNIVERSEL","author":"falek.h","date":"17\/03\/2023","format":false,"excerpt":"Adh\u00e9sif am\u00e9lo-dentinaire automordan\u00e7ant La solution adh\u00e9sive polyvalente qui peut \u00eatre utilis\u00e9e pour toutes les techniques et sur toutes les surfaces dans un seul flacon, r\u00e9sultat : Adh\u00e9sion durable pour les restaurations directes et indirectes. Simplicit\u00e9 : Une seule \u00e9tape, une seule couche pour un temps d\u2019application de 35 secondes. Adh\u00e9sif\u2026","rel":"","context":"Article similaire","block_context":{"text":"Article similaire","link":""},"img":{"alt_text":"","src":"https:\/\/i0.wp.com\/docmarket-dz.com\/wp-content\/uploads\/2023\/03\/BONDING-3M-UNIVERSEL.jpg?fit=600%2C600&ssl=1&resize=350%2C200","width":350,"height":200,"srcset":"https:\/\/i0.wp.com\/docmarket-dz.com\/wp-content\/uploads\/2023\/03\/BONDING-3M-UNIVERSEL.jpg?fit=600%2C600&ssl=1&resize=350%2C200 1x, https:\/\/i0.wp.com\/docmarket-dz.com\/wp-content\/uploads\/2023\/03\/BONDING-3M-UNIVERSEL.jpg?fit=600%2C600&ssl=1&resize=525%2C300 1.5x"},"classes":[]},{"id":26478,"url":"https:\/\/docmarket-dz.com\/index.php\/product\/biner-lc-metabiomed\/","url_meta":{"origin":26493,"position":3},"title":"BINER LC METABIOMED","author":"falek.h","date":"17\/03\/2023","format":false,"excerpt":"Biner LC contient le phosphate de calcium hydroxy. Biner LC est un traitement l\u00e9ger, fluorure lib\u00e9rant, rev\u00eatement radio-opaque de cavit\u00e9 et mati\u00e8re premi\u00e8re speciallyformulated pour l'usage avec des adh\u00e9sifs et des compos\u00e9s et avec les mat\u00e9riaux fortifiants conventionnels.Biner LC contient le phosphate de calcium hydroxy dans une r\u00e9sine de dimethacrylate\u2026","rel":"","context":"Article similaire","block_context":{"text":"Article similaire","link":""},"img":{"alt_text":"","src":"https:\/\/i0.wp.com\/docmarket-dz.com\/wp-content\/uploads\/2023\/03\/BINER-LC-METABIOMED-e1680694988613.webp?fit=600%2C600&ssl=1&resize=350%2C200","width":350,"height":200,"srcset":"https:\/\/i0.wp.com\/docmarket-dz.com\/wp-content\/uploads\/2023\/03\/BINER-LC-METABIOMED-e1680694988613.webp?fit=600%2C600&ssl=1&resize=350%2C200 1x, https:\/\/i0.wp.com\/docmarket-dz.com\/wp-content\/uploads\/2023\/03\/BINER-LC-METABIOMED-e1680694988613.webp?fit=600%2C600&ssl=1&resize=525%2C300 1.5x"},"classes":[]},{"id":26501,"url":"https:\/\/docmarket-dz.com\/index.php\/product\/bonding-universel-c-bond\/","url_meta":{"origin":26493,"position":4},"title":"BONDING UNIVERSEL C-BOND","author":"falek.h","date":"17\/03\/2023","format":false,"excerpt":"C-Bond est un adh\u00e9sif total-etch (mordan\u00e7age total) avec une excellente adh\u00e9sion \u00e0 la dentine et \u00e0 l\u00b4\u00e9mail dentaire. C-Bond assure une bonne r\u00e9tention entre le composite et la dent. Le mat\u00e9riau est d\u00b4une consistance fluide et facile \u00e0 appliquer. C-Bond adh\u00e8re aussi sur les ciments verre ionom\u00e8re pour fond de\u2026","rel":"","context":"Article similaire","block_context":{"text":"Article similaire","link":""},"img":{"alt_text":"","src":"https:\/\/i0.wp.com\/docmarket-dz.com\/wp-content\/uploads\/2023\/03\/BONDING-UNIVERSEL-C-BOND-e1680699009381.jpg?fit=777%2C600&ssl=1&resize=350%2C200","width":350,"height":200,"srcset":"https:\/\/i0.wp.com\/docmarket-dz.com\/wp-content\/uploads\/2023\/03\/BONDING-UNIVERSEL-C-BOND-e1680699009381.jpg?fit=777%2C600&ssl=1&resize=350%2C200 1x, https:\/\/i0.wp.com\/docmarket-dz.com\/wp-content\/uploads\/2023\/03\/BONDING-UNIVERSEL-C-BOND-e1680699009381.jpg?fit=777%2C600&ssl=1&resize=525%2C300 1.5x, https:\/\/i0.wp.com\/docmarket-dz.com\/wp-content\/uploads\/2023\/03\/BONDING-UNIVERSEL-C-BOND-e1680699009381.jpg?fit=777%2C600&ssl=1&resize=700%2C400 2x"},"classes":[]},{"id":26637,"url":"https:\/\/docmarket-dz.com\/index.php\/product\/dentotemp\/","url_meta":{"origin":26493,"position":5},"title":"DENTOTEMP","author":"falek.h","date":"17\/03\/2023","format":false,"excerpt":"Ciment provisoire pour le collage \u00e0 long terme des restaurations proth\u00e9tiques. Avantages : Ne contient pas d'eug\u00e9nol - n'interagit pas avec les ciments composites. Force de liaison \u00e9lev\u00e9e mais retrait facile du travail. Ne provoque pas d'irritation gingivale lors du retrait du provisoire. Adh\u00e8re exactement \u00e0 l'int\u00e9rieur du travail proth\u00e9tique.\u2026","rel":"","context":"Article similaire","block_context":{"text":"Article similaire","link":""},"img":{"alt_text":"","src":"https:\/\/i0.wp.com\/docmarket-dz.com\/wp-content\/uploads\/2023\/03\/DENTOTEMP-e1680616289670.jpg?fit=545%2C600&ssl=1&resize=350%2C200","width":350,"height":200,"srcset":"https:\/\/i0.wp.com\/docmarket-dz.com\/wp-content\/uploads\/2023\/03\/DENTOTEMP-e1680616289670.jpg?fit=545%2C600&ssl=1&resize=350%2C200 1x, https:\/\/i0.wp.com\/docmarket-dz.com\/wp-content\/uploads\/2023\/03\/DENTOTEMP-e1680616289670.jpg?fit=545%2C600&ssl=1&resize=525%2C300 1.5x"},"classes":[]}],"jetpack_sharing_enabled":true,"tiered_pricing_type":"fixed","tiered_pricing_fixed_rules":[],"tiered_pricing_product_settings":{"layout":"default","base_unit_name":{"singular":null,"plural":null},"default_variation":null},"tiered_pricing_minimum_quantity":null,"tiered_pricing_roles_data":[],"tiered_pricing_percentage_rules":[],"_links":{"self":[{"href":"https:\/\/docmarket-dz.com\/index.php\/wp-json\/wp\/v2\/product\/26493","targetHints":{"allow":["GET"]}}],"collection":[{"href":"https:\/\/docmarket-dz.com\/index.php\/wp-json\/wp\/v2\/product"}],"about":[{"href":"https:\/\/docmarket-dz.com\/index.php\/wp-json\/wp\/v2\/types\/product"}],"replies":[{"embeddable":true,"href":"https:\/\/docmarket-dz.com\/index.php\/wp-json\/wp\/v2\/comments?post=26493"}],"wp:featuredmedia":[{"embeddable":true,"href":"https:\/\/docmarket-dz.com\/index.php\/wp-json\/wp\/v2\/media\/27145"}],"wp:attachment":[{"href":"https:\/\/docmarket-dz.com\/index.php\/wp-json\/wp\/v2\/media?parent=26493"}],"wp:term":[{"taxonomy":"product_brand","embeddable":true,"href":"https:\/\/docmarket-dz.com\/index.php\/wp-json\/wp\/v2\/product_brand?post=26493"},{"taxonomy":"product_cat","embeddable":true,"href":"https:\/\/docmarket-dz.com\/index.php\/wp-json\/wp\/v2\/product_cat?post=26493"},{"taxonomy":"product_tag","embeddable":true,"href":"https:\/\/docmarket-dz.com\/index.php\/wp-json\/wp\/v2\/product_tag?post=26493"}],"curies":[{"name":"wp","href":"https:\/\/api.w.org\/{rel}","templated":true}]}}