{"id":26494,"date":"2023-03-17T13:16:29","date_gmt":"2023-03-17T12:16:29","guid":{"rendered":"https:\/\/docmarket-dz.com\/?post_type=product&#038;p=26494"},"modified":"2023-08-09T13:58:46","modified_gmt":"2023-08-09T12:58:46","slug":"bonding-gc-premio-bon_d","status":"publish","type":"product","link":"https:\/\/docmarket-dz.com\/index.php\/product\/bonding-gc-premio-bon_d\/","title":{"rendered":"BONDING G PREMIO BOND"},"content":{"rendered":"<p>G-Premio BOND est un agent de liaison universel en un seul flacon, compatible avec tous les modes de gravure.<br \/>\nIl peut \u00eatre utilis\u00e9 pour le collage direct, mais aussi pour la r\u00e9paration et le traitement de l&#8217;hypersensibilit\u00e9.<\/p>\n<p>De plus, GC souhaite offrir cette facilit\u00e9 d&#8217;utilisation et cette polyvalence sans aucun impact sur la qualit\u00e9 du collage.<br \/>\nG-Premio BOND offre les avantages d&#8217;un produit universel, mais avec une performance optimale dans toutes les situations gr\u00e2ce \u00e0 une combinaison unique de trois monom\u00e8res fonctionnels (4-MET, MDP, MDTP).<\/p>\n","protected":false},"excerpt":{"rendered":"<p>G-Premio BOND est un agent de liaison universel en un seul flacon, compatible avec tous les modes de gravure. Il peut \u00eatre utilis\u00e9 pour le collage direct, mais aussi pour la r\u00e9paration et le traitement de l&#8217;hypersensibilit\u00e9. De plus, GC souhaite offrir cette facilit\u00e9 d&#8217;utilisation et cette polyvalence sans aucun impact sur la qualit\u00e9 du [&hellip;]<\/p>\n","protected":false},"featured_media":27153,"comment_status":"open","ping_status":"closed","template":"","meta":{"content-type":"","om_disable_all_campaigns":false,"_uf_show_specific_survey":0,"_uf_disable_surveys":false,"jetpack_publicize_message":"","jetpack_publicize_feature_enabled":true,"jetpack_social_post_already_shared":false,"jetpack_social_options":{"image_generator_settings":{"template":"highway","default_image_id":0,"font":"","enabled":false},"version":2}},"product_brand":[],"product_cat":[100],"product_tag":[],"class_list":{"0":"post-26494","1":"product","2":"type-product","3":"status-publish","4":"has-post-thumbnail","6":"product_cat-dentaire","8":"first","9":"onbackorder","10":"taxable","11":"shipping-taxable","12":"purchasable","13":"product-type-simple"},"supplier_id":null,"supplier_sku":"","barcode":null,"atum_controlled":true,"out_stock_date":null,"out_stock_threshold":null,"inheritable":false,"inbound_stock":0,"stock_on_hold":0,"sold_today":0,"sales_last_days":0,"reserved_stock":0,"customer_returns":0,"warehouse_damage":0,"lost_in_post":0,"other_logs":0,"out_stock_days":0,"lost_sales":0,"has_location":false,"update_date":"2026-04-16T00:07:52","atum_locations":[],"atum_stock_status":"onbackorder","restock_status":false,"low_stock_amount":"","sales_update_date":"2026-04-16T00:07:52","calc_backorders":null,"aioseo_notices":[],"jetpack_publicize_connections":[],"jetpack-related-posts":[{"id":26498,"url":"https:\/\/docmarket-dz.com\/index.php\/product\/bonding-p-bond-metabiomed\/","url_meta":{"origin":26494,"position":0},"title":"BONDING P-BOND METABIOMED","author":"falek.h","date":"17\/03\/2023","format":false,"excerpt":"Force d'adh\u00e9rence sup\u00e9rieure. Adh\u00e9sif de 5\u00e8me g\u00e9n\u00e9ration. Appr\u00eat et collage en une seule \u00e9tape. Adh\u00e9sif \u00e0 base d'\u00e9thanol. Type de collage humide.","rel":"","context":"Article similaire","block_context":{"text":"Article similaire","link":""},"img":{"alt_text":"","src":"https:\/\/i0.wp.com\/docmarket-dz.com\/wp-content\/uploads\/2023\/03\/BONDING-P-BOND-METABIOMED-e1680698115241.jpg?fit=600%2C600&ssl=1&resize=350%2C200","width":350,"height":200,"srcset":"https:\/\/i0.wp.com\/docmarket-dz.com\/wp-content\/uploads\/2023\/03\/BONDING-P-BOND-METABIOMED-e1680698115241.jpg?fit=600%2C600&ssl=1&resize=350%2C200 1x, https:\/\/i0.wp.com\/docmarket-dz.com\/wp-content\/uploads\/2023\/03\/BONDING-P-BOND-METABIOMED-e1680698115241.jpg?fit=600%2C600&ssl=1&resize=525%2C300 1.5x"},"classes":[]},{"id":26501,"url":"https:\/\/docmarket-dz.com\/index.php\/product\/bonding-universel-c-bond\/","url_meta":{"origin":26494,"position":1},"title":"BONDING UNIVERSEL C-BOND","author":"falek.h","date":"17\/03\/2023","format":false,"excerpt":"C-Bond est un adh\u00e9sif total-etch (mordan\u00e7age total) avec une excellente adh\u00e9sion \u00e0 la dentine et \u00e0 l\u00b4\u00e9mail dentaire. C-Bond assure une bonne r\u00e9tention entre le composite et la dent. Le mat\u00e9riau est d\u00b4une consistance fluide et facile \u00e0 appliquer. C-Bond adh\u00e8re aussi sur les ciments verre ionom\u00e8re pour fond de\u2026","rel":"","context":"Article similaire","block_context":{"text":"Article similaire","link":""},"img":{"alt_text":"","src":"https:\/\/i0.wp.com\/docmarket-dz.com\/wp-content\/uploads\/2023\/03\/BONDING-UNIVERSEL-C-BOND-e1680699009381.jpg?fit=777%2C600&ssl=1&resize=350%2C200","width":350,"height":200,"srcset":"https:\/\/i0.wp.com\/docmarket-dz.com\/wp-content\/uploads\/2023\/03\/BONDING-UNIVERSEL-C-BOND-e1680699009381.jpg?fit=777%2C600&ssl=1&resize=350%2C200 1x, https:\/\/i0.wp.com\/docmarket-dz.com\/wp-content\/uploads\/2023\/03\/BONDING-UNIVERSEL-C-BOND-e1680699009381.jpg?fit=777%2C600&ssl=1&resize=525%2C300 1.5x, https:\/\/i0.wp.com\/docmarket-dz.com\/wp-content\/uploads\/2023\/03\/BONDING-UNIVERSEL-C-BOND-e1680699009381.jpg?fit=777%2C600&ssl=1&resize=700%2C400 2x"},"classes":[]},{"id":26579,"url":"https:\/\/docmarket-dz.com\/index.php\/product\/composite-coffret-colten-brillant\/","url_meta":{"origin":26494,"position":2},"title":"COMPOSITE COFFRET COLTEN BRILLANT","author":"falek.h","date":"01\/01\/1970","format":false,"excerpt":"Contenu : \u2022 1 x 4 g BRILLIANT NG Dentin A1\/B1 \u2022 1 x 4 g BRILLIANT NG Dentin A2\/B2 \u2022 1 x 4 g BRILLIANT NG Dentin A3\/D3 \u2022 1 x 4 g BRILLIANT NG Enamel A1\/B1 \u2022 1 x 4 g BRILLIANT NG Enamel A2\/B2 \u2022 1 x\u2026","rel":"","context":"Article similaire","block_context":{"text":"Article similaire","link":""},"img":{"alt_text":"","src":"https:\/\/i0.wp.com\/docmarket-dz.com\/wp-content\/uploads\/1970\/01\/f8FkeC5.jpeg?fit=458%2C458&ssl=1&resize=350%2C200","width":350,"height":200},"classes":[]},{"id":30491,"url":"https:\/\/docmarket-dz.com\/index.php\/product\/seringue-2-ml-g22-pronto-g\/","url_meta":{"origin":26494,"position":3},"title":"Seringue 2 ML G22 PRONTO (G)","author":"Amel","date":"20\/11\/2025","format":false,"excerpt":"Instrument (petite pompe munie d'une aiguille) utilis\u00e9 pour injecter des liquides dans l'organisme ou en pr\u00e9lever","rel":"","context":"Article similaire","block_context":{"text":"Article similaire","link":""},"img":{"alt_text":"","src":"https:\/\/i0.wp.com\/docmarket-dz.com\/wp-content\/uploads\/2023\/10\/IMG_1705.png?fit=603%2C600&ssl=1&resize=350%2C200","width":350,"height":200,"srcset":"https:\/\/i0.wp.com\/docmarket-dz.com\/wp-content\/uploads\/2023\/10\/IMG_1705.png?fit=603%2C600&ssl=1&resize=350%2C200 1x, https:\/\/i0.wp.com\/docmarket-dz.com\/wp-content\/uploads\/2023\/10\/IMG_1705.png?fit=603%2C600&ssl=1&resize=525%2C300 1.5x"},"classes":[]},{"id":26583,"url":"https:\/\/docmarket-dz.com\/index.php\/product\/composite-coffret-ventura-7ser\/","url_meta":{"origin":26494,"position":4},"title":"COMPOSITE COFFRET VENTURA 7SER","author":"falek.h","date":"01\/01\/1970","format":false,"excerpt":"DESCRIPTION Composite nano-hybride. Le composite nano-hybride universel photopolym\u00e9risable qui permet de r\u00e9aliser d'excellentes restaurations ant\u00e9rieures et post\u00e9rieures de haute qualit\u00e9. Il s'agit d'un composite hybride moderne modifi\u00e9 avec des nanoparticules de c\u00e9ramique. Il pr\u00e9sente donc d'excellentes propri\u00e9t\u00e9s de manipulation et garantit des restaurations esth\u00e9tiques, s\u00fbres et durables gr\u00e2ce \u00e0 sa\u2026","rel":"","context":"Article similaire","block_context":{"text":"Article similaire","link":""},"img":{"alt_text":"","src":"https:\/\/i0.wp.com\/docmarket-dz.com\/wp-content\/uploads\/1970\/01\/73120-13618021-e1697015782133.jpg?fit=600%2C333&ssl=1&resize=350%2C200","width":350,"height":200,"srcset":"https:\/\/i0.wp.com\/docmarket-dz.com\/wp-content\/uploads\/1970\/01\/73120-13618021-e1697015782133.jpg?fit=600%2C333&ssl=1&resize=350%2C200 1x, https:\/\/i0.wp.com\/docmarket-dz.com\/wp-content\/uploads\/1970\/01\/73120-13618021-e1697015782133.jpg?fit=600%2C333&ssl=1&resize=525%2C300 1.5x"},"classes":[]},{"id":26499,"url":"https:\/\/docmarket-dz.com\/index.php\/product\/bonding-quickbond-prime\/","url_meta":{"origin":26494,"position":5},"title":"BONDING QUICKBOND PRIME","author":"falek.h","date":"17\/03\/2023","format":false,"excerpt":"Collage du composite selon la technique A - B. Collage en douceur \u00e0 un endroit o\u00f9 l'on s'inqui\u00e9terait de la sensibilit\u00e9. De cette mani\u00e8re, nous pouvons r\u00e9duire l'impact sur l'organisme. Indication : Primer A, acide","rel":"","context":"Article similaire","block_context":{"text":"Article similaire","link":""},"img":{"alt_text":"","src":"https:\/\/i0.wp.com\/docmarket-dz.com\/wp-content\/uploads\/2023\/03\/BONDING-QUICKBOND-PRIME.jpg?fit=600%2C600&ssl=1&resize=350%2C200","width":350,"height":200,"srcset":"https:\/\/i0.wp.com\/docmarket-dz.com\/wp-content\/uploads\/2023\/03\/BONDING-QUICKBOND-PRIME.jpg?fit=600%2C600&ssl=1&resize=350%2C200 1x, https:\/\/i0.wp.com\/docmarket-dz.com\/wp-content\/uploads\/2023\/03\/BONDING-QUICKBOND-PRIME.jpg?fit=600%2C600&ssl=1&resize=525%2C300 1.5x"},"classes":[]}],"jetpack_sharing_enabled":true,"tiered_pricing_type":"fixed","tiered_pricing_fixed_rules":[],"tiered_pricing_product_settings":{"layout":"default","base_unit_name":{"singular":null,"plural":null},"default_variation":null},"tiered_pricing_minimum_quantity":null,"tiered_pricing_roles_data":[],"tiered_pricing_percentage_rules":[],"_links":{"self":[{"href":"https:\/\/docmarket-dz.com\/index.php\/wp-json\/wp\/v2\/product\/26494","targetHints":{"allow":["GET"]}}],"collection":[{"href":"https:\/\/docmarket-dz.com\/index.php\/wp-json\/wp\/v2\/product"}],"about":[{"href":"https:\/\/docmarket-dz.com\/index.php\/wp-json\/wp\/v2\/types\/product"}],"replies":[{"embeddable":true,"href":"https:\/\/docmarket-dz.com\/index.php\/wp-json\/wp\/v2\/comments?post=26494"}],"wp:featuredmedia":[{"embeddable":true,"href":"https:\/\/docmarket-dz.com\/index.php\/wp-json\/wp\/v2\/media\/27153"}],"wp:attachment":[{"href":"https:\/\/docmarket-dz.com\/index.php\/wp-json\/wp\/v2\/media?parent=26494"}],"wp:term":[{"taxonomy":"product_brand","embeddable":true,"href":"https:\/\/docmarket-dz.com\/index.php\/wp-json\/wp\/v2\/product_brand?post=26494"},{"taxonomy":"product_cat","embeddable":true,"href":"https:\/\/docmarket-dz.com\/index.php\/wp-json\/wp\/v2\/product_cat?post=26494"},{"taxonomy":"product_tag","embeddable":true,"href":"https:\/\/docmarket-dz.com\/index.php\/wp-json\/wp\/v2\/product_tag?post=26494"}],"curies":[{"name":"wp","href":"https:\/\/api.w.org\/{rel}","templated":true}]}}