{"id":26495,"date":"2023-03-17T13:16:29","date_gmt":"2023-03-17T12:16:29","guid":{"rendered":"https:\/\/docmarket-dz.com\/?post_type=product&#038;p=26495"},"modified":"2023-08-09T13:58:46","modified_gmt":"2023-08-09T12:58:46","slug":"bonding-i-dental","status":"publish","type":"product","link":"https:\/\/docmarket-dz.com\/index.php\/product\/bonding-i-dental\/","title":{"rendered":"BONDING I-DENTAL"},"content":{"rendered":"<p><strong>INDICATIONS<\/strong><br \/>\nUtilis\u00e9 pour lier la dentine et l&#8217;\u00e9mail aux mat\u00e9riaux de restauration \u00e0 base de polym\u00e8res.<br \/>\nmat\u00e9riaux de restauration \u00e0 base de polym\u00e8res,<br \/>\nles compom\u00e8res, les surfaces c\u00e9ramiques<br \/>\nPour am\u00e9liorer la r\u00e9tention d&#8217;une restauration<\/p>\n<p><strong>AVANTAGES<\/strong><br \/>\nSimple d&#8217;utilisation<br \/>\nApplication universelle<br \/>\nBonnes propri\u00e9t\u00e9s de mouillage<\/p>\n","protected":false},"excerpt":{"rendered":"<p>INDICATIONS Utilis\u00e9 pour lier la dentine et l&#8217;\u00e9mail aux mat\u00e9riaux de restauration \u00e0 base de polym\u00e8res. mat\u00e9riaux de restauration \u00e0 base de polym\u00e8res, les compom\u00e8res, les surfaces c\u00e9ramiques Pour am\u00e9liorer la r\u00e9tention d&#8217;une restauration AVANTAGES Simple d&#8217;utilisation Application universelle Bonnes propri\u00e9t\u00e9s de mouillage<\/p>\n","protected":false},"featured_media":27152,"comment_status":"open","ping_status":"closed","template":"","meta":{"content-type":"","om_disable_all_campaigns":false,"_uf_show_specific_survey":0,"_uf_disable_surveys":false,"jetpack_publicize_message":"","jetpack_publicize_feature_enabled":true,"jetpack_social_post_already_shared":false,"jetpack_social_options":{"image_generator_settings":{"template":"highway","default_image_id":0,"font":"","enabled":false},"version":2}},"product_brand":[],"product_cat":[100],"product_tag":[],"class_list":{"0":"post-26495","1":"product","2":"type-product","3":"status-publish","4":"has-post-thumbnail","6":"product_cat-dentaire","8":"first","9":"onbackorder","10":"taxable","11":"shipping-taxable","12":"purchasable","13":"product-type-simple"},"supplier_id":null,"supplier_sku":"","barcode":null,"atum_controlled":true,"out_stock_date":null,"out_stock_threshold":null,"inheritable":false,"inbound_stock":0,"stock_on_hold":0,"sold_today":0,"sales_last_days":0,"reserved_stock":0,"customer_returns":0,"warehouse_damage":0,"lost_in_post":0,"other_logs":0,"out_stock_days":0,"lost_sales":0,"has_location":false,"update_date":"2026-04-16T00:07:52","atum_locations":[],"atum_stock_status":"onbackorder","restock_status":false,"low_stock_amount":"","sales_update_date":"2026-04-16T00:07:52","calc_backorders":null,"aioseo_notices":[],"jetpack_publicize_connections":[],"jetpack-related-posts":[{"id":26647,"url":"https:\/\/docmarket-dz.com\/index.php\/product\/desinfectant-spray-surfasaf\/","url_meta":{"origin":26495,"position":0},"title":"SPRAY SURFA&#8217;SAFE PREMIUM D\u00e9sinfectant FL\/750 ML","author":"falek.h","date":"17\/03\/2023","format":false,"excerpt":"\u00a0 \u00a0 \u00a0 \u00a0 INDICATIONS: Mousse d\u00e9tergente d\u00e9sinfectante, destin\u00e9e au nettoyage et \u00e0 la d\u00e9sinfection des surfaces, des structures externes des \u00e9quipements (respirateurs, g\u00e9n\u00e9rateurs d\u2019h\u00e9modialyse\u2026) et des dispositifs m\u00e9dicaux non immergeables et non invasifs (sondes \u00e9chographiques classiques, c\u00e2bles et connectiques, capteurs de pression, testeurs de glyc\u00e9mie, tensiom\u00e8tres, marteaux \u00e0 r\u00e9flexe\u2026)\u2026","rel":"","context":"Article similaire","block_context":{"text":"Article similaire","link":""},"img":{"alt_text":"","src":"https:\/\/i0.wp.com\/docmarket-dz.com\/wp-content\/uploads\/2023\/03\/DESINFECTANT-SPRAY-SURFASAF-e1680615017544.jpg?fit=600%2C600&ssl=1&resize=350%2C200","width":350,"height":200,"srcset":"https:\/\/i0.wp.com\/docmarket-dz.com\/wp-content\/uploads\/2023\/03\/DESINFECTANT-SPRAY-SURFASAF-e1680615017544.jpg?fit=600%2C600&ssl=1&resize=350%2C200 1x, https:\/\/i0.wp.com\/docmarket-dz.com\/wp-content\/uploads\/2023\/03\/DESINFECTANT-SPRAY-SURFASAF-e1680615017544.jpg?fit=600%2C600&ssl=1&resize=525%2C300 1.5x"},"classes":[]},{"id":26496,"url":"https:\/\/docmarket-dz.com\/index.php\/product\/bonding-magic-coltene\/","url_meta":{"origin":26495,"position":1},"title":"BONDING MAGIC COLTENE","author":"falek.h","date":"17\/03\/2023","format":false,"excerpt":"A base d'alcool. Monocomposant - appr\u00eat et liant en un seul flacon. Les charges contenues dans la formulation aident \u00e0 renforcer la couche hybride. Utilisation dans les composites de restauration et les ciments r\u00e9sineux photopolym\u00e9risables. Contribue \u00e0 la r\u00e9duction de la r\u00e9cidive des caries dentaires Meilleur rapport co\u00fbt\/b\u00e9n\u00e9fice parmi les\u2026","rel":"","context":"Article similaire","block_context":{"text":"Article similaire","link":""},"img":{"alt_text":"","src":"https:\/\/i0.wp.com\/docmarket-dz.com\/wp-content\/uploads\/2023\/03\/BONDING-MAGIC-COLTENE-e1680698433375.jpg?fit=585%2C600&ssl=1&resize=350%2C200","width":350,"height":200,"srcset":"https:\/\/i0.wp.com\/docmarket-dz.com\/wp-content\/uploads\/2023\/03\/BONDING-MAGIC-COLTENE-e1680698433375.jpg?fit=585%2C600&ssl=1&resize=350%2C200 1x, https:\/\/i0.wp.com\/docmarket-dz.com\/wp-content\/uploads\/2023\/03\/BONDING-MAGIC-COLTENE-e1680698433375.jpg?fit=585%2C600&ssl=1&resize=525%2C300 1.5x"},"classes":[]},{"id":26566,"url":"https:\/\/docmarket-dz.com\/index.php\/product\/coffret-composite-gradia-direct-7ser\/","url_meta":{"origin":26495,"position":2},"title":"COFFRET COMPOSITE GRADIA DIRECT 7SERINGUES","author":"falek.h","date":"01\/01\/1970","format":false,"excerpt":"Avantages : R\u00e9sine composite hybride micro charg\u00e9e con\u00e7ue \u00e0 partir du syst\u00e8me \u00e9prouv\u00e9 au laboratoire GC Gradia \u00a0Un syst\u00e8me unique de restauration pour tous vos besoins \u00a0Syst\u00e8me qui se compose de teintes Standard, \"Outside Special\" et \"Inside Special\" Concept unique pour des restaurations plus faciles Comment l'utiliser? \u00a0\u00a0\u00a0\u00a0Teintes Standards: Effet\u2026","rel":"","context":"Article similaire","block_context":{"text":"Article similaire","link":""},"img":{"alt_text":"","src":"https:\/\/i0.wp.com\/docmarket-dz.com\/wp-content\/uploads\/1970\/01\/2019.09.18.23.28.04_5d82a1645a81a_13791_1462453137_big.jpg?fit=500%2C500&ssl=1&resize=350%2C200","width":350,"height":200},"classes":[]},{"id":26492,"url":"https:\/\/docmarket-dz.com\/index.php\/product\/bonding-3m-universel\/","url_meta":{"origin":26495,"position":3},"title":"BONDING-3M UNIVERSEL","author":"falek.h","date":"17\/03\/2023","format":false,"excerpt":"Adh\u00e9sif am\u00e9lo-dentinaire automordan\u00e7ant La solution adh\u00e9sive polyvalente qui peut \u00eatre utilis\u00e9e pour toutes les techniques et sur toutes les surfaces dans un seul flacon, r\u00e9sultat : Adh\u00e9sion durable pour les restaurations directes et indirectes. Simplicit\u00e9 : Une seule \u00e9tape, une seule couche pour un temps d\u2019application de 35 secondes. Adh\u00e9sif\u2026","rel":"","context":"Article similaire","block_context":{"text":"Article similaire","link":""},"img":{"alt_text":"","src":"https:\/\/i0.wp.com\/docmarket-dz.com\/wp-content\/uploads\/2023\/03\/BONDING-3M-UNIVERSEL.jpg?fit=600%2C600&ssl=1&resize=350%2C200","width":350,"height":200,"srcset":"https:\/\/i0.wp.com\/docmarket-dz.com\/wp-content\/uploads\/2023\/03\/BONDING-3M-UNIVERSEL.jpg?fit=600%2C600&ssl=1&resize=350%2C200 1x, https:\/\/i0.wp.com\/docmarket-dz.com\/wp-content\/uploads\/2023\/03\/BONDING-3M-UNIVERSEL.jpg?fit=600%2C600&ssl=1&resize=525%2C300 1.5x"},"classes":[]},{"id":26567,"url":"https:\/\/docmarket-dz.com\/index.php\/product\/coffret-composite-prime-dent-photo\/","url_meta":{"origin":26495,"position":4},"title":"COFFRET COMPOSITE PRIME-DENT","author":"falek.h","date":"01\/01\/1970","format":false,"excerpt":"Le kit composite hybride dentaire Prime est un kit de restauration contenant une r\u00e9sine composite, un agent de gravure et un agent de liaison.\u00a07 seringues de 4,5 g chacune de composite photopolym\u00e9risable sont incluses dans le kit de restauration.\u00a0De plus, un flacon d'enchantement (7,5 ml) et de la colle de\u2026","rel":"","context":"Article similaire","block_context":{"text":"Article similaire","link":""},"img":{"alt_text":"","src":"https:\/\/i0.wp.com\/docmarket-dz.com\/wp-content\/uploads\/1970\/01\/prime-dent-kit-min-e1697012420677.webp?fit=600%2C600&ssl=1&resize=350%2C200","width":350,"height":200,"srcset":"https:\/\/i0.wp.com\/docmarket-dz.com\/wp-content\/uploads\/1970\/01\/prime-dent-kit-min-e1697012420677.webp?fit=600%2C600&ssl=1&resize=350%2C200 1x, https:\/\/i0.wp.com\/docmarket-dz.com\/wp-content\/uploads\/1970\/01\/prime-dent-kit-min-e1697012420677.webp?fit=600%2C600&ssl=1&resize=525%2C300 1.5x"},"classes":[]},{"id":26564,"url":"https:\/\/docmarket-dz.com\/index.php\/product\/coffret-composite-flow-nexcomp\/","url_meta":{"origin":26495,"position":5},"title":"COFFRET COMPOSITE FLOW NEXCOMP","author":"falek.h","date":"01\/01\/1970","format":false,"excerpt":"Indications : Base\/Liner sous les restaurations directes. Comblements des contre-d\u00e9pouilles. Restaurations pour des pr\u00e9parations \u00e0 minima de classes I, III et V. R\u00e9paration des restaurations indirectes. Scellant pour puits et sillons. Personnalisation des proth\u00e8ses provisoires en composites et acryliques.. Avantages : Photopolym\u00e9risation rapide - seulement 20 sec. Excellente r\u00e9sistance. P\u00e9rennit\u00e9\u2026","rel":"","context":"Article similaire","block_context":{"text":"Article similaire","link":""},"img":{"alt_text":"","src":"https:\/\/i0.wp.com\/docmarket-dz.com\/wp-content\/uploads\/1970\/01\/Nexcomp-Flow-META-BIOMED-1623316578-e1697011797606.jpg?fit=600%2C333&ssl=1&resize=350%2C200","width":350,"height":200,"srcset":"https:\/\/i0.wp.com\/docmarket-dz.com\/wp-content\/uploads\/1970\/01\/Nexcomp-Flow-META-BIOMED-1623316578-e1697011797606.jpg?fit=600%2C333&ssl=1&resize=350%2C200 1x, https:\/\/i0.wp.com\/docmarket-dz.com\/wp-content\/uploads\/1970\/01\/Nexcomp-Flow-META-BIOMED-1623316578-e1697011797606.jpg?fit=600%2C333&ssl=1&resize=525%2C300 1.5x"},"classes":[]}],"jetpack_sharing_enabled":true,"tiered_pricing_type":"fixed","tiered_pricing_fixed_rules":[],"tiered_pricing_product_settings":{"layout":"default","base_unit_name":{"singular":null,"plural":null},"default_variation":null},"tiered_pricing_minimum_quantity":null,"tiered_pricing_roles_data":[],"tiered_pricing_percentage_rules":[],"_links":{"self":[{"href":"https:\/\/docmarket-dz.com\/index.php\/wp-json\/wp\/v2\/product\/26495","targetHints":{"allow":["GET"]}}],"collection":[{"href":"https:\/\/docmarket-dz.com\/index.php\/wp-json\/wp\/v2\/product"}],"about":[{"href":"https:\/\/docmarket-dz.com\/index.php\/wp-json\/wp\/v2\/types\/product"}],"replies":[{"embeddable":true,"href":"https:\/\/docmarket-dz.com\/index.php\/wp-json\/wp\/v2\/comments?post=26495"}],"wp:featuredmedia":[{"embeddable":true,"href":"https:\/\/docmarket-dz.com\/index.php\/wp-json\/wp\/v2\/media\/27152"}],"wp:attachment":[{"href":"https:\/\/docmarket-dz.com\/index.php\/wp-json\/wp\/v2\/media?parent=26495"}],"wp:term":[{"taxonomy":"product_brand","embeddable":true,"href":"https:\/\/docmarket-dz.com\/index.php\/wp-json\/wp\/v2\/product_brand?post=26495"},{"taxonomy":"product_cat","embeddable":true,"href":"https:\/\/docmarket-dz.com\/index.php\/wp-json\/wp\/v2\/product_cat?post=26495"},{"taxonomy":"product_tag","embeddable":true,"href":"https:\/\/docmarket-dz.com\/index.php\/wp-json\/wp\/v2\/product_tag?post=26495"}],"curies":[{"name":"wp","href":"https:\/\/api.w.org\/{rel}","templated":true}]}}