{"id":26499,"date":"2023-03-17T13:16:29","date_gmt":"2023-03-17T12:16:29","guid":{"rendered":"https:\/\/docmarket-dz.com\/?post_type=product&#038;p=26499"},"modified":"2023-08-09T13:58:47","modified_gmt":"2023-08-09T12:58:47","slug":"bonding-quickbond-prime","status":"publish","type":"product","link":"https:\/\/docmarket-dz.com\/index.php\/product\/bonding-quickbond-prime\/","title":{"rendered":"BONDING QUICKBOND PRIME"},"content":{"rendered":"<p>Collage du composite selon la technique A &#8211; B. Collage en douceur \u00e0 un endroit o\u00f9 l&#8217;on s&#8217;inqui\u00e9terait de la sensibilit\u00e9. De cette mani\u00e8re, nous pouvons r\u00e9duire l&#8217;impact sur l&#8217;organisme.<\/p>\n<p>Indication : Primer A, acide<\/p>\n","protected":false},"excerpt":{"rendered":"<p>Collage du composite selon la technique A &#8211; B. Collage en douceur \u00e0 un endroit o\u00f9 l&#8217;on s&#8217;inqui\u00e9terait de la sensibilit\u00e9. De cette mani\u00e8re, nous pouvons r\u00e9duire l&#8217;impact sur l&#8217;organisme. Indication : Primer A, acide<\/p>\n","protected":false},"featured_media":27148,"comment_status":"open","ping_status":"closed","template":"","meta":{"content-type":"","om_disable_all_campaigns":false,"_uf_show_specific_survey":0,"_uf_disable_surveys":false,"jetpack_publicize_message":"","jetpack_publicize_feature_enabled":true,"jetpack_social_post_already_shared":false,"jetpack_social_options":{"image_generator_settings":{"template":"highway","default_image_id":0,"font":"","enabled":false},"version":2}},"product_brand":[],"product_cat":[100],"product_tag":[],"class_list":{"0":"post-26499","1":"product","2":"type-product","3":"status-publish","4":"has-post-thumbnail","6":"product_cat-dentaire","8":"first","9":"onbackorder","10":"taxable","11":"shipping-taxable","12":"purchasable","13":"product-type-simple"},"supplier_id":null,"supplier_sku":"","barcode":null,"atum_controlled":true,"out_stock_date":null,"out_stock_threshold":null,"inheritable":false,"inbound_stock":0,"stock_on_hold":0,"sold_today":0,"sales_last_days":0,"reserved_stock":0,"customer_returns":0,"warehouse_damage":0,"lost_in_post":0,"other_logs":0,"out_stock_days":0,"lost_sales":0,"has_location":false,"update_date":"2026-04-16T00:07:53","atum_locations":[],"atum_stock_status":"onbackorder","restock_status":false,"low_stock_amount":"","sales_update_date":"2026-04-16T00:07:53","calc_backorders":null,"aioseo_notices":[],"jetpack_publicize_connections":[],"jetpack-related-posts":[{"id":26498,"url":"https:\/\/docmarket-dz.com\/index.php\/product\/bonding-p-bond-metabiomed\/","url_meta":{"origin":26499,"position":0},"title":"BONDING P-BOND METABIOMED","author":"falek.h","date":"17\/03\/2023","format":false,"excerpt":"Force d'adh\u00e9rence sup\u00e9rieure. Adh\u00e9sif de 5\u00e8me g\u00e9n\u00e9ration. Appr\u00eat et collage en une seule \u00e9tape. Adh\u00e9sif \u00e0 base d'\u00e9thanol. Type de collage humide.","rel":"","context":"Article similaire","block_context":{"text":"Article similaire","link":""},"img":{"alt_text":"","src":"https:\/\/i0.wp.com\/docmarket-dz.com\/wp-content\/uploads\/2023\/03\/BONDING-P-BOND-METABIOMED-e1680698115241.jpg?fit=600%2C600&ssl=1&resize=350%2C200","width":350,"height":200,"srcset":"https:\/\/i0.wp.com\/docmarket-dz.com\/wp-content\/uploads\/2023\/03\/BONDING-P-BOND-METABIOMED-e1680698115241.jpg?fit=600%2C600&ssl=1&resize=350%2C200 1x, https:\/\/i0.wp.com\/docmarket-dz.com\/wp-content\/uploads\/2023\/03\/BONDING-P-BOND-METABIOMED-e1680698115241.jpg?fit=600%2C600&ssl=1&resize=525%2C300 1.5x"},"classes":[]},{"id":26494,"url":"https:\/\/docmarket-dz.com\/index.php\/product\/bonding-gc-premio-bon_d\/","url_meta":{"origin":26499,"position":1},"title":"BONDING G PREMIO BOND","author":"falek.h","date":"17\/03\/2023","format":false,"excerpt":"G-Premio BOND est un agent de liaison universel en un seul flacon, compatible avec tous les modes de gravure. Il peut \u00eatre utilis\u00e9 pour le collage direct, mais aussi pour la r\u00e9paration et le traitement de l'hypersensibilit\u00e9. De plus, GC souhaite offrir cette facilit\u00e9 d'utilisation et cette polyvalence sans aucun\u2026","rel":"","context":"Article similaire","block_context":{"text":"Article similaire","link":""},"img":{"alt_text":"","src":"https:\/\/i0.wp.com\/docmarket-dz.com\/wp-content\/uploads\/2023\/03\/BONDING-G-PREMIO-BON_D-e1680698741989.jpg?fit=570%2C600&ssl=1&resize=350%2C200","width":350,"height":200,"srcset":"https:\/\/i0.wp.com\/docmarket-dz.com\/wp-content\/uploads\/2023\/03\/BONDING-G-PREMIO-BON_D-e1680698741989.jpg?fit=570%2C600&ssl=1&resize=350%2C200 1x, https:\/\/i0.wp.com\/docmarket-dz.com\/wp-content\/uploads\/2023\/03\/BONDING-G-PREMIO-BON_D-e1680698741989.jpg?fit=570%2C600&ssl=1&resize=525%2C300 1.5x"},"classes":[]},{"id":26479,"url":"https:\/\/docmarket-dz.com\/index.php\/product\/biodentine-dose\/","url_meta":{"origin":26499,"position":2},"title":"BIODENTINE \/DOSE","author":"falek.h","date":"17\/03\/2023","format":false,"excerpt":"Caract\u00e9ristiques et b\u00e9n\u00e9fices Multi-indications : r\u00e9paration endodontique et restauration. Gain de temps au fauteuil gr\u00e2ce au collage direct du composite d\u00e9sormais possible dans la m\u00eame s\u00e9ance. Formation de dentine r\u00e9actionnelle pour une pr\u00e9servation de la vitalit\u00e9 pulpaire. Ancrage microm\u00e9canique naturel pour d\u2019excellentes propri\u00e9t\u00e9s d\u2019\u00e9tanch\u00e9it\u00e9 sans conditionnement pr\u00e9alable de la surface.\u2026","rel":"","context":"Article similaire","block_context":{"text":"Article similaire","link":""},"img":{"alt_text":"","src":"https:\/\/i0.wp.com\/docmarket-dz.com\/wp-content\/uploads\/2023\/03\/BIODENTINE-DOSE-e1680694850392.webp?fit=623%2C600&ssl=1&resize=350%2C200","width":350,"height":200,"srcset":"https:\/\/i0.wp.com\/docmarket-dz.com\/wp-content\/uploads\/2023\/03\/BIODENTINE-DOSE-e1680694850392.webp?fit=623%2C600&ssl=1&resize=350%2C200 1x, https:\/\/i0.wp.com\/docmarket-dz.com\/wp-content\/uploads\/2023\/03\/BIODENTINE-DOSE-e1680694850392.webp?fit=623%2C600&ssl=1&resize=525%2C300 1.5x"},"classes":[]},{"id":26493,"url":"https:\/\/docmarket-dz.com\/index.php\/product\/bonding-es-com\/","url_meta":{"origin":26499,"position":3},"title":"BONDING ES COM","author":"falek.h","date":"17\/03\/2023","format":false,"excerpt":"EsBond\u00ae est un agent de liaison de 5\u00e8me g\u00e9n\u00e9ration qui offre des forces de liaison \u00e9lev\u00e9es dans une application pratique en flacon unique. Cet agent de liaison monocomposant est con\u00e7u pour lier toutes les classes de restaurations composites directes \u00e0 la dentine, \u00e0 l'\u00e9mail, ainsi qu'au composite, \u00e0 la porcelaine\u2026","rel":"","context":"Article similaire","block_context":{"text":"Article similaire","link":""},"img":{"alt_text":"","src":"https:\/\/i0.wp.com\/docmarket-dz.com\/wp-content\/uploads\/2023\/03\/ESBOND-min-e1680697583930.jpg?fit=632%2C600&ssl=1&resize=350%2C200","width":350,"height":200,"srcset":"https:\/\/i0.wp.com\/docmarket-dz.com\/wp-content\/uploads\/2023\/03\/ESBOND-min-e1680697583930.jpg?fit=632%2C600&ssl=1&resize=350%2C200 1x, https:\/\/i0.wp.com\/docmarket-dz.com\/wp-content\/uploads\/2023\/03\/ESBOND-min-e1680697583930.jpg?fit=632%2C600&ssl=1&resize=525%2C300 1.5x"},"classes":[]},{"id":26637,"url":"https:\/\/docmarket-dz.com\/index.php\/product\/dentotemp\/","url_meta":{"origin":26499,"position":4},"title":"DENTOTEMP","author":"falek.h","date":"17\/03\/2023","format":false,"excerpt":"Ciment provisoire pour le collage \u00e0 long terme des restaurations proth\u00e9tiques. Avantages : Ne contient pas d'eug\u00e9nol - n'interagit pas avec les ciments composites. Force de liaison \u00e9lev\u00e9e mais retrait facile du travail. Ne provoque pas d'irritation gingivale lors du retrait du provisoire. Adh\u00e8re exactement \u00e0 l'int\u00e9rieur du travail proth\u00e9tique.\u2026","rel":"","context":"Article similaire","block_context":{"text":"Article similaire","link":""},"img":{"alt_text":"","src":"https:\/\/i0.wp.com\/docmarket-dz.com\/wp-content\/uploads\/2023\/03\/DENTOTEMP-e1680616289670.jpg?fit=545%2C600&ssl=1&resize=350%2C200","width":350,"height":200,"srcset":"https:\/\/i0.wp.com\/docmarket-dz.com\/wp-content\/uploads\/2023\/03\/DENTOTEMP-e1680616289670.jpg?fit=545%2C600&ssl=1&resize=350%2C200 1x, https:\/\/i0.wp.com\/docmarket-dz.com\/wp-content\/uploads\/2023\/03\/DENTOTEMP-e1680616289670.jpg?fit=545%2C600&ssl=1&resize=525%2C300 1.5x"},"classes":[]},{"id":26578,"url":"https:\/\/docmarket-dz.com\/index.php\/product\/composite-auto-prime-dent\/","url_meta":{"origin":26499,"position":5},"title":"COMPOSITE AUTO PRIME-DENT","author":"falek.h","date":"01\/01\/1970","format":false,"excerpt":"","rel":"","context":"Article similaire","block_context":{"text":"Article similaire","link":""},"img":{"alt_text":"","src":"https:\/\/i0.wp.com\/docmarket-dz.com\/wp-content\/uploads\/1970\/01\/prime-dent-light-cured-flowable-composite-syringe__06634-e1697015502854.jpg?fit=600%2C600&ssl=1&resize=350%2C200","width":350,"height":200,"srcset":"https:\/\/i0.wp.com\/docmarket-dz.com\/wp-content\/uploads\/1970\/01\/prime-dent-light-cured-flowable-composite-syringe__06634-e1697015502854.jpg?fit=600%2C600&ssl=1&resize=350%2C200 1x, https:\/\/i0.wp.com\/docmarket-dz.com\/wp-content\/uploads\/1970\/01\/prime-dent-light-cured-flowable-composite-syringe__06634-e1697015502854.jpg?fit=600%2C600&ssl=1&resize=525%2C300 1.5x"},"classes":[]}],"jetpack_sharing_enabled":true,"tiered_pricing_type":"fixed","tiered_pricing_fixed_rules":[],"tiered_pricing_product_settings":{"layout":"default","base_unit_name":{"singular":null,"plural":null},"default_variation":null},"tiered_pricing_minimum_quantity":null,"tiered_pricing_roles_data":[],"tiered_pricing_percentage_rules":[],"_links":{"self":[{"href":"https:\/\/docmarket-dz.com\/index.php\/wp-json\/wp\/v2\/product\/26499","targetHints":{"allow":["GET"]}}],"collection":[{"href":"https:\/\/docmarket-dz.com\/index.php\/wp-json\/wp\/v2\/product"}],"about":[{"href":"https:\/\/docmarket-dz.com\/index.php\/wp-json\/wp\/v2\/types\/product"}],"replies":[{"embeddable":true,"href":"https:\/\/docmarket-dz.com\/index.php\/wp-json\/wp\/v2\/comments?post=26499"}],"wp:featuredmedia":[{"embeddable":true,"href":"https:\/\/docmarket-dz.com\/index.php\/wp-json\/wp\/v2\/media\/27148"}],"wp:attachment":[{"href":"https:\/\/docmarket-dz.com\/index.php\/wp-json\/wp\/v2\/media?parent=26499"}],"wp:term":[{"taxonomy":"product_brand","embeddable":true,"href":"https:\/\/docmarket-dz.com\/index.php\/wp-json\/wp\/v2\/product_brand?post=26499"},{"taxonomy":"product_cat","embeddable":true,"href":"https:\/\/docmarket-dz.com\/index.php\/wp-json\/wp\/v2\/product_cat?post=26499"},{"taxonomy":"product_tag","embeddable":true,"href":"https:\/\/docmarket-dz.com\/index.php\/wp-json\/wp\/v2\/product_tag?post=26499"}],"curies":[{"name":"wp","href":"https:\/\/api.w.org\/{rel}","templated":true}]}}