{"id":26500,"date":"2023-03-17T13:16:30","date_gmt":"2023-03-17T12:16:30","guid":{"rendered":"https:\/\/docmarket-dz.com\/?post_type=product&#038;p=26500"},"modified":"2023-08-09T13:58:46","modified_gmt":"2023-08-09T12:58:46","slug":"bonding-solobond-voco","status":"publish","type":"product","link":"https:\/\/docmarket-dz.com\/index.php\/product\/bonding-solobond-voco\/","title":{"rendered":"BONDING SOLOBOND VOCO"},"content":{"rendered":"<h4>Mat\u00e9riau de bonding am\u00e9lo-dentinaire photopolym\u00e9risable, mono-composant<\/h4>\n<ul>\n<li class=\"enumeration textOverflow\">Un composant \u2013 une seule couche<\/li>\n<li class=\"enumeration textOverflow\">Excellente adh\u00e9sion<\/li>\n<li class=\"enumeration textOverflow\">\u00c9lasticit\u00e9 de mat\u00e9riau \u00e9lev\u00e9e et joint \u00e9tanche permanent<\/li>\n<li class=\"enumeration textOverflow\">L\u2019effet d\u2019adh\u00e9sion imm\u00e9diate facilite l\u2019application du mat\u00e9riau d\u2019obturation<\/li>\n<li class=\"enumeration textOverflow\">Peut \u00eatre utilis\u00e9 pour tous les mat\u00e9riaux d\u2019obturation photopolym\u00e9risables<\/li>\n<\/ul>\n","protected":false},"excerpt":{"rendered":"<p>Mat\u00e9riau de bonding am\u00e9lo-dentinaire photopolym\u00e9risable, mono-composant Un composant \u2013 une seule couche Excellente adh\u00e9sion \u00c9lasticit\u00e9 de mat\u00e9riau \u00e9lev\u00e9e et joint \u00e9tanche permanent L\u2019effet d\u2019adh\u00e9sion imm\u00e9diate facilite l\u2019application du mat\u00e9riau d\u2019obturation Peut \u00eatre utilis\u00e9 pour tous les mat\u00e9riaux d\u2019obturation photopolym\u00e9risables<\/p>\n","protected":false},"featured_media":27156,"comment_status":"open","ping_status":"closed","template":"","meta":{"content-type":"","om_disable_all_campaigns":false,"_uf_show_specific_survey":0,"_uf_disable_surveys":false,"jetpack_publicize_message":"","jetpack_publicize_feature_enabled":true,"jetpack_social_post_already_shared":false,"jetpack_social_options":{"image_generator_settings":{"template":"highway","default_image_id":0,"font":"","enabled":false},"version":2}},"product_brand":[],"product_cat":[100],"product_tag":[],"class_list":{"0":"post-26500","1":"product","2":"type-product","3":"status-publish","4":"has-post-thumbnail","6":"product_cat-dentaire","8":"first","9":"onbackorder","10":"taxable","11":"shipping-taxable","12":"purchasable","13":"product-type-simple"},"supplier_id":null,"supplier_sku":"","barcode":null,"atum_controlled":true,"out_stock_date":null,"out_stock_threshold":null,"inheritable":false,"inbound_stock":0,"stock_on_hold":0,"sold_today":0,"sales_last_days":0,"reserved_stock":0,"customer_returns":0,"warehouse_damage":0,"lost_in_post":0,"other_logs":0,"out_stock_days":0,"lost_sales":0,"has_location":false,"update_date":"2026-04-18T00:08:08","atum_locations":[],"atum_stock_status":"onbackorder","restock_status":false,"low_stock_amount":"","sales_update_date":"2026-04-18T00:08:08","calc_backorders":null,"aioseo_notices":[],"jetpack_publicize_connections":[],"jetpack-related-posts":[{"id":26493,"url":"https:\/\/docmarket-dz.com\/index.php\/product\/bonding-es-com\/","url_meta":{"origin":26500,"position":0},"title":"BONDING ES COM","author":"falek.h","date":"17\/03\/2023","format":false,"excerpt":"EsBond\u00ae est un agent de liaison de 5\u00e8me g\u00e9n\u00e9ration qui offre des forces de liaison \u00e9lev\u00e9es dans une application pratique en flacon unique. Cet agent de liaison monocomposant est con\u00e7u pour lier toutes les classes de restaurations composites directes \u00e0 la dentine, \u00e0 l'\u00e9mail, ainsi qu'au composite, \u00e0 la porcelaine\u2026","rel":"","context":"Article similaire","block_context":{"text":"Article similaire","link":""},"img":{"alt_text":"","src":"https:\/\/i0.wp.com\/docmarket-dz.com\/wp-content\/uploads\/2023\/03\/ESBOND-min-e1680697583930.jpg?fit=632%2C600&ssl=1&resize=350%2C200","width":350,"height":200,"srcset":"https:\/\/i0.wp.com\/docmarket-dz.com\/wp-content\/uploads\/2023\/03\/ESBOND-min-e1680697583930.jpg?fit=632%2C600&ssl=1&resize=350%2C200 1x, https:\/\/i0.wp.com\/docmarket-dz.com\/wp-content\/uploads\/2023\/03\/ESBOND-min-e1680697583930.jpg?fit=632%2C600&ssl=1&resize=525%2C300 1.5x"},"classes":[]},{"id":26496,"url":"https:\/\/docmarket-dz.com\/index.php\/product\/bonding-magic-coltene\/","url_meta":{"origin":26500,"position":1},"title":"BONDING MAGIC COLTENE","author":"falek.h","date":"17\/03\/2023","format":false,"excerpt":"A base d'alcool. Monocomposant - appr\u00eat et liant en un seul flacon. Les charges contenues dans la formulation aident \u00e0 renforcer la couche hybride. Utilisation dans les composites de restauration et les ciments r\u00e9sineux photopolym\u00e9risables. Contribue \u00e0 la r\u00e9duction de la r\u00e9cidive des caries dentaires Meilleur rapport co\u00fbt\/b\u00e9n\u00e9fice parmi les\u2026","rel":"","context":"Article similaire","block_context":{"text":"Article similaire","link":""},"img":{"alt_text":"","src":"https:\/\/i0.wp.com\/docmarket-dz.com\/wp-content\/uploads\/2023\/03\/BONDING-MAGIC-COLTENE-e1680698433375.jpg?fit=585%2C600&ssl=1&resize=350%2C200","width":350,"height":200,"srcset":"https:\/\/i0.wp.com\/docmarket-dz.com\/wp-content\/uploads\/2023\/03\/BONDING-MAGIC-COLTENE-e1680698433375.jpg?fit=585%2C600&ssl=1&resize=350%2C200 1x, https:\/\/i0.wp.com\/docmarket-dz.com\/wp-content\/uploads\/2023\/03\/BONDING-MAGIC-COLTENE-e1680698433375.jpg?fit=585%2C600&ssl=1&resize=525%2C300 1.5x"},"classes":[]},{"id":26501,"url":"https:\/\/docmarket-dz.com\/index.php\/product\/bonding-universel-c-bond\/","url_meta":{"origin":26500,"position":2},"title":"BONDING UNIVERSEL C-BOND","author":"falek.h","date":"17\/03\/2023","format":false,"excerpt":"C-Bond est un adh\u00e9sif total-etch (mordan\u00e7age total) avec une excellente adh\u00e9sion \u00e0 la dentine et \u00e0 l\u00b4\u00e9mail dentaire. C-Bond assure une bonne r\u00e9tention entre le composite et la dent. Le mat\u00e9riau est d\u00b4une consistance fluide et facile \u00e0 appliquer. C-Bond adh\u00e8re aussi sur les ciments verre ionom\u00e8re pour fond de\u2026","rel":"","context":"Article similaire","block_context":{"text":"Article similaire","link":""},"img":{"alt_text":"","src":"https:\/\/i0.wp.com\/docmarket-dz.com\/wp-content\/uploads\/2023\/03\/BONDING-UNIVERSEL-C-BOND-e1680699009381.jpg?fit=777%2C600&ssl=1&resize=350%2C200","width":350,"height":200,"srcset":"https:\/\/i0.wp.com\/docmarket-dz.com\/wp-content\/uploads\/2023\/03\/BONDING-UNIVERSEL-C-BOND-e1680699009381.jpg?fit=777%2C600&ssl=1&resize=350%2C200 1x, https:\/\/i0.wp.com\/docmarket-dz.com\/wp-content\/uploads\/2023\/03\/BONDING-UNIVERSEL-C-BOND-e1680699009381.jpg?fit=777%2C600&ssl=1&resize=525%2C300 1.5x, https:\/\/i0.wp.com\/docmarket-dz.com\/wp-content\/uploads\/2023\/03\/BONDING-UNIVERSEL-C-BOND-e1680699009381.jpg?fit=777%2C600&ssl=1&resize=700%2C400 2x"},"classes":[]},{"id":26498,"url":"https:\/\/docmarket-dz.com\/index.php\/product\/bonding-p-bond-metabiomed\/","url_meta":{"origin":26500,"position":3},"title":"BONDING P-BOND METABIOMED","author":"falek.h","date":"17\/03\/2023","format":false,"excerpt":"Force d'adh\u00e9rence sup\u00e9rieure. Adh\u00e9sif de 5\u00e8me g\u00e9n\u00e9ration. Appr\u00eat et collage en une seule \u00e9tape. Adh\u00e9sif \u00e0 base d'\u00e9thanol. Type de collage humide.","rel":"","context":"Article similaire","block_context":{"text":"Article similaire","link":""},"img":{"alt_text":"","src":"https:\/\/i0.wp.com\/docmarket-dz.com\/wp-content\/uploads\/2023\/03\/BONDING-P-BOND-METABIOMED-e1680698115241.jpg?fit=600%2C600&ssl=1&resize=350%2C200","width":350,"height":200,"srcset":"https:\/\/i0.wp.com\/docmarket-dz.com\/wp-content\/uploads\/2023\/03\/BONDING-P-BOND-METABIOMED-e1680698115241.jpg?fit=600%2C600&ssl=1&resize=350%2C200 1x, https:\/\/i0.wp.com\/docmarket-dz.com\/wp-content\/uploads\/2023\/03\/BONDING-P-BOND-METABIOMED-e1680698115241.jpg?fit=600%2C600&ssl=1&resize=525%2C300 1.5x"},"classes":[]},{"id":26492,"url":"https:\/\/docmarket-dz.com\/index.php\/product\/bonding-3m-universel\/","url_meta":{"origin":26500,"position":4},"title":"BONDING-3M UNIVERSEL","author":"falek.h","date":"17\/03\/2023","format":false,"excerpt":"Adh\u00e9sif am\u00e9lo-dentinaire automordan\u00e7ant La solution adh\u00e9sive polyvalente qui peut \u00eatre utilis\u00e9e pour toutes les techniques et sur toutes les surfaces dans un seul flacon, r\u00e9sultat : Adh\u00e9sion durable pour les restaurations directes et indirectes. Simplicit\u00e9 : Une seule \u00e9tape, une seule couche pour un temps d\u2019application de 35 secondes. Adh\u00e9sif\u2026","rel":"","context":"Article similaire","block_context":{"text":"Article similaire","link":""},"img":{"alt_text":"","src":"https:\/\/i0.wp.com\/docmarket-dz.com\/wp-content\/uploads\/2023\/03\/BONDING-3M-UNIVERSEL.jpg?fit=600%2C600&ssl=1&resize=350%2C200","width":350,"height":200,"srcset":"https:\/\/i0.wp.com\/docmarket-dz.com\/wp-content\/uploads\/2023\/03\/BONDING-3M-UNIVERSEL.jpg?fit=600%2C600&ssl=1&resize=350%2C200 1x, https:\/\/i0.wp.com\/docmarket-dz.com\/wp-content\/uploads\/2023\/03\/BONDING-3M-UNIVERSEL.jpg?fit=600%2C600&ssl=1&resize=525%2C300 1.5x"},"classes":[]},{"id":26599,"url":"https:\/\/docmarket-dz.com\/index.php\/product\/composite-seringue-megafil\/","url_meta":{"origin":26500,"position":5},"title":"COMPOSITE SERINGUE MEGAFIL","author":"falek.h","date":"17\/03\/2023","format":false,"excerpt":"Composite micro-hybride photopolym\u00e9risable pour les dents ant\u00e9rieures et post\u00e9rieures. R\u00e9fl\u00e9chit la lumi\u00e8re naturelle et artificielle. Radiopaque. Le verre souple utilis\u00e9 comme charge a une duret\u00e9 de 5,5 Mohs, ce qui correspond \u00e0 la duret\u00e9 de la substance naturelle de la dent. Le verre doublement silanis\u00e9 donne un excellent polissage, un\u2026","rel":"","context":"Article similaire","block_context":{"text":"Article similaire","link":""},"img":{"alt_text":"","src":"https:\/\/i0.wp.com\/docmarket-dz.com\/wp-content\/uploads\/2023\/03\/COMPOSITE-SERINGUE-MEGAFIL-e1680617734994.jpg?fit=600%2C600&ssl=1&resize=350%2C200","width":350,"height":200,"srcset":"https:\/\/i0.wp.com\/docmarket-dz.com\/wp-content\/uploads\/2023\/03\/COMPOSITE-SERINGUE-MEGAFIL-e1680617734994.jpg?fit=600%2C600&ssl=1&resize=350%2C200 1x, https:\/\/i0.wp.com\/docmarket-dz.com\/wp-content\/uploads\/2023\/03\/COMPOSITE-SERINGUE-MEGAFIL-e1680617734994.jpg?fit=600%2C600&ssl=1&resize=525%2C300 1.5x"},"classes":[]}],"jetpack_sharing_enabled":true,"tiered_pricing_type":"fixed","tiered_pricing_fixed_rules":[],"tiered_pricing_product_settings":{"layout":"default","base_unit_name":{"singular":null,"plural":null},"default_variation":null},"tiered_pricing_minimum_quantity":null,"tiered_pricing_roles_data":[],"tiered_pricing_percentage_rules":[],"_links":{"self":[{"href":"https:\/\/docmarket-dz.com\/index.php\/wp-json\/wp\/v2\/product\/26500","targetHints":{"allow":["GET"]}}],"collection":[{"href":"https:\/\/docmarket-dz.com\/index.php\/wp-json\/wp\/v2\/product"}],"about":[{"href":"https:\/\/docmarket-dz.com\/index.php\/wp-json\/wp\/v2\/types\/product"}],"replies":[{"embeddable":true,"href":"https:\/\/docmarket-dz.com\/index.php\/wp-json\/wp\/v2\/comments?post=26500"}],"wp:featuredmedia":[{"embeddable":true,"href":"https:\/\/docmarket-dz.com\/index.php\/wp-json\/wp\/v2\/media\/27156"}],"wp:attachment":[{"href":"https:\/\/docmarket-dz.com\/index.php\/wp-json\/wp\/v2\/media?parent=26500"}],"wp:term":[{"taxonomy":"product_brand","embeddable":true,"href":"https:\/\/docmarket-dz.com\/index.php\/wp-json\/wp\/v2\/product_brand?post=26500"},{"taxonomy":"product_cat","embeddable":true,"href":"https:\/\/docmarket-dz.com\/index.php\/wp-json\/wp\/v2\/product_cat?post=26500"},{"taxonomy":"product_tag","embeddable":true,"href":"https:\/\/docmarket-dz.com\/index.php\/wp-json\/wp\/v2\/product_tag?post=26500"}],"curies":[{"name":"wp","href":"https:\/\/api.w.org\/{rel}","templated":true}]}}