{"id":26512,"date":"2023-03-17T13:16:33","date_gmt":"2023-03-17T12:16:33","guid":{"rendered":"https:\/\/docmarket-dz.com\/?post_type=product&#038;p=26512"},"modified":"2023-11-30T16:00:53","modified_gmt":"2023-11-30T15:00:53","slug":"camphor-mono-chlorophenol-pd","status":"publish","type":"product","link":"https:\/\/docmarket-dz.com\/index.php\/product\/camphor-mono-chlorophenol-pd\/","title":{"rendered":"CAMPHOR MONO-CHLOROPHENOL PD"},"content":{"rendered":"<p>Le Camphor Mono-Chlorophenol, \u00e9galement connu sous le nom de CMCP, est un d\u00e9sinfectant actif pour le traitement des canaux radiculaires infect\u00e9s et des infections p\u00e9riapicales.<br \/>\nD\u00e9sinfection apr\u00e8s pulpectomie et pansement pulpaire<br \/>\nTraitement de l&#8217;inflammation post-traumatique<br \/>\nD\u00e9sinfection du canal radiculaire<\/p>\n","protected":false},"excerpt":{"rendered":"<p>Le Camphor Mono-Chlorophenol, \u00e9galement connu sous le nom de CMCP, est un d\u00e9sinfectant actif pour le traitement des canaux radiculaires infect\u00e9s et des infections p\u00e9riapicales. D\u00e9sinfection apr\u00e8s pulpectomie et pansement pulpaire Traitement de l&#8217;inflammation post-traumatique D\u00e9sinfection du canal radiculaire<\/p>\n","protected":false},"featured_media":27158,"comment_status":"open","ping_status":"closed","template":"","meta":{"content-type":"","om_disable_all_campaigns":false,"_uf_show_specific_survey":0,"_uf_disable_surveys":false,"jetpack_publicize_message":"","jetpack_publicize_feature_enabled":true,"jetpack_social_post_already_shared":false,"jetpack_social_options":{"image_generator_settings":{"template":"highway","default_image_id":0,"font":"","enabled":false},"version":2}},"product_brand":[],"product_cat":[100],"product_tag":[],"class_list":{"0":"post-26512","1":"product","2":"type-product","3":"status-publish","4":"has-post-thumbnail","6":"product_cat-dentaire","8":"first","9":"onbackorder","10":"taxable","11":"shipping-taxable","12":"purchasable","13":"product-type-simple"},"supplier_id":null,"supplier_sku":"","barcode":null,"atum_controlled":true,"out_stock_date":null,"out_stock_threshold":null,"inheritable":false,"inbound_stock":0,"stock_on_hold":0,"sold_today":0,"sales_last_days":0,"reserved_stock":0,"customer_returns":0,"warehouse_damage":0,"lost_in_post":0,"other_logs":0,"out_stock_days":0,"lost_sales":0,"has_location":false,"update_date":"2026-04-16T00:08:01","atum_locations":[],"atum_stock_status":"onbackorder","restock_status":false,"low_stock_amount":"","sales_update_date":"2026-04-16T00:08:01","calc_backorders":null,"aioseo_notices":[],"jetpack_publicize_connections":[],"jetpack-related-posts":[{"id":26651,"url":"https:\/\/docmarket-dz.com\/index.php\/product\/desinfectant-vacucid-2\/","url_meta":{"origin":26512,"position":0},"title":"DESINFECTANT VACUCID 2","author":"falek.h","date":"17\/03\/2023","format":false,"excerpt":"Nettoyage et d\u00e9sinfection des syst\u00e8mes d'aspiration Unident. Solution liquide concentr\u00e9e sans ald\u00e9hydes, ph\u00e9nol ou chlore. Pour traiter tous les syst\u00e8mes d'aspiration, les s\u00e9parateurs d'amalgame et les crachoirs. Large spectre d'action. Disponible en flacon de 1 litre et en bidon de 5 litres.","rel":"","context":"Article similaire","block_context":{"text":"Article similaire","link":""},"img":{"alt_text":"","src":"https:\/\/i0.wp.com\/docmarket-dz.com\/wp-content\/uploads\/2023\/03\/DESINFECTANT-VACUCID-2-e1680614688600.jpg?fit=600%2C600&ssl=1&resize=350%2C200","width":350,"height":200,"srcset":"https:\/\/i0.wp.com\/docmarket-dz.com\/wp-content\/uploads\/2023\/03\/DESINFECTANT-VACUCID-2-e1680614688600.jpg?fit=600%2C600&ssl=1&resize=350%2C200 1x, https:\/\/i0.wp.com\/docmarket-dz.com\/wp-content\/uploads\/2023\/03\/DESINFECTANT-VACUCID-2-e1680614688600.jpg?fit=600%2C600&ssl=1&resize=525%2C300 1.5x"},"classes":[]},{"id":26642,"url":"https:\/\/docmarket-dz.com\/index.php\/product\/desinfectant-instrument-instrunet\/","url_meta":{"origin":26512,"position":1},"title":"DESINFECTANT INSTRUMENT INSTRUNET","author":"falek.h","date":"17\/03\/2023","format":false,"excerpt":"Instrument Ultrason est le premier d\u00e9sinfectant libre en ald\u00e9hydes. Il est utilis\u00e9 pour des nettoyages et d\u00e9sinfections de mat\u00e9riel par ultrasons. Il s'agit d'un d\u00e9tergent enzymatique concentr\u00e9 avec 4 enzymes formul\u00e9 pour \u00e9liminer les restes organiques dans le mat\u00e9riel dentaire et chirurgical \u00e0 base de prot\u00e9ine, glucidique, lipide et cellulosique.","rel":"","context":"Article similaire","block_context":{"text":"Article similaire","link":""},"img":{"alt_text":"","src":"https:\/\/i0.wp.com\/docmarket-dz.com\/wp-content\/uploads\/2023\/03\/DESINFECTANT-INSTRUMENT-INSTRUNET-e1680613760727.jpg?fit=600%2C600&ssl=1&resize=350%2C200","width":350,"height":200,"srcset":"https:\/\/i0.wp.com\/docmarket-dz.com\/wp-content\/uploads\/2023\/03\/DESINFECTANT-INSTRUMENT-INSTRUNET-e1680613760727.jpg?fit=600%2C600&ssl=1&resize=350%2C200 1x, https:\/\/i0.wp.com\/docmarket-dz.com\/wp-content\/uploads\/2023\/03\/DESINFECTANT-INSTRUMENT-INSTRUNET-e1680613760727.jpg?fit=600%2C600&ssl=1&resize=525%2C300 1.5x"},"classes":[]},{"id":26643,"url":"https:\/\/docmarket-dz.com\/index.php\/product\/desinfectant-instrument-micro-10\/","url_meta":{"origin":26512,"position":2},"title":"DESINFECTANT INSTRUMENT MICRO 10","author":"falek.h","date":"17\/03\/2023","format":false,"excerpt":"D\u00e9sinfectant pour Instruments de Cabinet Micro 10 Enzyme Puissante\u00a0solution tri-enzymatique concentr\u00e9e, sans ald\u00e9hyde, pour la d\u00e9sinfection et le nettoyage de preesterilizaci\u00f3n tous les instruments dentaires et chirurgicaux. Micro 10 Enzyme a un large spectre d'efficacit\u00e9 et un haut pouvoir du d\u00e9tergent qui supprime toute s\u00e9curit\u00e9 tout type de d\u00e9p\u00f4ts qui\u2026","rel":"","context":"Article similaire","block_context":{"text":"Article similaire","link":""},"img":{"alt_text":"","src":"https:\/\/i0.wp.com\/docmarket-dz.com\/wp-content\/uploads\/2023\/03\/DESINFECTANT-INSTRUMENT-MICRO-10.jpg?fit=600%2C600&ssl=1&resize=350%2C200","width":350,"height":200,"srcset":"https:\/\/i0.wp.com\/docmarket-dz.com\/wp-content\/uploads\/2023\/03\/DESINFECTANT-INSTRUMENT-MICRO-10.jpg?fit=600%2C600&ssl=1&resize=350%2C200 1x, https:\/\/i0.wp.com\/docmarket-dz.com\/wp-content\/uploads\/2023\/03\/DESINFECTANT-INSTRUMENT-MICRO-10.jpg?fit=600%2C600&ssl=1&resize=525%2C300 1.5x"},"classes":[]},{"id":26649,"url":"https:\/\/docmarket-dz.com\/index.php\/product\/desinfectant-surface-spray-wyritol\/","url_meta":{"origin":26512,"position":3},"title":"DESINFECTANT SURFACE SPRAY WYRITOL","author":"falek.h","date":"17\/03\/2023","format":false,"excerpt":"Produit nettoyant et d\u00e9sinfectant toutes surfaces. Spray nettoyant et d\u00e9sinfectant pour tous types de surfaces, efficace sur le Covid 19 selon la norme EN 14476. Formul\u00e9 sans allerg\u00e8nes. Recommand\u00e9 pour les collectivit\u00e9s (\u00e9coles, garderies, cr\u00e9ches...), le milieu m\u00e9dical, la restauration, les bureaux, centres sportifs, etc.","rel":"","context":"Article similaire","block_context":{"text":"Article similaire","link":""},"img":{"alt_text":"","src":"https:\/\/i0.wp.com\/docmarket-dz.com\/wp-content\/uploads\/2023\/03\/DESINFECTANT-SURFACE-SPRAY-WYRITOL.jpg?fit=400%2C600&ssl=1&resize=350%2C200","width":350,"height":200},"classes":[]},{"id":26489,"url":"https:\/\/docmarket-dz.com\/index.php\/product\/boite-de-desinfection-pour-fraise\/","url_meta":{"origin":26512,"position":4},"title":"BOITE DE DESINFECTION POUR FRAISE","author":"falek.h","date":"01\/01\/1970","format":false,"excerpt":"","rel":"","context":"Article similaire","block_context":{"text":"Article similaire","link":""},"img":{"alt_text":"","src":"https:\/\/i0.wp.com\/docmarket-dz.com\/wp-content\/uploads\/1970\/01\/gobelet-pour-fraises-800x800-1.jpg?fit=800%2C800&ssl=1&resize=350%2C200","width":350,"height":200,"srcset":"https:\/\/i0.wp.com\/docmarket-dz.com\/wp-content\/uploads\/1970\/01\/gobelet-pour-fraises-800x800-1.jpg?fit=800%2C800&ssl=1&resize=350%2C200 1x, https:\/\/i0.wp.com\/docmarket-dz.com\/wp-content\/uploads\/1970\/01\/gobelet-pour-fraises-800x800-1.jpg?fit=800%2C800&ssl=1&resize=525%2C300 1.5x, https:\/\/i0.wp.com\/docmarket-dz.com\/wp-content\/uploads\/1970\/01\/gobelet-pour-fraises-800x800-1.jpg?fit=800%2C800&ssl=1&resize=700%2C400 2x"},"classes":[]},{"id":24527,"url":"https:\/\/docmarket-dz.com\/index.php\/product\/desinfectant-sols-et-surfaces-500-ml\/","url_meta":{"origin":26512,"position":5},"title":"desinfectant nettoyant multisurface 500 ML","author":"falek.h","date":"01\/01\/2023","format":false,"excerpt":"Le d\u00e9sinfectant sols et surfaces BacterClean est une pr\u00e9paration combin\u00e9e pour la d\u00e9sinfection et le nettoyage de mat\u00e9riels m\u00e9dicaux, de dispositifs m\u00e9dicaux et de tous types de surfaces. Il est \u00e9labor\u00e9 \u00e0 base d'ammonium quaternaire, il est sans parfum, sans ald\u00e9hydes, ni ph\u00e9nols et se caract\u00e9rise par une bonne puissance\u2026","rel":"","context":"Article similaire","block_context":{"text":"Article similaire","link":""},"img":{"alt_text":"","src":"https:\/\/i0.wp.com\/docmarket-dz.com\/wp-content\/uploads\/2023\/01\/desinfectant-PhotoRoom-e1672563198479.jpg?fit=600%2C531&ssl=1&resize=350%2C200","width":350,"height":200,"srcset":"https:\/\/i0.wp.com\/docmarket-dz.com\/wp-content\/uploads\/2023\/01\/desinfectant-PhotoRoom-e1672563198479.jpg?fit=600%2C531&ssl=1&resize=350%2C200 1x, https:\/\/i0.wp.com\/docmarket-dz.com\/wp-content\/uploads\/2023\/01\/desinfectant-PhotoRoom-e1672563198479.jpg?fit=600%2C531&ssl=1&resize=525%2C300 1.5x"},"classes":[]}],"jetpack_sharing_enabled":true,"tiered_pricing_type":"fixed","tiered_pricing_fixed_rules":[],"tiered_pricing_product_settings":{"layout":"default","base_unit_name":{"singular":null,"plural":null},"default_variation":null},"tiered_pricing_minimum_quantity":null,"tiered_pricing_roles_data":[],"tiered_pricing_percentage_rules":[],"_links":{"self":[{"href":"https:\/\/docmarket-dz.com\/index.php\/wp-json\/wp\/v2\/product\/26512","targetHints":{"allow":["GET"]}}],"collection":[{"href":"https:\/\/docmarket-dz.com\/index.php\/wp-json\/wp\/v2\/product"}],"about":[{"href":"https:\/\/docmarket-dz.com\/index.php\/wp-json\/wp\/v2\/types\/product"}],"replies":[{"embeddable":true,"href":"https:\/\/docmarket-dz.com\/index.php\/wp-json\/wp\/v2\/comments?post=26512"}],"wp:featuredmedia":[{"embeddable":true,"href":"https:\/\/docmarket-dz.com\/index.php\/wp-json\/wp\/v2\/media\/27158"}],"wp:attachment":[{"href":"https:\/\/docmarket-dz.com\/index.php\/wp-json\/wp\/v2\/media?parent=26512"}],"wp:term":[{"taxonomy":"product_brand","embeddable":true,"href":"https:\/\/docmarket-dz.com\/index.php\/wp-json\/wp\/v2\/product_brand?post=26512"},{"taxonomy":"product_cat","embeddable":true,"href":"https:\/\/docmarket-dz.com\/index.php\/wp-json\/wp\/v2\/product_cat?post=26512"},{"taxonomy":"product_tag","embeddable":true,"href":"https:\/\/docmarket-dz.com\/index.php\/wp-json\/wp\/v2\/product_tag?post=26512"}],"curies":[{"name":"wp","href":"https:\/\/api.w.org\/{rel}","templated":true}]}}