{"id":26531,"date":"1970-01-01T00:00:00","date_gmt":"1970-01-01T00:00:00","guid":{"rendered":"https:\/\/docmarket-dz.com\/?post_type=product&#038;p=26531"},"modified":"2023-10-04T10:47:06","modified_gmt":"2023-10-04T09:47:06","slug":"cavit-t-fill","status":"publish","type":"product","link":"https:\/\/docmarket-dz.com\/index.php\/product\/cavit-t-fill\/","title":{"rendered":"CAVIT T-FILL"},"content":{"rendered":"","protected":false},"excerpt":{"rendered":"","protected":false},"featured_media":27367,"comment_status":"open","ping_status":"closed","template":"","meta":{"content-type":"","om_disable_all_campaigns":false,"_uf_show_specific_survey":0,"_uf_disable_surveys":false,"jetpack_publicize_message":"","jetpack_publicize_feature_enabled":true,"jetpack_social_post_already_shared":false,"jetpack_social_options":{"image_generator_settings":{"template":"highway","default_image_id":0,"font":"","enabled":false},"version":2}},"product_brand":[],"product_cat":[100],"product_tag":[],"class_list":{"0":"post-26531","1":"product","2":"type-product","3":"status-publish","4":"has-post-thumbnail","6":"product_cat-dentaire","8":"first","9":"onbackorder","10":"taxable","11":"shipping-taxable","12":"purchasable","13":"product-type-simple"},"supplier_id":null,"supplier_sku":"","barcode":null,"atum_controlled":true,"out_stock_date":null,"out_stock_threshold":null,"inheritable":false,"inbound_stock":0,"stock_on_hold":0,"sold_today":0,"sales_last_days":0,"reserved_stock":0,"customer_returns":0,"warehouse_damage":0,"lost_in_post":0,"other_logs":0,"out_stock_days":0,"lost_sales":0,"has_location":false,"update_date":"2026-04-18T00:08:08","atum_locations":[],"atum_stock_status":"onbackorder","restock_status":false,"low_stock_amount":"","sales_update_date":"2026-04-18T00:08:08","calc_backorders":null,"aioseo_notices":[],"jetpack_publicize_connections":[],"jetpack-related-posts":[{"id":26529,"url":"https:\/\/docmarket-dz.com\/index.php\/product\/cavit-i-pro\/","url_meta":{"origin":26531,"position":0},"title":"CAVIT I-PRO","author":"falek.h","date":"01\/01\/1970","format":false,"excerpt":"","rel":"","context":"Article similaire","block_context":{"text":"Article similaire","link":""},"img":{"alt_text":"","src":"","width":0,"height":0},"classes":[]},{"id":26530,"url":"https:\/\/docmarket-dz.com\/index.php\/product\/cavit-i-pro-lc\/","url_meta":{"origin":26531,"position":1},"title":"CAVIT I-PRO LC","author":"falek.h","date":"01\/01\/1970","format":false,"excerpt":"Haute adh\u00e9rence Non-collant Radio-opaque Haute r\u00e9sistance et duret\u00e9 Facilement emballable Duret\u00e9 diff\u00e9rente apr\u00e8s r\u00e9glage Sans eug\u00e9nol","rel":"","context":"Article similaire","block_context":{"text":"Article similaire","link":""},"img":{"alt_text":"","src":"https:\/\/i0.wp.com\/docmarket-dz.com\/wp-content\/uploads\/1970\/01\/i-pro-50g-temporary-filling-e1696412645869.jpg?fit=600%2C720&ssl=1&resize=350%2C200","width":350,"height":200,"srcset":"https:\/\/i0.wp.com\/docmarket-dz.com\/wp-content\/uploads\/1970\/01\/i-pro-50g-temporary-filling-e1696412645869.jpg?fit=600%2C720&ssl=1&resize=350%2C200 1x, https:\/\/i0.wp.com\/docmarket-dz.com\/wp-content\/uploads\/1970\/01\/i-pro-50g-temporary-filling-e1696412645869.jpg?fit=600%2C720&ssl=1&resize=525%2C300 1.5x"},"classes":[]},{"id":26528,"url":"https:\/\/docmarket-dz.com\/index.php\/product\/cavit-e-temp\/","url_meta":{"origin":26531,"position":2},"title":"CAVITE E-TEMP","author":"falek.h","date":"01\/01\/1970","format":false,"excerpt":"e-Temp est un mat\u00e9riau d'obturation temporaire pour les cavit\u00e9s standards et les traitements post-endodontiques. Adh\u00e8re \u00e0 la dentine, se dilate l\u00e9g\u00e8rement lors de la prise et durcit rapidement pour assurer l'\u00e9tanch\u00e9it\u00e9 Propri\u00e9t\u00e9s m\u00e9caniques am\u00e9lior\u00e9es pour un remplissage temporaire rapide Activ\u00e9 par l'humidit\u00e9\u00a0: prend en 25\u00a0minutes ou moins Contient de l'oxyde\u2026","rel":"","context":"Article similaire","block_context":{"text":"Article similaire","link":""},"img":{"alt_text":"","src":"https:\/\/i0.wp.com\/docmarket-dz.com\/wp-content\/uploads\/1970\/01\/e-Temp-1.jpg?fit=600%2C600&ssl=1&resize=350%2C200","width":350,"height":200,"srcset":"https:\/\/i0.wp.com\/docmarket-dz.com\/wp-content\/uploads\/1970\/01\/e-Temp-1.jpg?fit=600%2C600&ssl=1&resize=350%2C200 1x, https:\/\/i0.wp.com\/docmarket-dz.com\/wp-content\/uploads\/1970\/01\/e-Temp-1.jpg?fit=600%2C600&ssl=1&resize=525%2C300 1.5x"},"classes":[]},{"id":26599,"url":"https:\/\/docmarket-dz.com\/index.php\/product\/composite-seringue-megafil\/","url_meta":{"origin":26531,"position":3},"title":"COMPOSITE SERINGUE MEGAFIL","author":"falek.h","date":"17\/03\/2023","format":false,"excerpt":"Composite micro-hybride photopolym\u00e9risable pour les dents ant\u00e9rieures et post\u00e9rieures. R\u00e9fl\u00e9chit la lumi\u00e8re naturelle et artificielle. Radiopaque. Le verre souple utilis\u00e9 comme charge a une duret\u00e9 de 5,5 Mohs, ce qui correspond \u00e0 la duret\u00e9 de la substance naturelle de la dent. Le verre doublement silanis\u00e9 donne un excellent polissage, un\u2026","rel":"","context":"Article similaire","block_context":{"text":"Article similaire","link":""},"img":{"alt_text":"","src":"https:\/\/i0.wp.com\/docmarket-dz.com\/wp-content\/uploads\/2023\/03\/COMPOSITE-SERINGUE-MEGAFIL-e1680617734994.jpg?fit=600%2C600&ssl=1&resize=350%2C200","width":350,"height":200,"srcset":"https:\/\/i0.wp.com\/docmarket-dz.com\/wp-content\/uploads\/2023\/03\/COMPOSITE-SERINGUE-MEGAFIL-e1680617734994.jpg?fit=600%2C600&ssl=1&resize=350%2C200 1x, https:\/\/i0.wp.com\/docmarket-dz.com\/wp-content\/uploads\/2023\/03\/COMPOSITE-SERINGUE-MEGAFIL-e1680617734994.jpg?fit=600%2C600&ssl=1&resize=525%2C300 1.5x"},"classes":[]}],"jetpack_sharing_enabled":true,"tiered_pricing_type":"fixed","tiered_pricing_fixed_rules":[],"tiered_pricing_product_settings":{"layout":"default","base_unit_name":{"singular":null,"plural":null},"default_variation":null},"tiered_pricing_minimum_quantity":null,"tiered_pricing_roles_data":[],"tiered_pricing_percentage_rules":[],"_links":{"self":[{"href":"https:\/\/docmarket-dz.com\/index.php\/wp-json\/wp\/v2\/product\/26531","targetHints":{"allow":["GET"]}}],"collection":[{"href":"https:\/\/docmarket-dz.com\/index.php\/wp-json\/wp\/v2\/product"}],"about":[{"href":"https:\/\/docmarket-dz.com\/index.php\/wp-json\/wp\/v2\/types\/product"}],"replies":[{"embeddable":true,"href":"https:\/\/docmarket-dz.com\/index.php\/wp-json\/wp\/v2\/comments?post=26531"}],"wp:featuredmedia":[{"embeddable":true,"href":"https:\/\/docmarket-dz.com\/index.php\/wp-json\/wp\/v2\/media\/27367"}],"wp:attachment":[{"href":"https:\/\/docmarket-dz.com\/index.php\/wp-json\/wp\/v2\/media?parent=26531"}],"wp:term":[{"taxonomy":"product_brand","embeddable":true,"href":"https:\/\/docmarket-dz.com\/index.php\/wp-json\/wp\/v2\/product_brand?post=26531"},{"taxonomy":"product_cat","embeddable":true,"href":"https:\/\/docmarket-dz.com\/index.php\/wp-json\/wp\/v2\/product_cat?post=26531"},{"taxonomy":"product_tag","embeddable":true,"href":"https:\/\/docmarket-dz.com\/index.php\/wp-json\/wp\/v2\/product_tag?post=26531"}],"curies":[{"name":"wp","href":"https:\/\/api.w.org\/{rel}","templated":true}]}}