{"id":26541,"date":"1970-01-01T00:00:00","date_gmt":"1970-01-01T00:00:00","guid":{"rendered":"https:\/\/docmarket-dz.com\/?post_type=product&#038;p=26541"},"modified":"2023-10-04T11:02:11","modified_gmt":"2023-10-04T10:02:11","slug":"ciment-d-obturation-i-fil","status":"publish","type":"product","link":"https:\/\/docmarket-dz.com\/index.php\/product\/ciment-d-obturation-i-fil\/","title":{"rendered":"CIMENT D OBTURATION I-FIL"},"content":{"rendered":"","protected":false},"excerpt":{"rendered":"","protected":false},"featured_media":27375,"comment_status":"open","ping_status":"closed","template":"","meta":{"content-type":"","om_disable_all_campaigns":false,"_uf_show_specific_survey":0,"_uf_disable_surveys":false,"jetpack_publicize_message":"","jetpack_publicize_feature_enabled":true,"jetpack_social_post_already_shared":false,"jetpack_social_options":{"image_generator_settings":{"template":"highway","default_image_id":0,"font":"","enabled":false},"version":2}},"product_brand":[],"product_cat":[100],"product_tag":[],"class_list":{"0":"post-26541","1":"product","2":"type-product","3":"status-publish","4":"has-post-thumbnail","6":"product_cat-dentaire","8":"first","9":"onbackorder","10":"taxable","11":"shipping-taxable","12":"purchasable","13":"product-type-simple"},"supplier_id":null,"supplier_sku":"","barcode":null,"atum_controlled":true,"out_stock_date":null,"out_stock_threshold":null,"inheritable":false,"inbound_stock":0,"stock_on_hold":0,"sold_today":0,"sales_last_days":0,"reserved_stock":0,"customer_returns":0,"warehouse_damage":0,"lost_in_post":0,"other_logs":0,"out_stock_days":0,"lost_sales":0,"has_location":false,"update_date":"2026-04-28T00:13:01","atum_locations":[],"atum_stock_status":"onbackorder","restock_status":false,"low_stock_amount":"","sales_update_date":"2026-04-28T00:13:01","calc_backorders":null,"aioseo_notices":[],"jetpack_publicize_connections":[],"jetpack-related-posts":[{"id":26554,"url":"https:\/\/docmarket-dz.com\/index.php\/product\/ciment-dobturationi-fil-lc\/","url_meta":{"origin":26541,"position":0},"title":"CIMENT DoBTURATIONI-FIL LC","author":"falek.h","date":"01\/01\/1970","format":false,"excerpt":"","rel":"","context":"Article similaire","block_context":{"text":"Article similaire","link":""},"img":{"alt_text":"","src":"","width":0,"height":0},"classes":[]},{"id":26552,"url":"https:\/\/docmarket-dz.com\/index.php\/product\/ciment-de-scellement-i-fix\/","url_meta":{"origin":26541,"position":1},"title":"CIMENT DE SCELLEMENT I-FIX","author":"falek.h","date":"01\/01\/1970","format":false,"excerpt":"","rel":"","context":"Article similaire","block_context":{"text":"Article similaire","link":""},"img":{"alt_text":"","src":"","width":0,"height":0},"classes":[]},{"id":26500,"url":"https:\/\/docmarket-dz.com\/index.php\/product\/bonding-solobond-voco\/","url_meta":{"origin":26541,"position":2},"title":"BONDING SOLOBOND VOCO","author":"falek.h","date":"17\/03\/2023","format":false,"excerpt":"Mat\u00e9riau de bonding am\u00e9lo-dentinaire photopolym\u00e9risable, mono-composant Un composant \u2013 une seule couche Excellente adh\u00e9sion \u00c9lasticit\u00e9 de mat\u00e9riau \u00e9lev\u00e9e et joint \u00e9tanche permanent L\u2019effet d\u2019adh\u00e9sion imm\u00e9diate facilite l\u2019application du mat\u00e9riau d\u2019obturation Peut \u00eatre utilis\u00e9 pour tous les mat\u00e9riaux d\u2019obturation photopolym\u00e9risables","rel":"","context":"Article similaire","block_context":{"text":"Article similaire","link":""},"img":{"alt_text":"","src":"https:\/\/i0.wp.com\/docmarket-dz.com\/wp-content\/uploads\/2023\/03\/BONDING-SOLOBOND-VOCO.jpg?fit=800%2C600&ssl=1&resize=350%2C200","width":350,"height":200,"srcset":"https:\/\/i0.wp.com\/docmarket-dz.com\/wp-content\/uploads\/2023\/03\/BONDING-SOLOBOND-VOCO.jpg?fit=800%2C600&ssl=1&resize=350%2C200 1x, https:\/\/i0.wp.com\/docmarket-dz.com\/wp-content\/uploads\/2023\/03\/BONDING-SOLOBOND-VOCO.jpg?fit=800%2C600&ssl=1&resize=525%2C300 1.5x, https:\/\/i0.wp.com\/docmarket-dz.com\/wp-content\/uploads\/2023\/03\/BONDING-SOLOBOND-VOCO.jpg?fit=800%2C600&ssl=1&resize=700%2C400 2x"},"classes":[]},{"id":26544,"url":"https:\/\/docmarket-dz.com\/index.php\/product\/ciment-de-scelement-airel-pharma\/","url_meta":{"origin":26541,"position":3},"title":"CIMENT DE SCELEMENT AIREL PHARMA","author":"falek.h","date":"01\/01\/1970","format":false,"excerpt":"Ciment de scellement au verre ionomer","rel":"","context":"Article similaire","block_context":{"text":"Article similaire","link":""},"img":{"alt_text":"","src":"https:\/\/i0.wp.com\/docmarket-dz.com\/wp-content\/uploads\/1970\/01\/ciment-verre-ionomer-1-e1696413408772.jpg?fit=600%2C600&ssl=1&resize=350%2C200","width":350,"height":200,"srcset":"https:\/\/i0.wp.com\/docmarket-dz.com\/wp-content\/uploads\/1970\/01\/ciment-verre-ionomer-1-e1696413408772.jpg?fit=600%2C600&ssl=1&resize=350%2C200 1x, https:\/\/i0.wp.com\/docmarket-dz.com\/wp-content\/uploads\/1970\/01\/ciment-verre-ionomer-1-e1696413408772.jpg?fit=600%2C600&ssl=1&resize=525%2C300 1.5x"},"classes":[]},{"id":26599,"url":"https:\/\/docmarket-dz.com\/index.php\/product\/composite-seringue-megafil\/","url_meta":{"origin":26541,"position":4},"title":"COMPOSITE SERINGUE MEGAFIL","author":"falek.h","date":"17\/03\/2023","format":false,"excerpt":"Composite micro-hybride photopolym\u00e9risable pour les dents ant\u00e9rieures et post\u00e9rieures. R\u00e9fl\u00e9chit la lumi\u00e8re naturelle et artificielle. Radiopaque. Le verre souple utilis\u00e9 comme charge a une duret\u00e9 de 5,5 Mohs, ce qui correspond \u00e0 la duret\u00e9 de la substance naturelle de la dent. Le verre doublement silanis\u00e9 donne un excellent polissage, un\u2026","rel":"","context":"Article similaire","block_context":{"text":"Article similaire","link":""},"img":{"alt_text":"","src":"https:\/\/i0.wp.com\/docmarket-dz.com\/wp-content\/uploads\/2023\/03\/COMPOSITE-SERINGUE-MEGAFIL-e1680617734994.jpg?fit=600%2C600&ssl=1&resize=350%2C200","width":350,"height":200,"srcset":"https:\/\/i0.wp.com\/docmarket-dz.com\/wp-content\/uploads\/2023\/03\/COMPOSITE-SERINGUE-MEGAFIL-e1680617734994.jpg?fit=600%2C600&ssl=1&resize=350%2C200 1x, https:\/\/i0.wp.com\/docmarket-dz.com\/wp-content\/uploads\/2023\/03\/COMPOSITE-SERINGUE-MEGAFIL-e1680617734994.jpg?fit=600%2C600&ssl=1&resize=525%2C300 1.5x"},"classes":[]},{"id":26556,"url":"https:\/\/docmarket-dz.com\/index.php\/product\/ciment-oxford\/","url_meta":{"origin":26541,"position":5},"title":"CIMENT OXFORD","author":"falek.h","date":"01\/01\/1970","format":false,"excerpt":"","rel":"","context":"Article similaire","block_context":{"text":"Article similaire","link":""},"img":{"alt_text":"","src":"","width":0,"height":0},"classes":[]}],"jetpack_sharing_enabled":true,"tiered_pricing_type":"fixed","tiered_pricing_fixed_rules":[],"tiered_pricing_product_settings":{"layout":"default","base_unit_name":{"singular":null,"plural":null},"default_variation":null},"tiered_pricing_minimum_quantity":null,"tiered_pricing_roles_data":[],"tiered_pricing_percentage_rules":[],"_links":{"self":[{"href":"https:\/\/docmarket-dz.com\/index.php\/wp-json\/wp\/v2\/product\/26541","targetHints":{"allow":["GET"]}}],"collection":[{"href":"https:\/\/docmarket-dz.com\/index.php\/wp-json\/wp\/v2\/product"}],"about":[{"href":"https:\/\/docmarket-dz.com\/index.php\/wp-json\/wp\/v2\/types\/product"}],"replies":[{"embeddable":true,"href":"https:\/\/docmarket-dz.com\/index.php\/wp-json\/wp\/v2\/comments?post=26541"}],"wp:featuredmedia":[{"embeddable":true,"href":"https:\/\/docmarket-dz.com\/index.php\/wp-json\/wp\/v2\/media\/27375"}],"wp:attachment":[{"href":"https:\/\/docmarket-dz.com\/index.php\/wp-json\/wp\/v2\/media?parent=26541"}],"wp:term":[{"taxonomy":"product_brand","embeddable":true,"href":"https:\/\/docmarket-dz.com\/index.php\/wp-json\/wp\/v2\/product_brand?post=26541"},{"taxonomy":"product_cat","embeddable":true,"href":"https:\/\/docmarket-dz.com\/index.php\/wp-json\/wp\/v2\/product_cat?post=26541"},{"taxonomy":"product_tag","embeddable":true,"href":"https:\/\/docmarket-dz.com\/index.php\/wp-json\/wp\/v2\/product_tag?post=26541"}],"curies":[{"name":"wp","href":"https:\/\/api.w.org\/{rel}","templated":true}]}}