{"id":26562,"date":"1970-01-01T00:00:00","date_gmt":"1970-01-01T00:00:00","guid":{"rendered":"https:\/\/docmarket-dz.com\/?post_type=product&#038;p=26562"},"modified":"2023-10-11T09:00:37","modified_gmt":"2023-10-11T08:00:37","slug":"coffret-3m-valux-9-seringues","status":"publish","type":"product","link":"https:\/\/docmarket-dz.com\/index.php\/product\/coffret-3m-valux-9-seringues\/","title":{"rendered":"COFFRET 3M VALUX Plus avec 9 SERINGUES"},"content":{"rendered":"<div class=\"x11i5rnm xat24cr x1mh8g0r x1vvkbs xtlvy1s x126k92a\">\n<div dir=\"auto\">Les indications:<\/div>\n<\/div>\n<div class=\"x11i5rnm xat24cr x1mh8g0r x1vvkbs xtlvy1s x126k92a\">\n<div dir=\"auto\">Restaurations directes ant\u00e9rieure et post\u00e9rieure classe I &#8211; V<\/div>\n<div dir=\"auto\">Inlays, onlays et facettes indirects<\/div>\n<div dir=\"auto\">Technique sandwich<\/div>\n<div dir=\"auto\">Avantages du produit:<\/div>\n<\/div>\n<div class=\"x11i5rnm xat24cr x1mh8g0r x1vvkbs xtlvy1s x126k92a\">\n<div dir=\"auto\">R\u00e9sistance \u00e0 l&#8217;usure et t\u00e9nacit\u00e9 \u00e0 la rupture maximales<\/div>\n<div dir=\"auto\">Fuite minimale aux marges lorsqu&#8217;il est utilis\u00e9 avec Adper Scotchbond Multi-Purpose<\/div>\n<div dir=\"auto\">Bonne polissabilit\u00e9 et maniabilit\u00e9<\/div>\n<div dir=\"auto\">M\u00e9lange avec la couleur des dents environnantes pour un fini plus naturel<\/div>\n<div dir=\"auto\">Disponible en 8 teintes: A1, A2, A3, A3.5, B2, B3, C2, UD<\/div>\n<div dir=\"auto\">Mode d&#8217;emploi:<\/div>\n<\/div>\n<div class=\"x11i5rnm xat24cr x1mh8g0r x1vvkbs xtlvy1s x126k92a\">\n<div dir=\"auto\">Application en couches de 2,5 mm<\/div>\n<div dir=\"auto\">Photopolym\u00e9riser chaque couche pendant 40 secondes<\/div>\n<div dir=\"auto\">Information produit:<\/div>\n<\/div>\n<div class=\"x11i5rnm xat24cr x1mh8g0r x1vvkbs xtlvy1s x126k92a\">\n<div dir=\"auto\">9 seringue<\/div>\n<div dir=\"auto\">4g chacun dans les teintes 2 x A2, 2 x A3, 1 x A3, 1 x A1, A3.5, B3, C2, UD<\/div>\n<div dir=\"auto\">Adhesive Adper Single Bond 2 (6g)<\/div>\n<div dir=\"auto\">2 seringues Scotch Bond Etehant 3 ml<\/div>\n<div dir=\"auto\">50 applicateurs<\/div>\n<div dir=\"auto\">Accessoires<\/div>\n<div dir=\"auto\">1 puits de m\u00e9lange<\/div>\n<\/div>\n","protected":false},"excerpt":{"rendered":"<p>Les indications: Restaurations directes ant\u00e9rieure et post\u00e9rieure classe I &#8211; V Inlays, onlays et facettes indirects Technique sandwich Avantages du produit: R\u00e9sistance \u00e0 l&#8217;usure et t\u00e9nacit\u00e9 \u00e0 la rupture maximales Fuite minimale aux marges lorsqu&#8217;il est utilis\u00e9 avec Adper Scotchbond Multi-Purpose Bonne polissabilit\u00e9 et maniabilit\u00e9 M\u00e9lange avec la couleur des dents environnantes pour un fini [&hellip;]<\/p>\n","protected":false},"featured_media":27421,"comment_status":"open","ping_status":"closed","template":"","meta":{"content-type":"","om_disable_all_campaigns":false,"_uf_show_specific_survey":0,"_uf_disable_surveys":false,"jetpack_publicize_message":"","jetpack_publicize_feature_enabled":true,"jetpack_social_post_already_shared":false,"jetpack_social_options":{"image_generator_settings":{"template":"highway","default_image_id":0,"font":"","enabled":false},"version":2}},"product_brand":[],"product_cat":[100],"product_tag":[],"class_list":{"0":"post-26562","1":"product","2":"type-product","3":"status-publish","4":"has-post-thumbnail","6":"product_cat-dentaire","8":"first","9":"onbackorder","10":"taxable","11":"shipping-taxable","12":"purchasable","13":"product-type-simple"},"supplier_id":null,"supplier_sku":"","barcode":null,"atum_controlled":true,"out_stock_date":null,"out_stock_threshold":null,"inheritable":false,"inbound_stock":0,"stock_on_hold":0,"sold_today":0,"sales_last_days":0,"reserved_stock":0,"customer_returns":0,"warehouse_damage":0,"lost_in_post":0,"other_logs":0,"out_stock_days":0,"lost_sales":0,"has_location":false,"update_date":"2026-05-01T00:15:03","atum_locations":[],"atum_stock_status":"onbackorder","restock_status":false,"low_stock_amount":"","sales_update_date":"2026-05-01T00:15:03","calc_backorders":null,"aioseo_notices":[],"jetpack_publicize_connections":[],"jetpack-related-posts":[{"id":26483,"url":"https:\/\/docmarket-dz.com\/index.php\/product\/blanchiment-flash\/","url_meta":{"origin":26562,"position":0},"title":"BLANCHIMENT FLASH","author":"falek.h","date":"17\/03\/2023","format":false,"excerpt":"Kit de blanchiment au fauteuil FLASH 2 Patients des dents assist\u00e9 par la lumi\u00e8re offre la forme la plus rapide de blanchiment des dents. Avec des accessoires parfaitement coordonn\u00e9s, fl\u00e4sh vous offre le plus haut niveau de confort et le meilleur r\u00e9sultat de traitement pour des dents brillantes et blanches.\u2026","rel":"","context":"Article similaire","block_context":{"text":"Article similaire","link":""},"img":{"alt_text":"","src":"https:\/\/i0.wp.com\/docmarket-dz.com\/wp-content\/uploads\/2023\/03\/BLANCHIMENTFLASH.png?fit=601%2C603&ssl=1&resize=350%2C200","width":350,"height":200,"srcset":"https:\/\/i0.wp.com\/docmarket-dz.com\/wp-content\/uploads\/2023\/03\/BLANCHIMENTFLASH.png?fit=601%2C603&ssl=1&resize=350%2C200 1x, https:\/\/i0.wp.com\/docmarket-dz.com\/wp-content\/uploads\/2023\/03\/BLANCHIMENTFLASH.png?fit=601%2C603&ssl=1&resize=525%2C300 1.5x"},"classes":[]},{"id":25372,"url":"https:\/\/docmarket-dz.com\/index.php\/product\/cable-patient-pour-ecg-delda-1-3-60-plus\/","url_meta":{"origin":26562,"position":1},"title":"CABLE PATIENT POUR ECG DELTA 1\/3\/60 PLUS","author":"falek.h","date":"12\/03\/2023","format":false,"excerpt":"CABLE PATIENT POUR ECG DELDA 1\/3\/60 PLUS","rel":"","context":"Article similaire","block_context":{"text":"Article similaire","link":""},"img":{"alt_text":"","src":"https:\/\/i0.wp.com\/docmarket-dz.com\/wp-content\/uploads\/2023\/03\/CABLE-PATIENT-POUR-ECG-DELTA-1-3-60-PLUS-e1680780242337.webp?fit=569%2C600&ssl=1&resize=350%2C200","width":350,"height":200,"srcset":"https:\/\/i0.wp.com\/docmarket-dz.com\/wp-content\/uploads\/2023\/03\/CABLE-PATIENT-POUR-ECG-DELTA-1-3-60-PLUS-e1680780242337.webp?fit=569%2C600&ssl=1&resize=350%2C200 1x, https:\/\/i0.wp.com\/docmarket-dz.com\/wp-content\/uploads\/2023\/03\/CABLE-PATIENT-POUR-ECG-DELTA-1-3-60-PLUS-e1680780242337.webp?fit=569%2C600&ssl=1&resize=525%2C300 1.5x"},"classes":[]},{"id":28026,"url":"https:\/\/docmarket-dz.com\/index.php\/product\/bechtoscope-plus-liquide-desinfectant-concentre-1l\/","url_meta":{"origin":26562,"position":2},"title":"Bechtoscope Plus &#8211; liquide d\u00e9sinfectant concentr\u00e9 1L","author":"Sofiane Arbouche","date":"06\/12\/2023","format":false,"excerpt":"\u00a0Le produit Bechtoscope plus est une solution de d\u00e9sinfection pour instruments m\u00e9dicaux, invasifs et non invasifs, ainsi que pour les dispositifs m\u00e9dicaux, y compris les endoscopes rigides et flexibles. \u2022\u00a0 \u00a0 \u00a0 \u00a0Propri\u00e9t\u00e9s: Il est compos\u00e9 d\u2019ald\u00e9hydes et de compos\u00e9s d\u2019ammonium quaternaire, avec une forte activit\u00e9 microbiologique \u00e0 faible concentration.\u2026","rel":"","context":"Article similaire","block_context":{"text":"Article similaire","link":""},"img":{"alt_text":"","src":"https:\/\/i0.wp.com\/docmarket-dz.com\/wp-content\/uploads\/2023\/12\/IMG_2131.png?fit=599%2C601&ssl=1&resize=350%2C200","width":350,"height":200,"srcset":"https:\/\/i0.wp.com\/docmarket-dz.com\/wp-content\/uploads\/2023\/12\/IMG_2131.png?fit=599%2C601&ssl=1&resize=350%2C200 1x, https:\/\/i0.wp.com\/docmarket-dz.com\/wp-content\/uploads\/2023\/12\/IMG_2131.png?fit=599%2C601&ssl=1&resize=525%2C300 1.5x"},"classes":[]},{"id":29781,"url":"https:\/\/docmarket-dz.com\/index.php\/product\/becht-4care-liquide-1l\/","url_meta":{"origin":26562,"position":3},"title":"Becht 4care 1L en gel","author":"Sofiane Arbouche","date":"23\/12\/2024","format":false,"excerpt":"La d\u00e9sinfection pr\u00e9-chirurgicale des mains avec le lavage par un savon et le rin\u00e7age \u00e0 l\u2019eau est l\u2019une des plus anciennes m\u00e9thodes reste insuffisantes pour se d\u00e9barrasser des germes. Le laboratoire BECHT a d\u00e9velopp\u00e9 une nouvelle strat\u00e9gie plus pratique pour une d\u00e9sinfection optimale\u00a0: BECHT 4 CARE LIQUID \u00e0 base d\u2019ALOE\u2026","rel":"","context":"Article similaire","block_context":{"text":"Article similaire","link":""},"img":{"alt_text":"","src":"https:\/\/i0.wp.com\/docmarket-dz.com\/wp-content\/uploads\/2024\/12\/Sans-titre-2.png?fit=241%2C547&ssl=1&resize=350%2C200","width":350,"height":200},"classes":[]},{"id":29783,"url":"https:\/\/docmarket-dz.com\/index.php\/product\/becht-4care-liquide-1l-2\/","url_meta":{"origin":26562,"position":4},"title":"Becht 4care liquide 1L","author":"Sofiane Arbouche","date":"23\/12\/2024","format":false,"excerpt":"La d\u00e9sinfection pr\u00e9-chirurgicale des mains avec le lavage par un savon et le rin\u00e7age \u00e0 l\u2019eau est l\u2019une des plus anciennes m\u00e9thodes reste insuffisantes pour se d\u00e9barrasser des germes. Le laboratoire BECHT a d\u00e9velopp\u00e9 une nouvelle strat\u00e9gie plus pratique pour une d\u00e9sinfection optimale\u00a0: BECHT 4 CARE LIQUID \u00e0 base d\u2019ALOE\u2026","rel":"","context":"Article similaire","block_context":{"text":"Article similaire","link":""},"img":{"alt_text":"","src":"https:\/\/i0.wp.com\/docmarket-dz.com\/wp-content\/uploads\/2024\/12\/Sans-titre-2.png?fit=241%2C547&ssl=1&resize=350%2C200","width":350,"height":200},"classes":[]},{"id":26638,"url":"https:\/\/docmarket-dz.com\/index.php\/product\/desinfectant-anios-clean-exel-d-1l\/","url_meta":{"origin":26562,"position":5},"title":"PRE-DESINFECTANT ANIOS CLEAN EXEL D 5L &#8221; Remplace Hexanios &#8220;","author":"falek.h","date":"17\/03\/2023","format":false,"excerpt":"Anios Clean Excel D Nettoyant pr\u00e9-d\u00e9sinfectant Anios Clean Excel D Rempla\u00e7ant du Hexanios : plus efficace, plus respectueux de l'environnement L'Anios Clean Excel D permet le nettoyage et la pr\u00e9-d\u00e9sinfection de l'instrumentation m\u00e9dico-chirurgicale, des dispositifs m\u00e9dicaux, des instruments thermosensibles et du mat\u00e9riel d'endoscopie.","rel":"","context":"Article similaire","block_context":{"text":"Article similaire","link":""},"img":{"alt_text":"","src":"https:\/\/i0.wp.com\/docmarket-dz.com\/wp-content\/uploads\/2023\/03\/DESINFECTANT-ANIOS-CLEAN-EXEL-D-1L-e1680616437736.jpg?fit=463%2C600&ssl=1&resize=350%2C200","width":350,"height":200},"classes":[]}],"jetpack_sharing_enabled":true,"tiered_pricing_type":"fixed","tiered_pricing_fixed_rules":[],"tiered_pricing_product_settings":{"layout":"default","base_unit_name":{"singular":null,"plural":null},"default_variation":null},"tiered_pricing_minimum_quantity":null,"tiered_pricing_roles_data":[],"tiered_pricing_percentage_rules":[],"_links":{"self":[{"href":"https:\/\/docmarket-dz.com\/index.php\/wp-json\/wp\/v2\/product\/26562","targetHints":{"allow":["GET"]}}],"collection":[{"href":"https:\/\/docmarket-dz.com\/index.php\/wp-json\/wp\/v2\/product"}],"about":[{"href":"https:\/\/docmarket-dz.com\/index.php\/wp-json\/wp\/v2\/types\/product"}],"replies":[{"embeddable":true,"href":"https:\/\/docmarket-dz.com\/index.php\/wp-json\/wp\/v2\/comments?post=26562"}],"wp:featuredmedia":[{"embeddable":true,"href":"https:\/\/docmarket-dz.com\/index.php\/wp-json\/wp\/v2\/media\/27421"}],"wp:attachment":[{"href":"https:\/\/docmarket-dz.com\/index.php\/wp-json\/wp\/v2\/media?parent=26562"}],"wp:term":[{"taxonomy":"product_brand","embeddable":true,"href":"https:\/\/docmarket-dz.com\/index.php\/wp-json\/wp\/v2\/product_brand?post=26562"},{"taxonomy":"product_cat","embeddable":true,"href":"https:\/\/docmarket-dz.com\/index.php\/wp-json\/wp\/v2\/product_cat?post=26562"},{"taxonomy":"product_tag","embeddable":true,"href":"https:\/\/docmarket-dz.com\/index.php\/wp-json\/wp\/v2\/product_tag?post=26562"}],"curies":[{"name":"wp","href":"https:\/\/api.w.org\/{rel}","templated":true}]}}