{"id":26563,"date":"1970-01-01T00:00:00","date_gmt":"1970-01-01T00:00:00","guid":{"rendered":"https:\/\/docmarket-dz.com\/?post_type=product&#038;p=26563"},"modified":"2023-10-11T09:06:01","modified_gmt":"2023-10-11T08:06:01","slug":"coffret-composite-essentia-starter","status":"publish","type":"product","link":"https:\/\/docmarket-dz.com\/index.php\/product\/coffret-composite-essentia-starter\/","title":{"rendered":"COFFRET COMPOSITE ESSENTIA STARTER"},"content":{"rendered":"<div class=\"field field-name-field-subtitulo field-type-text field-label-hidden\">\n<h4>Starter kit de composite :<\/h4>\n<\/div>\n<div class=\"field field-name-field-descripcion-corta field-type-text-long field-label-hidden\">\n<ul>\n<li>Con\u00e7u pour la technique de stratification des composites.<\/li>\n<li>Couleur universelle.<\/li>\n<li>La brillance \u00e0 long terme est excellente gr\u00e2ce \u00e0 l&#8217;utilisation de particules de remplissage ultrafines.<\/li>\n<li>7 seringues (1 de chaque couleur) Ld, Md, Dd, Le, De, U, Ml et 20 embouts.<\/li>\n<\/ul>\n<\/div>\n","protected":false},"excerpt":{"rendered":"<p>Starter kit de composite : Con\u00e7u pour la technique de stratification des composites. Couleur universelle. La brillance \u00e0 long terme est excellente gr\u00e2ce \u00e0 l&#8217;utilisation de particules de remplissage ultrafines. 7 seringues (1 de chaque couleur) Ld, Md, Dd, Le, De, U, Ml et 20 embouts.<\/p>\n","protected":false},"featured_media":27422,"comment_status":"open","ping_status":"closed","template":"","meta":{"content-type":"","om_disable_all_campaigns":false,"_uf_show_specific_survey":0,"_uf_disable_surveys":false,"jetpack_publicize_message":"","jetpack_publicize_feature_enabled":true,"jetpack_social_post_already_shared":false,"jetpack_social_options":{"image_generator_settings":{"template":"highway","default_image_id":0,"font":"","enabled":false},"version":2}},"product_brand":[],"product_cat":[100],"product_tag":[],"class_list":{"0":"post-26563","1":"product","2":"type-product","3":"status-publish","4":"has-post-thumbnail","6":"product_cat-dentaire","8":"first","9":"onbackorder","10":"taxable","11":"shipping-taxable","12":"purchasable","13":"product-type-simple"},"supplier_id":null,"supplier_sku":"","barcode":null,"atum_controlled":true,"out_stock_date":null,"out_stock_threshold":null,"inheritable":false,"inbound_stock":0,"stock_on_hold":0,"sold_today":0,"sales_last_days":0,"reserved_stock":0,"customer_returns":0,"warehouse_damage":0,"lost_in_post":0,"other_logs":0,"out_stock_days":0,"lost_sales":0,"has_location":false,"update_date":"2026-04-16T00:07:52","atum_locations":[],"atum_stock_status":"onbackorder","restock_status":false,"low_stock_amount":"","sales_update_date":"2026-04-16T00:07:52","calc_backorders":null,"aioseo_notices":[],"jetpack_publicize_connections":[],"jetpack-related-posts":[{"id":26587,"url":"https:\/\/docmarket-dz.com\/index.php\/product\/composite-essentia-gc-kit-4\/","url_meta":{"origin":26563,"position":0},"title":"COMPOSITE ESSENTIA GC KIT\/4","author":"falek.h","date":"01\/01\/1970","format":false,"excerpt":"Starter kit de composite : Con\u00e7u pour la technique de stratification des composites. Couleur universelle. La brillance \u00e0 long terme est excellente gr\u00e2ce \u00e0 l'utilisation de particules de remplissage ultrafines. 7 seringues (1 de chaque couleur) Ld, Md, Dd, Le, De, U, Ml et 20 embouts.","rel":"","context":"Article similaire","block_context":{"text":"Article similaire","link":""},"img":{"alt_text":"","src":"https:\/\/i0.wp.com\/docmarket-dz.com\/wp-content\/uploads\/1970\/01\/wqr-e1697016581855.jpg?fit=600%2C440&ssl=1&resize=350%2C200","width":350,"height":200,"srcset":"https:\/\/i0.wp.com\/docmarket-dz.com\/wp-content\/uploads\/1970\/01\/wqr-e1697016581855.jpg?fit=600%2C440&ssl=1&resize=350%2C200 1x, https:\/\/i0.wp.com\/docmarket-dz.com\/wp-content\/uploads\/1970\/01\/wqr-e1697016581855.jpg?fit=600%2C440&ssl=1&resize=525%2C300 1.5x"},"classes":[]},{"id":26582,"url":"https:\/\/docmarket-dz.com\/index.php\/product\/composite-coffret-reflectys-itena\/","url_meta":{"origin":26563,"position":1},"title":"COMPOSITE COFFRET REFLECTYS ITENA","author":"falek.h","date":"01\/01\/1970","format":false,"excerpt":"Composite universel pour restauration ant\u00e9rieure et post\u00e9rieure Coffret Stratification : 7 seringues Reflectys : A1 \/ A2 \/ A3 \/ A2O \/ A3O \/ E \/ I + 1 seringue de DentoEtch + 1 Iperbond Ultra Id\u00e9al pour les\u00a0restaurations post\u00e9rieures\u00a0sujettes \u00e0 de grands stress et les\u00a0restaurations ant\u00e9rieures\u00a0demandant un haut niveau\u2026","rel":"","context":"Article similaire","block_context":{"text":"Article similaire","link":""},"img":{"alt_text":"","src":"https:\/\/i0.wp.com\/docmarket-dz.com\/wp-content\/uploads\/1970\/01\/coffret-reflectys-e1697015621115.jpg?fit=600%2C600&ssl=1&resize=350%2C200","width":350,"height":200,"srcset":"https:\/\/i0.wp.com\/docmarket-dz.com\/wp-content\/uploads\/1970\/01\/coffret-reflectys-e1697015621115.jpg?fit=600%2C600&ssl=1&resize=350%2C200 1x, https:\/\/i0.wp.com\/docmarket-dz.com\/wp-content\/uploads\/1970\/01\/coffret-reflectys-e1697015621115.jpg?fit=600%2C600&ssl=1&resize=525%2C300 1.5x"},"classes":[]},{"id":26583,"url":"https:\/\/docmarket-dz.com\/index.php\/product\/composite-coffret-ventura-7ser\/","url_meta":{"origin":26563,"position":2},"title":"COMPOSITE COFFRET VENTURA 7SER","author":"falek.h","date":"01\/01\/1970","format":false,"excerpt":"DESCRIPTION Composite nano-hybride. Le composite nano-hybride universel photopolym\u00e9risable qui permet de r\u00e9aliser d'excellentes restaurations ant\u00e9rieures et post\u00e9rieures de haute qualit\u00e9. Il s'agit d'un composite hybride moderne modifi\u00e9 avec des nanoparticules de c\u00e9ramique. Il pr\u00e9sente donc d'excellentes propri\u00e9t\u00e9s de manipulation et garantit des restaurations esth\u00e9tiques, s\u00fbres et durables gr\u00e2ce \u00e0 sa\u2026","rel":"","context":"Article similaire","block_context":{"text":"Article similaire","link":""},"img":{"alt_text":"","src":"https:\/\/i0.wp.com\/docmarket-dz.com\/wp-content\/uploads\/1970\/01\/73120-13618021-e1697015782133.jpg?fit=600%2C333&ssl=1&resize=350%2C200","width":350,"height":200,"srcset":"https:\/\/i0.wp.com\/docmarket-dz.com\/wp-content\/uploads\/1970\/01\/73120-13618021-e1697015782133.jpg?fit=600%2C333&ssl=1&resize=350%2C200 1x, https:\/\/i0.wp.com\/docmarket-dz.com\/wp-content\/uploads\/1970\/01\/73120-13618021-e1697015782133.jpg?fit=600%2C333&ssl=1&resize=525%2C300 1.5x"},"classes":[]},{"id":26581,"url":"https:\/\/docmarket-dz.com\/index.php\/product\/composite-coffret-i-light\/","url_meta":{"origin":26563,"position":3},"title":"COMPOSITE COFFRET I-LIGHT","author":"falek.h","date":"01\/01\/1970","format":false,"excerpt":"Composite nano hybride, i-LIGHT coffret de 8 tubes de 4g + etching + bonding","rel":"","context":"Article similaire","block_context":{"text":"Article similaire","link":""},"img":{"alt_text":"","src":"https:\/\/i0.wp.com\/docmarket-dz.com\/wp-content\/uploads\/1970\/01\/i-light-n-4x4g-72-1000x667-1.jpg?fit=1000%2C667&ssl=1&resize=350%2C200","width":350,"height":200,"srcset":"https:\/\/i0.wp.com\/docmarket-dz.com\/wp-content\/uploads\/1970\/01\/i-light-n-4x4g-72-1000x667-1.jpg?fit=1000%2C667&ssl=1&resize=350%2C200 1x, https:\/\/i0.wp.com\/docmarket-dz.com\/wp-content\/uploads\/1970\/01\/i-light-n-4x4g-72-1000x667-1.jpg?fit=1000%2C667&ssl=1&resize=525%2C300 1.5x, https:\/\/i0.wp.com\/docmarket-dz.com\/wp-content\/uploads\/1970\/01\/i-light-n-4x4g-72-1000x667-1.jpg?fit=1000%2C667&ssl=1&resize=700%2C400 2x"},"classes":[]},{"id":26693,"url":"https:\/\/docmarket-dz.com\/index.php\/product\/embout-pour-composite-flow\/","url_meta":{"origin":26563,"position":4},"title":"EMBOUT POUR COMPOSITE FLOW","author":"falek.h","date":"01\/01\/1970","format":false,"excerpt":"","rel":"","context":"Article similaire","block_context":{"text":"Article similaire","link":""},"img":{"alt_text":"","src":"https:\/\/i0.wp.com\/docmarket-dz.com\/wp-content\/uploads\/2023\/03\/EMBOUT-POUR-COMPOSITE-FLOW-e1680610528410.png?fit=600%2C600&ssl=1&resize=350%2C200","width":350,"height":200,"srcset":"https:\/\/i0.wp.com\/docmarket-dz.com\/wp-content\/uploads\/2023\/03\/EMBOUT-POUR-COMPOSITE-FLOW-e1680610528410.png?fit=600%2C600&ssl=1&resize=350%2C200 1x, https:\/\/i0.wp.com\/docmarket-dz.com\/wp-content\/uploads\/2023\/03\/EMBOUT-POUR-COMPOSITE-FLOW-e1680610528410.png?fit=600%2C600&ssl=1&resize=525%2C300 1.5x"},"classes":[]},{"id":26576,"url":"https:\/\/docmarket-dz.com\/index.php\/product\/composite-3m-p60\/","url_meta":{"origin":26563,"position":5},"title":"COMPOSITE 3M P60","author":"falek.h","date":"01\/01\/1970","format":false,"excerpt":"","rel":"","context":"Article similaire","block_context":{"text":"Article similaire","link":""},"img":{"alt_text":"","src":"https:\/\/i0.wp.com\/docmarket-dz.com\/wp-content\/uploads\/1970\/01\/CaptDEure.png?fit=602%2C474&ssl=1&resize=350%2C200","width":350,"height":200,"srcset":"https:\/\/i0.wp.com\/docmarket-dz.com\/wp-content\/uploads\/1970\/01\/CaptDEure.png?fit=602%2C474&ssl=1&resize=350%2C200 1x, https:\/\/i0.wp.com\/docmarket-dz.com\/wp-content\/uploads\/1970\/01\/CaptDEure.png?fit=602%2C474&ssl=1&resize=525%2C300 1.5x"},"classes":[]}],"jetpack_sharing_enabled":true,"tiered_pricing_type":"fixed","tiered_pricing_fixed_rules":[],"tiered_pricing_product_settings":{"layout":"default","base_unit_name":{"singular":null,"plural":null},"default_variation":null},"tiered_pricing_minimum_quantity":null,"tiered_pricing_roles_data":[],"tiered_pricing_percentage_rules":[],"_links":{"self":[{"href":"https:\/\/docmarket-dz.com\/index.php\/wp-json\/wp\/v2\/product\/26563","targetHints":{"allow":["GET"]}}],"collection":[{"href":"https:\/\/docmarket-dz.com\/index.php\/wp-json\/wp\/v2\/product"}],"about":[{"href":"https:\/\/docmarket-dz.com\/index.php\/wp-json\/wp\/v2\/types\/product"}],"replies":[{"embeddable":true,"href":"https:\/\/docmarket-dz.com\/index.php\/wp-json\/wp\/v2\/comments?post=26563"}],"wp:featuredmedia":[{"embeddable":true,"href":"https:\/\/docmarket-dz.com\/index.php\/wp-json\/wp\/v2\/media\/27422"}],"wp:attachment":[{"href":"https:\/\/docmarket-dz.com\/index.php\/wp-json\/wp\/v2\/media?parent=26563"}],"wp:term":[{"taxonomy":"product_brand","embeddable":true,"href":"https:\/\/docmarket-dz.com\/index.php\/wp-json\/wp\/v2\/product_brand?post=26563"},{"taxonomy":"product_cat","embeddable":true,"href":"https:\/\/docmarket-dz.com\/index.php\/wp-json\/wp\/v2\/product_cat?post=26563"},{"taxonomy":"product_tag","embeddable":true,"href":"https:\/\/docmarket-dz.com\/index.php\/wp-json\/wp\/v2\/product_tag?post=26563"}],"curies":[{"name":"wp","href":"https:\/\/api.w.org\/{rel}","templated":true}]}}