{"id":26566,"date":"1970-01-01T00:00:00","date_gmt":"1970-01-01T00:00:00","guid":{"rendered":"https:\/\/docmarket-dz.com\/?post_type=product&#038;p=26566"},"modified":"2023-10-11T09:16:22","modified_gmt":"2023-10-11T08:16:22","slug":"coffret-composite-gradia-direct-7ser","status":"publish","type":"product","link":"https:\/\/docmarket-dz.com\/index.php\/product\/coffret-composite-gradia-direct-7ser\/","title":{"rendered":"COFFRET COMPOSITE GRADIA DIRECT 7SERINGUES"},"content":{"rendered":"<div>Avantages :<\/div>\n<ul>\n<li>R\u00e9sine composite hybride micro charg\u00e9e con\u00e7ue \u00e0 partir du syst\u00e8me \u00e9prouv\u00e9 au laboratoire GC Gradia<\/li>\n<li>\u00a0Un syst\u00e8me unique de restauration pour tous vos besoins<\/li>\n<li>\u00a0Syst\u00e8me qui se compose de teintes Standard, &#8220;Outside Special&#8221; et &#8220;Inside Special&#8221;<\/li>\n<li>Concept unique pour des restaurations plus faciles<\/li>\n<\/ul>\n<div>Comment l&#8217;utiliser?<\/div>\n<div>\u00a0\u00a0\u00a0\u00a0Teintes Standards: Effet de teintes &#8221; cam\u00e9l\u00e9on &#8221; pour restaurations ant\u00e9rieures et post\u00e9rieures<\/div>\n<div>\u00a0\u00a0\u00a0\u00a0Outside Special:Teintes translucides pour restaurations ant\u00e9rieures et post\u00e9rieures<\/div>\n<div>\u00a0\u00a0\u00a0\u00a0Inside Special:Teintes Opaques pour restaurations ant\u00e9rieures uniquement<\/div>\n<div><\/div>\n<div>Coffret de 7 seringues A2, A3, A3.5, AO3, CV, CT, P-A2 et d&#8217;1 teintier.<\/div>\n","protected":false},"excerpt":{"rendered":"<p>Avantages : R\u00e9sine composite hybride micro charg\u00e9e con\u00e7ue \u00e0 partir du syst\u00e8me \u00e9prouv\u00e9 au laboratoire GC Gradia \u00a0Un syst\u00e8me unique de restauration pour tous vos besoins \u00a0Syst\u00e8me qui se compose de teintes Standard, &#8220;Outside Special&#8221; et &#8220;Inside Special&#8221; Concept unique pour des restaurations plus faciles Comment l&#8217;utiliser? \u00a0\u00a0\u00a0\u00a0Teintes Standards: Effet de teintes &#8221; cam\u00e9l\u00e9on &#8221; [&hellip;]<\/p>\n","protected":false},"featured_media":27430,"comment_status":"open","ping_status":"closed","template":"","meta":{"content-type":"","om_disable_all_campaigns":false,"_uf_show_specific_survey":0,"_uf_disable_surveys":false,"jetpack_publicize_message":"","jetpack_publicize_feature_enabled":true,"jetpack_social_post_already_shared":false,"jetpack_social_options":{"image_generator_settings":{"template":"highway","default_image_id":0,"font":"","enabled":false},"version":2}},"product_brand":[],"product_cat":[100],"product_tag":[],"class_list":{"0":"post-26566","1":"product","2":"type-product","3":"status-publish","4":"has-post-thumbnail","6":"product_cat-dentaire","8":"first","9":"onbackorder","10":"taxable","11":"shipping-taxable","12":"purchasable","13":"product-type-simple"},"supplier_id":null,"supplier_sku":"","barcode":null,"atum_controlled":true,"out_stock_date":null,"out_stock_threshold":null,"inheritable":false,"inbound_stock":0,"stock_on_hold":0,"sold_today":0,"sales_last_days":0,"reserved_stock":0,"customer_returns":0,"warehouse_damage":0,"lost_in_post":0,"other_logs":0,"out_stock_days":0,"lost_sales":0,"has_location":false,"update_date":"2026-04-16T00:07:51","atum_locations":[],"atum_stock_status":"onbackorder","restock_status":false,"low_stock_amount":"","sales_update_date":"2026-04-16T00:07:51","calc_backorders":null,"aioseo_notices":[],"jetpack_publicize_connections":[],"jetpack-related-posts":[{"id":26564,"url":"https:\/\/docmarket-dz.com\/index.php\/product\/coffret-composite-flow-nexcomp\/","url_meta":{"origin":26566,"position":0},"title":"COFFRET COMPOSITE FLOW NEXCOMP","author":"falek.h","date":"01\/01\/1970","format":false,"excerpt":"Indications : Base\/Liner sous les restaurations directes. Comblements des contre-d\u00e9pouilles. Restaurations pour des pr\u00e9parations \u00e0 minima de classes I, III et V. R\u00e9paration des restaurations indirectes. Scellant pour puits et sillons. Personnalisation des proth\u00e8ses provisoires en composites et acryliques.. Avantages : Photopolym\u00e9risation rapide - seulement 20 sec. Excellente r\u00e9sistance. P\u00e9rennit\u00e9\u2026","rel":"","context":"Article similaire","block_context":{"text":"Article similaire","link":""},"img":{"alt_text":"","src":"https:\/\/i0.wp.com\/docmarket-dz.com\/wp-content\/uploads\/1970\/01\/Nexcomp-Flow-META-BIOMED-1623316578-e1697011797606.jpg?fit=600%2C333&ssl=1&resize=350%2C200","width":350,"height":200,"srcset":"https:\/\/i0.wp.com\/docmarket-dz.com\/wp-content\/uploads\/1970\/01\/Nexcomp-Flow-META-BIOMED-1623316578-e1697011797606.jpg?fit=600%2C333&ssl=1&resize=350%2C200 1x, https:\/\/i0.wp.com\/docmarket-dz.com\/wp-content\/uploads\/1970\/01\/Nexcomp-Flow-META-BIOMED-1623316578-e1697011797606.jpg?fit=600%2C333&ssl=1&resize=525%2C300 1.5x"},"classes":[]},{"id":26582,"url":"https:\/\/docmarket-dz.com\/index.php\/product\/composite-coffret-reflectys-itena\/","url_meta":{"origin":26566,"position":1},"title":"COMPOSITE COFFRET REFLECTYS ITENA","author":"falek.h","date":"01\/01\/1970","format":false,"excerpt":"Composite universel pour restauration ant\u00e9rieure et post\u00e9rieure Coffret Stratification : 7 seringues Reflectys : A1 \/ A2 \/ A3 \/ A2O \/ A3O \/ E \/ I + 1 seringue de DentoEtch + 1 Iperbond Ultra Id\u00e9al pour les\u00a0restaurations post\u00e9rieures\u00a0sujettes \u00e0 de grands stress et les\u00a0restaurations ant\u00e9rieures\u00a0demandant un haut niveau\u2026","rel":"","context":"Article similaire","block_context":{"text":"Article similaire","link":""},"img":{"alt_text":"","src":"https:\/\/i0.wp.com\/docmarket-dz.com\/wp-content\/uploads\/1970\/01\/coffret-reflectys-e1697015621115.jpg?fit=600%2C600&ssl=1&resize=350%2C200","width":350,"height":200,"srcset":"https:\/\/i0.wp.com\/docmarket-dz.com\/wp-content\/uploads\/1970\/01\/coffret-reflectys-e1697015621115.jpg?fit=600%2C600&ssl=1&resize=350%2C200 1x, https:\/\/i0.wp.com\/docmarket-dz.com\/wp-content\/uploads\/1970\/01\/coffret-reflectys-e1697015621115.jpg?fit=600%2C600&ssl=1&resize=525%2C300 1.5x"},"classes":[]},{"id":26583,"url":"https:\/\/docmarket-dz.com\/index.php\/product\/composite-coffret-ventura-7ser\/","url_meta":{"origin":26566,"position":2},"title":"COMPOSITE COFFRET VENTURA 7SER","author":"falek.h","date":"01\/01\/1970","format":false,"excerpt":"DESCRIPTION Composite nano-hybride. Le composite nano-hybride universel photopolym\u00e9risable qui permet de r\u00e9aliser d'excellentes restaurations ant\u00e9rieures et post\u00e9rieures de haute qualit\u00e9. Il s'agit d'un composite hybride moderne modifi\u00e9 avec des nanoparticules de c\u00e9ramique. Il pr\u00e9sente donc d'excellentes propri\u00e9t\u00e9s de manipulation et garantit des restaurations esth\u00e9tiques, s\u00fbres et durables gr\u00e2ce \u00e0 sa\u2026","rel":"","context":"Article similaire","block_context":{"text":"Article similaire","link":""},"img":{"alt_text":"","src":"https:\/\/i0.wp.com\/docmarket-dz.com\/wp-content\/uploads\/1970\/01\/73120-13618021-e1697015782133.jpg?fit=600%2C333&ssl=1&resize=350%2C200","width":350,"height":200,"srcset":"https:\/\/i0.wp.com\/docmarket-dz.com\/wp-content\/uploads\/1970\/01\/73120-13618021-e1697015782133.jpg?fit=600%2C333&ssl=1&resize=350%2C200 1x, https:\/\/i0.wp.com\/docmarket-dz.com\/wp-content\/uploads\/1970\/01\/73120-13618021-e1697015782133.jpg?fit=600%2C333&ssl=1&resize=525%2C300 1.5x"},"classes":[]},{"id":26562,"url":"https:\/\/docmarket-dz.com\/index.php\/product\/coffret-3m-valux-9-seringues\/","url_meta":{"origin":26566,"position":3},"title":"COFFRET 3M VALUX Plus avec 9 SERINGUES","author":"falek.h","date":"01\/01\/1970","format":false,"excerpt":"Les indications: Restaurations directes ant\u00e9rieure et post\u00e9rieure classe I - V Inlays, onlays et facettes indirects Technique sandwich Avantages du produit: R\u00e9sistance \u00e0 l'usure et t\u00e9nacit\u00e9 \u00e0 la rupture maximales Fuite minimale aux marges lorsqu'il est utilis\u00e9 avec Adper Scotchbond Multi-Purpose Bonne polissabilit\u00e9 et maniabilit\u00e9 M\u00e9lange avec la couleur des\u2026","rel":"","context":"Article similaire","block_context":{"text":"Article similaire","link":""},"img":{"alt_text":"","src":"https:\/\/i0.wp.com\/docmarket-dz.com\/wp-content\/uploads\/1970\/01\/80991230_2559657817421497_7418835913918119936_n.jpg?fit=420%2C420&ssl=1&resize=350%2C200","width":350,"height":200},"classes":[]},{"id":26586,"url":"https:\/\/docmarket-dz.com\/index.php\/product\/composite-composan-ceram-promedica\/","url_meta":{"origin":26566,"position":4},"title":"COMPOSITE COMPOSAN CERAM PROMEDICA","author":"falek.h","date":"01\/01\/1970","format":false,"excerpt":"LES INDICATIONS\u00a0 Obturations des classes I \u00e0 V Reconstruction des parties ant\u00e9rieures traumatis\u00e9es Corrections de couleur et de forme pour une apparence esth\u00e9tique am\u00e9lior\u00e9e Verrouillage, attelle des parties ant\u00e9rieures l\u00e2ches Scellement prolong\u00e9 des fissures pour molaires et pr\u00e9molaires R\u00e9paration de facettes Accumulations de base Particuli\u00e8rement adapt\u00e9 aux inlays composites AVANTAGES\u2026","rel":"","context":"Article similaire","block_context":{"text":"Article similaire","link":""},"img":{"alt_text":"","src":"https:\/\/i0.wp.com\/docmarket-dz.com\/wp-content\/uploads\/1970\/01\/1861-D002762.jpg?fit=500%2C500&ssl=1&resize=350%2C200","width":350,"height":200},"classes":[]},{"id":26569,"url":"https:\/\/docmarket-dz.com\/index.php\/product\/coffret-nt-premium-5seringue\/","url_meta":{"origin":26566,"position":5},"title":"COFFRET NT PREMIUM avec 5 SERINGUE","author":"falek.h","date":"01\/01\/1970","format":false,"excerpt":"Recharges composites. Technique facile : choisissez une teinte et utilisez-la. Restaurations attrayantes en toute simplicit\u00e9 - Effet de m\u00e9lange sup\u00e9rieur. Nanocomposites universels polyvalents.","rel":"","context":"Article similaire","block_context":{"text":"Article similaire","link":""},"img":{"alt_text":"","src":"https:\/\/i0.wp.com\/docmarket-dz.com\/wp-content\/uploads\/1970\/01\/Coltene-NT-Premium.jpg?fit=500%2C500&ssl=1&resize=350%2C200","width":350,"height":200},"classes":[]}],"jetpack_sharing_enabled":true,"tiered_pricing_type":"fixed","tiered_pricing_fixed_rules":[],"tiered_pricing_product_settings":{"layout":"default","base_unit_name":{"singular":null,"plural":null},"default_variation":null},"tiered_pricing_minimum_quantity":null,"tiered_pricing_roles_data":[],"tiered_pricing_percentage_rules":[],"_links":{"self":[{"href":"https:\/\/docmarket-dz.com\/index.php\/wp-json\/wp\/v2\/product\/26566","targetHints":{"allow":["GET"]}}],"collection":[{"href":"https:\/\/docmarket-dz.com\/index.php\/wp-json\/wp\/v2\/product"}],"about":[{"href":"https:\/\/docmarket-dz.com\/index.php\/wp-json\/wp\/v2\/types\/product"}],"replies":[{"embeddable":true,"href":"https:\/\/docmarket-dz.com\/index.php\/wp-json\/wp\/v2\/comments?post=26566"}],"wp:featuredmedia":[{"embeddable":true,"href":"https:\/\/docmarket-dz.com\/index.php\/wp-json\/wp\/v2\/media\/27430"}],"wp:attachment":[{"href":"https:\/\/docmarket-dz.com\/index.php\/wp-json\/wp\/v2\/media?parent=26566"}],"wp:term":[{"taxonomy":"product_brand","embeddable":true,"href":"https:\/\/docmarket-dz.com\/index.php\/wp-json\/wp\/v2\/product_brand?post=26566"},{"taxonomy":"product_cat","embeddable":true,"href":"https:\/\/docmarket-dz.com\/index.php\/wp-json\/wp\/v2\/product_cat?post=26566"},{"taxonomy":"product_tag","embeddable":true,"href":"https:\/\/docmarket-dz.com\/index.php\/wp-json\/wp\/v2\/product_tag?post=26566"}],"curies":[{"name":"wp","href":"https:\/\/api.w.org\/{rel}","templated":true}]}}