{"id":26586,"date":"1970-01-01T00:00:00","date_gmt":"1970-01-01T00:00:00","guid":{"rendered":"https:\/\/docmarket-dz.com\/?post_type=product&#038;p=26586"},"modified":"2023-10-11T10:25:00","modified_gmt":"2023-10-11T09:25:00","slug":"composite-composan-ceram-promedica","status":"publish","type":"product","link":"https:\/\/docmarket-dz.com\/index.php\/product\/composite-composan-ceram-promedica\/","title":{"rendered":"COMPOSITE COMPOSAN CERAM PROMEDICA"},"content":{"rendered":"<h5><strong><span>LES INDICATIONS\u00a0<\/span><\/strong><\/h5>\n<ul>\n<li>Obturations des classes I \u00e0 V<\/li>\n<li>Reconstruction des parties ant\u00e9rieures traumatis\u00e9es<\/li>\n<li>Corrections de couleur et de forme pour une apparence esth\u00e9tique am\u00e9lior\u00e9e<\/li>\n<li>Verrouillage, attelle des parties ant\u00e9rieures l\u00e2ches<\/li>\n<li>Scellement prolong\u00e9 des fissures pour molaires et pr\u00e9molaires<\/li>\n<li>R\u00e9paration de facettes<\/li>\n<li>Accumulations de base<\/li>\n<li>Particuli\u00e8rement adapt\u00e9 aux inlays composites<\/li>\n<\/ul>\n<h5><strong><span>AVANTAGES<\/span><\/strong><\/h5>\n<ul>\n<li>Convient \u00e0 toutes les classes de cavit\u00e9s<\/li>\n<li>Application facile et rapide<\/li>\n<li>Manipulation optimale<\/li>\n<li>Scellement marginal parfait et permanent<\/li>\n<li>Retrait de polym\u00e9risation minimal<\/li>\n<li>Stabilit\u00e9 sup\u00e9rieure des couleurs : pas de d\u00e9coloration<\/li>\n<li>Excellente translucidit\u00e9<\/li>\n<li>Adaptation parfaite \u00e0 la teinte naturelle des dents<\/li>\n<li>Peut \u00eatre poli pour obtenir un brillant \u00e9lev\u00e9<\/li>\n<li>Radio-opacit\u00e9 \u00e9lev\u00e9e<\/li>\n<\/ul>\n<h5>SERINGUES DE PR\u00c9SENTATION :<\/h5>\n<ul>\n<li>Article n\u00b0 2760 : 7 seringues de 4 g (teintes A1, 2 x A2, A3, A3.5, B2, O), 4 ml de Compobond 1 , 5 ml de Cica , accessoires<\/li>\n<li>Article\u00a0n\u00b0 2761\u00a0:\u00a0seringue de 4g\u00a0, teinte A1<\/li>\n<li>Article\u00a0n\u00b0 2762\u00a0:\u00a04 g, teinte A2<\/li>\n<li>Article\u00a0n\u00b0 2763\u00a0:\u00a0de 4 g, teinte A3<\/li>\n<li>Article n\u00b0 2764 : de 4 g, teinte A3.5<\/li>\n<li>Article n\u00b0 2766 : de 4 g, teinte B2<\/li>\n<li>R\u00e9f . 2770 : Seringue de 4 g, teinte O<\/li>\n<\/ul>\n<h5>CASQUETTES DE PR\u00c9SENTATION<\/h5>\n<ul>\n<li>Article n\u00b0 2711 : 25 capsules de 0,25 g, teinte A1<\/li>\n<li>Article n\u00b0 2712 : 25 capsules de 0,25 g, teinte A2<\/li>\n<li>Article\u00a0n\u00b0 2713\u00a0:\u00a025 capsules de 0,25 g, teinte A3<\/li>\n<li>Article\u00a0n\u00b0 2714\u00a0:\u00a025 capsules de 0,25 g,teinteA3.5<\/li>\n<li>Article\u00a0n\u00b0 2715\u00a0:\u00a025 capsules de 0,25 g, teinte B2<\/li>\n<li>Article\u00a0n\u00b0 2716\u00a0:\u00a025 capsules de 0,25 g, teinte B3<\/li>\n<\/ul>\n","protected":false},"excerpt":{"rendered":"<p>LES INDICATIONS\u00a0 Obturations des classes I \u00e0 V Reconstruction des parties ant\u00e9rieures traumatis\u00e9es Corrections de couleur et de forme pour une apparence esth\u00e9tique am\u00e9lior\u00e9e Verrouillage, attelle des parties ant\u00e9rieures l\u00e2ches Scellement prolong\u00e9 des fissures pour molaires et pr\u00e9molaires R\u00e9paration de facettes Accumulations de base Particuli\u00e8rement adapt\u00e9 aux inlays composites AVANTAGES Convient \u00e0 toutes les classes [&hellip;]<\/p>\n","protected":false},"featured_media":27455,"comment_status":"open","ping_status":"closed","template":"","meta":{"content-type":"","om_disable_all_campaigns":false,"_uf_show_specific_survey":0,"_uf_disable_surveys":false,"jetpack_publicize_message":"","jetpack_publicize_feature_enabled":true,"jetpack_social_post_already_shared":false,"jetpack_social_options":{"image_generator_settings":{"template":"highway","default_image_id":0,"font":"","enabled":false},"version":2}},"product_brand":[],"product_cat":[100],"product_tag":[],"class_list":{"0":"post-26586","1":"product","2":"type-product","3":"status-publish","4":"has-post-thumbnail","6":"product_cat-dentaire","8":"first","9":"onbackorder","10":"taxable","11":"shipping-taxable","12":"purchasable","13":"product-type-simple"},"supplier_id":null,"supplier_sku":"","barcode":null,"atum_controlled":true,"out_stock_date":null,"out_stock_threshold":null,"inheritable":false,"inbound_stock":0,"stock_on_hold":0,"sold_today":0,"sales_last_days":0,"reserved_stock":0,"customer_returns":0,"warehouse_damage":0,"lost_in_post":0,"other_logs":0,"out_stock_days":0,"lost_sales":0,"has_location":false,"update_date":"2026-05-02T00:16:25","atum_locations":[],"atum_stock_status":"onbackorder","restock_status":false,"low_stock_amount":"","sales_update_date":"2026-05-02T00:16:25","calc_backorders":null,"aioseo_notices":[],"jetpack_publicize_connections":[],"jetpack-related-posts":[{"id":26634,"url":"https:\/\/docmarket-dz.com\/index.php\/product\/dentocore\/","url_meta":{"origin":26586,"position":0},"title":"DENTOCORE","author":"falek.h","date":"17\/03\/2023","format":false,"excerpt":"Composite de reconstitution de moignons et de scellement des tenons \u00a0 Indications Reconstitutions corono-radiculaires foul\u00e9es Scellement de tenons fibre de verre, carbone ou m\u00e9tal","rel":"","context":"Article similaire","block_context":{"text":"Article similaire","link":""},"img":{"alt_text":"","src":"https:\/\/i0.wp.com\/docmarket-dz.com\/wp-content\/uploads\/2023\/03\/DENTOCORE-1.jpg?fit=497%2C500&ssl=1&resize=350%2C200","width":350,"height":200},"classes":[]},{"id":26582,"url":"https:\/\/docmarket-dz.com\/index.php\/product\/composite-coffret-reflectys-itena\/","url_meta":{"origin":26586,"position":1},"title":"COMPOSITE COFFRET REFLECTYS ITENA","author":"falek.h","date":"01\/01\/1970","format":false,"excerpt":"Composite universel pour restauration ant\u00e9rieure et post\u00e9rieure Coffret Stratification : 7 seringues Reflectys : A1 \/ A2 \/ A3 \/ A2O \/ A3O \/ E \/ I + 1 seringue de DentoEtch + 1 Iperbond Ultra Id\u00e9al pour les\u00a0restaurations post\u00e9rieures\u00a0sujettes \u00e0 de grands stress et les\u00a0restaurations ant\u00e9rieures\u00a0demandant un haut niveau\u2026","rel":"","context":"Article similaire","block_context":{"text":"Article similaire","link":""},"img":{"alt_text":"","src":"https:\/\/i0.wp.com\/docmarket-dz.com\/wp-content\/uploads\/1970\/01\/coffret-reflectys-e1697015621115.jpg?fit=600%2C600&ssl=1&resize=350%2C200","width":350,"height":200,"srcset":"https:\/\/i0.wp.com\/docmarket-dz.com\/wp-content\/uploads\/1970\/01\/coffret-reflectys-e1697015621115.jpg?fit=600%2C600&ssl=1&resize=350%2C200 1x, https:\/\/i0.wp.com\/docmarket-dz.com\/wp-content\/uploads\/1970\/01\/coffret-reflectys-e1697015621115.jpg?fit=600%2C600&ssl=1&resize=525%2C300 1.5x"},"classes":[]},{"id":26583,"url":"https:\/\/docmarket-dz.com\/index.php\/product\/composite-coffret-ventura-7ser\/","url_meta":{"origin":26586,"position":2},"title":"COMPOSITE COFFRET VENTURA 7SER","author":"falek.h","date":"01\/01\/1970","format":false,"excerpt":"DESCRIPTION Composite nano-hybride. Le composite nano-hybride universel photopolym\u00e9risable qui permet de r\u00e9aliser d'excellentes restaurations ant\u00e9rieures et post\u00e9rieures de haute qualit\u00e9. Il s'agit d'un composite hybride moderne modifi\u00e9 avec des nanoparticules de c\u00e9ramique. Il pr\u00e9sente donc d'excellentes propri\u00e9t\u00e9s de manipulation et garantit des restaurations esth\u00e9tiques, s\u00fbres et durables gr\u00e2ce \u00e0 sa\u2026","rel":"","context":"Article similaire","block_context":{"text":"Article similaire","link":""},"img":{"alt_text":"","src":"https:\/\/i0.wp.com\/docmarket-dz.com\/wp-content\/uploads\/1970\/01\/73120-13618021-e1697015782133.jpg?fit=600%2C333&ssl=1&resize=350%2C200","width":350,"height":200,"srcset":"https:\/\/i0.wp.com\/docmarket-dz.com\/wp-content\/uploads\/1970\/01\/73120-13618021-e1697015782133.jpg?fit=600%2C333&ssl=1&resize=350%2C200 1x, https:\/\/i0.wp.com\/docmarket-dz.com\/wp-content\/uploads\/1970\/01\/73120-13618021-e1697015782133.jpg?fit=600%2C333&ssl=1&resize=525%2C300 1.5x"},"classes":[]},{"id":26566,"url":"https:\/\/docmarket-dz.com\/index.php\/product\/coffret-composite-gradia-direct-7ser\/","url_meta":{"origin":26586,"position":3},"title":"COFFRET COMPOSITE GRADIA DIRECT 7SERINGUES","author":"falek.h","date":"01\/01\/1970","format":false,"excerpt":"Avantages : R\u00e9sine composite hybride micro charg\u00e9e con\u00e7ue \u00e0 partir du syst\u00e8me \u00e9prouv\u00e9 au laboratoire GC Gradia \u00a0Un syst\u00e8me unique de restauration pour tous vos besoins \u00a0Syst\u00e8me qui se compose de teintes Standard, \"Outside Special\" et \"Inside Special\" Concept unique pour des restaurations plus faciles Comment l'utiliser? \u00a0\u00a0\u00a0\u00a0Teintes Standards: Effet\u2026","rel":"","context":"Article similaire","block_context":{"text":"Article similaire","link":""},"img":{"alt_text":"","src":"https:\/\/i0.wp.com\/docmarket-dz.com\/wp-content\/uploads\/1970\/01\/2019.09.18.23.28.04_5d82a1645a81a_13791_1462453137_big.jpg?fit=500%2C500&ssl=1&resize=350%2C200","width":350,"height":200},"classes":[]},{"id":26599,"url":"https:\/\/docmarket-dz.com\/index.php\/product\/composite-seringue-megafil\/","url_meta":{"origin":26586,"position":4},"title":"COMPOSITE SERINGUE MEGAFIL","author":"falek.h","date":"17\/03\/2023","format":false,"excerpt":"Composite micro-hybride photopolym\u00e9risable pour les dents ant\u00e9rieures et post\u00e9rieures. R\u00e9fl\u00e9chit la lumi\u00e8re naturelle et artificielle. Radiopaque. Le verre souple utilis\u00e9 comme charge a une duret\u00e9 de 5,5 Mohs, ce qui correspond \u00e0 la duret\u00e9 de la substance naturelle de la dent. Le verre doublement silanis\u00e9 donne un excellent polissage, un\u2026","rel":"","context":"Article similaire","block_context":{"text":"Article similaire","link":""},"img":{"alt_text":"","src":"https:\/\/i0.wp.com\/docmarket-dz.com\/wp-content\/uploads\/2023\/03\/COMPOSITE-SERINGUE-MEGAFIL-e1680617734994.jpg?fit=600%2C600&ssl=1&resize=350%2C200","width":350,"height":200,"srcset":"https:\/\/i0.wp.com\/docmarket-dz.com\/wp-content\/uploads\/2023\/03\/COMPOSITE-SERINGUE-MEGAFIL-e1680617734994.jpg?fit=600%2C600&ssl=1&resize=350%2C200 1x, https:\/\/i0.wp.com\/docmarket-dz.com\/wp-content\/uploads\/2023\/03\/COMPOSITE-SERINGUE-MEGAFIL-e1680617734994.jpg?fit=600%2C600&ssl=1&resize=525%2C300 1.5x"},"classes":[]},{"id":26564,"url":"https:\/\/docmarket-dz.com\/index.php\/product\/coffret-composite-flow-nexcomp\/","url_meta":{"origin":26586,"position":5},"title":"COFFRET COMPOSITE FLOW NEXCOMP","author":"falek.h","date":"01\/01\/1970","format":false,"excerpt":"Indications : Base\/Liner sous les restaurations directes. Comblements des contre-d\u00e9pouilles. Restaurations pour des pr\u00e9parations \u00e0 minima de classes I, III et V. R\u00e9paration des restaurations indirectes. Scellant pour puits et sillons. Personnalisation des proth\u00e8ses provisoires en composites et acryliques.. Avantages : Photopolym\u00e9risation rapide - seulement 20 sec. Excellente r\u00e9sistance. P\u00e9rennit\u00e9\u2026","rel":"","context":"Article similaire","block_context":{"text":"Article similaire","link":""},"img":{"alt_text":"","src":"https:\/\/i0.wp.com\/docmarket-dz.com\/wp-content\/uploads\/1970\/01\/Nexcomp-Flow-META-BIOMED-1623316578-e1697011797606.jpg?fit=600%2C333&ssl=1&resize=350%2C200","width":350,"height":200,"srcset":"https:\/\/i0.wp.com\/docmarket-dz.com\/wp-content\/uploads\/1970\/01\/Nexcomp-Flow-META-BIOMED-1623316578-e1697011797606.jpg?fit=600%2C333&ssl=1&resize=350%2C200 1x, https:\/\/i0.wp.com\/docmarket-dz.com\/wp-content\/uploads\/1970\/01\/Nexcomp-Flow-META-BIOMED-1623316578-e1697011797606.jpg?fit=600%2C333&ssl=1&resize=525%2C300 1.5x"},"classes":[]}],"jetpack_sharing_enabled":true,"tiered_pricing_type":"fixed","tiered_pricing_fixed_rules":[],"tiered_pricing_product_settings":{"layout":"default","base_unit_name":{"singular":null,"plural":null},"default_variation":null},"tiered_pricing_minimum_quantity":null,"tiered_pricing_roles_data":[],"tiered_pricing_percentage_rules":[],"_links":{"self":[{"href":"https:\/\/docmarket-dz.com\/index.php\/wp-json\/wp\/v2\/product\/26586","targetHints":{"allow":["GET"]}}],"collection":[{"href":"https:\/\/docmarket-dz.com\/index.php\/wp-json\/wp\/v2\/product"}],"about":[{"href":"https:\/\/docmarket-dz.com\/index.php\/wp-json\/wp\/v2\/types\/product"}],"replies":[{"embeddable":true,"href":"https:\/\/docmarket-dz.com\/index.php\/wp-json\/wp\/v2\/comments?post=26586"}],"wp:featuredmedia":[{"embeddable":true,"href":"https:\/\/docmarket-dz.com\/index.php\/wp-json\/wp\/v2\/media\/27455"}],"wp:attachment":[{"href":"https:\/\/docmarket-dz.com\/index.php\/wp-json\/wp\/v2\/media?parent=26586"}],"wp:term":[{"taxonomy":"product_brand","embeddable":true,"href":"https:\/\/docmarket-dz.com\/index.php\/wp-json\/wp\/v2\/product_brand?post=26586"},{"taxonomy":"product_cat","embeddable":true,"href":"https:\/\/docmarket-dz.com\/index.php\/wp-json\/wp\/v2\/product_cat?post=26586"},{"taxonomy":"product_tag","embeddable":true,"href":"https:\/\/docmarket-dz.com\/index.php\/wp-json\/wp\/v2\/product_tag?post=26586"}],"curies":[{"name":"wp","href":"https:\/\/api.w.org\/{rel}","templated":true}]}}