{"id":26608,"date":"2023-03-17T13:32:18","date_gmt":"2023-03-17T12:32:18","guid":{"rendered":"https:\/\/docmarket-dz.com\/?post_type=product&#038;p=26608"},"modified":"2023-08-09T13:58:45","modified_gmt":"2023-08-09T12:58:45","slug":"comproller-assorted-kit-kerr","status":"publish","type":"product","link":"https:\/\/docmarket-dz.com\/index.php\/product\/comproller-assorted-kit-kerr\/","title":{"rendered":"COMPOROLLER ASSORTED KIT KERR"},"content":{"rendered":"<p>Instrument de mod\u00e9lisation des composites<br \/>\nLe CompoRoller est con\u00e7u pour faciliter l&#8217;application de couches minces et r\u00e9guli\u00e8res de composite gr\u00e2ce \u00e0 l&#8217;action de roulement des pointes.<\/p>\n","protected":false},"excerpt":{"rendered":"<p>Instrument de mod\u00e9lisation des composites Le CompoRoller est con\u00e7u pour faciliter l&#8217;application de couches minces et r\u00e9guli\u00e8res de composite gr\u00e2ce \u00e0 l&#8217;action de roulement des pointes.<\/p>\n","protected":false},"featured_media":27057,"comment_status":"open","ping_status":"closed","template":"","meta":{"content-type":"","om_disable_all_campaigns":false,"_uf_show_specific_survey":0,"_uf_disable_surveys":false,"jetpack_publicize_message":"","jetpack_publicize_feature_enabled":true,"jetpack_social_post_already_shared":false,"jetpack_social_options":{"image_generator_settings":{"template":"highway","default_image_id":0,"font":"","enabled":false},"version":2}},"product_brand":[],"product_cat":[100],"product_tag":[],"class_list":{"0":"post-26608","1":"product","2":"type-product","3":"status-publish","4":"has-post-thumbnail","6":"product_cat-dentaire","8":"first","9":"onbackorder","10":"taxable","11":"shipping-taxable","12":"purchasable","13":"product-type-simple"},"supplier_id":null,"supplier_sku":"","barcode":null,"atum_controlled":true,"out_stock_date":null,"out_stock_threshold":null,"inheritable":false,"inbound_stock":0,"stock_on_hold":0,"sold_today":0,"sales_last_days":0,"reserved_stock":0,"customer_returns":0,"warehouse_damage":0,"lost_in_post":0,"other_logs":0,"out_stock_days":0,"lost_sales":0,"has_location":false,"update_date":"2026-04-16T00:07:51","atum_locations":[],"atum_stock_status":"onbackorder","restock_status":false,"low_stock_amount":"","sales_update_date":"2026-04-16T00:07:51","calc_backorders":null,"aioseo_notices":[],"jetpack_publicize_connections":[],"jetpack-related-posts":[{"id":26581,"url":"https:\/\/docmarket-dz.com\/index.php\/product\/composite-coffret-i-light\/","url_meta":{"origin":26608,"position":0},"title":"COMPOSITE COFFRET I-LIGHT","author":"falek.h","date":"01\/01\/1970","format":false,"excerpt":"Composite nano hybride, i-LIGHT coffret de 8 tubes de 4g + etching + bonding","rel":"","context":"Article similaire","block_context":{"text":"Article similaire","link":""},"img":{"alt_text":"","src":"https:\/\/i0.wp.com\/docmarket-dz.com\/wp-content\/uploads\/1970\/01\/i-light-n-4x4g-72-1000x667-1.jpg?fit=1000%2C667&ssl=1&resize=350%2C200","width":350,"height":200,"srcset":"https:\/\/i0.wp.com\/docmarket-dz.com\/wp-content\/uploads\/1970\/01\/i-light-n-4x4g-72-1000x667-1.jpg?fit=1000%2C667&ssl=1&resize=350%2C200 1x, https:\/\/i0.wp.com\/docmarket-dz.com\/wp-content\/uploads\/1970\/01\/i-light-n-4x4g-72-1000x667-1.jpg?fit=1000%2C667&ssl=1&resize=525%2C300 1.5x, https:\/\/i0.wp.com\/docmarket-dz.com\/wp-content\/uploads\/1970\/01\/i-light-n-4x4g-72-1000x667-1.jpg?fit=1000%2C667&ssl=1&resize=700%2C400 2x"},"classes":[]},{"id":26563,"url":"https:\/\/docmarket-dz.com\/index.php\/product\/coffret-composite-essentia-starter\/","url_meta":{"origin":26608,"position":1},"title":"COFFRET COMPOSITE ESSENTIA STARTER","author":"falek.h","date":"01\/01\/1970","format":false,"excerpt":"Starter kit de composite : Con\u00e7u pour la technique de stratification des composites. Couleur universelle. La brillance \u00e0 long terme est excellente gr\u00e2ce \u00e0 l'utilisation de particules de remplissage ultrafines. 7 seringues (1 de chaque couleur) Ld, Md, Dd, Le, De, U, Ml et 20 embouts.","rel":"","context":"Article similaire","block_context":{"text":"Article similaire","link":""},"img":{"alt_text":"","src":"https:\/\/i0.wp.com\/docmarket-dz.com\/wp-content\/uploads\/1970\/01\/GC900963-Essentia-Starter-Kit-800x800-1-e1697011536144.jpg?fit=600%2C600&ssl=1&resize=350%2C200","width":350,"height":200,"srcset":"https:\/\/i0.wp.com\/docmarket-dz.com\/wp-content\/uploads\/1970\/01\/GC900963-Essentia-Starter-Kit-800x800-1-e1697011536144.jpg?fit=600%2C600&ssl=1&resize=350%2C200 1x, https:\/\/i0.wp.com\/docmarket-dz.com\/wp-content\/uploads\/1970\/01\/GC900963-Essentia-Starter-Kit-800x800-1-e1697011536144.jpg?fit=600%2C600&ssl=1&resize=525%2C300 1.5x"},"classes":[]},{"id":26693,"url":"https:\/\/docmarket-dz.com\/index.php\/product\/embout-pour-composite-flow\/","url_meta":{"origin":26608,"position":2},"title":"EMBOUT POUR COMPOSITE FLOW","author":"falek.h","date":"01\/01\/1970","format":false,"excerpt":"","rel":"","context":"Article similaire","block_context":{"text":"Article similaire","link":""},"img":{"alt_text":"","src":"https:\/\/i0.wp.com\/docmarket-dz.com\/wp-content\/uploads\/2023\/03\/EMBOUT-POUR-COMPOSITE-FLOW-e1680610528410.png?fit=600%2C600&ssl=1&resize=350%2C200","width":350,"height":200,"srcset":"https:\/\/i0.wp.com\/docmarket-dz.com\/wp-content\/uploads\/2023\/03\/EMBOUT-POUR-COMPOSITE-FLOW-e1680610528410.png?fit=600%2C600&ssl=1&resize=350%2C200 1x, https:\/\/i0.wp.com\/docmarket-dz.com\/wp-content\/uploads\/2023\/03\/EMBOUT-POUR-COMPOSITE-FLOW-e1680610528410.png?fit=600%2C600&ssl=1&resize=525%2C300 1.5x"},"classes":[]},{"id":26576,"url":"https:\/\/docmarket-dz.com\/index.php\/product\/composite-3m-p60\/","url_meta":{"origin":26608,"position":3},"title":"COMPOSITE 3M P60","author":"falek.h","date":"01\/01\/1970","format":false,"excerpt":"","rel":"","context":"Article similaire","block_context":{"text":"Article similaire","link":""},"img":{"alt_text":"","src":"https:\/\/i0.wp.com\/docmarket-dz.com\/wp-content\/uploads\/1970\/01\/CaptDEure.png?fit=602%2C474&ssl=1&resize=350%2C200","width":350,"height":200,"srcset":"https:\/\/i0.wp.com\/docmarket-dz.com\/wp-content\/uploads\/1970\/01\/CaptDEure.png?fit=602%2C474&ssl=1&resize=350%2C200 1x, https:\/\/i0.wp.com\/docmarket-dz.com\/wp-content\/uploads\/1970\/01\/CaptDEure.png?fit=602%2C474&ssl=1&resize=525%2C300 1.5x"},"classes":[]},{"id":26587,"url":"https:\/\/docmarket-dz.com\/index.php\/product\/composite-essentia-gc-kit-4\/","url_meta":{"origin":26608,"position":4},"title":"COMPOSITE ESSENTIA GC KIT\/4","author":"falek.h","date":"01\/01\/1970","format":false,"excerpt":"Starter kit de composite : Con\u00e7u pour la technique de stratification des composites. Couleur universelle. La brillance \u00e0 long terme est excellente gr\u00e2ce \u00e0 l'utilisation de particules de remplissage ultrafines. 7 seringues (1 de chaque couleur) Ld, Md, Dd, Le, De, U, Ml et 20 embouts.","rel":"","context":"Article similaire","block_context":{"text":"Article similaire","link":""},"img":{"alt_text":"","src":"https:\/\/i0.wp.com\/docmarket-dz.com\/wp-content\/uploads\/1970\/01\/wqr-e1697016581855.jpg?fit=600%2C440&ssl=1&resize=350%2C200","width":350,"height":200,"srcset":"https:\/\/i0.wp.com\/docmarket-dz.com\/wp-content\/uploads\/1970\/01\/wqr-e1697016581855.jpg?fit=600%2C440&ssl=1&resize=350%2C200 1x, https:\/\/i0.wp.com\/docmarket-dz.com\/wp-content\/uploads\/1970\/01\/wqr-e1697016581855.jpg?fit=600%2C440&ssl=1&resize=525%2C300 1.5x"},"classes":[]},{"id":26577,"url":"https:\/\/docmarket-dz.com\/index.php\/product\/composite-auto-i-xcite\/","url_meta":{"origin":26608,"position":5},"title":"COMPOSITE AUTO I-XCITE","author":"falek.h","date":"01\/01\/1970","format":false,"excerpt":"","rel":"","context":"Article similaire","block_context":{"text":"Article similaire","link":""},"img":{"alt_text":"","src":"https:\/\/i0.wp.com\/docmarket-dz.com\/wp-content\/uploads\/1970\/01\/610.webp?fit=610%2C610&ssl=1&resize=350%2C200","width":350,"height":200,"srcset":"https:\/\/i0.wp.com\/docmarket-dz.com\/wp-content\/uploads\/1970\/01\/610.webp?fit=610%2C610&ssl=1&resize=350%2C200 1x, https:\/\/i0.wp.com\/docmarket-dz.com\/wp-content\/uploads\/1970\/01\/610.webp?fit=610%2C610&ssl=1&resize=525%2C300 1.5x"},"classes":[]}],"jetpack_sharing_enabled":true,"tiered_pricing_type":"fixed","tiered_pricing_fixed_rules":[],"tiered_pricing_product_settings":{"layout":"default","base_unit_name":{"singular":null,"plural":null},"default_variation":null},"tiered_pricing_minimum_quantity":null,"tiered_pricing_roles_data":[],"tiered_pricing_percentage_rules":[],"_links":{"self":[{"href":"https:\/\/docmarket-dz.com\/index.php\/wp-json\/wp\/v2\/product\/26608","targetHints":{"allow":["GET"]}}],"collection":[{"href":"https:\/\/docmarket-dz.com\/index.php\/wp-json\/wp\/v2\/product"}],"about":[{"href":"https:\/\/docmarket-dz.com\/index.php\/wp-json\/wp\/v2\/types\/product"}],"replies":[{"embeddable":true,"href":"https:\/\/docmarket-dz.com\/index.php\/wp-json\/wp\/v2\/comments?post=26608"}],"wp:featuredmedia":[{"embeddable":true,"href":"https:\/\/docmarket-dz.com\/index.php\/wp-json\/wp\/v2\/media\/27057"}],"wp:attachment":[{"href":"https:\/\/docmarket-dz.com\/index.php\/wp-json\/wp\/v2\/media?parent=26608"}],"wp:term":[{"taxonomy":"product_brand","embeddable":true,"href":"https:\/\/docmarket-dz.com\/index.php\/wp-json\/wp\/v2\/product_brand?post=26608"},{"taxonomy":"product_cat","embeddable":true,"href":"https:\/\/docmarket-dz.com\/index.php\/wp-json\/wp\/v2\/product_cat?post=26608"},{"taxonomy":"product_tag","embeddable":true,"href":"https:\/\/docmarket-dz.com\/index.php\/wp-json\/wp\/v2\/product_tag?post=26608"}],"curies":[{"name":"wp","href":"https:\/\/api.w.org\/{rel}","templated":true}]}}