{"id":26613,"date":"1970-01-01T00:00:00","date_gmt":"1970-01-01T00:00:00","guid":{"rendered":"https:\/\/docmarket-dz.com\/?post_type=product&#038;p=26613"},"modified":"2023-08-09T14:33:35","modified_gmt":"2023-08-09T13:33:35","slug":"cone-en-bois-k1t-400","status":"publish","type":"product","link":"https:\/\/docmarket-dz.com\/index.php\/product\/cone-en-bois-k1t-400\/","title":{"rendered":"CONE EN BOIS K1T\/400"},"content":{"rendered":"","protected":false},"excerpt":{"rendered":"","protected":false},"featured_media":0,"comment_status":"open","ping_status":"closed","template":"","meta":{"content-type":"","om_disable_all_campaigns":false,"_uf_show_specific_survey":0,"_uf_disable_surveys":false,"jetpack_publicize_message":"","jetpack_publicize_feature_enabled":true,"jetpack_social_post_already_shared":false,"jetpack_social_options":{"image_generator_settings":{"template":"highway","default_image_id":0,"font":"","enabled":false},"version":2}},"product_brand":[],"product_cat":[100],"product_tag":[],"class_list":{"0":"post-26613","1":"product","2":"type-product","3":"status-publish","5":"product_cat-dentaire","7":"first","8":"onbackorder","9":"taxable","10":"shipping-taxable","11":"purchasable","12":"product-type-simple"},"supplier_id":null,"supplier_sku":"","barcode":null,"atum_controlled":true,"out_stock_date":null,"out_stock_threshold":null,"inheritable":false,"inbound_stock":0,"stock_on_hold":0,"sold_today":0,"sales_last_days":0,"reserved_stock":0,"customer_returns":0,"warehouse_damage":0,"lost_in_post":0,"other_logs":0,"out_stock_days":0,"lost_sales":0,"has_location":false,"update_date":"2026-04-16T00:07:51","atum_locations":[],"atum_stock_status":"onbackorder","restock_status":false,"low_stock_amount":"","sales_update_date":"2026-04-16T00:07:51","calc_backorders":null,"aioseo_notices":[],"jetpack_publicize_connections":[],"jetpack-related-posts":[{"id":29969,"url":"https:\/\/docmarket-dz.com\/index.php\/product\/papier-ecg-80x90x280-mac-400-mac-600\/","url_meta":{"origin":26613,"position":0},"title":"Papier ECG 80x90x280 &#8211; MAC 400\/ MAC 600","author":"Sofiane Arbouche","date":"13\/03\/2025","format":false,"excerpt":"","rel":"","context":"Article similaire","block_context":{"text":"Article similaire","link":""},"img":{"alt_text":"","src":"","width":0,"height":0},"classes":[]},{"id":30483,"url":"https:\/\/docmarket-dz.com\/index.php\/product\/savon-liquide-antibacterien\/","url_meta":{"origin":26613,"position":1},"title":"SAVON LIQUIDE ANTIBACTERIEN POUR LES MAINS SENTEUR CITRON (SAV PROTECT) 400 ML 2M","author":"Amel","date":"19\/11\/2025","format":false,"excerpt":"","rel":"","context":"Article similaire","block_context":{"text":"Article similaire","link":""},"img":{"alt_text":"","src":"","width":0,"height":0},"classes":[]},{"id":24358,"url":"https:\/\/docmarket-dz.com\/index.php\/product\/abaisse-langue\/","url_meta":{"origin":26613,"position":2},"title":"Abaisse langue  en bois &#8211; Boite de 100","author":"falek.h","date":"23\/12\/2022","format":false,"excerpt":"\u00a0","rel":"","context":"Article similaire","block_context":{"text":"Article similaire","link":""},"img":{"alt_text":"","src":"https:\/\/i0.wp.com\/docmarket-dz.com\/wp-content\/uploads\/2022\/12\/abaisse-langue-adulte-mediclinic.jpg?fit=800%2C800&ssl=1&resize=350%2C200","width":350,"height":200,"srcset":"https:\/\/i0.wp.com\/docmarket-dz.com\/wp-content\/uploads\/2022\/12\/abaisse-langue-adulte-mediclinic.jpg?fit=800%2C800&ssl=1&resize=350%2C200 1x, https:\/\/i0.wp.com\/docmarket-dz.com\/wp-content\/uploads\/2022\/12\/abaisse-langue-adulte-mediclinic.jpg?fit=800%2C800&ssl=1&resize=525%2C300 1.5x, https:\/\/i0.wp.com\/docmarket-dz.com\/wp-content\/uploads\/2022\/12\/abaisse-langue-adulte-mediclinic.jpg?fit=800%2C800&ssl=1&resize=700%2C400 2x"},"classes":[]},{"id":27994,"url":"https:\/\/docmarket-dz.com\/index.php\/product\/autoclave-de-paillasse-18-l-classe-b-avec-imprimante-integree-le-prix-change-selon-larrivage\/","url_meta":{"origin":26613,"position":3},"title":"Autoclave de paillasse 18 L classe B avec imprimante int\u00e9gr\u00e9e (Le prix change selon l&#8217;arrivage)","author":"fatmazohra.nasri","date":"04\/12\/2023","format":false,"excerpt":"Autoclave st\u00e9rilisateur avec imprimante int\u00e9gr\u00e9, mod\u00e8le TANDA 18L -\u00a0\u00a0\u00a0\u00a0\u00a0 Norme Europ\u00e9enne B avec 3 temps de nettoyage et de s\u00e9chage -\u00a0\u00a0\u00a0\u00a0\u00a0 L\u2019Humidit\u00e9 r\u00e9siduelle est moins de 0,2 %\u00a0; La capacit\u00e9 du vide atteint -0,8bar -\u00a0\u00a0\u00a0\u00a0\u00a0 Imprimante int\u00e9gr\u00e9e -\u00a0\u00a0\u00a0\u00a0\u00a0 Capteur mesurant la qualit\u00e9 de l\u2019eau \u00a0 Caract\u00e9ristiques techniques : -\u00a0\u00a0\u00a0\u00a0\u00a0 Tension\u2026","rel":"","context":"Article similaire","block_context":{"text":"Article similaire","link":""},"img":{"alt_text":"","src":"https:\/\/i0.wp.com\/docmarket-dz.com\/wp-content\/uploads\/2023\/12\/2017725132534prosmallpic.jpg?fit=591%2C600&ssl=1&resize=350%2C200","width":350,"height":200,"srcset":"https:\/\/i0.wp.com\/docmarket-dz.com\/wp-content\/uploads\/2023\/12\/2017725132534prosmallpic.jpg?fit=591%2C600&ssl=1&resize=350%2C200 1x, https:\/\/i0.wp.com\/docmarket-dz.com\/wp-content\/uploads\/2023\/12\/2017725132534prosmallpic.jpg?fit=591%2C600&ssl=1&resize=525%2C300 1.5x"},"classes":[]},{"id":27987,"url":"https:\/\/docmarket-dz.com\/index.php\/product\/autoclave-de-paillasse-table-classe-b-23-litres-modele-tanda-avec-usb-le-prix-change-selon-larrivage\/","url_meta":{"origin":26613,"position":4},"title":"Autoclave de paillasse classe B 24 Litres Mod\u00e8le TANDA","author":"fatmazohra.nasri","date":"04\/12\/2023","format":false,"excerpt":"Autoclave st\u00e9rilisateur avec Port USB, mod\u00e8le TANDA 24L -\u00a0\u00a0\u00a0 \u00a0 Norme Europ\u00e9enne B avec 3 temps de nettoyage et de s\u00e9chage -\u00a0\u00a0\u00a0\u00a0\u00a0 L\u2019Humidit\u00e9 r\u00e9siduelle est moins de 0,2 %\u00a0; La capacit\u00e9 du vide atteint -0,8bar -\u00a0\u00a0\u00a0\u00a0\u00a0 Avec port USB -\u00a0\u00a0\u00a0\u00a0\u00a0 Capteur mesurant la qualit\u00e9 de l\u2019eau \u00a0 Sp\u00e9cifications techniques :\u2026","rel":"","context":"Article similaire","block_context":{"text":"Article similaire","link":""},"img":{"alt_text":"","src":"https:\/\/i0.wp.com\/docmarket-dz.com\/wp-content\/uploads\/2023\/12\/2017725132534probigpic_1.jpg?fit=598%2C600&ssl=1&resize=350%2C200","width":350,"height":200,"srcset":"https:\/\/i0.wp.com\/docmarket-dz.com\/wp-content\/uploads\/2023\/12\/2017725132534probigpic_1.jpg?fit=598%2C600&ssl=1&resize=350%2C200 1x, https:\/\/i0.wp.com\/docmarket-dz.com\/wp-content\/uploads\/2023\/12\/2017725132534probigpic_1.jpg?fit=598%2C600&ssl=1&resize=525%2C300 1.5x"},"classes":[]},{"id":26609,"url":"https:\/\/docmarket-dz.com\/index.php\/product\/cone-de-gutta-2\/","url_meta":{"origin":26613,"position":5},"title":"CONE DE GUTTA 2%","author":"falek.h","date":"01\/01\/1970","format":false,"excerpt":"","rel":"","context":"Article similaire","block_context":{"text":"Article similaire","link":""},"img":{"alt_text":"","src":"","width":0,"height":0},"classes":[]}],"jetpack_sharing_enabled":true,"tiered_pricing_type":"fixed","tiered_pricing_fixed_rules":[],"tiered_pricing_product_settings":{"layout":"default","base_unit_name":{"singular":null,"plural":null},"default_variation":null},"tiered_pricing_minimum_quantity":null,"tiered_pricing_roles_data":[],"tiered_pricing_percentage_rules":[],"_links":{"self":[{"href":"https:\/\/docmarket-dz.com\/index.php\/wp-json\/wp\/v2\/product\/26613","targetHints":{"allow":["GET"]}}],"collection":[{"href":"https:\/\/docmarket-dz.com\/index.php\/wp-json\/wp\/v2\/product"}],"about":[{"href":"https:\/\/docmarket-dz.com\/index.php\/wp-json\/wp\/v2\/types\/product"}],"replies":[{"embeddable":true,"href":"https:\/\/docmarket-dz.com\/index.php\/wp-json\/wp\/v2\/comments?post=26613"}],"wp:attachment":[{"href":"https:\/\/docmarket-dz.com\/index.php\/wp-json\/wp\/v2\/media?parent=26613"}],"wp:term":[{"taxonomy":"product_brand","embeddable":true,"href":"https:\/\/docmarket-dz.com\/index.php\/wp-json\/wp\/v2\/product_brand?post=26613"},{"taxonomy":"product_cat","embeddable":true,"href":"https:\/\/docmarket-dz.com\/index.php\/wp-json\/wp\/v2\/product_cat?post=26613"},{"taxonomy":"product_tag","embeddable":true,"href":"https:\/\/docmarket-dz.com\/index.php\/wp-json\/wp\/v2\/product_tag?post=26613"}],"curies":[{"name":"wp","href":"https:\/\/api.w.org\/{rel}","templated":true}]}}