{"id":26636,"date":"2023-03-17T13:32:28","date_gmt":"2023-03-17T12:32:28","guid":{"rendered":"https:\/\/docmarket-dz.com\/?post_type=product&#038;p=26636"},"modified":"2024-03-20T21:34:40","modified_gmt":"2024-03-20T20:34:40","slug":"dentocrown","status":"publish","type":"product","link":"https:\/\/docmarket-dz.com\/index.php\/product\/dentocrown\/","title":{"rendered":"DENTOCROWN"},"content":{"rendered":"<p>R\u00e9sine composite ch\u00e9mo-polym\u00e9risable pour la confection de couronnes et de bridges provisoires.<\/p>\n<p>Dentocrown est extr\u00eamement r\u00e9sistant et dur, la forme est conserv\u00e9e m\u00eame lors de compression, de m\u00eame il a un fini tr\u00e8s esth\u00e9tique gr\u00e2ce \u00e0 la fluorescence naturelle qui ressemble fortement \u00e0 la teinte de la dent. Malgr\u00e9 le fait qu\u2019il soit tr\u00e8s r\u00e9sistant, la d\u00e9sincrustation est possible et facile gr\u00e2ce \u00e0 la phase \u00e9lastique. Le produit est \u00e0 utiliser sur une dent vivante \u00e0 l\u2019aide d\u2019un pistolet standard, ce qui limitera le gaspillage.<\/p>\n","protected":false},"excerpt":{"rendered":"<p>R\u00e9sine composite ch\u00e9mo-polym\u00e9risable pour la confection de couronnes et de bridges provisoires. Dentocrown est extr\u00eamement r\u00e9sistant et dur, la forme est conserv\u00e9e m\u00eame lors de compression, de m\u00eame il a un fini tr\u00e8s esth\u00e9tique gr\u00e2ce \u00e0 la fluorescence naturelle qui ressemble fortement \u00e0 la teinte de la dent. Malgr\u00e9 le fait qu\u2019il soit tr\u00e8s r\u00e9sistant, [&hellip;]<\/p>\n","protected":false},"featured_media":27047,"comment_status":"open","ping_status":"closed","template":"","meta":{"content-type":"","om_disable_all_campaigns":false,"_uf_show_specific_survey":0,"_uf_disable_surveys":false,"jetpack_publicize_message":"","jetpack_publicize_feature_enabled":true,"jetpack_social_post_already_shared":false,"jetpack_social_options":{"image_generator_settings":{"template":"highway","default_image_id":0,"font":"","enabled":false},"version":2}},"product_brand":[],"product_cat":[100],"product_tag":[],"class_list":{"0":"post-26636","1":"product","2":"type-product","3":"status-publish","4":"has-post-thumbnail","6":"product_cat-dentaire","8":"first","9":"onbackorder","10":"taxable","11":"shipping-taxable","12":"purchasable","13":"product-type-simple"},"supplier_id":null,"supplier_sku":"","barcode":null,"atum_controlled":true,"out_stock_date":null,"out_stock_threshold":null,"inheritable":false,"inbound_stock":0,"stock_on_hold":0,"sold_today":0,"sales_last_days":0,"reserved_stock":0,"customer_returns":0,"warehouse_damage":0,"lost_in_post":0,"other_logs":0,"out_stock_days":0,"lost_sales":0,"has_location":false,"update_date":"2026-04-16T00:07:54","atum_locations":[],"atum_stock_status":"onbackorder","restock_status":false,"low_stock_amount":"","sales_update_date":"2026-04-16T00:07:54","calc_backorders":null,"aioseo_notices":[],"jetpack_publicize_connections":[],"jetpack-related-posts":[{"id":26599,"url":"https:\/\/docmarket-dz.com\/index.php\/product\/composite-seringue-megafil\/","url_meta":{"origin":26636,"position":0},"title":"COMPOSITE SERINGUE MEGAFIL","author":"falek.h","date":"17\/03\/2023","format":false,"excerpt":"Composite micro-hybride photopolym\u00e9risable pour les dents ant\u00e9rieures et post\u00e9rieures. R\u00e9fl\u00e9chit la lumi\u00e8re naturelle et artificielle. Radiopaque. Le verre souple utilis\u00e9 comme charge a une duret\u00e9 de 5,5 Mohs, ce qui correspond \u00e0 la duret\u00e9 de la substance naturelle de la dent. Le verre doublement silanis\u00e9 donne un excellent polissage, un\u2026","rel":"","context":"Article similaire","block_context":{"text":"Article similaire","link":""},"img":{"alt_text":"","src":"https:\/\/i0.wp.com\/docmarket-dz.com\/wp-content\/uploads\/2023\/03\/COMPOSITE-SERINGUE-MEGAFIL-e1680617734994.jpg?fit=600%2C600&ssl=1&resize=350%2C200","width":350,"height":200,"srcset":"https:\/\/i0.wp.com\/docmarket-dz.com\/wp-content\/uploads\/2023\/03\/COMPOSITE-SERINGUE-MEGAFIL-e1680617734994.jpg?fit=600%2C600&ssl=1&resize=350%2C200 1x, https:\/\/i0.wp.com\/docmarket-dz.com\/wp-content\/uploads\/2023\/03\/COMPOSITE-SERINGUE-MEGAFIL-e1680617734994.jpg?fit=600%2C600&ssl=1&resize=525%2C300 1.5x"},"classes":[]},{"id":26483,"url":"https:\/\/docmarket-dz.com\/index.php\/product\/blanchiment-flash\/","url_meta":{"origin":26636,"position":1},"title":"BLANCHIMENT FLASH","author":"falek.h","date":"17\/03\/2023","format":false,"excerpt":"Kit de blanchiment au fauteuil FLASH 2 Patients des dents assist\u00e9 par la lumi\u00e8re offre la forme la plus rapide de blanchiment des dents. Avec des accessoires parfaitement coordonn\u00e9s, fl\u00e4sh vous offre le plus haut niveau de confort et le meilleur r\u00e9sultat de traitement pour des dents brillantes et blanches.\u2026","rel":"","context":"Article similaire","block_context":{"text":"Article similaire","link":""},"img":{"alt_text":"","src":"https:\/\/i0.wp.com\/docmarket-dz.com\/wp-content\/uploads\/2023\/03\/BLANCHIMENTFLASH.png?fit=601%2C603&ssl=1&resize=350%2C200","width":350,"height":200,"srcset":"https:\/\/i0.wp.com\/docmarket-dz.com\/wp-content\/uploads\/2023\/03\/BLANCHIMENTFLASH.png?fit=601%2C603&ssl=1&resize=350%2C200 1x, https:\/\/i0.wp.com\/docmarket-dz.com\/wp-content\/uploads\/2023\/03\/BLANCHIMENTFLASH.png?fit=601%2C603&ssl=1&resize=525%2C300 1.5x"},"classes":[]},{"id":26637,"url":"https:\/\/docmarket-dz.com\/index.php\/product\/dentotemp\/","url_meta":{"origin":26636,"position":2},"title":"DENTOTEMP","author":"falek.h","date":"17\/03\/2023","format":false,"excerpt":"Ciment provisoire pour le collage \u00e0 long terme des restaurations proth\u00e9tiques. Avantages : Ne contient pas d'eug\u00e9nol - n'interagit pas avec les ciments composites. Force de liaison \u00e9lev\u00e9e mais retrait facile du travail. Ne provoque pas d'irritation gingivale lors du retrait du provisoire. Adh\u00e8re exactement \u00e0 l'int\u00e9rieur du travail proth\u00e9tique.\u2026","rel":"","context":"Article similaire","block_context":{"text":"Article similaire","link":""},"img":{"alt_text":"","src":"https:\/\/i0.wp.com\/docmarket-dz.com\/wp-content\/uploads\/2023\/03\/DENTOTEMP-e1680616289670.jpg?fit=545%2C600&ssl=1&resize=350%2C200","width":350,"height":200,"srcset":"https:\/\/i0.wp.com\/docmarket-dz.com\/wp-content\/uploads\/2023\/03\/DENTOTEMP-e1680616289670.jpg?fit=545%2C600&ssl=1&resize=350%2C200 1x, https:\/\/i0.wp.com\/docmarket-dz.com\/wp-content\/uploads\/2023\/03\/DENTOTEMP-e1680616289670.jpg?fit=545%2C600&ssl=1&resize=525%2C300 1.5x"},"classes":[]},{"id":26567,"url":"https:\/\/docmarket-dz.com\/index.php\/product\/coffret-composite-prime-dent-photo\/","url_meta":{"origin":26636,"position":3},"title":"COFFRET COMPOSITE PRIME-DENT","author":"falek.h","date":"01\/01\/1970","format":false,"excerpt":"Le kit composite hybride dentaire Prime est un kit de restauration contenant une r\u00e9sine composite, un agent de gravure et un agent de liaison.\u00a07 seringues de 4,5 g chacune de composite photopolym\u00e9risable sont incluses dans le kit de restauration.\u00a0De plus, un flacon d'enchantement (7,5 ml) et de la colle de\u2026","rel":"","context":"Article similaire","block_context":{"text":"Article similaire","link":""},"img":{"alt_text":"","src":"https:\/\/i0.wp.com\/docmarket-dz.com\/wp-content\/uploads\/1970\/01\/prime-dent-kit-min-e1697012420677.webp?fit=600%2C600&ssl=1&resize=350%2C200","width":350,"height":200,"srcset":"https:\/\/i0.wp.com\/docmarket-dz.com\/wp-content\/uploads\/1970\/01\/prime-dent-kit-min-e1697012420677.webp?fit=600%2C600&ssl=1&resize=350%2C200 1x, https:\/\/i0.wp.com\/docmarket-dz.com\/wp-content\/uploads\/1970\/01\/prime-dent-kit-min-e1697012420677.webp?fit=600%2C600&ssl=1&resize=525%2C300 1.5x"},"classes":[]},{"id":26505,"url":"https:\/\/docmarket-dz.com\/index.php\/product\/brosse-a-dent-odf\/","url_meta":{"origin":26636,"position":4},"title":"BROSSE A DENT ODF","author":"falek.h","date":"01\/01\/1970","format":false,"excerpt":"","rel":"","context":"Article similaire","block_context":{"text":"Article similaire","link":""},"img":{"alt_text":"","src":"","width":0,"height":0},"classes":[]},{"id":26501,"url":"https:\/\/docmarket-dz.com\/index.php\/product\/bonding-universel-c-bond\/","url_meta":{"origin":26636,"position":5},"title":"BONDING UNIVERSEL C-BOND","author":"falek.h","date":"17\/03\/2023","format":false,"excerpt":"C-Bond est un adh\u00e9sif total-etch (mordan\u00e7age total) avec une excellente adh\u00e9sion \u00e0 la dentine et \u00e0 l\u00b4\u00e9mail dentaire. C-Bond assure une bonne r\u00e9tention entre le composite et la dent. Le mat\u00e9riau est d\u00b4une consistance fluide et facile \u00e0 appliquer. C-Bond adh\u00e8re aussi sur les ciments verre ionom\u00e8re pour fond de\u2026","rel":"","context":"Article similaire","block_context":{"text":"Article similaire","link":""},"img":{"alt_text":"","src":"https:\/\/i0.wp.com\/docmarket-dz.com\/wp-content\/uploads\/2023\/03\/BONDING-UNIVERSEL-C-BOND-e1680699009381.jpg?fit=777%2C600&ssl=1&resize=350%2C200","width":350,"height":200,"srcset":"https:\/\/i0.wp.com\/docmarket-dz.com\/wp-content\/uploads\/2023\/03\/BONDING-UNIVERSEL-C-BOND-e1680699009381.jpg?fit=777%2C600&ssl=1&resize=350%2C200 1x, https:\/\/i0.wp.com\/docmarket-dz.com\/wp-content\/uploads\/2023\/03\/BONDING-UNIVERSEL-C-BOND-e1680699009381.jpg?fit=777%2C600&ssl=1&resize=525%2C300 1.5x, https:\/\/i0.wp.com\/docmarket-dz.com\/wp-content\/uploads\/2023\/03\/BONDING-UNIVERSEL-C-BOND-e1680699009381.jpg?fit=777%2C600&ssl=1&resize=700%2C400 2x"},"classes":[]}],"jetpack_sharing_enabled":true,"tiered_pricing_type":"fixed","tiered_pricing_fixed_rules":[],"tiered_pricing_product_settings":{"layout":"default","base_unit_name":{"singular":null,"plural":null},"default_variation":null},"tiered_pricing_minimum_quantity":null,"tiered_pricing_roles_data":[],"tiered_pricing_percentage_rules":[],"_links":{"self":[{"href":"https:\/\/docmarket-dz.com\/index.php\/wp-json\/wp\/v2\/product\/26636","targetHints":{"allow":["GET"]}}],"collection":[{"href":"https:\/\/docmarket-dz.com\/index.php\/wp-json\/wp\/v2\/product"}],"about":[{"href":"https:\/\/docmarket-dz.com\/index.php\/wp-json\/wp\/v2\/types\/product"}],"replies":[{"embeddable":true,"href":"https:\/\/docmarket-dz.com\/index.php\/wp-json\/wp\/v2\/comments?post=26636"}],"wp:featuredmedia":[{"embeddable":true,"href":"https:\/\/docmarket-dz.com\/index.php\/wp-json\/wp\/v2\/media\/27047"}],"wp:attachment":[{"href":"https:\/\/docmarket-dz.com\/index.php\/wp-json\/wp\/v2\/media?parent=26636"}],"wp:term":[{"taxonomy":"product_brand","embeddable":true,"href":"https:\/\/docmarket-dz.com\/index.php\/wp-json\/wp\/v2\/product_brand?post=26636"},{"taxonomy":"product_cat","embeddable":true,"href":"https:\/\/docmarket-dz.com\/index.php\/wp-json\/wp\/v2\/product_cat?post=26636"},{"taxonomy":"product_tag","embeddable":true,"href":"https:\/\/docmarket-dz.com\/index.php\/wp-json\/wp\/v2\/product_tag?post=26636"}],"curies":[{"name":"wp","href":"https:\/\/api.w.org\/{rel}","templated":true}]}}