{"id":26637,"date":"2023-03-17T13:32:28","date_gmt":"2023-03-17T12:32:28","guid":{"rendered":"https:\/\/docmarket-dz.com\/?post_type=product&#038;p=26637"},"modified":"2023-08-09T13:57:47","modified_gmt":"2023-08-09T12:57:47","slug":"dentotemp","status":"publish","type":"product","link":"https:\/\/docmarket-dz.com\/index.php\/product\/dentotemp\/","title":{"rendered":"DENTOTEMP"},"content":{"rendered":"<p><strong>Ciment provisoire pour le collage \u00e0 long terme des restaurations proth\u00e9tiques.<\/strong><\/p>\n<p><strong>Avantages :<\/strong><\/p>\n<ul>\n<li>Ne contient pas d&#8217;eug\u00e9nol &#8211; n&#8217;interagit pas avec les ciments composites.<\/li>\n<li>Force de liaison \u00e9lev\u00e9e mais retrait facile du travail.<\/li>\n<li>Ne provoque pas d&#8217;irritation gingivale lors du retrait du provisoire.<\/li>\n<li>Adh\u00e8re exactement \u00e0 l&#8217;int\u00e9rieur du travail proth\u00e9tique.<\/li>\n<li>Le ciment est enlev\u00e9 en m\u00eame temps que le travail proth\u00e9tique.<\/li>\n<li>Les piliers proth\u00e9tiques restent parfaitement propres.<\/li>\n<li>Peut \u00eatre utilis\u00e9 sur des dents vivantes.<\/li>\n<li>La mati\u00e8re cr\u00e9e une fine couche, c&#8217;est tr\u00e8s esth\u00e9tique.<\/li>\n<li>Insensible aux rayons X.<\/li>\n<li>Id\u00e9al pour les travaux d&#8217;implantologie.<\/li>\n<\/ul>\n<p><strong>Les indications:<\/strong><\/p>\n<ul>\n<li>Mise en place provisoire des restaurations proth\u00e9tiques en cas de mauvaise r\u00e9tention et\/ou mise en place \u00e0 long terme.<\/li>\n<li>Enrobage \u00e0 long terme des restaurations proth\u00e9tiques implanto-port\u00e9es.<\/li>\n<\/ul>\n","protected":false},"excerpt":{"rendered":"<p>Ciment provisoire pour le collage \u00e0 long terme des restaurations proth\u00e9tiques. Avantages : Ne contient pas d&#8217;eug\u00e9nol &#8211; n&#8217;interagit pas avec les ciments composites. Force de liaison \u00e9lev\u00e9e mais retrait facile du travail. Ne provoque pas d&#8217;irritation gingivale lors du retrait du provisoire. Adh\u00e8re exactement \u00e0 l&#8217;int\u00e9rieur du travail proth\u00e9tique. Le ciment est enlev\u00e9 en [&hellip;]<\/p>\n","protected":false},"featured_media":27049,"comment_status":"open","ping_status":"closed","template":"","meta":{"content-type":"","om_disable_all_campaigns":false,"_uf_show_specific_survey":0,"_uf_disable_surveys":false,"jetpack_publicize_message":"","jetpack_publicize_feature_enabled":true,"jetpack_social_post_already_shared":false,"jetpack_social_options":{"image_generator_settings":{"template":"highway","default_image_id":0,"font":"","enabled":false},"version":2}},"product_brand":[],"product_cat":[100],"product_tag":[],"class_list":{"0":"post-26637","1":"product","2":"type-product","3":"status-publish","4":"has-post-thumbnail","6":"product_cat-dentaire","8":"first","9":"onbackorder","10":"taxable","11":"shipping-taxable","12":"purchasable","13":"product-type-simple"},"supplier_id":null,"supplier_sku":"","barcode":null,"atum_controlled":true,"out_stock_date":null,"out_stock_threshold":null,"inheritable":false,"inbound_stock":0,"stock_on_hold":0,"sold_today":0,"sales_last_days":0,"reserved_stock":0,"customer_returns":0,"warehouse_damage":0,"lost_in_post":0,"other_logs":0,"out_stock_days":0,"lost_sales":0,"has_location":false,"update_date":"2026-04-16T00:07:54","atum_locations":[],"atum_stock_status":"onbackorder","restock_status":false,"low_stock_amount":"","sales_update_date":"2026-04-16T00:07:54","calc_backorders":null,"aioseo_notices":[],"jetpack_publicize_connections":[],"jetpack-related-posts":[{"id":26564,"url":"https:\/\/docmarket-dz.com\/index.php\/product\/coffret-composite-flow-nexcomp\/","url_meta":{"origin":26637,"position":0},"title":"COFFRET COMPOSITE FLOW NEXCOMP","author":"falek.h","date":"01\/01\/1970","format":false,"excerpt":"Indications : Base\/Liner sous les restaurations directes. Comblements des contre-d\u00e9pouilles. Restaurations pour des pr\u00e9parations \u00e0 minima de classes I, III et V. R\u00e9paration des restaurations indirectes. Scellant pour puits et sillons. Personnalisation des proth\u00e8ses provisoires en composites et acryliques.. Avantages : Photopolym\u00e9risation rapide - seulement 20 sec. Excellente r\u00e9sistance. P\u00e9rennit\u00e9\u2026","rel":"","context":"Article similaire","block_context":{"text":"Article similaire","link":""},"img":{"alt_text":"","src":"https:\/\/i0.wp.com\/docmarket-dz.com\/wp-content\/uploads\/1970\/01\/Nexcomp-Flow-META-BIOMED-1623316578-e1697011797606.jpg?fit=600%2C333&ssl=1&resize=350%2C200","width":350,"height":200,"srcset":"https:\/\/i0.wp.com\/docmarket-dz.com\/wp-content\/uploads\/1970\/01\/Nexcomp-Flow-META-BIOMED-1623316578-e1697011797606.jpg?fit=600%2C333&ssl=1&resize=350%2C200 1x, https:\/\/i0.wp.com\/docmarket-dz.com\/wp-content\/uploads\/1970\/01\/Nexcomp-Flow-META-BIOMED-1623316578-e1697011797606.jpg?fit=600%2C333&ssl=1&resize=525%2C300 1.5x"},"classes":[]},{"id":26636,"url":"https:\/\/docmarket-dz.com\/index.php\/product\/dentocrown\/","url_meta":{"origin":26637,"position":1},"title":"DENTOCROWN","author":"falek.h","date":"17\/03\/2023","format":false,"excerpt":"R\u00e9sine composite ch\u00e9mo-polym\u00e9risable pour la confection de couronnes et de bridges provisoires. Dentocrown est extr\u00eamement r\u00e9sistant et dur, la forme est conserv\u00e9e m\u00eame lors de compression, de m\u00eame il a un fini tr\u00e8s esth\u00e9tique gr\u00e2ce \u00e0 la fluorescence naturelle qui ressemble fortement \u00e0 la teinte de la dent. Malgr\u00e9 le\u2026","rel":"","context":"Article similaire","block_context":{"text":"Article similaire","link":""},"img":{"alt_text":"","src":"https:\/\/i0.wp.com\/docmarket-dz.com\/wp-content\/uploads\/2023\/03\/DENTOCROWN-e1680616169279.jpg?fit=600%2C600&ssl=1&resize=350%2C200","width":350,"height":200,"srcset":"https:\/\/i0.wp.com\/docmarket-dz.com\/wp-content\/uploads\/2023\/03\/DENTOCROWN-e1680616169279.jpg?fit=600%2C600&ssl=1&resize=350%2C200 1x, https:\/\/i0.wp.com\/docmarket-dz.com\/wp-content\/uploads\/2023\/03\/DENTOCROWN-e1680616169279.jpg?fit=600%2C600&ssl=1&resize=525%2C300 1.5x"},"classes":[]},{"id":26479,"url":"https:\/\/docmarket-dz.com\/index.php\/product\/biodentine-dose\/","url_meta":{"origin":26637,"position":2},"title":"BIODENTINE \/DOSE","author":"falek.h","date":"17\/03\/2023","format":false,"excerpt":"Caract\u00e9ristiques et b\u00e9n\u00e9fices Multi-indications : r\u00e9paration endodontique et restauration. Gain de temps au fauteuil gr\u00e2ce au collage direct du composite d\u00e9sormais possible dans la m\u00eame s\u00e9ance. Formation de dentine r\u00e9actionnelle pour une pr\u00e9servation de la vitalit\u00e9 pulpaire. Ancrage microm\u00e9canique naturel pour d\u2019excellentes propri\u00e9t\u00e9s d\u2019\u00e9tanch\u00e9it\u00e9 sans conditionnement pr\u00e9alable de la surface.\u2026","rel":"","context":"Article similaire","block_context":{"text":"Article similaire","link":""},"img":{"alt_text":"","src":"https:\/\/i0.wp.com\/docmarket-dz.com\/wp-content\/uploads\/2023\/03\/BIODENTINE-DOSE-e1680694850392.webp?fit=623%2C600&ssl=1&resize=350%2C200","width":350,"height":200,"srcset":"https:\/\/i0.wp.com\/docmarket-dz.com\/wp-content\/uploads\/2023\/03\/BIODENTINE-DOSE-e1680694850392.webp?fit=623%2C600&ssl=1&resize=350%2C200 1x, https:\/\/i0.wp.com\/docmarket-dz.com\/wp-content\/uploads\/2023\/03\/BIODENTINE-DOSE-e1680694850392.webp?fit=623%2C600&ssl=1&resize=525%2C300 1.5x"},"classes":[]},{"id":26496,"url":"https:\/\/docmarket-dz.com\/index.php\/product\/bonding-magic-coltene\/","url_meta":{"origin":26637,"position":3},"title":"BONDING MAGIC COLTENE","author":"falek.h","date":"17\/03\/2023","format":false,"excerpt":"A base d'alcool. Monocomposant - appr\u00eat et liant en un seul flacon. Les charges contenues dans la formulation aident \u00e0 renforcer la couche hybride. Utilisation dans les composites de restauration et les ciments r\u00e9sineux photopolym\u00e9risables. Contribue \u00e0 la r\u00e9duction de la r\u00e9cidive des caries dentaires Meilleur rapport co\u00fbt\/b\u00e9n\u00e9fice parmi les\u2026","rel":"","context":"Article similaire","block_context":{"text":"Article similaire","link":""},"img":{"alt_text":"","src":"https:\/\/i0.wp.com\/docmarket-dz.com\/wp-content\/uploads\/2023\/03\/BONDING-MAGIC-COLTENE-e1680698433375.jpg?fit=585%2C600&ssl=1&resize=350%2C200","width":350,"height":200,"srcset":"https:\/\/i0.wp.com\/docmarket-dz.com\/wp-content\/uploads\/2023\/03\/BONDING-MAGIC-COLTENE-e1680698433375.jpg?fit=585%2C600&ssl=1&resize=350%2C200 1x, https:\/\/i0.wp.com\/docmarket-dz.com\/wp-content\/uploads\/2023\/03\/BONDING-MAGIC-COLTENE-e1680698433375.jpg?fit=585%2C600&ssl=1&resize=525%2C300 1.5x"},"classes":[]},{"id":26582,"url":"https:\/\/docmarket-dz.com\/index.php\/product\/composite-coffret-reflectys-itena\/","url_meta":{"origin":26637,"position":4},"title":"COMPOSITE COFFRET REFLECTYS ITENA","author":"falek.h","date":"01\/01\/1970","format":false,"excerpt":"Composite universel pour restauration ant\u00e9rieure et post\u00e9rieure Coffret Stratification : 7 seringues Reflectys : A1 \/ A2 \/ A3 \/ A2O \/ A3O \/ E \/ I + 1 seringue de DentoEtch + 1 Iperbond Ultra Id\u00e9al pour les\u00a0restaurations post\u00e9rieures\u00a0sujettes \u00e0 de grands stress et les\u00a0restaurations ant\u00e9rieures\u00a0demandant un haut niveau\u2026","rel":"","context":"Article similaire","block_context":{"text":"Article similaire","link":""},"img":{"alt_text":"","src":"https:\/\/i0.wp.com\/docmarket-dz.com\/wp-content\/uploads\/1970\/01\/coffret-reflectys-e1697015621115.jpg?fit=600%2C600&ssl=1&resize=350%2C200","width":350,"height":200,"srcset":"https:\/\/i0.wp.com\/docmarket-dz.com\/wp-content\/uploads\/1970\/01\/coffret-reflectys-e1697015621115.jpg?fit=600%2C600&ssl=1&resize=350%2C200 1x, https:\/\/i0.wp.com\/docmarket-dz.com\/wp-content\/uploads\/1970\/01\/coffret-reflectys-e1697015621115.jpg?fit=600%2C600&ssl=1&resize=525%2C300 1.5x"},"classes":[]},{"id":26567,"url":"https:\/\/docmarket-dz.com\/index.php\/product\/coffret-composite-prime-dent-photo\/","url_meta":{"origin":26637,"position":5},"title":"COFFRET COMPOSITE PRIME-DENT","author":"falek.h","date":"01\/01\/1970","format":false,"excerpt":"Le kit composite hybride dentaire Prime est un kit de restauration contenant une r\u00e9sine composite, un agent de gravure et un agent de liaison.\u00a07 seringues de 4,5 g chacune de composite photopolym\u00e9risable sont incluses dans le kit de restauration.\u00a0De plus, un flacon d'enchantement (7,5 ml) et de la colle de\u2026","rel":"","context":"Article similaire","block_context":{"text":"Article similaire","link":""},"img":{"alt_text":"","src":"https:\/\/i0.wp.com\/docmarket-dz.com\/wp-content\/uploads\/1970\/01\/prime-dent-kit-min-e1697012420677.webp?fit=600%2C600&ssl=1&resize=350%2C200","width":350,"height":200,"srcset":"https:\/\/i0.wp.com\/docmarket-dz.com\/wp-content\/uploads\/1970\/01\/prime-dent-kit-min-e1697012420677.webp?fit=600%2C600&ssl=1&resize=350%2C200 1x, https:\/\/i0.wp.com\/docmarket-dz.com\/wp-content\/uploads\/1970\/01\/prime-dent-kit-min-e1697012420677.webp?fit=600%2C600&ssl=1&resize=525%2C300 1.5x"},"classes":[]}],"jetpack_sharing_enabled":true,"tiered_pricing_type":"fixed","tiered_pricing_fixed_rules":[],"tiered_pricing_product_settings":{"layout":"default","base_unit_name":{"singular":null,"plural":null},"default_variation":null},"tiered_pricing_minimum_quantity":null,"tiered_pricing_roles_data":[],"tiered_pricing_percentage_rules":[],"_links":{"self":[{"href":"https:\/\/docmarket-dz.com\/index.php\/wp-json\/wp\/v2\/product\/26637","targetHints":{"allow":["GET"]}}],"collection":[{"href":"https:\/\/docmarket-dz.com\/index.php\/wp-json\/wp\/v2\/product"}],"about":[{"href":"https:\/\/docmarket-dz.com\/index.php\/wp-json\/wp\/v2\/types\/product"}],"replies":[{"embeddable":true,"href":"https:\/\/docmarket-dz.com\/index.php\/wp-json\/wp\/v2\/comments?post=26637"}],"wp:featuredmedia":[{"embeddable":true,"href":"https:\/\/docmarket-dz.com\/index.php\/wp-json\/wp\/v2\/media\/27049"}],"wp:attachment":[{"href":"https:\/\/docmarket-dz.com\/index.php\/wp-json\/wp\/v2\/media?parent=26637"}],"wp:term":[{"taxonomy":"product_brand","embeddable":true,"href":"https:\/\/docmarket-dz.com\/index.php\/wp-json\/wp\/v2\/product_brand?post=26637"},{"taxonomy":"product_cat","embeddable":true,"href":"https:\/\/docmarket-dz.com\/index.php\/wp-json\/wp\/v2\/product_cat?post=26637"},{"taxonomy":"product_tag","embeddable":true,"href":"https:\/\/docmarket-dz.com\/index.php\/wp-json\/wp\/v2\/product_tag?post=26637"}],"curies":[{"name":"wp","href":"https:\/\/api.w.org\/{rel}","templated":true}]}}