{"id":26638,"date":"2023-03-17T13:32:28","date_gmt":"2023-03-17T12:32:28","guid":{"rendered":"https:\/\/docmarket-dz.com\/?post_type=product&#038;p=26638"},"modified":"2026-04-09T12:12:40","modified_gmt":"2026-04-09T11:12:40","slug":"desinfectant-anios-clean-exel-d-1l","status":"publish","type":"product","link":"https:\/\/docmarket-dz.com\/index.php\/product\/desinfectant-anios-clean-exel-d-1l\/","title":{"rendered":"PRE-DESINFECTANT ANIOS CLEAN EXEL D 5L &#8221; Remplace Hexanios &#8220;"},"content":{"rendered":"<h4 class=\"h1 product-title\">Anios Clean Excel D<\/h4>\n<div class=\"product-information\">\n<div id=\"product-description-short-79\">\n<ul>\n<li>Nettoyant pr\u00e9-d\u00e9sinfectant Anios Clean Excel D<\/li>\n<li>Rempla\u00e7ant du Hexanios : plus efficace, plus respectueux de l&#8217;environnement<\/li>\n<li>L&#8217;Anios Clean Excel D permet le nettoyage et la pr\u00e9-d\u00e9sinfection de l&#8217;instrumentation m\u00e9dico-chirurgicale, des dispositifs m\u00e9dicaux, des instruments thermosensibles et du mat\u00e9riel d&#8217;endoscopie.<\/li>\n<\/ul>\n<\/div>\n<\/div>\n","protected":false},"excerpt":{"rendered":"<p>Anios Clean Excel D Nettoyant pr\u00e9-d\u00e9sinfectant Anios Clean Excel D Rempla\u00e7ant du Hexanios : plus efficace, plus respectueux de l&#8217;environnement L&#8217;Anios Clean Excel D permet le nettoyage et la pr\u00e9-d\u00e9sinfection de l&#8217;instrumentation m\u00e9dico-chirurgicale, des dispositifs m\u00e9dicaux, des instruments thermosensibles et du mat\u00e9riel d&#8217;endoscopie.<\/p>\n","protected":false},"featured_media":27051,"comment_status":"open","ping_status":"closed","template":"","meta":{"content-type":"","om_disable_all_campaigns":false,"_uf_show_specific_survey":0,"_uf_disable_surveys":false,"jetpack_publicize_message":"","jetpack_publicize_feature_enabled":true,"jetpack_social_post_already_shared":false,"jetpack_social_options":{"image_generator_settings":{"template":"highway","default_image_id":0,"font":"","enabled":false},"version":2}},"product_brand":[],"product_cat":[560,487],"product_tag":[],"class_list":{"0":"post-26638","1":"product","2":"type-product","3":"status-publish","4":"has-post-thumbnail","6":"product_cat-hygiene","7":"product_cat-medical","9":"first","10":"onbackorder","11":"taxable","12":"shipping-taxable","13":"purchasable","14":"product-type-simple"},"supplier_id":29265,"supplier_sku":"","barcode":null,"atum_controlled":true,"out_stock_date":null,"out_stock_threshold":null,"inheritable":false,"inbound_stock":4,"stock_on_hold":4,"sold_today":0,"sales_last_days":2,"reserved_stock":0,"customer_returns":0,"warehouse_damage":0,"lost_in_post":0,"other_logs":0,"out_stock_days":0,"lost_sales":0,"has_location":true,"update_date":"2026-04-14T00:06:30","atum_locations":[{"id":948,"name":"D","slug":"d"}],"atum_stock_status":"onbackorder","restock_status":false,"low_stock_amount":2,"sales_update_date":"2026-04-14T00:06:30","calc_backorders":-1,"aioseo_notices":[],"jetpack_publicize_connections":[],"jetpack-related-posts":[{"id":26642,"url":"https:\/\/docmarket-dz.com\/index.php\/product\/desinfectant-instrument-instrunet\/","url_meta":{"origin":26638,"position":0},"title":"DESINFECTANT INSTRUMENT INSTRUNET","author":"falek.h","date":"17\/03\/2023","format":false,"excerpt":"Instrument Ultrason est le premier d\u00e9sinfectant libre en ald\u00e9hydes. Il est utilis\u00e9 pour des nettoyages et d\u00e9sinfections de mat\u00e9riel par ultrasons. Il s'agit d'un d\u00e9tergent enzymatique concentr\u00e9 avec 4 enzymes formul\u00e9 pour \u00e9liminer les restes organiques dans le mat\u00e9riel dentaire et chirurgical \u00e0 base de prot\u00e9ine, glucidique, lipide et cellulosique.","rel":"","context":"Article similaire","block_context":{"text":"Article similaire","link":""},"img":{"alt_text":"","src":"https:\/\/i0.wp.com\/docmarket-dz.com\/wp-content\/uploads\/2023\/03\/DESINFECTANT-INSTRUMENT-INSTRUNET-e1680613760727.jpg?fit=600%2C600&ssl=1&resize=350%2C200","width":350,"height":200,"srcset":"https:\/\/i0.wp.com\/docmarket-dz.com\/wp-content\/uploads\/2023\/03\/DESINFECTANT-INSTRUMENT-INSTRUNET-e1680613760727.jpg?fit=600%2C600&ssl=1&resize=350%2C200 1x, https:\/\/i0.wp.com\/docmarket-dz.com\/wp-content\/uploads\/2023\/03\/DESINFECTANT-INSTRUMENT-INSTRUNET-e1680613760727.jpg?fit=600%2C600&ssl=1&resize=525%2C300 1.5x"},"classes":[]},{"id":26643,"url":"https:\/\/docmarket-dz.com\/index.php\/product\/desinfectant-instrument-micro-10\/","url_meta":{"origin":26638,"position":1},"title":"DESINFECTANT INSTRUMENT MICRO 10","author":"falek.h","date":"17\/03\/2023","format":false,"excerpt":"D\u00e9sinfectant pour Instruments de Cabinet Micro 10 Enzyme Puissante\u00a0solution tri-enzymatique concentr\u00e9e, sans ald\u00e9hyde, pour la d\u00e9sinfection et le nettoyage de preesterilizaci\u00f3n tous les instruments dentaires et chirurgicaux. Micro 10 Enzyme a un large spectre d'efficacit\u00e9 et un haut pouvoir du d\u00e9tergent qui supprime toute s\u00e9curit\u00e9 tout type de d\u00e9p\u00f4ts qui\u2026","rel":"","context":"Article similaire","block_context":{"text":"Article similaire","link":""},"img":{"alt_text":"","src":"https:\/\/i0.wp.com\/docmarket-dz.com\/wp-content\/uploads\/2023\/03\/DESINFECTANT-INSTRUMENT-MICRO-10.jpg?fit=600%2C600&ssl=1&resize=350%2C200","width":350,"height":200,"srcset":"https:\/\/i0.wp.com\/docmarket-dz.com\/wp-content\/uploads\/2023\/03\/DESINFECTANT-INSTRUMENT-MICRO-10.jpg?fit=600%2C600&ssl=1&resize=350%2C200 1x, https:\/\/i0.wp.com\/docmarket-dz.com\/wp-content\/uploads\/2023\/03\/DESINFECTANT-INSTRUMENT-MICRO-10.jpg?fit=600%2C600&ssl=1&resize=525%2C300 1.5x"},"classes":[]},{"id":29781,"url":"https:\/\/docmarket-dz.com\/index.php\/product\/becht-4care-liquide-1l\/","url_meta":{"origin":26638,"position":2},"title":"Becht 4care 1L en gel","author":"Sofiane Arbouche","date":"23\/12\/2024","format":false,"excerpt":"La d\u00e9sinfection pr\u00e9-chirurgicale des mains avec le lavage par un savon et le rin\u00e7age \u00e0 l\u2019eau est l\u2019une des plus anciennes m\u00e9thodes reste insuffisantes pour se d\u00e9barrasser des germes. Le laboratoire BECHT a d\u00e9velopp\u00e9 une nouvelle strat\u00e9gie plus pratique pour une d\u00e9sinfection optimale\u00a0: BECHT 4 CARE LIQUID \u00e0 base d\u2019ALOE\u2026","rel":"","context":"Article similaire","block_context":{"text":"Article similaire","link":""},"img":{"alt_text":"","src":"https:\/\/i0.wp.com\/docmarket-dz.com\/wp-content\/uploads\/2024\/12\/Sans-titre-2.png?fit=241%2C547&ssl=1&resize=350%2C200","width":350,"height":200},"classes":[]},{"id":29783,"url":"https:\/\/docmarket-dz.com\/index.php\/product\/becht-4care-liquide-1l-2\/","url_meta":{"origin":26638,"position":3},"title":"Becht 4care liquide 1L","author":"Sofiane Arbouche","date":"23\/12\/2024","format":false,"excerpt":"La d\u00e9sinfection pr\u00e9-chirurgicale des mains avec le lavage par un savon et le rin\u00e7age \u00e0 l\u2019eau est l\u2019une des plus anciennes m\u00e9thodes reste insuffisantes pour se d\u00e9barrasser des germes. Le laboratoire BECHT a d\u00e9velopp\u00e9 une nouvelle strat\u00e9gie plus pratique pour une d\u00e9sinfection optimale\u00a0: BECHT 4 CARE LIQUID \u00e0 base d\u2019ALOE\u2026","rel":"","context":"Article similaire","block_context":{"text":"Article similaire","link":""},"img":{"alt_text":"","src":"https:\/\/i0.wp.com\/docmarket-dz.com\/wp-content\/uploads\/2024\/12\/Sans-titre-2.png?fit=241%2C547&ssl=1&resize=350%2C200","width":350,"height":200},"classes":[]},{"id":26414,"url":"https:\/\/docmarket-dz.com\/index.php\/product\/desinfectant-des-instruments-chirurgicaux-5l-2m\/","url_meta":{"origin":26638,"position":4},"title":"DESINFECTANT DES INSTRUMENTS CHIRURGICAUX 5L 2M","author":"falek.h","date":"12\/03\/2023","format":false,"excerpt":"","rel":"","context":"Article similaire","block_context":{"text":"Article similaire","link":""},"img":{"alt_text":"","src":"","width":0,"height":0},"classes":[]},{"id":26645,"url":"https:\/\/docmarket-dz.com\/index.php\/product\/desinfectantinstrumentseptodont\/","url_meta":{"origin":26638,"position":5},"title":"DESINFECT ANTINSTRUMENT SEPTODONT","author":"falek.h","date":"17\/03\/2023","format":false,"excerpt":"Nettoyage et d\u00e9sinfection de l'instrumentation dentaire.","rel":"","context":"Article similaire","block_context":{"text":"Article similaire","link":""},"img":{"alt_text":"","src":"https:\/\/i0.wp.com\/docmarket-dz.com\/wp-content\/uploads\/2023\/03\/DESINFECTANTINSTRUMENTSEPTODONT.jpg?fit=437%2C600&ssl=1&resize=350%2C200","width":350,"height":200},"classes":[]}],"jetpack_sharing_enabled":true,"tiered_pricing_type":"fixed","tiered_pricing_fixed_rules":[],"tiered_pricing_product_settings":{"layout":"default","base_unit_name":{"singular":null,"plural":null},"default_variation":null},"tiered_pricing_minimum_quantity":null,"tiered_pricing_roles_data":[],"tiered_pricing_percentage_rules":[],"_links":{"self":[{"href":"https:\/\/docmarket-dz.com\/index.php\/wp-json\/wp\/v2\/product\/26638","targetHints":{"allow":["GET"]}}],"collection":[{"href":"https:\/\/docmarket-dz.com\/index.php\/wp-json\/wp\/v2\/product"}],"about":[{"href":"https:\/\/docmarket-dz.com\/index.php\/wp-json\/wp\/v2\/types\/product"}],"replies":[{"embeddable":true,"href":"https:\/\/docmarket-dz.com\/index.php\/wp-json\/wp\/v2\/comments?post=26638"}],"wp:featuredmedia":[{"embeddable":true,"href":"https:\/\/docmarket-dz.com\/index.php\/wp-json\/wp\/v2\/media\/27051"}],"wp:attachment":[{"href":"https:\/\/docmarket-dz.com\/index.php\/wp-json\/wp\/v2\/media?parent=26638"}],"wp:term":[{"taxonomy":"product_brand","embeddable":true,"href":"https:\/\/docmarket-dz.com\/index.php\/wp-json\/wp\/v2\/product_brand?post=26638"},{"taxonomy":"product_cat","embeddable":true,"href":"https:\/\/docmarket-dz.com\/index.php\/wp-json\/wp\/v2\/product_cat?post=26638"},{"taxonomy":"product_tag","embeddable":true,"href":"https:\/\/docmarket-dz.com\/index.php\/wp-json\/wp\/v2\/product_tag?post=26638"}],"curies":[{"name":"wp","href":"https:\/\/api.w.org\/{rel}","templated":true}]}}