{"id":26642,"date":"2023-03-17T13:32:31","date_gmt":"2023-03-17T12:32:31","guid":{"rendered":"https:\/\/docmarket-dz.com\/?post_type=product&#038;p=26642"},"modified":"2023-08-09T13:57:46","modified_gmt":"2023-08-09T12:57:46","slug":"desinfectant-instrument-instrunet","status":"publish","type":"product","link":"https:\/\/docmarket-dz.com\/index.php\/product\/desinfectant-instrument-instrunet\/","title":{"rendered":"DESINFECTANT INSTRUMENT INSTRUNET"},"content":{"rendered":"<p>Instrument Ultrason est le premier d\u00e9sinfectant libre en ald\u00e9hydes.<\/p>\n<p>Il est utilis\u00e9 pour des nettoyages et d\u00e9sinfections de mat\u00e9riel par ultrasons.<\/p>\n<p>Il s&#8217;agit d&#8217;un d\u00e9tergent enzymatique concentr\u00e9 avec 4 enzymes formul\u00e9 pour \u00e9liminer les restes organiques dans le mat\u00e9riel dentaire et chirurgical \u00e0 base de prot\u00e9ine, glucidique, lipide et cellulosique.<\/p>\n","protected":false},"excerpt":{"rendered":"<p>Instrument Ultrason est le premier d\u00e9sinfectant libre en ald\u00e9hydes. Il est utilis\u00e9 pour des nettoyages et d\u00e9sinfections de mat\u00e9riel par ultrasons. Il s&#8217;agit d&#8217;un d\u00e9tergent enzymatique concentr\u00e9 avec 4 enzymes formul\u00e9 pour \u00e9liminer les restes organiques dans le mat\u00e9riel dentaire et chirurgical \u00e0 base de prot\u00e9ine, glucidique, lipide et cellulosique.<\/p>\n","protected":false},"featured_media":27026,"comment_status":"open","ping_status":"closed","template":"","meta":{"content-type":"","om_disable_all_campaigns":false,"_uf_show_specific_survey":0,"_uf_disable_surveys":false,"jetpack_publicize_message":"","jetpack_publicize_feature_enabled":true,"jetpack_social_post_already_shared":false,"jetpack_social_options":{"image_generator_settings":{"template":"highway","default_image_id":0,"font":"","enabled":false},"version":2}},"product_brand":[],"product_cat":[100],"product_tag":[],"class_list":{"0":"post-26642","1":"product","2":"type-product","3":"status-publish","4":"has-post-thumbnail","6":"product_cat-dentaire","8":"first","9":"onbackorder","10":"taxable","11":"shipping-taxable","12":"purchasable","13":"product-type-simple"},"supplier_id":null,"supplier_sku":"","barcode":null,"atum_controlled":true,"out_stock_date":null,"out_stock_threshold":null,"inheritable":false,"inbound_stock":0,"stock_on_hold":0,"sold_today":0,"sales_last_days":0,"reserved_stock":0,"customer_returns":0,"warehouse_damage":0,"lost_in_post":0,"other_logs":0,"out_stock_days":0,"lost_sales":0,"has_location":false,"update_date":"2026-04-16T00:07:55","atum_locations":[],"atum_stock_status":"onbackorder","restock_status":false,"low_stock_amount":"","sales_update_date":"2026-04-16T00:07:54","calc_backorders":null,"aioseo_notices":[],"jetpack_publicize_connections":[],"jetpack-related-posts":[{"id":26643,"url":"https:\/\/docmarket-dz.com\/index.php\/product\/desinfectant-instrument-micro-10\/","url_meta":{"origin":26642,"position":0},"title":"DESINFECTANT INSTRUMENT MICRO 10","author":"falek.h","date":"17\/03\/2023","format":false,"excerpt":"D\u00e9sinfectant pour Instruments de Cabinet Micro 10 Enzyme Puissante\u00a0solution tri-enzymatique concentr\u00e9e, sans ald\u00e9hyde, pour la d\u00e9sinfection et le nettoyage de preesterilizaci\u00f3n tous les instruments dentaires et chirurgicaux. Micro 10 Enzyme a un large spectre d'efficacit\u00e9 et un haut pouvoir du d\u00e9tergent qui supprime toute s\u00e9curit\u00e9 tout type de d\u00e9p\u00f4ts qui\u2026","rel":"","context":"Article similaire","block_context":{"text":"Article similaire","link":""},"img":{"alt_text":"","src":"https:\/\/i0.wp.com\/docmarket-dz.com\/wp-content\/uploads\/2023\/03\/DESINFECTANT-INSTRUMENT-MICRO-10.jpg?fit=600%2C600&ssl=1&resize=350%2C200","width":350,"height":200,"srcset":"https:\/\/i0.wp.com\/docmarket-dz.com\/wp-content\/uploads\/2023\/03\/DESINFECTANT-INSTRUMENT-MICRO-10.jpg?fit=600%2C600&ssl=1&resize=350%2C200 1x, https:\/\/i0.wp.com\/docmarket-dz.com\/wp-content\/uploads\/2023\/03\/DESINFECTANT-INSTRUMENT-MICRO-10.jpg?fit=600%2C600&ssl=1&resize=525%2C300 1.5x"},"classes":[]},{"id":26648,"url":"https:\/\/docmarket-dz.com\/index.php\/product\/desinfectant-surface-sanicleaner-5l\/","url_meta":{"origin":26642,"position":1},"title":"DESINFECTANT SURFACE SANICLEANER 5L","author":"falek.h","date":"17\/03\/2023","format":false,"excerpt":"Nouveau d\u00e9tergent pr\u00e9ventif \u00e0 base d\u2019un complexe de 6 enzymes. Con\u00e7u pour un entretien quotidien et la d\u00e9gradation des souillures organiques et matrices biofilms pour un nettoyage des instruments total et une politique de gestion du risque optimale. \u00c9conomique \u00e0 l\u2019emploi et compatible avec les laveurs automatiques ainsi que les\u2026","rel":"","context":"Article similaire","block_context":{"text":"Article similaire","link":""},"img":{"alt_text":"","src":"https:\/\/i0.wp.com\/docmarket-dz.com\/wp-content\/uploads\/2023\/03\/100894-16655678-e1680614113425.jpg?fit=600%2C600&ssl=1&resize=350%2C200","width":350,"height":200,"srcset":"https:\/\/i0.wp.com\/docmarket-dz.com\/wp-content\/uploads\/2023\/03\/100894-16655678-e1680614113425.jpg?fit=600%2C600&ssl=1&resize=350%2C200 1x, https:\/\/i0.wp.com\/docmarket-dz.com\/wp-content\/uploads\/2023\/03\/100894-16655678-e1680614113425.jpg?fit=600%2C600&ssl=1&resize=525%2C300 1.5x"},"classes":[]},{"id":26638,"url":"https:\/\/docmarket-dz.com\/index.php\/product\/desinfectant-anios-clean-exel-d-1l\/","url_meta":{"origin":26642,"position":2},"title":"PRE-DESINFECTANT ANIOS CLEAN EXEL D 5L &#8221; Remplace Hexanios &#8220;","author":"falek.h","date":"17\/03\/2023","format":false,"excerpt":"Anios Clean Excel D Nettoyant pr\u00e9-d\u00e9sinfectant Anios Clean Excel D Rempla\u00e7ant du Hexanios : plus efficace, plus respectueux de l'environnement L'Anios Clean Excel D permet le nettoyage et la pr\u00e9-d\u00e9sinfection de l'instrumentation m\u00e9dico-chirurgicale, des dispositifs m\u00e9dicaux, des instruments thermosensibles et du mat\u00e9riel d'endoscopie.","rel":"","context":"Article similaire","block_context":{"text":"Article similaire","link":""},"img":{"alt_text":"","src":"https:\/\/i0.wp.com\/docmarket-dz.com\/wp-content\/uploads\/2023\/03\/DESINFECTANT-ANIOS-CLEAN-EXEL-D-1L-e1680616437736.jpg?fit=463%2C600&ssl=1&resize=350%2C200","width":350,"height":200},"classes":[]},{"id":24527,"url":"https:\/\/docmarket-dz.com\/index.php\/product\/desinfectant-sols-et-surfaces-500-ml\/","url_meta":{"origin":26642,"position":3},"title":"desinfectant nettoyant multisurface 500 ML","author":"falek.h","date":"01\/01\/2023","format":false,"excerpt":"Le d\u00e9sinfectant sols et surfaces BacterClean est une pr\u00e9paration combin\u00e9e pour la d\u00e9sinfection et le nettoyage de mat\u00e9riels m\u00e9dicaux, de dispositifs m\u00e9dicaux et de tous types de surfaces. Il est \u00e9labor\u00e9 \u00e0 base d'ammonium quaternaire, il est sans parfum, sans ald\u00e9hydes, ni ph\u00e9nols et se caract\u00e9rise par une bonne puissance\u2026","rel":"","context":"Article similaire","block_context":{"text":"Article similaire","link":""},"img":{"alt_text":"","src":"https:\/\/i0.wp.com\/docmarket-dz.com\/wp-content\/uploads\/2023\/01\/desinfectant-PhotoRoom-e1672563198479.jpg?fit=600%2C531&ssl=1&resize=350%2C200","width":350,"height":200,"srcset":"https:\/\/i0.wp.com\/docmarket-dz.com\/wp-content\/uploads\/2023\/01\/desinfectant-PhotoRoom-e1672563198479.jpg?fit=600%2C531&ssl=1&resize=350%2C200 1x, https:\/\/i0.wp.com\/docmarket-dz.com\/wp-content\/uploads\/2023\/01\/desinfectant-PhotoRoom-e1672563198479.jpg?fit=600%2C531&ssl=1&resize=525%2C300 1.5x"},"classes":[]},{"id":26414,"url":"https:\/\/docmarket-dz.com\/index.php\/product\/desinfectant-des-instruments-chirurgicaux-5l-2m\/","url_meta":{"origin":26642,"position":4},"title":"DESINFECTANT DES INSTRUMENTS CHIRURGICAUX 5L 2M","author":"falek.h","date":"12\/03\/2023","format":false,"excerpt":"","rel":"","context":"Article similaire","block_context":{"text":"Article similaire","link":""},"img":{"alt_text":"","src":"","width":0,"height":0},"classes":[]},{"id":26646,"url":"https:\/\/docmarket-dz.com\/index.php\/product\/desinfectant-spray-nosocomia\/","url_meta":{"origin":26642,"position":5},"title":"DESINFECTANT SPRAY NOSOCOMIA","author":"falek.h","date":"17\/03\/2023","format":false,"excerpt":"D\u00e9tergent d\u00e9sinfectant pour surfaces, mobiliers, mat\u00e9riels et dispositifs m\u00e9dicaux non invasifs*, en usage spray Actif sur Coronavirus Compatible avec de nombreuses surfaces Pr\u00eat \u00e0 l\u2019emploi, Ne laisse pas de trace","rel":"","context":"Article similaire","block_context":{"text":"Article similaire","link":""},"img":{"alt_text":"","src":"https:\/\/i0.wp.com\/docmarket-dz.com\/wp-content\/uploads\/2023\/03\/DESINFECTANT-SPRAY-NOSOCOMIA-e1680613299174.jpg?fit=600%2C600&ssl=1&resize=350%2C200","width":350,"height":200,"srcset":"https:\/\/i0.wp.com\/docmarket-dz.com\/wp-content\/uploads\/2023\/03\/DESINFECTANT-SPRAY-NOSOCOMIA-e1680613299174.jpg?fit=600%2C600&ssl=1&resize=350%2C200 1x, https:\/\/i0.wp.com\/docmarket-dz.com\/wp-content\/uploads\/2023\/03\/DESINFECTANT-SPRAY-NOSOCOMIA-e1680613299174.jpg?fit=600%2C600&ssl=1&resize=525%2C300 1.5x"},"classes":[]}],"jetpack_sharing_enabled":true,"tiered_pricing_type":"fixed","tiered_pricing_fixed_rules":[],"tiered_pricing_product_settings":{"layout":"default","base_unit_name":{"singular":null,"plural":null},"default_variation":null},"tiered_pricing_minimum_quantity":null,"tiered_pricing_roles_data":[],"tiered_pricing_percentage_rules":[],"_links":{"self":[{"href":"https:\/\/docmarket-dz.com\/index.php\/wp-json\/wp\/v2\/product\/26642","targetHints":{"allow":["GET"]}}],"collection":[{"href":"https:\/\/docmarket-dz.com\/index.php\/wp-json\/wp\/v2\/product"}],"about":[{"href":"https:\/\/docmarket-dz.com\/index.php\/wp-json\/wp\/v2\/types\/product"}],"replies":[{"embeddable":true,"href":"https:\/\/docmarket-dz.com\/index.php\/wp-json\/wp\/v2\/comments?post=26642"}],"wp:featuredmedia":[{"embeddable":true,"href":"https:\/\/docmarket-dz.com\/index.php\/wp-json\/wp\/v2\/media\/27026"}],"wp:attachment":[{"href":"https:\/\/docmarket-dz.com\/index.php\/wp-json\/wp\/v2\/media?parent=26642"}],"wp:term":[{"taxonomy":"product_brand","embeddable":true,"href":"https:\/\/docmarket-dz.com\/index.php\/wp-json\/wp\/v2\/product_brand?post=26642"},{"taxonomy":"product_cat","embeddable":true,"href":"https:\/\/docmarket-dz.com\/index.php\/wp-json\/wp\/v2\/product_cat?post=26642"},{"taxonomy":"product_tag","embeddable":true,"href":"https:\/\/docmarket-dz.com\/index.php\/wp-json\/wp\/v2\/product_tag?post=26642"}],"curies":[{"name":"wp","href":"https:\/\/api.w.org\/{rel}","templated":true}]}}