{"id":26647,"date":"2023-03-17T13:32:31","date_gmt":"2023-03-17T12:32:31","guid":{"rendered":"https:\/\/docmarket-dz.com\/?post_type=product&#038;p=26647"},"modified":"2026-03-01T14:36:26","modified_gmt":"2026-03-01T13:36:26","slug":"desinfectant-spray-surfasaf","status":"publish","type":"product","link":"https:\/\/docmarket-dz.com\/index.php\/product\/desinfectant-spray-surfasaf\/","title":{"rendered":"SPRAY SURFA&#8217;SAFE PREMIUM D\u00e9sinfectant FL\/750 ML"},"content":{"rendered":"<p><strong>\u00a0 \u00a0 \u00a0 \u00a0 INDICATIONS:<\/strong><\/p>\n<p>Mousse d\u00e9tergente d\u00e9sinfectante, destin\u00e9e au nettoyage et \u00e0 la<br \/>\nd\u00e9sinfection des surfaces, des structures externes des \u00e9quipements<br \/>\n(respirateurs, g\u00e9n\u00e9rateurs d\u2019h\u00e9modialyse\u2026) et des dispositifs m\u00e9dicaux<br \/>\nnon immergeables et non invasifs (sondes \u00e9chographiques classiques,<br \/>\nc\u00e2bles et connectiques, capteurs de pression, testeurs de glyc\u00e9mie,<br \/>\ntensiom\u00e8tres, marteaux \u00e0 r\u00e9flexe\u2026)<\/p>\n<p><strong>\u00a0 \u00a0 \u00a0 CARACTERISTIQUES :<\/strong><\/p>\n<p>Nettoyant et d\u00e9sinfectant en 1 seule op\u00e9ration<br \/>\n\u2022 Sans substance CMR, sans alcool, sans parfum ni colorant<br \/>\n\u2022 Large spectre antimicrobien et temps de contact optimis\u00e9<br \/>\n\u2022 Dispenseur de mousse compacte afin de limiter la formation<br \/>\nd\u2019a\u00e9rosol et la volatilit\u00e9 des composants (750 ml)<br \/>\n\u2022 Formulation assurant une compatibilit\u00e9 avec un large panel de<br \/>\nmat\u00e9riaux y compris les polym\u00e8res (ex : polycarbonate, plexiglas \u2026)<br \/>\n\u2022 Mousse dense pour une meilleure adh\u00e9rence aux surfaces (750 ml)<br \/>\n\u2022 S\u00e9chage des surfaces rapide et sans trace<br \/>\n\u2022 Biocide de type 4 pouvant \u00eatre utilis\u00e9 sur les surfaces pouvant entrer en<br \/>\ncontact avec les denr\u00e9es alimentaires, suivi d\u2019un rin\u00e7age<br \/>\n\u2022 Am\u00e9lioration du profil \u00e9cotoxicologique : r\u00e9duction des \u00e9missions<br \/>\nde GES* de 7% par rapport \u00e0 un produit de m\u00eame application<br \/>\n\u2022 pH : 6 +\/- 0.5<\/p>\n","protected":false},"excerpt":{"rendered":"<p>\u00a0 \u00a0 \u00a0 \u00a0 INDICATIONS: Mousse d\u00e9tergente d\u00e9sinfectante, destin\u00e9e au nettoyage et \u00e0 la d\u00e9sinfection des surfaces, des structures externes des \u00e9quipements (respirateurs, g\u00e9n\u00e9rateurs d\u2019h\u00e9modialyse\u2026) et des dispositifs m\u00e9dicaux non immergeables et non invasifs (sondes \u00e9chographiques classiques, c\u00e2bles et connectiques, capteurs de pression, testeurs de glyc\u00e9mie, tensiom\u00e8tres, marteaux \u00e0 r\u00e9flexe\u2026) \u00a0 \u00a0 \u00a0 CARACTERISTIQUES : [&hellip;]<\/p>\n","protected":false},"featured_media":27037,"comment_status":"open","ping_status":"closed","template":"","meta":{"content-type":"","om_disable_all_campaigns":false,"_uf_show_specific_survey":0,"_uf_disable_surveys":false,"jetpack_publicize_message":"","jetpack_publicize_feature_enabled":true,"jetpack_social_post_already_shared":false,"jetpack_social_options":{"image_generator_settings":{"template":"highway","default_image_id":0,"font":"","enabled":false},"version":2}},"product_brand":[],"product_cat":[560,486,487],"product_tag":[],"class_list":{"0":"post-26647","1":"product","2":"type-product","3":"status-publish","4":"has-post-thumbnail","6":"product_cat-hygiene","7":"product_cat-laboratoire","8":"product_cat-medical","10":"first","11":"instock","12":"taxable","13":"shipping-taxable","14":"purchasable","15":"product-type-simple"},"supplier_id":29265,"supplier_sku":"","barcode":null,"atum_controlled":true,"out_stock_date":null,"out_stock_threshold":null,"inheritable":false,"inbound_stock":12,"stock_on_hold":0,"sold_today":0,"sales_last_days":0,"reserved_stock":0,"customer_returns":0,"warehouse_damage":0,"lost_in_post":0,"other_logs":0,"out_stock_days":0,"lost_sales":0,"has_location":true,"update_date":"2026-04-14T09:59:02","atum_locations":[{"id":960,"name":"D2","slug":"d2"}],"atum_stock_status":"instock","restock_status":false,"low_stock_amount":"","sales_update_date":"2026-04-14T09:59:02","calc_backorders":0,"aioseo_notices":[],"jetpack_publicize_connections":[],"jetpack-related-posts":[{"id":24527,"url":"https:\/\/docmarket-dz.com\/index.php\/product\/desinfectant-sols-et-surfaces-500-ml\/","url_meta":{"origin":26647,"position":0},"title":"desinfectant nettoyant multisurface 500 ML","author":"falek.h","date":"01\/01\/2023","format":false,"excerpt":"Le d\u00e9sinfectant sols et surfaces BacterClean est une pr\u00e9paration combin\u00e9e pour la d\u00e9sinfection et le nettoyage de mat\u00e9riels m\u00e9dicaux, de dispositifs m\u00e9dicaux et de tous types de surfaces. Il est \u00e9labor\u00e9 \u00e0 base d'ammonium quaternaire, il est sans parfum, sans ald\u00e9hydes, ni ph\u00e9nols et se caract\u00e9rise par une bonne puissance\u2026","rel":"","context":"Article similaire","block_context":{"text":"Article similaire","link":""},"img":{"alt_text":"","src":"https:\/\/i0.wp.com\/docmarket-dz.com\/wp-content\/uploads\/2023\/01\/desinfectant-PhotoRoom-e1672563198479.jpg?fit=600%2C531&ssl=1&resize=350%2C200","width":350,"height":200,"srcset":"https:\/\/i0.wp.com\/docmarket-dz.com\/wp-content\/uploads\/2023\/01\/desinfectant-PhotoRoom-e1672563198479.jpg?fit=600%2C531&ssl=1&resize=350%2C200 1x, https:\/\/i0.wp.com\/docmarket-dz.com\/wp-content\/uploads\/2023\/01\/desinfectant-PhotoRoom-e1672563198479.jpg?fit=600%2C531&ssl=1&resize=525%2C300 1.5x"},"classes":[]},{"id":26650,"url":"https:\/\/docmarket-dz.com\/index.php\/product\/desinfectant-surface-surfanium-5l\/","url_meta":{"origin":26647,"position":1},"title":"SURFANIOS Premium 5L","author":"falek.h","date":"17\/03\/2023","format":false,"excerpt":"D\u00e9tergent D\u00e9sinfectant sols et surfaces \u00a0 \u00a0 \u00a0 \u00a0 \u00a0 \u00a0 \u00a0\u00a0 Produit combinant les actions d\u00e9tergente et d\u00e9sinfectante Efficace sur les bact\u00e9ries et moisissures isol\u00e9es de l'environnement hospitalier Produit formul\u00e9 sans ald\u00e9hyde Optimisation \u00e9cotoxycologiques \u00a0 \u00a0 \u00a0 \u00a0 \u00a0 \u00a0Indications : Nettoyage et d\u00e9sinfection des sols, murs, mat\u00e9riel m\u00e9dical\u2026","rel":"","context":"Article similaire","block_context":{"text":"Article similaire","link":""},"img":{"alt_text":"","src":"https:\/\/i0.wp.com\/docmarket-dz.com\/wp-content\/uploads\/2023\/03\/DESINFECTANT-SURFACE-SURFANIUM-5L-e1680614797239.webp?fit=477%2C600&ssl=1&resize=350%2C200","width":350,"height":200},"classes":[]},{"id":26643,"url":"https:\/\/docmarket-dz.com\/index.php\/product\/desinfectant-instrument-micro-10\/","url_meta":{"origin":26647,"position":2},"title":"DESINFECTANT INSTRUMENT MICRO 10","author":"falek.h","date":"17\/03\/2023","format":false,"excerpt":"D\u00e9sinfectant pour Instruments de Cabinet Micro 10 Enzyme Puissante\u00a0solution tri-enzymatique concentr\u00e9e, sans ald\u00e9hyde, pour la d\u00e9sinfection et le nettoyage de preesterilizaci\u00f3n tous les instruments dentaires et chirurgicaux. Micro 10 Enzyme a un large spectre d'efficacit\u00e9 et un haut pouvoir du d\u00e9tergent qui supprime toute s\u00e9curit\u00e9 tout type de d\u00e9p\u00f4ts qui\u2026","rel":"","context":"Article similaire","block_context":{"text":"Article similaire","link":""},"img":{"alt_text":"","src":"https:\/\/i0.wp.com\/docmarket-dz.com\/wp-content\/uploads\/2023\/03\/DESINFECTANT-INSTRUMENT-MICRO-10.jpg?fit=600%2C600&ssl=1&resize=350%2C200","width":350,"height":200,"srcset":"https:\/\/i0.wp.com\/docmarket-dz.com\/wp-content\/uploads\/2023\/03\/DESINFECTANT-INSTRUMENT-MICRO-10.jpg?fit=600%2C600&ssl=1&resize=350%2C200 1x, https:\/\/i0.wp.com\/docmarket-dz.com\/wp-content\/uploads\/2023\/03\/DESINFECTANT-INSTRUMENT-MICRO-10.jpg?fit=600%2C600&ssl=1&resize=525%2C300 1.5x"},"classes":[]},{"id":29784,"url":"https:\/\/docmarket-dz.com\/index.php\/product\/bechtozid-soft\/","url_meta":{"origin":26647,"position":3},"title":"Bechtozid Soft","author":"Sofiane Arbouche","date":"23\/12\/2024","format":false,"excerpt":"Pulv\u00e9risateur DUO Spray\/mousse pour la d\u00e9sinfection et le nettoyage des dispositifs m\u00e9dicaux sensibles \u00e0 l'alcool, du cuir naturel et synth\u00e9tique.","rel":"","context":"Article similaire","block_context":{"text":"Article similaire","link":""},"img":{"alt_text":"","src":"https:\/\/i0.wp.com\/docmarket-dz.com\/wp-content\/uploads\/2024\/12\/Sans-titre-3.png?fit=358%2C283&ssl=1&resize=350%2C200","width":350,"height":200},"classes":[]},{"id":26651,"url":"https:\/\/docmarket-dz.com\/index.php\/product\/desinfectant-vacucid-2\/","url_meta":{"origin":26647,"position":4},"title":"DESINFECTANT VACUCID 2","author":"falek.h","date":"17\/03\/2023","format":false,"excerpt":"Nettoyage et d\u00e9sinfection des syst\u00e8mes d'aspiration Unident. Solution liquide concentr\u00e9e sans ald\u00e9hydes, ph\u00e9nol ou chlore. Pour traiter tous les syst\u00e8mes d'aspiration, les s\u00e9parateurs d'amalgame et les crachoirs. Large spectre d'action. Disponible en flacon de 1 litre et en bidon de 5 litres.","rel":"","context":"Article similaire","block_context":{"text":"Article similaire","link":""},"img":{"alt_text":"","src":"https:\/\/i0.wp.com\/docmarket-dz.com\/wp-content\/uploads\/2023\/03\/DESINFECTANT-VACUCID-2-e1680614688600.jpg?fit=600%2C600&ssl=1&resize=350%2C200","width":350,"height":200,"srcset":"https:\/\/i0.wp.com\/docmarket-dz.com\/wp-content\/uploads\/2023\/03\/DESINFECTANT-VACUCID-2-e1680614688600.jpg?fit=600%2C600&ssl=1&resize=350%2C200 1x, https:\/\/i0.wp.com\/docmarket-dz.com\/wp-content\/uploads\/2023\/03\/DESINFECTANT-VACUCID-2-e1680614688600.jpg?fit=600%2C600&ssl=1&resize=525%2C300 1.5x"},"classes":[]},{"id":26646,"url":"https:\/\/docmarket-dz.com\/index.php\/product\/desinfectant-spray-nosocomia\/","url_meta":{"origin":26647,"position":5},"title":"DESINFECTANT SPRAY NOSOCOMIA","author":"falek.h","date":"17\/03\/2023","format":false,"excerpt":"D\u00e9tergent d\u00e9sinfectant pour surfaces, mobiliers, mat\u00e9riels et dispositifs m\u00e9dicaux non invasifs*, en usage spray Actif sur Coronavirus Compatible avec de nombreuses surfaces Pr\u00eat \u00e0 l\u2019emploi, Ne laisse pas de trace","rel":"","context":"Article similaire","block_context":{"text":"Article similaire","link":""},"img":{"alt_text":"","src":"https:\/\/i0.wp.com\/docmarket-dz.com\/wp-content\/uploads\/2023\/03\/DESINFECTANT-SPRAY-NOSOCOMIA-e1680613299174.jpg?fit=600%2C600&ssl=1&resize=350%2C200","width":350,"height":200,"srcset":"https:\/\/i0.wp.com\/docmarket-dz.com\/wp-content\/uploads\/2023\/03\/DESINFECTANT-SPRAY-NOSOCOMIA-e1680613299174.jpg?fit=600%2C600&ssl=1&resize=350%2C200 1x, https:\/\/i0.wp.com\/docmarket-dz.com\/wp-content\/uploads\/2023\/03\/DESINFECTANT-SPRAY-NOSOCOMIA-e1680613299174.jpg?fit=600%2C600&ssl=1&resize=525%2C300 1.5x"},"classes":[]}],"jetpack_sharing_enabled":true,"tiered_pricing_type":"fixed","tiered_pricing_fixed_rules":[],"tiered_pricing_product_settings":{"layout":"default","base_unit_name":{"singular":null,"plural":null},"default_variation":null},"tiered_pricing_minimum_quantity":null,"tiered_pricing_roles_data":[],"tiered_pricing_percentage_rules":[],"_links":{"self":[{"href":"https:\/\/docmarket-dz.com\/index.php\/wp-json\/wp\/v2\/product\/26647","targetHints":{"allow":["GET"]}}],"collection":[{"href":"https:\/\/docmarket-dz.com\/index.php\/wp-json\/wp\/v2\/product"}],"about":[{"href":"https:\/\/docmarket-dz.com\/index.php\/wp-json\/wp\/v2\/types\/product"}],"replies":[{"embeddable":true,"href":"https:\/\/docmarket-dz.com\/index.php\/wp-json\/wp\/v2\/comments?post=26647"}],"wp:featuredmedia":[{"embeddable":true,"href":"https:\/\/docmarket-dz.com\/index.php\/wp-json\/wp\/v2\/media\/27037"}],"wp:attachment":[{"href":"https:\/\/docmarket-dz.com\/index.php\/wp-json\/wp\/v2\/media?parent=26647"}],"wp:term":[{"taxonomy":"product_brand","embeddable":true,"href":"https:\/\/docmarket-dz.com\/index.php\/wp-json\/wp\/v2\/product_brand?post=26647"},{"taxonomy":"product_cat","embeddable":true,"href":"https:\/\/docmarket-dz.com\/index.php\/wp-json\/wp\/v2\/product_cat?post=26647"},{"taxonomy":"product_tag","embeddable":true,"href":"https:\/\/docmarket-dz.com\/index.php\/wp-json\/wp\/v2\/product_tag?post=26647"}],"curies":[{"name":"wp","href":"https:\/\/api.w.org\/{rel}","templated":true}]}}