{"id":26651,"date":"2023-03-17T13:32:34","date_gmt":"2023-03-17T12:32:34","guid":{"rendered":"https:\/\/docmarket-dz.com\/?post_type=product&#038;p=26651"},"modified":"2023-08-09T13:57:45","modified_gmt":"2023-08-09T12:57:45","slug":"desinfectant-vacucid-2","status":"publish","type":"product","link":"https:\/\/docmarket-dz.com\/index.php\/product\/desinfectant-vacucid-2\/","title":{"rendered":"DESINFECTANT VACUCID 2"},"content":{"rendered":"<ul>\n<li>Nettoyage et d\u00e9sinfection des syst\u00e8mes d&#8217;aspiration Unident.<\/li>\n<li>Solution liquide concentr\u00e9e sans ald\u00e9hydes, ph\u00e9nol ou chlore.<\/li>\n<li>Pour traiter tous les syst\u00e8mes d&#8217;aspiration, les s\u00e9parateurs d&#8217;amalgame et les crachoirs.<\/li>\n<li>Large spectre d&#8217;action. Disponible en flacon de 1 litre et en bidon de 5 litres.<\/li>\n<\/ul>\n","protected":false},"excerpt":{"rendered":"<p>Nettoyage et d\u00e9sinfection des syst\u00e8mes d&#8217;aspiration Unident. Solution liquide concentr\u00e9e sans ald\u00e9hydes, ph\u00e9nol ou chlore. Pour traiter tous les syst\u00e8mes d&#8217;aspiration, les s\u00e9parateurs d&#8217;amalgame et les crachoirs. Large spectre d&#8217;action. Disponible en flacon de 1 litre et en bidon de 5 litres.<\/p>\n","protected":false},"featured_media":27034,"comment_status":"open","ping_status":"closed","template":"","meta":{"content-type":"","om_disable_all_campaigns":false,"_uf_show_specific_survey":0,"_uf_disable_surveys":false,"jetpack_publicize_message":"","jetpack_publicize_feature_enabled":true,"jetpack_social_post_already_shared":false,"jetpack_social_options":{"image_generator_settings":{"template":"highway","default_image_id":0,"font":"","enabled":false},"version":2}},"product_brand":[],"product_cat":[100],"product_tag":[],"class_list":{"0":"post-26651","1":"product","2":"type-product","3":"status-publish","4":"has-post-thumbnail","6":"product_cat-dentaire","8":"first","9":"onbackorder","10":"taxable","11":"shipping-taxable","12":"purchasable","13":"product-type-simple"},"supplier_id":null,"supplier_sku":"","barcode":null,"atum_controlled":true,"out_stock_date":null,"out_stock_threshold":null,"inheritable":false,"inbound_stock":0,"stock_on_hold":0,"sold_today":0,"sales_last_days":0,"reserved_stock":0,"customer_returns":0,"warehouse_damage":0,"lost_in_post":0,"other_logs":0,"out_stock_days":0,"lost_sales":0,"has_location":false,"update_date":"2026-04-16T00:07:51","atum_locations":[],"atum_stock_status":"onbackorder","restock_status":false,"low_stock_amount":"","sales_update_date":"2026-04-16T00:07:51","calc_backorders":null,"aioseo_notices":[],"jetpack_publicize_connections":[],"jetpack-related-posts":[{"id":25402,"url":"https:\/\/docmarket-dz.com\/index.php\/product\/bocal-daspiration-2-litres-2000-cc\/","url_meta":{"origin":26651,"position":0},"title":"BOCAL D&#8217;ASPIRATION 2 LITRES 2000 cc","author":"falek.h","date":"12\/03\/2023","format":false,"excerpt":"BOCAL D'ASPIRATION 2 LITRES 2000 cc","rel":"","context":"Article similaire","block_context":{"text":"Article similaire","link":""},"img":{"alt_text":"","src":"https:\/\/i0.wp.com\/docmarket-dz.com\/wp-content\/uploads\/2023\/03\/118167-17364540.webp?fit=1200%2C1200&ssl=1&resize=350%2C200","width":350,"height":200,"srcset":"https:\/\/i0.wp.com\/docmarket-dz.com\/wp-content\/uploads\/2023\/03\/118167-17364540.webp?fit=1200%2C1200&ssl=1&resize=350%2C200 1x, https:\/\/i0.wp.com\/docmarket-dz.com\/wp-content\/uploads\/2023\/03\/118167-17364540.webp?fit=1200%2C1200&ssl=1&resize=525%2C300 1.5x, https:\/\/i0.wp.com\/docmarket-dz.com\/wp-content\/uploads\/2023\/03\/118167-17364540.webp?fit=1200%2C1200&ssl=1&resize=700%2C400 2x, https:\/\/i0.wp.com\/docmarket-dz.com\/wp-content\/uploads\/2023\/03\/118167-17364540.webp?fit=1200%2C1200&ssl=1&resize=1050%2C600 3x"},"classes":[]},{"id":26650,"url":"https:\/\/docmarket-dz.com\/index.php\/product\/desinfectant-surface-surfanium-5l\/","url_meta":{"origin":26651,"position":1},"title":"SURFANIOS Premium 5L","author":"falek.h","date":"17\/03\/2023","format":false,"excerpt":"D\u00e9tergent D\u00e9sinfectant sols et surfaces \u00a0 \u00a0 \u00a0 \u00a0 \u00a0 \u00a0 \u00a0\u00a0 Produit combinant les actions d\u00e9tergente et d\u00e9sinfectante Efficace sur les bact\u00e9ries et moisissures isol\u00e9es de l'environnement hospitalier Produit formul\u00e9 sans ald\u00e9hyde Optimisation \u00e9cotoxycologiques \u00a0 \u00a0 \u00a0 \u00a0 \u00a0 \u00a0Indications : Nettoyage et d\u00e9sinfection des sols, murs, mat\u00e9riel m\u00e9dical\u2026","rel":"","context":"Article similaire","block_context":{"text":"Article similaire","link":""},"img":{"alt_text":"","src":"https:\/\/i0.wp.com\/docmarket-dz.com\/wp-content\/uploads\/2023\/03\/DESINFECTANT-SURFACE-SURFANIUM-5L-e1680614797239.webp?fit=477%2C600&ssl=1&resize=350%2C200","width":350,"height":200},"classes":[]},{"id":29776,"url":"https:\/\/docmarket-dz.com\/index.php\/product\/becht-section-concentre-1litre\/","url_meta":{"origin":26651,"position":2},"title":"Becht suction concentr\u00e9 1litre","author":"Sofiane Arbouche","date":"23\/12\/2024","format":false,"excerpt":"Pour la d\u00e9sinfection, le nettoyage et la d\u00e9sodorisation des syst\u00e8mes d\u2019aspiration chirurgicale et dentaire","rel":"","context":"Article similaire","block_context":{"text":"Article similaire","link":""},"img":{"alt_text":"","src":"https:\/\/i0.wp.com\/docmarket-dz.com\/wp-content\/uploads\/2024\/12\/Sans-titre.png?fit=266%2C478&ssl=1&resize=350%2C200","width":350,"height":200},"classes":[]},{"id":30013,"url":"https:\/\/docmarket-dz.com\/index.php\/product\/aniospray-29-bouteille-1l\/","url_meta":{"origin":26651,"position":3},"title":"ANIOSPRAY 29 &#8211; Bouteille 1L","author":"Sofiane Arbouche","date":"15\/04\/2025","format":false,"excerpt":"\ud83e\uddf4 Aniospray Surf 29 \u2013 D\u00e9sinfectant de surface professionnel sans rin\u00e7age (1L ou 5L) Aniospray Surf 29 est un d\u00e9sinfectant de surface pr\u00eat \u00e0 l\u2019emploi, sp\u00e9cialement con\u00e7u pour la d\u00e9sinfection rapide du mat\u00e9riel m\u00e9dical et des surfaces en milieu m\u00e9dical, param\u00e9dical et laboratoire. Formul\u00e9 sans ald\u00e9hyde, il garantit une action\u2026","rel":"","context":"Article similaire","block_context":{"text":"Article similaire","link":""},"img":{"alt_text":"","src":"","width":0,"height":0},"classes":[]},{"id":25403,"url":"https:\/\/docmarket-dz.com\/index.php\/product\/bocal-daspiration-4-litres-4000-cc\/","url_meta":{"origin":26651,"position":4},"title":"BOCAL D&#8217;ASPIRATION 4 LITRES 4000 cc","author":"falek.h","date":"12\/03\/2023","format":false,"excerpt":"","rel":"","context":"Article similaire","block_context":{"text":"Article similaire","link":""},"img":{"alt_text":"","src":"","width":0,"height":0},"classes":[]},{"id":28657,"url":"https:\/\/docmarket-dz.com\/index.php\/product\/solution-hydroalcoolique-cristal-1l\/","url_meta":{"origin":26651,"position":5},"title":"Solution Hydroalcoolique Cristal 1L","author":"TIKELALINE Amel","date":"19\/03\/2024","format":false,"excerpt":"Solution alcoolique en bouteille de 1 litre de la marque Cristal. Formul\u00e9e pour un usage externe seulement. Contient un pourcentage appropri\u00e9 d'alcool pour d\u00e9sinfecter efficacement les surfaces. Convient pour une utilisation dans les environnements m\u00e9dicaux, commerciaux et domestiques. Id\u00e9ale pour la d\u00e9sinfection des mains, des surfaces et des instruments m\u00e9dicaux.\u2026","rel":"","context":"Article similaire","block_context":{"text":"Article similaire","link":""},"img":{"alt_text":"","src":"https:\/\/i0.wp.com\/docmarket-dz.com\/wp-content\/uploads\/2024\/03\/IMG_20240324_102231-removebg-preview-2-1.png?fit=599%2C601&ssl=1&resize=350%2C200","width":350,"height":200,"srcset":"https:\/\/i0.wp.com\/docmarket-dz.com\/wp-content\/uploads\/2024\/03\/IMG_20240324_102231-removebg-preview-2-1.png?fit=599%2C601&ssl=1&resize=350%2C200 1x, https:\/\/i0.wp.com\/docmarket-dz.com\/wp-content\/uploads\/2024\/03\/IMG_20240324_102231-removebg-preview-2-1.png?fit=599%2C601&ssl=1&resize=525%2C300 1.5x"},"classes":[]}],"jetpack_sharing_enabled":true,"tiered_pricing_type":"fixed","tiered_pricing_fixed_rules":[],"tiered_pricing_product_settings":{"layout":"default","base_unit_name":{"singular":null,"plural":null},"default_variation":null},"tiered_pricing_minimum_quantity":null,"tiered_pricing_roles_data":[],"tiered_pricing_percentage_rules":[],"_links":{"self":[{"href":"https:\/\/docmarket-dz.com\/index.php\/wp-json\/wp\/v2\/product\/26651","targetHints":{"allow":["GET"]}}],"collection":[{"href":"https:\/\/docmarket-dz.com\/index.php\/wp-json\/wp\/v2\/product"}],"about":[{"href":"https:\/\/docmarket-dz.com\/index.php\/wp-json\/wp\/v2\/types\/product"}],"replies":[{"embeddable":true,"href":"https:\/\/docmarket-dz.com\/index.php\/wp-json\/wp\/v2\/comments?post=26651"}],"wp:featuredmedia":[{"embeddable":true,"href":"https:\/\/docmarket-dz.com\/index.php\/wp-json\/wp\/v2\/media\/27034"}],"wp:attachment":[{"href":"https:\/\/docmarket-dz.com\/index.php\/wp-json\/wp\/v2\/media?parent=26651"}],"wp:term":[{"taxonomy":"product_brand","embeddable":true,"href":"https:\/\/docmarket-dz.com\/index.php\/wp-json\/wp\/v2\/product_brand?post=26651"},{"taxonomy":"product_cat","embeddable":true,"href":"https:\/\/docmarket-dz.com\/index.php\/wp-json\/wp\/v2\/product_cat?post=26651"},{"taxonomy":"product_tag","embeddable":true,"href":"https:\/\/docmarket-dz.com\/index.php\/wp-json\/wp\/v2\/product_tag?post=26651"}],"curies":[{"name":"wp","href":"https:\/\/api.w.org\/{rel}","templated":true}]}}