{"id":26655,"date":"2023-03-17T13:32:35","date_gmt":"2023-03-17T12:32:35","guid":{"rendered":"https:\/\/docmarket-dz.com\/?post_type=product&#038;p=26655"},"modified":"2023-08-09T13:55:46","modified_gmt":"2023-08-09T12:55:46","slug":"digue-nic-tone","status":"publish","type":"product","link":"https:\/\/docmarket-dz.com\/index.php\/product\/digue-nic-tone\/","title":{"rendered":"DIGUE NIC TONE"},"content":{"rendered":"<p><strong>Caract\u00e9ristiques<\/strong>\u00a0:<\/p>\n<ul>\n<li>Allongement jusqu\u00e0 800% sans se dechirer<br \/>\n(inclusivement &#8220;split dam&#8221;)<\/li>\n<li>Sans prot\u00e9ines et poudre<\/li>\n<li>Couleur constante, invariable avec les tissus (id\u00e9al pour la r\u00e9alisation des photos intra-op\u00e9ratoires)<\/li>\n<li>Accorde pour la r\u00e9traction des tissus mous (id\u00e9al pour linversion)<\/li>\n<li>R\u00e9sistance accrue et flexibilit\u00e9<\/li>\n<li>Confectionne en latex raffine<\/li>\n<\/ul>\n","protected":false},"excerpt":{"rendered":"<p>Caract\u00e9ristiques\u00a0: Allongement jusqu\u00e0 800% sans se dechirer (inclusivement &#8220;split dam&#8221;) Sans prot\u00e9ines et poudre Couleur constante, invariable avec les tissus (id\u00e9al pour la r\u00e9alisation des photos intra-op\u00e9ratoires) Accorde pour la r\u00e9traction des tissus mous (id\u00e9al pour linversion) R\u00e9sistance accrue et flexibilit\u00e9 Confectionne en latex raffine<\/p>\n","protected":false},"featured_media":27018,"comment_status":"open","ping_status":"closed","template":"","meta":{"content-type":"","om_disable_all_campaigns":false,"_uf_show_specific_survey":0,"_uf_disable_surveys":false,"jetpack_publicize_message":"","jetpack_publicize_feature_enabled":true,"jetpack_social_post_already_shared":false,"jetpack_social_options":{"image_generator_settings":{"template":"highway","default_image_id":0,"font":"","enabled":false},"version":2}},"product_brand":[],"product_cat":[100],"product_tag":[],"class_list":{"0":"post-26655","1":"product","2":"type-product","3":"status-publish","4":"has-post-thumbnail","6":"product_cat-dentaire","8":"first","9":"onbackorder","10":"taxable","11":"shipping-taxable","12":"purchasable","13":"product-type-simple"},"supplier_id":null,"supplier_sku":"","barcode":null,"atum_controlled":true,"out_stock_date":null,"out_stock_threshold":null,"inheritable":false,"inbound_stock":0,"stock_on_hold":0,"sold_today":0,"sales_last_days":0,"reserved_stock":0,"customer_returns":0,"warehouse_damage":0,"lost_in_post":0,"other_logs":0,"out_stock_days":0,"lost_sales":0,"has_location":false,"update_date":"2026-04-16T00:07:57","atum_locations":[],"atum_stock_status":"onbackorder","restock_status":false,"low_stock_amount":"","sales_update_date":"2026-04-16T00:07:57","calc_backorders":null,"aioseo_notices":[],"jetpack_publicize_connections":[],"jetpack-related-posts":[{"id":26151,"url":"https:\/\/docmarket-dz.com\/index.php\/product\/aiguille-spinal-sans-introducteur\/","url_meta":{"origin":26655,"position":0},"title":"AIGUILLE SPINAL SANS INTRODUCTEUR","author":"falek.h","date":"12\/03\/2023","format":false,"excerpt":"Aiguille spinale\u00a0 avec embase transparente et mandrin obturateur. L'embase du mandrin comporte un code couleur normalis\u00e9 correspondant au diam\u00e8tre ext\u00e9rieur de l'aiguille. L'embase de l'aiguille est en plastique transparent pour visualiser le reflux du liquide c\u00e9phalo-rachidien, et est ergonomique pour assurer une prise en main et une manipulation facile. Le\u2026","rel":"","context":"Article similaire","block_context":{"text":"Article similaire","link":""},"img":{"alt_text":"","src":"https:\/\/i0.wp.com\/docmarket-dz.com\/wp-content\/uploads\/2023\/03\/prd_disp_img_00518005a1-scaled-e1696406736651.jpg?fit=860%2C316&ssl=1&resize=350%2C200","width":350,"height":200,"srcset":"https:\/\/i0.wp.com\/docmarket-dz.com\/wp-content\/uploads\/2023\/03\/prd_disp_img_00518005a1-scaled-e1696406736651.jpg?fit=860%2C316&ssl=1&resize=350%2C200 1x, https:\/\/i0.wp.com\/docmarket-dz.com\/wp-content\/uploads\/2023\/03\/prd_disp_img_00518005a1-scaled-e1696406736651.jpg?fit=860%2C316&ssl=1&resize=525%2C300 1.5x, https:\/\/i0.wp.com\/docmarket-dz.com\/wp-content\/uploads\/2023\/03\/prd_disp_img_00518005a1-scaled-e1696406736651.jpg?fit=860%2C316&ssl=1&resize=700%2C400 2x"},"classes":[]},{"id":26482,"url":"https:\/\/docmarket-dz.com\/index.php\/product\/blanchiment-endo-belagel\/","url_meta":{"origin":26655,"position":1},"title":"BLANCHIMENT ENDO BELAGEL","author":"falek.h","date":"17\/03\/2023","format":false,"excerpt":"Mat\u00e9riau dentaire peroxyde de carbamide\u00a0BELAGEL-O (ENDO)\u00a0 INDICATIONS La p\u00e2te \u00abBelagel-O\u00bb (Endo) est con\u00e7u pour le blanchiment des dents d\u00e9pulp\u00e9es \u00e0 l'int\u00e9rieur des canaux et des couronnes. COMPOSITION ET PROPRI\u00c9T\u00c9S PRINCIPALES La \u00abBelagel-O\u00bb (Endo) est une p\u00e2te \u00e0 base de l\u2019agent de blanchiment plus doux de peroxyde de carbamide - 60%\u2026","rel":"","context":"Article similaire","block_context":{"text":"Article similaire","link":""},"img":{"alt_text":"","src":"https:\/\/i0.wp.com\/docmarket-dz.com\/wp-content\/uploads\/2023\/03\/BLANCHIMENT-ENDO-BELAGEL-e1680696177831.webp?fit=900%2C600&ssl=1&resize=350%2C200","width":350,"height":200,"srcset":"https:\/\/i0.wp.com\/docmarket-dz.com\/wp-content\/uploads\/2023\/03\/BLANCHIMENT-ENDO-BELAGEL-e1680696177831.webp?fit=900%2C600&ssl=1&resize=350%2C200 1x, https:\/\/i0.wp.com\/docmarket-dz.com\/wp-content\/uploads\/2023\/03\/BLANCHIMENT-ENDO-BELAGEL-e1680696177831.webp?fit=900%2C600&ssl=1&resize=525%2C300 1.5x, https:\/\/i0.wp.com\/docmarket-dz.com\/wp-content\/uploads\/2023\/03\/BLANCHIMENT-ENDO-BELAGEL-e1680696177831.webp?fit=900%2C600&ssl=1&resize=700%2C400 2x"},"classes":[]},{"id":28133,"url":"https:\/\/docmarket-dz.com\/index.php\/product\/pince-hemostatique-halstead-13-cm-droite-s-g\/","url_meta":{"origin":26655,"position":2},"title":"Pince h\u00e9mostatique ( HALSTEAD . 13 CM DROITE S\/G","author":"fatmazohra.nasri","date":"16\/12\/2023","format":false,"excerpt":"La\u00a0pince h\u00e9mostatique de Halstead (ou pince moustique)\u00a0est une pince chirurgicale en acier inoxydable. Avec ses machoires rainur\u00e9es et son m\u00e9canisme d'autoblocage \u00e0 cr\u00e9maill\u00e8re, elle est bien adapt\u00e9e pour stopper les saignements (clamps de vaisseaux), saisir et manipuler des tissus ou dispositifs m\u00e9dicaux (compresses, aiguilles ...). La pince de Halstead droites\u2026","rel":"","context":"Article similaire","block_context":{"text":"Article similaire","link":""},"img":{"alt_text":"","src":"https:\/\/i0.wp.com\/docmarket-dz.com\/wp-content\/uploads\/2023\/12\/148982_IP08213_pince-rochester_pean_kocher_SG-droite-HOLTEX_Original-600x409-1.jpg?fit=602%2C588&ssl=1&resize=350%2C200","width":350,"height":200,"srcset":"https:\/\/i0.wp.com\/docmarket-dz.com\/wp-content\/uploads\/2023\/12\/148982_IP08213_pince-rochester_pean_kocher_SG-droite-HOLTEX_Original-600x409-1.jpg?fit=602%2C588&ssl=1&resize=350%2C200 1x, https:\/\/i0.wp.com\/docmarket-dz.com\/wp-content\/uploads\/2023\/12\/148982_IP08213_pince-rochester_pean_kocher_SG-droite-HOLTEX_Original-600x409-1.jpg?fit=602%2C588&ssl=1&resize=525%2C300 1.5x"},"classes":[]},{"id":26533,"url":"https:\/\/docmarket-dz.com\/index.php\/product\/ceraseal-sealer-bioceramique\/","url_meta":{"origin":26655,"position":3},"title":"CERASEAL SEALER BIOCERAMIC","author":"falek.h","date":"01\/01\/1970","format":false,"excerpt":"Scellant Canalaire \u00c0 Base De Bioc\u00e9ramique, Seringue 2g AVANTAGES Antimicrobien Biocompatibilit\u00e9 Optimale Excellente Capacit\u00e9 D'\u00e9tanch\u00e9it\u00e9 Le Silicate De Calcium Produit Un Gel CAH (Calcium Aluminate Hydrate) Et Un Gel CSH (Calcium Silicate Hydrate) En Absorbant L'humidit\u00e9 Des Tissus Environnants Dans Le Canal Radiculaire Et Une Certaine Cristallisation De L'hydroxyde De\u2026","rel":"","context":"Article similaire","block_context":{"text":"Article similaire","link":""},"img":{"alt_text":"","src":"https:\/\/i0.wp.com\/docmarket-dz.com\/wp-content\/uploads\/1970\/01\/274abd46ce2704fbad2627c4661443de-e1696412976894.png?fit=600%2C450&ssl=1&resize=350%2C200","width":350,"height":200,"srcset":"https:\/\/i0.wp.com\/docmarket-dz.com\/wp-content\/uploads\/1970\/01\/274abd46ce2704fbad2627c4661443de-e1696412976894.png?fit=600%2C450&ssl=1&resize=350%2C200 1x, https:\/\/i0.wp.com\/docmarket-dz.com\/wp-content\/uploads\/1970\/01\/274abd46ce2704fbad2627c4661443de-e1696412976894.png?fit=600%2C450&ssl=1&resize=525%2C300 1.5x"},"classes":[]},{"id":29607,"url":"https:\/\/docmarket-dz.com\/index.php\/product\/ciseaux-inoxydable\/","url_meta":{"origin":26655,"position":4},"title":"Ciseaux inoxydable","author":"Sofiane Arbouche","date":"03\/11\/2024","format":false,"excerpt":"Id\u00e9ale pour l'entretien des ongle et pour les usages quotidiens","rel":"","context":"Article similaire","block_context":{"text":"Article similaire","link":""},"img":{"alt_text":"","src":"","width":0,"height":0},"classes":[]},{"id":26485,"url":"https:\/\/docmarket-dz.com\/index.php\/product\/blanchiment-light-whitening\/","url_meta":{"origin":26655,"position":5},"title":"BLANCHIMENT LIGHT WHITENING","author":"falek.h","date":"17\/03\/2023","format":false,"excerpt":"LIGHTWHITENING est id\u00e9al comme \u00ab\u00a0prophylaxis +\u00a0\u00bb apr\u00e8s un nettoyage dentaire professionnelle. Le blanchiment dentaire individuel peut \u00eatre men\u00e9 avec LIGHT WHITENING . Le traitement n\u00e9cessite une lampe.","rel":"","context":"Article similaire","block_context":{"text":"Article similaire","link":""},"img":{"alt_text":"","src":"https:\/\/i0.wp.com\/docmarket-dz.com\/wp-content\/uploads\/2023\/03\/BLANCHIMENT-LIGHT-WHITENING-e1680697202785.webp?fit=600%2C600&ssl=1&resize=350%2C200","width":350,"height":200,"srcset":"https:\/\/i0.wp.com\/docmarket-dz.com\/wp-content\/uploads\/2023\/03\/BLANCHIMENT-LIGHT-WHITENING-e1680697202785.webp?fit=600%2C600&ssl=1&resize=350%2C200 1x, https:\/\/i0.wp.com\/docmarket-dz.com\/wp-content\/uploads\/2023\/03\/BLANCHIMENT-LIGHT-WHITENING-e1680697202785.webp?fit=600%2C600&ssl=1&resize=525%2C300 1.5x"},"classes":[]}],"jetpack_sharing_enabled":true,"tiered_pricing_type":"fixed","tiered_pricing_fixed_rules":[],"tiered_pricing_product_settings":{"layout":"default","base_unit_name":{"singular":null,"plural":null},"default_variation":null},"tiered_pricing_minimum_quantity":null,"tiered_pricing_roles_data":[],"tiered_pricing_percentage_rules":[],"_links":{"self":[{"href":"https:\/\/docmarket-dz.com\/index.php\/wp-json\/wp\/v2\/product\/26655","targetHints":{"allow":["GET"]}}],"collection":[{"href":"https:\/\/docmarket-dz.com\/index.php\/wp-json\/wp\/v2\/product"}],"about":[{"href":"https:\/\/docmarket-dz.com\/index.php\/wp-json\/wp\/v2\/types\/product"}],"replies":[{"embeddable":true,"href":"https:\/\/docmarket-dz.com\/index.php\/wp-json\/wp\/v2\/comments?post=26655"}],"wp:featuredmedia":[{"embeddable":true,"href":"https:\/\/docmarket-dz.com\/index.php\/wp-json\/wp\/v2\/media\/27018"}],"wp:attachment":[{"href":"https:\/\/docmarket-dz.com\/index.php\/wp-json\/wp\/v2\/media?parent=26655"}],"wp:term":[{"taxonomy":"product_brand","embeddable":true,"href":"https:\/\/docmarket-dz.com\/index.php\/wp-json\/wp\/v2\/product_brand?post=26655"},{"taxonomy":"product_cat","embeddable":true,"href":"https:\/\/docmarket-dz.com\/index.php\/wp-json\/wp\/v2\/product_cat?post=26655"},{"taxonomy":"product_tag","embeddable":true,"href":"https:\/\/docmarket-dz.com\/index.php\/wp-json\/wp\/v2\/product_tag?post=26655"}],"curies":[{"name":"wp","href":"https:\/\/api.w.org\/{rel}","templated":true}]}}