{"id":26666,"date":"1970-01-01T00:00:00","date_gmt":"1970-01-01T00:00:00","guid":{"rendered":"https:\/\/docmarket-dz.com\/?post_type=product&#038;p=26666"},"modified":"2023-08-09T14:32:31","modified_gmt":"2023-08-09T13:32:31","slug":"e-flex-open-file-ref-88","status":"publish","type":"product","link":"https:\/\/docmarket-dz.com\/index.php\/product\/e-flex-open-file-ref-88\/","title":{"rendered":"E FLEX OPEN FILE REF 88"},"content":{"rendered":"","protected":false},"excerpt":{"rendered":"","protected":false},"featured_media":0,"comment_status":"open","ping_status":"closed","template":"","meta":{"content-type":"","om_disable_all_campaigns":false,"_uf_show_specific_survey":0,"_uf_disable_surveys":false,"jetpack_publicize_message":"","jetpack_publicize_feature_enabled":true,"jetpack_social_post_already_shared":false,"jetpack_social_options":{"image_generator_settings":{"template":"highway","default_image_id":0,"font":"","enabled":false},"version":2}},"product_brand":[],"product_cat":[100],"product_tag":[],"class_list":{"0":"post-26666","1":"product","2":"type-product","3":"status-publish","5":"product_cat-dentaire","7":"first","8":"onbackorder","9":"taxable","10":"shipping-taxable","11":"purchasable","12":"product-type-simple"},"supplier_id":null,"supplier_sku":"","barcode":null,"atum_controlled":true,"out_stock_date":null,"out_stock_threshold":null,"inheritable":false,"inbound_stock":0,"stock_on_hold":0,"sold_today":0,"sales_last_days":0,"reserved_stock":0,"customer_returns":0,"warehouse_damage":0,"lost_in_post":0,"other_logs":0,"out_stock_days":0,"lost_sales":0,"has_location":false,"update_date":"2026-04-16T00:08:05","atum_locations":[],"atum_stock_status":"onbackorder","restock_status":false,"low_stock_amount":"","sales_update_date":"2026-04-16T00:08:05","calc_backorders":null,"aioseo_notices":[],"jetpack_publicize_connections":[],"jetpack-related-posts":[{"id":26685,"url":"https:\/\/docmarket-dz.com\/index.php\/product\/e-flex-mini-b-04-855\/","url_meta":{"origin":26666,"position":0},"title":"E-FLEX MINI B\/04-855","author":"falek.h","date":"17\/03\/2023","format":false,"excerpt":"E-Flex Mini:- Sp\u00e9cialement con\u00e7u pour les dents de lait Couleur standard ISO Pas variable Fil Ni-Ti \u00e0 m\u00e9moire de contr\u00f4le trait\u00e9 thermiquement Indicateur de conicit\u00e9 Cannelures tranchantes Pointe de s\u00e9curit\u00e9 non coupante Bouchon","rel":"","context":"Article similaire","block_context":{"text":"Article similaire","link":""},"img":{"alt_text":"","src":"https:\/\/i0.wp.com\/docmarket-dz.com\/wp-content\/uploads\/2023\/03\/E-FLEX-MINI-B-04-855-PhotoRoom.png-PhotoRoom-e1680609958703.png?fit=849%2C1200&ssl=1&resize=350%2C200","width":350,"height":200,"srcset":"https:\/\/i0.wp.com\/docmarket-dz.com\/wp-content\/uploads\/2023\/03\/E-FLEX-MINI-B-04-855-PhotoRoom.png-PhotoRoom-e1680609958703.png?fit=849%2C1200&ssl=1&resize=350%2C200 1x, https:\/\/i0.wp.com\/docmarket-dz.com\/wp-content\/uploads\/2023\/03\/E-FLEX-MINI-B-04-855-PhotoRoom.png-PhotoRoom-e1680609958703.png?fit=849%2C1200&ssl=1&resize=525%2C300 1.5x, https:\/\/i0.wp.com\/docmarket-dz.com\/wp-content\/uploads\/2023\/03\/E-FLEX-MINI-B-04-855-PhotoRoom.png-PhotoRoom-e1680609958703.png?fit=849%2C1200&ssl=1&resize=700%2C400 2x"},"classes":[]},{"id":26667,"url":"https:\/\/docmarket-dz.com\/index.php\/product\/e-flex-rt-retraitement-ref99\/","url_meta":{"origin":26666,"position":1},"title":"E FLEX RT RETRAITEMENT REF99","author":"falek.h","date":"01\/01\/1970","format":false,"excerpt":"","rel":"","context":"Article similaire","block_context":{"text":"Article similaire","link":""},"img":{"alt_text":"","src":"","width":0,"height":0},"classes":[]},{"id":25369,"url":"https:\/\/docmarket-dz.com\/index.php\/product\/cable-ecg-pour-moniteur-colin-bp-88s\/","url_meta":{"origin":26666,"position":2},"title":"CABLE ECG POUR MONITEUR Colin BP 88S","author":"falek.h","date":"12\/03\/2023","format":false,"excerpt":"CABLE ECG POUR MONITEUR Colin BP 88S","rel":"","context":"Article similaire","block_context":{"text":"Article similaire","link":""},"img":{"alt_text":"","src":"https:\/\/i0.wp.com\/docmarket-dz.com\/wp-content\/uploads\/2023\/03\/CABLE-ECG-POUR-MONITEUR-Colin-BP-88S.png?fit=600%2C600&ssl=1&resize=350%2C200","width":350,"height":200,"srcset":"https:\/\/i0.wp.com\/docmarket-dz.com\/wp-content\/uploads\/2023\/03\/CABLE-ECG-POUR-MONITEUR-Colin-BP-88S.png?fit=600%2C600&ssl=1&resize=350%2C200 1x, https:\/\/i0.wp.com\/docmarket-dz.com\/wp-content\/uploads\/2023\/03\/CABLE-ECG-POUR-MONITEUR-Colin-BP-88S.png?fit=600%2C600&ssl=1&resize=525%2C300 1.5x"},"classes":[]},{"id":28461,"url":"https:\/\/docmarket-dz.com\/index.php\/product\/fil-2-0-mm-ar-resorbable-boite-de-36-fils\/","url_meta":{"origin":26666,"position":3},"title":"Fil 2\/0 MM AR R\u00e9sorbable Boite de 36 fils","author":"fatmazohra.nasri","date":"05\/02\/2024","format":false,"excerpt":"","rel":"","context":"Article similaire","block_context":{"text":"Article similaire","link":""},"img":{"alt_text":"","src":"https:\/\/i0.wp.com\/docmarket-dz.com\/wp-content\/uploads\/2024\/02\/60687057_1715616778583925_98289025193869312_n-Photoroom.png-Photoroom-1.jpg?fit=720%2C960&ssl=1&resize=350%2C200","width":350,"height":200,"srcset":"https:\/\/i0.wp.com\/docmarket-dz.com\/wp-content\/uploads\/2024\/02\/60687057_1715616778583925_98289025193869312_n-Photoroom.png-Photoroom-1.jpg?fit=720%2C960&ssl=1&resize=350%2C200 1x, https:\/\/i0.wp.com\/docmarket-dz.com\/wp-content\/uploads\/2024\/02\/60687057_1715616778583925_98289025193869312_n-Photoroom.png-Photoroom-1.jpg?fit=720%2C960&ssl=1&resize=525%2C300 1.5x, https:\/\/i0.wp.com\/docmarket-dz.com\/wp-content\/uploads\/2024\/02\/60687057_1715616778583925_98289025193869312_n-Photoroom.png-Photoroom-1.jpg?fit=720%2C960&ssl=1&resize=700%2C400 2x"},"classes":[]},{"id":26541,"url":"https:\/\/docmarket-dz.com\/index.php\/product\/ciment-d-obturation-i-fil\/","url_meta":{"origin":26666,"position":4},"title":"CIMENT D OBTURATION I-FIL","author":"falek.h","date":"01\/01\/1970","format":false,"excerpt":"","rel":"","context":"Article similaire","block_context":{"text":"Article similaire","link":""},"img":{"alt_text":"","src":"https:\/\/i0.wp.com\/docmarket-dz.com\/wp-content\/uploads\/1970\/01\/ifil-lc-1000x1000-2.jpg?fit=1000%2C1000&ssl=1&resize=350%2C200","width":350,"height":200,"srcset":"https:\/\/i0.wp.com\/docmarket-dz.com\/wp-content\/uploads\/1970\/01\/ifil-lc-1000x1000-2.jpg?fit=1000%2C1000&ssl=1&resize=350%2C200 1x, https:\/\/i0.wp.com\/docmarket-dz.com\/wp-content\/uploads\/1970\/01\/ifil-lc-1000x1000-2.jpg?fit=1000%2C1000&ssl=1&resize=525%2C300 1.5x, https:\/\/i0.wp.com\/docmarket-dz.com\/wp-content\/uploads\/1970\/01\/ifil-lc-1000x1000-2.jpg?fit=1000%2C1000&ssl=1&resize=700%2C400 2x"},"classes":[]},{"id":26554,"url":"https:\/\/docmarket-dz.com\/index.php\/product\/ciment-dobturationi-fil-lc\/","url_meta":{"origin":26666,"position":5},"title":"CIMENT DoBTURATIONI-FIL LC","author":"falek.h","date":"01\/01\/1970","format":false,"excerpt":"","rel":"","context":"Article similaire","block_context":{"text":"Article similaire","link":""},"img":{"alt_text":"","src":"","width":0,"height":0},"classes":[]}],"jetpack_sharing_enabled":true,"tiered_pricing_type":"fixed","tiered_pricing_fixed_rules":[],"tiered_pricing_product_settings":{"layout":"default","base_unit_name":{"singular":null,"plural":null},"default_variation":null},"tiered_pricing_minimum_quantity":null,"tiered_pricing_roles_data":[],"tiered_pricing_percentage_rules":[],"_links":{"self":[{"href":"https:\/\/docmarket-dz.com\/index.php\/wp-json\/wp\/v2\/product\/26666","targetHints":{"allow":["GET"]}}],"collection":[{"href":"https:\/\/docmarket-dz.com\/index.php\/wp-json\/wp\/v2\/product"}],"about":[{"href":"https:\/\/docmarket-dz.com\/index.php\/wp-json\/wp\/v2\/types\/product"}],"replies":[{"embeddable":true,"href":"https:\/\/docmarket-dz.com\/index.php\/wp-json\/wp\/v2\/comments?post=26666"}],"wp:attachment":[{"href":"https:\/\/docmarket-dz.com\/index.php\/wp-json\/wp\/v2\/media?parent=26666"}],"wp:term":[{"taxonomy":"product_brand","embeddable":true,"href":"https:\/\/docmarket-dz.com\/index.php\/wp-json\/wp\/v2\/product_brand?post=26666"},{"taxonomy":"product_cat","embeddable":true,"href":"https:\/\/docmarket-dz.com\/index.php\/wp-json\/wp\/v2\/product_cat?post=26666"},{"taxonomy":"product_tag","embeddable":true,"href":"https:\/\/docmarket-dz.com\/index.php\/wp-json\/wp\/v2\/product_tag?post=26666"}],"curies":[{"name":"wp","href":"https:\/\/api.w.org\/{rel}","templated":true}]}}