{"id":26667,"date":"1970-01-01T00:00:00","date_gmt":"1970-01-01T00:00:00","guid":{"rendered":"https:\/\/docmarket-dz.com\/?post_type=product&#038;p=26667"},"modified":"2023-08-09T14:33:34","modified_gmt":"2023-08-09T13:33:34","slug":"e-flex-rt-retraitement-ref99","status":"publish","type":"product","link":"https:\/\/docmarket-dz.com\/index.php\/product\/e-flex-rt-retraitement-ref99\/","title":{"rendered":"E FLEX RT RETRAITEMENT REF99"},"content":{"rendered":"","protected":false},"excerpt":{"rendered":"","protected":false},"featured_media":0,"comment_status":"open","ping_status":"closed","template":"","meta":{"content-type":"","om_disable_all_campaigns":false,"_uf_show_specific_survey":0,"_uf_disable_surveys":false,"jetpack_publicize_message":"","jetpack_publicize_feature_enabled":true,"jetpack_social_post_already_shared":false,"jetpack_social_options":{"image_generator_settings":{"template":"highway","default_image_id":0,"font":"","enabled":false},"version":2}},"product_brand":[],"product_cat":[100],"product_tag":[],"class_list":{"0":"post-26667","1":"product","2":"type-product","3":"status-publish","5":"product_cat-dentaire","7":"first","8":"onbackorder","9":"taxable","10":"shipping-taxable","11":"purchasable","12":"product-type-simple"},"supplier_id":null,"supplier_sku":"","barcode":null,"atum_controlled":true,"out_stock_date":null,"out_stock_threshold":null,"inheritable":false,"inbound_stock":0,"stock_on_hold":0,"sold_today":0,"sales_last_days":0,"reserved_stock":0,"customer_returns":0,"warehouse_damage":0,"lost_in_post":0,"other_logs":0,"out_stock_days":0,"lost_sales":0,"has_location":false,"update_date":"2026-04-16T00:07:57","atum_locations":[],"atum_stock_status":"onbackorder","restock_status":false,"low_stock_amount":"","sales_update_date":"2026-04-16T00:07:57","calc_backorders":null,"aioseo_notices":[],"jetpack_publicize_connections":[],"jetpack-related-posts":[{"id":26666,"url":"https:\/\/docmarket-dz.com\/index.php\/product\/e-flex-open-file-ref-88\/","url_meta":{"origin":26667,"position":0},"title":"E FLEX OPEN FILE REF 88","author":"falek.h","date":"01\/01\/1970","format":false,"excerpt":"","rel":"","context":"Article similaire","block_context":{"text":"Article similaire","link":""},"img":{"alt_text":"","src":"","width":0,"height":0},"classes":[]},{"id":26685,"url":"https:\/\/docmarket-dz.com\/index.php\/product\/e-flex-mini-b-04-855\/","url_meta":{"origin":26667,"position":1},"title":"E-FLEX MINI B\/04-855","author":"falek.h","date":"17\/03\/2023","format":false,"excerpt":"E-Flex Mini:- Sp\u00e9cialement con\u00e7u pour les dents de lait Couleur standard ISO Pas variable Fil Ni-Ti \u00e0 m\u00e9moire de contr\u00f4le trait\u00e9 thermiquement Indicateur de conicit\u00e9 Cannelures tranchantes Pointe de s\u00e9curit\u00e9 non coupante Bouchon","rel":"","context":"Article similaire","block_context":{"text":"Article similaire","link":""},"img":{"alt_text":"","src":"https:\/\/i0.wp.com\/docmarket-dz.com\/wp-content\/uploads\/2023\/03\/E-FLEX-MINI-B-04-855-PhotoRoom.png-PhotoRoom-e1680609958703.png?fit=849%2C1200&ssl=1&resize=350%2C200","width":350,"height":200,"srcset":"https:\/\/i0.wp.com\/docmarket-dz.com\/wp-content\/uploads\/2023\/03\/E-FLEX-MINI-B-04-855-PhotoRoom.png-PhotoRoom-e1680609958703.png?fit=849%2C1200&ssl=1&resize=350%2C200 1x, https:\/\/i0.wp.com\/docmarket-dz.com\/wp-content\/uploads\/2023\/03\/E-FLEX-MINI-B-04-855-PhotoRoom.png-PhotoRoom-e1680609958703.png?fit=849%2C1200&ssl=1&resize=525%2C300 1.5x, https:\/\/i0.wp.com\/docmarket-dz.com\/wp-content\/uploads\/2023\/03\/E-FLEX-MINI-B-04-855-PhotoRoom.png-PhotoRoom-e1680609958703.png?fit=849%2C1200&ssl=1&resize=700%2C400 2x"},"classes":[]},{"id":26528,"url":"https:\/\/docmarket-dz.com\/index.php\/product\/cavit-e-temp\/","url_meta":{"origin":26667,"position":2},"title":"CAVITE E-TEMP","author":"falek.h","date":"01\/01\/1970","format":false,"excerpt":"e-Temp est un mat\u00e9riau d'obturation temporaire pour les cavit\u00e9s standards et les traitements post-endodontiques. Adh\u00e8re \u00e0 la dentine, se dilate l\u00e9g\u00e8rement lors de la prise et durcit rapidement pour assurer l'\u00e9tanch\u00e9it\u00e9 Propri\u00e9t\u00e9s m\u00e9caniques am\u00e9lior\u00e9es pour un remplissage temporaire rapide Activ\u00e9 par l'humidit\u00e9\u00a0: prend en 25\u00a0minutes ou moins Contient de l'oxyde\u2026","rel":"","context":"Article similaire","block_context":{"text":"Article similaire","link":""},"img":{"alt_text":"","src":"https:\/\/i0.wp.com\/docmarket-dz.com\/wp-content\/uploads\/1970\/01\/e-Temp-1.jpg?fit=600%2C600&ssl=1&resize=350%2C200","width":350,"height":200,"srcset":"https:\/\/i0.wp.com\/docmarket-dz.com\/wp-content\/uploads\/1970\/01\/e-Temp-1.jpg?fit=600%2C600&ssl=1&resize=350%2C200 1x, https:\/\/i0.wp.com\/docmarket-dz.com\/wp-content\/uploads\/1970\/01\/e-Temp-1.jpg?fit=600%2C600&ssl=1&resize=525%2C300 1.5x"},"classes":[]},{"id":26582,"url":"https:\/\/docmarket-dz.com\/index.php\/product\/composite-coffret-reflectys-itena\/","url_meta":{"origin":26667,"position":3},"title":"COMPOSITE COFFRET REFLECTYS ITENA","author":"falek.h","date":"01\/01\/1970","format":false,"excerpt":"Composite universel pour restauration ant\u00e9rieure et post\u00e9rieure Coffret Stratification : 7 seringues Reflectys : A1 \/ A2 \/ A3 \/ A2O \/ A3O \/ E \/ I + 1 seringue de DentoEtch + 1 Iperbond Ultra Id\u00e9al pour les\u00a0restaurations post\u00e9rieures\u00a0sujettes \u00e0 de grands stress et les\u00a0restaurations ant\u00e9rieures\u00a0demandant un haut niveau\u2026","rel":"","context":"Article similaire","block_context":{"text":"Article similaire","link":""},"img":{"alt_text":"","src":"https:\/\/i0.wp.com\/docmarket-dz.com\/wp-content\/uploads\/1970\/01\/coffret-reflectys-e1697015621115.jpg?fit=600%2C600&ssl=1&resize=350%2C200","width":350,"height":200,"srcset":"https:\/\/i0.wp.com\/docmarket-dz.com\/wp-content\/uploads\/1970\/01\/coffret-reflectys-e1697015621115.jpg?fit=600%2C600&ssl=1&resize=350%2C200 1x, https:\/\/i0.wp.com\/docmarket-dz.com\/wp-content\/uploads\/1970\/01\/coffret-reflectys-e1697015621115.jpg?fit=600%2C600&ssl=1&resize=525%2C300 1.5x"},"classes":[]}],"jetpack_sharing_enabled":true,"tiered_pricing_type":"fixed","tiered_pricing_fixed_rules":[],"tiered_pricing_product_settings":{"layout":"default","base_unit_name":{"singular":null,"plural":null},"default_variation":null},"tiered_pricing_minimum_quantity":null,"tiered_pricing_roles_data":[],"tiered_pricing_percentage_rules":[],"_links":{"self":[{"href":"https:\/\/docmarket-dz.com\/index.php\/wp-json\/wp\/v2\/product\/26667","targetHints":{"allow":["GET"]}}],"collection":[{"href":"https:\/\/docmarket-dz.com\/index.php\/wp-json\/wp\/v2\/product"}],"about":[{"href":"https:\/\/docmarket-dz.com\/index.php\/wp-json\/wp\/v2\/types\/product"}],"replies":[{"embeddable":true,"href":"https:\/\/docmarket-dz.com\/index.php\/wp-json\/wp\/v2\/comments?post=26667"}],"wp:attachment":[{"href":"https:\/\/docmarket-dz.com\/index.php\/wp-json\/wp\/v2\/media?parent=26667"}],"wp:term":[{"taxonomy":"product_brand","embeddable":true,"href":"https:\/\/docmarket-dz.com\/index.php\/wp-json\/wp\/v2\/product_brand?post=26667"},{"taxonomy":"product_cat","embeddable":true,"href":"https:\/\/docmarket-dz.com\/index.php\/wp-json\/wp\/v2\/product_cat?post=26667"},{"taxonomy":"product_tag","embeddable":true,"href":"https:\/\/docmarket-dz.com\/index.php\/wp-json\/wp\/v2\/product_tag?post=26667"}],"curies":[{"name":"wp","href":"https:\/\/api.w.org\/{rel}","templated":true}]}}