{"id":26684,"date":"2023-03-17T13:32:47","date_gmt":"2023-03-17T12:32:47","guid":{"rendered":"https:\/\/docmarket-dz.com\/?post_type=product&#038;p=26684"},"modified":"2023-08-09T13:55:45","modified_gmt":"2023-08-09T12:55:45","slug":"edta-solution-i-dental","status":"publish","type":"product","link":"https:\/\/docmarket-dz.com\/index.php\/product\/edta-solution-i-dental\/","title":{"rendered":"EDTA SOLUTION I-DENTAL"},"content":{"rendered":"<p>i-EDTA Solution, edta liquide la marque i-dental<\/p>\n<p>Application :<br \/>\n&#8211; Pour le nettoyage, la lubrification et l&#8217;irrigation<br \/>\n&#8211; Aide \u00e0 la d\u00e9calcification de la dentine dans les parois des canaux<br \/>\n&#8211; Aide \u00e0 l&#8217;\u00e9largissement des canaux<br \/>\n&#8211; \u00c9limination de la couche de smear<\/p>\n","protected":false},"excerpt":{"rendered":"<p>i-EDTA Solution, edta liquide la marque i-dental Application : &#8211; Pour le nettoyage, la lubrification et l&#8217;irrigation &#8211; Aide \u00e0 la d\u00e9calcification de la dentine dans les parois des canaux &#8211; Aide \u00e0 l&#8217;\u00e9largissement des canaux &#8211; \u00c9limination de la couche de smear<\/p>\n","protected":false},"featured_media":26997,"comment_status":"open","ping_status":"closed","template":"","meta":{"content-type":"","om_disable_all_campaigns":false,"_uf_show_specific_survey":0,"_uf_disable_surveys":false,"jetpack_publicize_message":"","jetpack_publicize_feature_enabled":true,"jetpack_social_post_already_shared":false,"jetpack_social_options":{"image_generator_settings":{"template":"highway","default_image_id":0,"font":"","enabled":false},"version":2}},"product_brand":[],"product_cat":[100],"product_tag":[],"class_list":{"0":"post-26684","1":"product","2":"type-product","3":"status-publish","4":"has-post-thumbnail","6":"product_cat-dentaire","8":"first","9":"onbackorder","10":"taxable","11":"shipping-taxable","12":"purchasable","13":"product-type-simple"},"supplier_id":null,"supplier_sku":"","barcode":null,"atum_controlled":true,"out_stock_date":null,"out_stock_threshold":null,"inheritable":false,"inbound_stock":0,"stock_on_hold":0,"sold_today":0,"sales_last_days":0,"reserved_stock":0,"customer_returns":0,"warehouse_damage":0,"lost_in_post":0,"other_logs":0,"out_stock_days":0,"lost_sales":0,"has_location":false,"update_date":"2026-04-16T00:08:09","atum_locations":[],"atum_stock_status":"onbackorder","restock_status":false,"low_stock_amount":"","sales_update_date":"2026-04-16T00:08:09","calc_backorders":null,"aioseo_notices":[],"jetpack_publicize_connections":[],"jetpack-related-posts":[{"id":26682,"url":"https:\/\/docmarket-dz.com\/index.php\/product\/edta-gel-i-dental\/","url_meta":{"origin":26684,"position":0},"title":"EDTA GEL I-DENTAL","author":"falek.h","date":"17\/03\/2023","format":false,"excerpt":"Gel de pr\u00e9paration du canal radiculaire. Indications : Pour le nettoyage Pour la lubrification Pour l'irrigation Avantages : Effet antibact\u00e9rien Aide \u00e0 trouver les entr\u00e9es du canal radiculaire R\u00e9duit la casse des limes lors de la pr\u00e9paration m\u00e9canique L'EDTA aide \u00e0 ch\u00e9later les sels de calcium Le gel aide \u00e0\u2026","rel":"","context":"Article similaire","block_context":{"text":"Article similaire","link":""},"img":{"alt_text":"","src":"https:\/\/i0.wp.com\/docmarket-dz.com\/wp-content\/uploads\/2023\/03\/EDTA-GEL-I-DENTAL-e1680611507939.jpg?fit=600%2C600&ssl=1&resize=350%2C200","width":350,"height":200,"srcset":"https:\/\/i0.wp.com\/docmarket-dz.com\/wp-content\/uploads\/2023\/03\/EDTA-GEL-I-DENTAL-e1680611507939.jpg?fit=600%2C600&ssl=1&resize=350%2C200 1x, https:\/\/i0.wp.com\/docmarket-dz.com\/wp-content\/uploads\/2023\/03\/EDTA-GEL-I-DENTAL-e1680611507939.jpg?fit=600%2C600&ssl=1&resize=525%2C300 1.5x"},"classes":[]},{"id":26683,"url":"https:\/\/docmarket-dz.com\/index.php\/product\/edta-pd\/","url_meta":{"origin":26684,"position":1},"title":"EDTA PD","author":"falek.h","date":"17\/03\/2023","format":false,"excerpt":"EDTA 17% facilite l\u2019instrumentation et l\u2019\u00e9limination de la boue dentinaire dans la pr\u00e9paration chimio-m\u00e9canique du canal radiculaire. Il est utilis\u00e9 pour l\u2019irrigation du canal radiculaire, l\u2019\u00e9limination des d\u00e9bris et le rin\u00e7age. L\u2019acide \u00e9thyl\u00e8nediamide t\u00e9traac\u00e9tique (EDTA) est un agent ch\u00e9latant qui se combine avec l\u2019ion calcium et l\u2019inactive, exer\u00e7ant ainsi son\u2026","rel":"","context":"Article similaire","block_context":{"text":"Article similaire","link":""},"img":{"alt_text":"","src":"https:\/\/i0.wp.com\/docmarket-dz.com\/wp-content\/uploads\/2023\/03\/EDTA-PD-e1680611750919.webp?fit=900%2C600&ssl=1&resize=350%2C200","width":350,"height":200,"srcset":"https:\/\/i0.wp.com\/docmarket-dz.com\/wp-content\/uploads\/2023\/03\/EDTA-PD-e1680611750919.webp?fit=900%2C600&ssl=1&resize=350%2C200 1x, https:\/\/i0.wp.com\/docmarket-dz.com\/wp-content\/uploads\/2023\/03\/EDTA-PD-e1680611750919.webp?fit=900%2C600&ssl=1&resize=525%2C300 1.5x, https:\/\/i0.wp.com\/docmarket-dz.com\/wp-content\/uploads\/2023\/03\/EDTA-PD-e1680611750919.webp?fit=900%2C600&ssl=1&resize=700%2C400 2x"},"classes":[]},{"id":26680,"url":"https:\/\/docmarket-dz.com\/index.php\/product\/edta-ceram\/","url_meta":{"origin":26684,"position":2},"title":"EDTA CERAM","author":"falek.h","date":"17\/03\/2023","format":false,"excerpt":"EDTA en cr\u00e8me pour le nettoyage et la mise en forme canalaire MM-EDTA Cream permet un nettoyage et une mise en forme efficaces du r\u00e9seau canalaire. Il facilite la p\u00e9n\u00e9tration des instruments de pr\u00e9paration gr\u00e2ce \u00e0 son action de lubrification et favorise la remont\u00e9e des d\u00e9bris intracanalaires en direction coronaire.","rel":"","context":"Article similaire","block_context":{"text":"Article similaire","link":""},"img":{"alt_text":"","src":"https:\/\/i0.wp.com\/docmarket-dz.com\/wp-content\/uploads\/2023\/03\/EDTA-CREME-CANAL-PREP-e1680608339454.jpg?fit=600%2C600&ssl=1&resize=350%2C200","width":350,"height":200,"srcset":"https:\/\/i0.wp.com\/docmarket-dz.com\/wp-content\/uploads\/2023\/03\/EDTA-CREME-CANAL-PREP-e1680608339454.jpg?fit=600%2C600&ssl=1&resize=350%2C200 1x, https:\/\/i0.wp.com\/docmarket-dz.com\/wp-content\/uploads\/2023\/03\/EDTA-CREME-CANAL-PREP-e1680608339454.jpg?fit=600%2C600&ssl=1&resize=525%2C300 1.5x"},"classes":[]},{"id":26398,"url":"https:\/\/docmarket-dz.com\/index.php\/product\/tube-simple-edta\/","url_meta":{"origin":26684,"position":3},"title":"TUBE SIMPLE EDTA","author":"falek.h","date":"12\/03\/2023","format":false,"excerpt":"","rel":"","context":"Article similaire","block_context":{"text":"Article similaire","link":""},"img":{"alt_text":"","src":"","width":0,"height":0},"classes":[]},{"id":26681,"url":"https:\/\/docmarket-dz.com\/index.php\/product\/edta-creme-canal-prep\/","url_meta":{"origin":26684,"position":4},"title":"EDTA CREME CANAL PREP","author":"falek.h","date":"17\/03\/2023","format":false,"excerpt":"E.D.T.A. acide \u00e9thyl\u00e8nediaminet\u00e9traac\u00e9tique Application : Irrigant dans la th\u00e9rapie endodontique Nettoyage et modelage des canaux Avantages R\u00e9duit le stress pendant les traitements du canal radiculaire \u00c9limine les substances organiques Favorise la p\u00e9n\u00e9tration des m\u00e9dicaments","rel":"","context":"Article similaire","block_context":{"text":"Article similaire","link":""},"img":{"alt_text":"","src":"https:\/\/i0.wp.com\/docmarket-dz.com\/wp-content\/uploads\/2023\/03\/EDTA-CREME-CANAL-PREP-1.jpg?fit=500%2C500&ssl=1&resize=350%2C200","width":350,"height":200},"classes":[]},{"id":26402,"url":"https:\/\/docmarket-dz.com\/index.php\/product\/tube-vacu-edta-k3-improve-m\/","url_meta":{"origin":26684,"position":5},"title":"TUBE VACU EDTA K3  (M)","author":"falek.h","date":"12\/03\/2023","format":false,"excerpt":"","rel":"","context":"Article similaire","block_context":{"text":"Article similaire","link":""},"img":{"alt_text":"","src":"https:\/\/i0.wp.com\/docmarket-dz.com\/wp-content\/uploads\/2023\/03\/TUBE-VACU-EDTA-K3-IMPROVE-M.webp?fit=500%2C500&ssl=1&resize=350%2C200","width":350,"height":200},"classes":[]}],"jetpack_sharing_enabled":true,"tiered_pricing_type":"fixed","tiered_pricing_fixed_rules":[],"tiered_pricing_product_settings":{"layout":"default","base_unit_name":{"singular":null,"plural":null},"default_variation":null},"tiered_pricing_minimum_quantity":null,"tiered_pricing_roles_data":[],"tiered_pricing_percentage_rules":[],"_links":{"self":[{"href":"https:\/\/docmarket-dz.com\/index.php\/wp-json\/wp\/v2\/product\/26684","targetHints":{"allow":["GET"]}}],"collection":[{"href":"https:\/\/docmarket-dz.com\/index.php\/wp-json\/wp\/v2\/product"}],"about":[{"href":"https:\/\/docmarket-dz.com\/index.php\/wp-json\/wp\/v2\/types\/product"}],"replies":[{"embeddable":true,"href":"https:\/\/docmarket-dz.com\/index.php\/wp-json\/wp\/v2\/comments?post=26684"}],"wp:featuredmedia":[{"embeddable":true,"href":"https:\/\/docmarket-dz.com\/index.php\/wp-json\/wp\/v2\/media\/26997"}],"wp:attachment":[{"href":"https:\/\/docmarket-dz.com\/index.php\/wp-json\/wp\/v2\/media?parent=26684"}],"wp:term":[{"taxonomy":"product_brand","embeddable":true,"href":"https:\/\/docmarket-dz.com\/index.php\/wp-json\/wp\/v2\/product_brand?post=26684"},{"taxonomy":"product_cat","embeddable":true,"href":"https:\/\/docmarket-dz.com\/index.php\/wp-json\/wp\/v2\/product_cat?post=26684"},{"taxonomy":"product_tag","embeddable":true,"href":"https:\/\/docmarket-dz.com\/index.php\/wp-json\/wp\/v2\/product_tag?post=26684"}],"curies":[{"name":"wp","href":"https:\/\/api.w.org\/{rel}","templated":true}]}}