{"id":26685,"date":"2023-03-17T13:32:47","date_gmt":"2023-03-17T12:32:47","guid":{"rendered":"https:\/\/docmarket-dz.com\/?post_type=product&#038;p=26685"},"modified":"2023-08-09T13:55:45","modified_gmt":"2023-08-09T12:55:45","slug":"e-flex-mini-b-04-855","status":"publish","type":"product","link":"https:\/\/docmarket-dz.com\/index.php\/product\/e-flex-mini-b-04-855\/","title":{"rendered":"E-FLEX MINI B\/04-855"},"content":{"rendered":"<p>E-Flex Mini:- Sp\u00e9cialement con\u00e7u pour les dents de lait<\/p>\n<ul>\n<li>Couleur standard ISO<\/li>\n<li>Pas variable<\/li>\n<li>Fil Ni-Ti \u00e0 m\u00e9moire de contr\u00f4le trait\u00e9 thermiquement<\/li>\n<li>Indicateur de conicit\u00e9<\/li>\n<li>Cannelures tranchantes<\/li>\n<li>Pointe de s\u00e9curit\u00e9 non coupante<\/li>\n<li>Bouchon<\/li>\n<\/ul>\n","protected":false},"excerpt":{"rendered":"<p>E-Flex Mini:- Sp\u00e9cialement con\u00e7u pour les dents de lait Couleur standard ISO Pas variable Fil Ni-Ti \u00e0 m\u00e9moire de contr\u00f4le trait\u00e9 thermiquement Indicateur de conicit\u00e9 Cannelures tranchantes Pointe de s\u00e9curit\u00e9 non coupante Bouchon<\/p>\n","protected":false},"featured_media":27003,"comment_status":"open","ping_status":"closed","template":"","meta":{"content-type":"","om_disable_all_campaigns":false,"_uf_show_specific_survey":0,"_uf_disable_surveys":false,"jetpack_publicize_message":"","jetpack_publicize_feature_enabled":true,"jetpack_social_post_already_shared":false,"jetpack_social_options":{"image_generator_settings":{"template":"highway","default_image_id":0,"font":"","enabled":false},"version":2}},"product_brand":[],"product_cat":[100],"product_tag":[],"class_list":{"0":"post-26685","1":"product","2":"type-product","3":"status-publish","4":"has-post-thumbnail","6":"product_cat-dentaire","8":"first","9":"onbackorder","10":"taxable","11":"shipping-taxable","12":"purchasable","13":"product-type-simple"},"supplier_id":null,"supplier_sku":"","barcode":null,"atum_controlled":true,"out_stock_date":null,"out_stock_threshold":null,"inheritable":false,"inbound_stock":0,"stock_on_hold":0,"sold_today":0,"sales_last_days":0,"reserved_stock":0,"customer_returns":0,"warehouse_damage":0,"lost_in_post":0,"other_logs":0,"out_stock_days":0,"lost_sales":0,"has_location":false,"update_date":"2026-04-16T00:07:51","atum_locations":[],"atum_stock_status":"onbackorder","restock_status":false,"low_stock_amount":"","sales_update_date":"2026-04-16T00:07:51","calc_backorders":null,"aioseo_notices":[],"jetpack_publicize_connections":[],"jetpack-related-posts":[{"id":26667,"url":"https:\/\/docmarket-dz.com\/index.php\/product\/e-flex-rt-retraitement-ref99\/","url_meta":{"origin":26685,"position":0},"title":"E FLEX RT RETRAITEMENT REF99","author":"falek.h","date":"01\/01\/1970","format":false,"excerpt":"","rel":"","context":"Article similaire","block_context":{"text":"Article similaire","link":""},"img":{"alt_text":"","src":"","width":0,"height":0},"classes":[]},{"id":26666,"url":"https:\/\/docmarket-dz.com\/index.php\/product\/e-flex-open-file-ref-88\/","url_meta":{"origin":26685,"position":1},"title":"E FLEX OPEN FILE REF 88","author":"falek.h","date":"01\/01\/1970","format":false,"excerpt":"","rel":"","context":"Article similaire","block_context":{"text":"Article similaire","link":""},"img":{"alt_text":"","src":"","width":0,"height":0},"classes":[]},{"id":27900,"url":"https:\/\/docmarket-dz.com\/index.php\/product\/moxa-mini-pour-acupuncture-b-200\/","url_meta":{"origin":26685,"position":2},"title":"Moxa mini pour Acupuncture B\/200","author":"fatmazohra.nasri","date":"26\/11\/2023","format":false,"excerpt":"","rel":"","context":"Article similaire","block_context":{"text":"Article similaire","link":""},"img":{"alt_text":"","src":"https:\/\/i0.wp.com\/docmarket-dz.com\/wp-content\/uploads\/2023\/11\/MMXAA-1030x753-1-PhotoRoom.png-PhotoRoom.jpg?fit=609%2C600&ssl=1&resize=350%2C200","width":350,"height":200,"srcset":"https:\/\/i0.wp.com\/docmarket-dz.com\/wp-content\/uploads\/2023\/11\/MMXAA-1030x753-1-PhotoRoom.png-PhotoRoom.jpg?fit=609%2C600&ssl=1&resize=350%2C200 1x, https:\/\/i0.wp.com\/docmarket-dz.com\/wp-content\/uploads\/2023\/11\/MMXAA-1030x753-1-PhotoRoom.png-PhotoRoom.jpg?fit=609%2C600&ssl=1&resize=525%2C300 1.5x"},"classes":[]},{"id":25398,"url":"https:\/\/docmarket-dz.com\/index.php\/product\/aspirateur-de-mucosite\/","url_meta":{"origin":26685,"position":3},"title":"ASPIRATEUR DE MUCOSITE","author":"falek.h","date":"12\/03\/2023","format":false,"excerpt":"ASPIRATEUR DE MUCOSITE ELECTRIQUE 220V-12V SANS BATTERIE SC-7E-C \u2013 Puissance d\u2019entr\u00e9e: 90VA \u2013 Valeur de pression n\u00e9gative maximale: \u22650,075MPa \u2013 Taux de pompage: \u226515L \/ min \u2013 Bruit: \u2264 65dB (A) \u2013 Volume du r\u00e9servoir: 1000 ml, 1 pi\u00e8ce \u2013 Batterie incluse : Non","rel":"","context":"Article similaire","block_context":{"text":"Article similaire","link":""},"img":{"alt_text":"","src":"https:\/\/i0.wp.com\/docmarket-dz.com\/wp-content\/uploads\/2023\/03\/51VSx7isK6L._AC_SL1010_-1.jpg?fit=500%2C500&ssl=1&resize=350%2C200","width":350,"height":200},"classes":[]},{"id":26481,"url":"https:\/\/docmarket-dz.com\/index.php\/product\/blanchiment-boost\/","url_meta":{"origin":26685,"position":4},"title":"BLANCHIMENT BOOST","author":"falek.h","date":"17\/03\/2023","format":false,"excerpt":"Blanchiment en clinique : Un gel frais pour chaque application. 40% de peroxyde d'hydrog\u00e8ne Il r\u00e9duit les caries. Nouvelle formulation pour am\u00e9liorer la viscosit\u00e9 et la consistance. Comprend des illustrations des seringues pour distinguer facilement la nouvelle formule de l'ancienne. Avec les nouveaux conseils de Black Mini. *AVERTISSEMENT : Vente\u2026","rel":"","context":"Article similaire","block_context":{"text":"Article similaire","link":""},"img":{"alt_text":"","src":"https:\/\/i0.wp.com\/docmarket-dz.com\/wp-content\/uploads\/2023\/03\/BLANCHIMENT-BOOST-e1680696361499.jpg?fit=600%2C600&ssl=1&resize=350%2C200","width":350,"height":200,"srcset":"https:\/\/i0.wp.com\/docmarket-dz.com\/wp-content\/uploads\/2023\/03\/BLANCHIMENT-BOOST-e1680696361499.jpg?fit=600%2C600&ssl=1&resize=350%2C200 1x, https:\/\/i0.wp.com\/docmarket-dz.com\/wp-content\/uploads\/2023\/03\/BLANCHIMENT-BOOST-e1680696361499.jpg?fit=600%2C600&ssl=1&resize=525%2C300 1.5x"},"classes":[]},{"id":26528,"url":"https:\/\/docmarket-dz.com\/index.php\/product\/cavit-e-temp\/","url_meta":{"origin":26685,"position":5},"title":"CAVITE E-TEMP","author":"falek.h","date":"01\/01\/1970","format":false,"excerpt":"e-Temp est un mat\u00e9riau d'obturation temporaire pour les cavit\u00e9s standards et les traitements post-endodontiques. Adh\u00e8re \u00e0 la dentine, se dilate l\u00e9g\u00e8rement lors de la prise et durcit rapidement pour assurer l'\u00e9tanch\u00e9it\u00e9 Propri\u00e9t\u00e9s m\u00e9caniques am\u00e9lior\u00e9es pour un remplissage temporaire rapide Activ\u00e9 par l'humidit\u00e9\u00a0: prend en 25\u00a0minutes ou moins Contient de l'oxyde\u2026","rel":"","context":"Article similaire","block_context":{"text":"Article similaire","link":""},"img":{"alt_text":"","src":"https:\/\/i0.wp.com\/docmarket-dz.com\/wp-content\/uploads\/1970\/01\/e-Temp-1.jpg?fit=600%2C600&ssl=1&resize=350%2C200","width":350,"height":200,"srcset":"https:\/\/i0.wp.com\/docmarket-dz.com\/wp-content\/uploads\/1970\/01\/e-Temp-1.jpg?fit=600%2C600&ssl=1&resize=350%2C200 1x, https:\/\/i0.wp.com\/docmarket-dz.com\/wp-content\/uploads\/1970\/01\/e-Temp-1.jpg?fit=600%2C600&ssl=1&resize=525%2C300 1.5x"},"classes":[]}],"jetpack_sharing_enabled":true,"tiered_pricing_type":"fixed","tiered_pricing_fixed_rules":[],"tiered_pricing_product_settings":{"layout":"default","base_unit_name":{"singular":null,"plural":null},"default_variation":null},"tiered_pricing_minimum_quantity":null,"tiered_pricing_roles_data":[],"tiered_pricing_percentage_rules":[],"_links":{"self":[{"href":"https:\/\/docmarket-dz.com\/index.php\/wp-json\/wp\/v2\/product\/26685","targetHints":{"allow":["GET"]}}],"collection":[{"href":"https:\/\/docmarket-dz.com\/index.php\/wp-json\/wp\/v2\/product"}],"about":[{"href":"https:\/\/docmarket-dz.com\/index.php\/wp-json\/wp\/v2\/types\/product"}],"replies":[{"embeddable":true,"href":"https:\/\/docmarket-dz.com\/index.php\/wp-json\/wp\/v2\/comments?post=26685"}],"wp:featuredmedia":[{"embeddable":true,"href":"https:\/\/docmarket-dz.com\/index.php\/wp-json\/wp\/v2\/media\/27003"}],"wp:attachment":[{"href":"https:\/\/docmarket-dz.com\/index.php\/wp-json\/wp\/v2\/media?parent=26685"}],"wp:term":[{"taxonomy":"product_brand","embeddable":true,"href":"https:\/\/docmarket-dz.com\/index.php\/wp-json\/wp\/v2\/product_brand?post=26685"},{"taxonomy":"product_cat","embeddable":true,"href":"https:\/\/docmarket-dz.com\/index.php\/wp-json\/wp\/v2\/product_cat?post=26685"},{"taxonomy":"product_tag","embeddable":true,"href":"https:\/\/docmarket-dz.com\/index.php\/wp-json\/wp\/v2\/product_tag?post=26685"}],"curies":[{"name":"wp","href":"https:\/\/api.w.org\/{rel}","templated":true}]}}