{"id":26686,"date":"2023-03-17T13:32:47","date_gmt":"2023-03-17T12:32:47","guid":{"rendered":"https:\/\/docmarket-dz.com\/?post_type=product&#038;p=26686"},"modified":"2023-08-09T13:55:45","modified_gmt":"2023-08-09T12:55:45","slug":"elite-hd-tray-material-orange","status":"publish","type":"product","link":"https:\/\/docmarket-dz.com\/index.php\/product\/elite-hd-tray-material-orange\/","title":{"rendered":"ELITE HD TRAY MATERIAL ORANGE"},"content":{"rendered":"<p>ELITE HD TRAY MATERIAL ORANGE est un silicone d&#8217;addition qui combine les effets de la nanotechnologie avec l&#8217;hydro-compatibilit\u00e9, garantissant ainsi une haute performance dans une vari\u00e9t\u00e9 de conditions cliniques, m\u00eame les plus difficiles.<br \/>\n2 cartouches de 50 ml. 6 x embouts m\u00e9langeurs verts.<\/p>\n","protected":false},"excerpt":{"rendered":"<p>ELITE HD TRAY MATERIAL ORANGE est un silicone d&#8217;addition qui combine les effets de la nanotechnologie avec l&#8217;hydro-compatibilit\u00e9, garantissant ainsi une haute performance dans une vari\u00e9t\u00e9 de conditions cliniques, m\u00eame les plus difficiles. 2 cartouches de 50 ml. 6 x embouts m\u00e9langeurs verts.<\/p>\n","protected":false},"featured_media":27002,"comment_status":"open","ping_status":"closed","template":"","meta":{"content-type":"","om_disable_all_campaigns":false,"_uf_show_specific_survey":0,"_uf_disable_surveys":false,"jetpack_publicize_message":"","jetpack_publicize_feature_enabled":true,"jetpack_social_post_already_shared":false,"jetpack_social_options":{"image_generator_settings":{"template":"highway","default_image_id":0,"font":"","enabled":false},"version":2}},"product_brand":[],"product_cat":[100],"product_tag":[],"class_list":{"0":"post-26686","1":"product","2":"type-product","3":"status-publish","4":"has-post-thumbnail","6":"product_cat-dentaire","8":"first","9":"onbackorder","10":"taxable","11":"shipping-taxable","12":"purchasable","13":"product-type-simple"},"supplier_id":null,"supplier_sku":"","barcode":null,"atum_controlled":true,"out_stock_date":null,"out_stock_threshold":null,"inheritable":false,"inbound_stock":0,"stock_on_hold":0,"sold_today":0,"sales_last_days":0,"reserved_stock":0,"customer_returns":0,"warehouse_damage":0,"lost_in_post":0,"other_logs":0,"out_stock_days":0,"lost_sales":0,"has_location":false,"update_date":"2026-04-16T00:07:51","atum_locations":[],"atum_stock_status":"onbackorder","restock_status":false,"low_stock_amount":"","sales_update_date":"2026-04-16T00:07:51","calc_backorders":null,"aioseo_notices":[],"jetpack_publicize_connections":[],"jetpack-related-posts":[{"id":26688,"url":"https:\/\/docmarket-dz.com\/index.php\/product\/elite-hd-light-body-bleu-100ml\/","url_meta":{"origin":26686,"position":0},"title":"ELITE HD + LIGHT BODY BLEU 100ML","author":"falek.h","date":"17\/03\/2023","format":false,"excerpt":"Avantages \u2022Polyvalence d\u2019utilisation :\u00a0disponible en 6 consistances diff\u00e9rentes et 4 types de conditionnement diff\u00e9rents (bo\u00eetes, tubes, cartouches 1:1 et 5:1) \u2022\u00a0Exactitude et pr\u00e9cision de l\u2019empreinte :\u00a0l\u2019hydrocompatibilit\u00e9 des fluides contribue \u00e0 l\u2019obtention d\u2019une empreinte de qualit\u00e9 \u2022\u00a0Pr\u00e9cision et fiabilit\u00e9\u00a0de l\u2019empreinte en raison de sa r\u00e9sistance au d\u00e9chirement et de sa r\u00e9cup\u00e9ration\u2026","rel":"","context":"Article similaire","block_context":{"text":"Article similaire","link":""},"img":{"alt_text":"","src":"https:\/\/i0.wp.com\/docmarket-dz.com\/wp-content\/uploads\/2023\/03\/ELITE-HD-LIGHT-BODY-BLEU-100ML.jpg?fit=600%2C600&ssl=1&resize=350%2C200","width":350,"height":200,"srcset":"https:\/\/i0.wp.com\/docmarket-dz.com\/wp-content\/uploads\/2023\/03\/ELITE-HD-LIGHT-BODY-BLEU-100ML.jpg?fit=600%2C600&ssl=1&resize=350%2C200 1x, https:\/\/i0.wp.com\/docmarket-dz.com\/wp-content\/uploads\/2023\/03\/ELITE-HD-LIGHT-BODY-BLEU-100ML.jpg?fit=600%2C600&ssl=1&resize=525%2C300 1.5x"},"classes":[]},{"id":26687,"url":"https:\/\/docmarket-dz.com\/index.php\/product\/elite-hd-fast-set-vert-100ml\/","url_meta":{"origin":26686,"position":1},"title":"ELITE HD +- FAST SET VERT 100ML","author":"falek.h","date":"17\/03\/2023","format":false,"excerpt":"ELITE HD+ Light Body Fast Set - ZHERMACK Silicone-A Hydrophile \u00e0 basse viscosit\u00e9 pour proth\u00e8se fixe. Technique recommand\u00e9e: fluide pour la double m\u00e9lange. Standard pack : 2 cartouches de 50 ml (Base + catalyseur) + 12 embouts de m\u00e9lange jaunes Avantages \u2022 R\u00e9sistance \u00e0 la d\u00e9formation \u2022 Excellente r\u00e9cup\u00e9ration \u00e9lastique\u2026","rel":"","context":"Article similaire","block_context":{"text":"Article similaire","link":""},"img":{"alt_text":"","src":"https:\/\/i0.wp.com\/docmarket-dz.com\/wp-content\/uploads\/2023\/03\/ELITE-HD-FAST-SET-VERT-100ML-scaled-e1680610130135.jpg?fit=771%2C600&ssl=1&resize=350%2C200","width":350,"height":200,"srcset":"https:\/\/i0.wp.com\/docmarket-dz.com\/wp-content\/uploads\/2023\/03\/ELITE-HD-FAST-SET-VERT-100ML-scaled-e1680610130135.jpg?fit=771%2C600&ssl=1&resize=350%2C200 1x, https:\/\/i0.wp.com\/docmarket-dz.com\/wp-content\/uploads\/2023\/03\/ELITE-HD-FAST-SET-VERT-100ML-scaled-e1680610130135.jpg?fit=771%2C600&ssl=1&resize=525%2C300 1.5x, https:\/\/i0.wp.com\/docmarket-dz.com\/wp-content\/uploads\/2023\/03\/ELITE-HD-FAST-SET-VERT-100ML-scaled-e1680610130135.jpg?fit=771%2C600&ssl=1&resize=700%2C400 2x"},"classes":[]},{"id":28366,"url":"https:\/\/docmarket-dz.com\/index.php\/product\/catheter-court-g14-orange-kd-fix\/","url_meta":{"origin":26686,"position":2},"title":"Cath\u00e9ter court G14 Orange KD FIX","author":"Sofiane Arbouche","date":"18\/01\/2024","format":false,"excerpt":"","rel":"","context":"Article similaire","block_context":{"text":"Article similaire","link":""},"img":{"alt_text":"","src":"https:\/\/i0.wp.com\/docmarket-dz.com\/wp-content\/uploads\/2024\/01\/IMG_2786-PhotoRoom.png-PhotoRoom.png?fit=600%2C597&ssl=1&resize=350%2C200","width":350,"height":200,"srcset":"https:\/\/i0.wp.com\/docmarket-dz.com\/wp-content\/uploads\/2024\/01\/IMG_2786-PhotoRoom.png-PhotoRoom.png?fit=600%2C597&ssl=1&resize=350%2C200 1x, https:\/\/i0.wp.com\/docmarket-dz.com\/wp-content\/uploads\/2024\/01\/IMG_2786-PhotoRoom.png-PhotoRoom.png?fit=600%2C597&ssl=1&resize=525%2C300 1.5x"},"classes":[]},{"id":26495,"url":"https:\/\/docmarket-dz.com\/index.php\/product\/bonding-i-dental\/","url_meta":{"origin":26686,"position":3},"title":"BONDING I-DENTAL","author":"falek.h","date":"17\/03\/2023","format":false,"excerpt":"INDICATIONS Utilis\u00e9 pour lier la dentine et l'\u00e9mail aux mat\u00e9riaux de restauration \u00e0 base de polym\u00e8res. mat\u00e9riaux de restauration \u00e0 base de polym\u00e8res, les compom\u00e8res, les surfaces c\u00e9ramiques Pour am\u00e9liorer la r\u00e9tention d'une restauration AVANTAGES Simple d'utilisation Application universelle Bonnes propri\u00e9t\u00e9s de mouillage","rel":"","context":"Article similaire","block_context":{"text":"Article similaire","link":""},"img":{"alt_text":"","src":"https:\/\/i0.wp.com\/docmarket-dz.com\/wp-content\/uploads\/2023\/03\/BONDING-I-DENTAL-e1680698573262.jpg?fit=900%2C600&ssl=1&resize=350%2C200","width":350,"height":200,"srcset":"https:\/\/i0.wp.com\/docmarket-dz.com\/wp-content\/uploads\/2023\/03\/BONDING-I-DENTAL-e1680698573262.jpg?fit=900%2C600&ssl=1&resize=350%2C200 1x, https:\/\/i0.wp.com\/docmarket-dz.com\/wp-content\/uploads\/2023\/03\/BONDING-I-DENTAL-e1680698573262.jpg?fit=900%2C600&ssl=1&resize=525%2C300 1.5x, https:\/\/i0.wp.com\/docmarket-dz.com\/wp-content\/uploads\/2023\/03\/BONDING-I-DENTAL-e1680698573262.jpg?fit=900%2C600&ssl=1&resize=700%2C400 2x"},"classes":[]},{"id":28498,"url":"https:\/\/docmarket-dz.com\/index.php\/product\/ciseaux-iridectomie-courbe12cm\/","url_meta":{"origin":26686,"position":4},"title":"Ciseaux iridectomie Courbe11.5 cm","author":"fatmazohra.nasri","date":"07\/02\/2024","format":false,"excerpt":"Ciseaux \u00e0 iridectomie usage unique avec embouts droits ou courbes adapt\u00e9s \u00e0 tous les environnements d'intervention clinique et petite chirurgie. Mat\u00e9riaux: Acier inoxydable \/ chirurgical St\u00e9rilis\u00e9: Oui","rel":"","context":"Article similaire","block_context":{"text":"Article similaire","link":""},"img":{"alt_text":"","src":"https:\/\/i0.wp.com\/docmarket-dz.com\/wp-content\/uploads\/2024\/02\/ciseaux-a-iridectomie-courbe-12cm.jpg?fit=602%2C599&ssl=1&resize=350%2C200","width":350,"height":200,"srcset":"https:\/\/i0.wp.com\/docmarket-dz.com\/wp-content\/uploads\/2024\/02\/ciseaux-a-iridectomie-courbe-12cm.jpg?fit=602%2C599&ssl=1&resize=350%2C200 1x, https:\/\/i0.wp.com\/docmarket-dz.com\/wp-content\/uploads\/2024\/02\/ciseaux-a-iridectomie-courbe-12cm.jpg?fit=602%2C599&ssl=1&resize=525%2C300 1.5x"},"classes":[]},{"id":26500,"url":"https:\/\/docmarket-dz.com\/index.php\/product\/bonding-solobond-voco\/","url_meta":{"origin":26686,"position":5},"title":"BONDING SOLOBOND VOCO","author":"falek.h","date":"17\/03\/2023","format":false,"excerpt":"Mat\u00e9riau de bonding am\u00e9lo-dentinaire photopolym\u00e9risable, mono-composant Un composant \u2013 une seule couche Excellente adh\u00e9sion \u00c9lasticit\u00e9 de mat\u00e9riau \u00e9lev\u00e9e et joint \u00e9tanche permanent L\u2019effet d\u2019adh\u00e9sion imm\u00e9diate facilite l\u2019application du mat\u00e9riau d\u2019obturation Peut \u00eatre utilis\u00e9 pour tous les mat\u00e9riaux d\u2019obturation photopolym\u00e9risables","rel":"","context":"Article similaire","block_context":{"text":"Article similaire","link":""},"img":{"alt_text":"","src":"https:\/\/i0.wp.com\/docmarket-dz.com\/wp-content\/uploads\/2023\/03\/BONDING-SOLOBOND-VOCO.jpg?fit=800%2C600&ssl=1&resize=350%2C200","width":350,"height":200,"srcset":"https:\/\/i0.wp.com\/docmarket-dz.com\/wp-content\/uploads\/2023\/03\/BONDING-SOLOBOND-VOCO.jpg?fit=800%2C600&ssl=1&resize=350%2C200 1x, https:\/\/i0.wp.com\/docmarket-dz.com\/wp-content\/uploads\/2023\/03\/BONDING-SOLOBOND-VOCO.jpg?fit=800%2C600&ssl=1&resize=525%2C300 1.5x, https:\/\/i0.wp.com\/docmarket-dz.com\/wp-content\/uploads\/2023\/03\/BONDING-SOLOBOND-VOCO.jpg?fit=800%2C600&ssl=1&resize=700%2C400 2x"},"classes":[]}],"jetpack_sharing_enabled":true,"tiered_pricing_type":"fixed","tiered_pricing_fixed_rules":[],"tiered_pricing_product_settings":{"layout":"default","base_unit_name":{"singular":null,"plural":null},"default_variation":null},"tiered_pricing_minimum_quantity":null,"tiered_pricing_roles_data":[],"tiered_pricing_percentage_rules":[],"_links":{"self":[{"href":"https:\/\/docmarket-dz.com\/index.php\/wp-json\/wp\/v2\/product\/26686","targetHints":{"allow":["GET"]}}],"collection":[{"href":"https:\/\/docmarket-dz.com\/index.php\/wp-json\/wp\/v2\/product"}],"about":[{"href":"https:\/\/docmarket-dz.com\/index.php\/wp-json\/wp\/v2\/types\/product"}],"replies":[{"embeddable":true,"href":"https:\/\/docmarket-dz.com\/index.php\/wp-json\/wp\/v2\/comments?post=26686"}],"wp:featuredmedia":[{"embeddable":true,"href":"https:\/\/docmarket-dz.com\/index.php\/wp-json\/wp\/v2\/media\/27002"}],"wp:attachment":[{"href":"https:\/\/docmarket-dz.com\/index.php\/wp-json\/wp\/v2\/media?parent=26686"}],"wp:term":[{"taxonomy":"product_brand","embeddable":true,"href":"https:\/\/docmarket-dz.com\/index.php\/wp-json\/wp\/v2\/product_brand?post=26686"},{"taxonomy":"product_cat","embeddable":true,"href":"https:\/\/docmarket-dz.com\/index.php\/wp-json\/wp\/v2\/product_cat?post=26686"},{"taxonomy":"product_tag","embeddable":true,"href":"https:\/\/docmarket-dz.com\/index.php\/wp-json\/wp\/v2\/product_tag?post=26686"}],"curies":[{"name":"wp","href":"https:\/\/api.w.org\/{rel}","templated":true}]}}