{"id":26687,"date":"2023-03-17T13:32:47","date_gmt":"2023-03-17T12:32:47","guid":{"rendered":"https:\/\/docmarket-dz.com\/?post_type=product&#038;p=26687"},"modified":"2023-08-09T13:55:44","modified_gmt":"2023-08-09T12:55:44","slug":"elite-hd-fast-set-vert-100ml","status":"publish","type":"product","link":"https:\/\/docmarket-dz.com\/index.php\/product\/elite-hd-fast-set-vert-100ml\/","title":{"rendered":"ELITE HD +- FAST SET VERT 100ML"},"content":{"rendered":"<p><strong>ELITE HD+ Light Body Fast Set &#8211; ZHERMACK<\/strong><\/p>\n<p>Silicone-A Hydrophile \u00e0 basse viscosit\u00e9 pour proth\u00e8se fixe. Technique recommand\u00e9e: fluide pour la double m\u00e9lange.<\/p>\n<p>Standard pack : 2 cartouches de 50 ml (Base + catalyseur) + 12 embouts de m\u00e9lange jaunes<\/p>\n<h3>Avantages<\/h3>\n<p>\u2022 R\u00e9sistance \u00e0 la d\u00e9formation<\/p>\n<p>\u2022 Excellente r\u00e9cup\u00e9ration \u00e9lastique<\/p>\n<p>\u2022 Stabilit\u00e9 dimensionnelle \u00e9lev\u00e9e<\/p>\n<p>\u2022 Pigments opaques pour am\u00e9lioration la lecture des d\u00e9tails<\/p>\n","protected":false},"excerpt":{"rendered":"<p>ELITE HD+ Light Body Fast Set &#8211; ZHERMACK Silicone-A Hydrophile \u00e0 basse viscosit\u00e9 pour proth\u00e8se fixe. Technique recommand\u00e9e: fluide pour la double m\u00e9lange. Standard pack : 2 cartouches de 50 ml (Base + catalyseur) + 12 embouts de m\u00e9lange jaunes Avantages \u2022 R\u00e9sistance \u00e0 la d\u00e9formation \u2022 Excellente r\u00e9cup\u00e9ration \u00e9lastique \u2022 Stabilit\u00e9 dimensionnelle \u00e9lev\u00e9e \u2022 [&hellip;]<\/p>\n","protected":false},"featured_media":27005,"comment_status":"open","ping_status":"closed","template":"","meta":{"content-type":"","om_disable_all_campaigns":false,"_uf_show_specific_survey":0,"_uf_disable_surveys":false,"jetpack_publicize_message":"","jetpack_publicize_feature_enabled":true,"jetpack_social_post_already_shared":false,"jetpack_social_options":{"image_generator_settings":{"template":"highway","default_image_id":0,"font":"","enabled":false},"version":2}},"product_brand":[],"product_cat":[100],"product_tag":[],"class_list":{"0":"post-26687","1":"product","2":"type-product","3":"status-publish","4":"has-post-thumbnail","6":"product_cat-dentaire","8":"first","9":"onbackorder","10":"taxable","11":"shipping-taxable","12":"purchasable","13":"product-type-simple"},"supplier_id":null,"supplier_sku":"","barcode":null,"atum_controlled":true,"out_stock_date":null,"out_stock_threshold":null,"inheritable":false,"inbound_stock":0,"stock_on_hold":0,"sold_today":0,"sales_last_days":0,"reserved_stock":0,"customer_returns":0,"warehouse_damage":0,"lost_in_post":0,"other_logs":0,"out_stock_days":0,"lost_sales":0,"has_location":false,"update_date":"2026-04-16T00:07:51","atum_locations":[],"atum_stock_status":"onbackorder","restock_status":false,"low_stock_amount":"","sales_update_date":"2026-04-16T00:07:51","calc_backorders":null,"aioseo_notices":[],"jetpack_publicize_connections":[],"jetpack-related-posts":[{"id":26688,"url":"https:\/\/docmarket-dz.com\/index.php\/product\/elite-hd-light-body-bleu-100ml\/","url_meta":{"origin":26687,"position":0},"title":"ELITE HD + LIGHT BODY BLEU 100ML","author":"falek.h","date":"17\/03\/2023","format":false,"excerpt":"Avantages \u2022Polyvalence d\u2019utilisation :\u00a0disponible en 6 consistances diff\u00e9rentes et 4 types de conditionnement diff\u00e9rents (bo\u00eetes, tubes, cartouches 1:1 et 5:1) \u2022\u00a0Exactitude et pr\u00e9cision de l\u2019empreinte :\u00a0l\u2019hydrocompatibilit\u00e9 des fluides contribue \u00e0 l\u2019obtention d\u2019une empreinte de qualit\u00e9 \u2022\u00a0Pr\u00e9cision et fiabilit\u00e9\u00a0de l\u2019empreinte en raison de sa r\u00e9sistance au d\u00e9chirement et de sa r\u00e9cup\u00e9ration\u2026","rel":"","context":"Article similaire","block_context":{"text":"Article similaire","link":""},"img":{"alt_text":"","src":"https:\/\/i0.wp.com\/docmarket-dz.com\/wp-content\/uploads\/2023\/03\/ELITE-HD-LIGHT-BODY-BLEU-100ML.jpg?fit=600%2C600&ssl=1&resize=350%2C200","width":350,"height":200,"srcset":"https:\/\/i0.wp.com\/docmarket-dz.com\/wp-content\/uploads\/2023\/03\/ELITE-HD-LIGHT-BODY-BLEU-100ML.jpg?fit=600%2C600&ssl=1&resize=350%2C200 1x, https:\/\/i0.wp.com\/docmarket-dz.com\/wp-content\/uploads\/2023\/03\/ELITE-HD-LIGHT-BODY-BLEU-100ML.jpg?fit=600%2C600&ssl=1&resize=525%2C300 1.5x"},"classes":[]},{"id":26686,"url":"https:\/\/docmarket-dz.com\/index.php\/product\/elite-hd-tray-material-orange\/","url_meta":{"origin":26687,"position":1},"title":"ELITE HD TRAY MATERIAL ORANGE","author":"falek.h","date":"17\/03\/2023","format":false,"excerpt":"ELITE HD TRAY MATERIAL ORANGE est un silicone d'addition qui combine les effets de la nanotechnologie avec l'hydro-compatibilit\u00e9, garantissant ainsi une haute performance dans une vari\u00e9t\u00e9 de conditions cliniques, m\u00eame les plus difficiles. 2 cartouches de 50 ml. 6 x embouts m\u00e9langeurs verts.","rel":"","context":"Article similaire","block_context":{"text":"Article similaire","link":""},"img":{"alt_text":"","src":"https:\/\/i0.wp.com\/docmarket-dz.com\/wp-content\/uploads\/2023\/03\/ELITE-HD-TRAY-MATERIAL-ORANGE.jpg?fit=600%2C600&ssl=1&resize=350%2C200","width":350,"height":200,"srcset":"https:\/\/i0.wp.com\/docmarket-dz.com\/wp-content\/uploads\/2023\/03\/ELITE-HD-TRAY-MATERIAL-ORANGE.jpg?fit=600%2C600&ssl=1&resize=350%2C200 1x, https:\/\/i0.wp.com\/docmarket-dz.com\/wp-content\/uploads\/2023\/03\/ELITE-HD-TRAY-MATERIAL-ORANGE.jpg?fit=600%2C600&ssl=1&resize=525%2C300 1.5x"},"classes":[]},{"id":26432,"url":"https:\/\/docmarket-dz.com\/index.php\/product\/ad-seal\/","url_meta":{"origin":26687,"position":2},"title":"AD SEAL","author":"falek.h","date":"17\/03\/2023","format":false,"excerpt":"Adseal (Scellant pour canal radiculaire \u00e0 base de r\u00e9sine) Avantages Excellente biocompatibilit\u00e9 P\u00e2te facile \u00e0 m\u00e9langer Capacit\u00e9 de scellement herm\u00e9tique Ne tache pas les dents Insoluble dans le liquide tissulaire Bonne radio-opacit\u00e9","rel":"","context":"Article similaire","block_context":{"text":"Article similaire","link":""},"img":{"alt_text":"","src":"https:\/\/i0.wp.com\/docmarket-dz.com\/wp-content\/uploads\/2023\/03\/AD-SEAL-1-e1680679645664.jpg?fit=600%2C600&ssl=1&resize=350%2C200","width":350,"height":200,"srcset":"https:\/\/i0.wp.com\/docmarket-dz.com\/wp-content\/uploads\/2023\/03\/AD-SEAL-1-e1680679645664.jpg?fit=600%2C600&ssl=1&resize=350%2C200 1x, https:\/\/i0.wp.com\/docmarket-dz.com\/wp-content\/uploads\/2023\/03\/AD-SEAL-1-e1680679645664.jpg?fit=600%2C600&ssl=1&resize=525%2C300 1.5x"},"classes":[]},{"id":26562,"url":"https:\/\/docmarket-dz.com\/index.php\/product\/coffret-3m-valux-9-seringues\/","url_meta":{"origin":26687,"position":3},"title":"COFFRET 3M VALUX Plus avec 9 SERINGUES","author":"falek.h","date":"01\/01\/1970","format":false,"excerpt":"Les indications: Restaurations directes ant\u00e9rieure et post\u00e9rieure classe I - V Inlays, onlays et facettes indirects Technique sandwich Avantages du produit: R\u00e9sistance \u00e0 l'usure et t\u00e9nacit\u00e9 \u00e0 la rupture maximales Fuite minimale aux marges lorsqu'il est utilis\u00e9 avec Adper Scotchbond Multi-Purpose Bonne polissabilit\u00e9 et maniabilit\u00e9 M\u00e9lange avec la couleur des\u2026","rel":"","context":"Article similaire","block_context":{"text":"Article similaire","link":""},"img":{"alt_text":"","src":"https:\/\/i0.wp.com\/docmarket-dz.com\/wp-content\/uploads\/1970\/01\/80991230_2559657817421497_7418835913918119936_n.jpg?fit=420%2C420&ssl=1&resize=350%2C200","width":350,"height":200},"classes":[]},{"id":28803,"url":"https:\/\/docmarket-dz.com\/index.php\/product\/laryngoscope-mc-intosh-fibre-optic-set-halogen\/","url_meta":{"origin":26687,"position":4},"title":"Laryngoscope Mc-Intosh Fibre Optic Set Halogen","author":"fatmazohra.nasri","date":"04\/04\/2024","format":false,"excerpt":"","rel":"","context":"Article similaire","block_context":{"text":"Article similaire","link":""},"img":{"alt_text":"","src":"","width":0,"height":0},"classes":[]},{"id":26569,"url":"https:\/\/docmarket-dz.com\/index.php\/product\/coffret-nt-premium-5seringue\/","url_meta":{"origin":26687,"position":5},"title":"COFFRET NT PREMIUM avec 5 SERINGUE","author":"falek.h","date":"01\/01\/1970","format":false,"excerpt":"Recharges composites. Technique facile : choisissez une teinte et utilisez-la. Restaurations attrayantes en toute simplicit\u00e9 - Effet de m\u00e9lange sup\u00e9rieur. Nanocomposites universels polyvalents.","rel":"","context":"Article similaire","block_context":{"text":"Article similaire","link":""},"img":{"alt_text":"","src":"https:\/\/i0.wp.com\/docmarket-dz.com\/wp-content\/uploads\/1970\/01\/Coltene-NT-Premium.jpg?fit=500%2C500&ssl=1&resize=350%2C200","width":350,"height":200},"classes":[]}],"jetpack_sharing_enabled":true,"tiered_pricing_type":"fixed","tiered_pricing_fixed_rules":[],"tiered_pricing_product_settings":{"layout":"default","base_unit_name":{"singular":null,"plural":null},"default_variation":null},"tiered_pricing_minimum_quantity":null,"tiered_pricing_roles_data":[],"tiered_pricing_percentage_rules":[],"_links":{"self":[{"href":"https:\/\/docmarket-dz.com\/index.php\/wp-json\/wp\/v2\/product\/26687","targetHints":{"allow":["GET"]}}],"collection":[{"href":"https:\/\/docmarket-dz.com\/index.php\/wp-json\/wp\/v2\/product"}],"about":[{"href":"https:\/\/docmarket-dz.com\/index.php\/wp-json\/wp\/v2\/types\/product"}],"replies":[{"embeddable":true,"href":"https:\/\/docmarket-dz.com\/index.php\/wp-json\/wp\/v2\/comments?post=26687"}],"wp:featuredmedia":[{"embeddable":true,"href":"https:\/\/docmarket-dz.com\/index.php\/wp-json\/wp\/v2\/media\/27005"}],"wp:attachment":[{"href":"https:\/\/docmarket-dz.com\/index.php\/wp-json\/wp\/v2\/media?parent=26687"}],"wp:term":[{"taxonomy":"product_brand","embeddable":true,"href":"https:\/\/docmarket-dz.com\/index.php\/wp-json\/wp\/v2\/product_brand?post=26687"},{"taxonomy":"product_cat","embeddable":true,"href":"https:\/\/docmarket-dz.com\/index.php\/wp-json\/wp\/v2\/product_cat?post=26687"},{"taxonomy":"product_tag","embeddable":true,"href":"https:\/\/docmarket-dz.com\/index.php\/wp-json\/wp\/v2\/product_tag?post=26687"}],"curies":[{"name":"wp","href":"https:\/\/api.w.org\/{rel}","templated":true}]}}