{"id":26693,"date":"1970-01-01T00:00:00","date_gmt":"1970-01-01T00:00:00","guid":{"rendered":"https:\/\/docmarket-dz.com\/?post_type=product&#038;p=26693"},"modified":"2023-08-09T14:30:40","modified_gmt":"2023-08-09T13:30:40","slug":"embout-pour-composite-flow","status":"publish","type":"product","link":"https:\/\/docmarket-dz.com\/index.php\/product\/embout-pour-composite-flow\/","title":{"rendered":"EMBOUT POUR COMPOSITE FLOW"},"content":{"rendered":"","protected":false},"excerpt":{"rendered":"","protected":false},"featured_media":27008,"comment_status":"open","ping_status":"closed","template":"","meta":{"content-type":"","om_disable_all_campaigns":false,"_uf_show_specific_survey":0,"_uf_disable_surveys":false,"jetpack_publicize_message":"","jetpack_publicize_feature_enabled":true,"jetpack_social_post_already_shared":false,"jetpack_social_options":{"image_generator_settings":{"template":"highway","default_image_id":0,"font":"","enabled":false},"version":2}},"product_brand":[],"product_cat":[100],"product_tag":[],"class_list":{"0":"post-26693","1":"product","2":"type-product","3":"status-publish","4":"has-post-thumbnail","6":"product_cat-dentaire","8":"first","9":"onbackorder","10":"taxable","11":"shipping-taxable","12":"purchasable","13":"product-type-simple"},"supplier_id":null,"supplier_sku":"","barcode":null,"atum_controlled":true,"out_stock_date":null,"out_stock_threshold":null,"inheritable":false,"inbound_stock":0,"stock_on_hold":0,"sold_today":0,"sales_last_days":0,"reserved_stock":0,"customer_returns":0,"warehouse_damage":0,"lost_in_post":0,"other_logs":0,"out_stock_days":0,"lost_sales":0,"has_location":false,"update_date":"2026-04-16T00:07:51","atum_locations":[],"atum_stock_status":"onbackorder","restock_status":false,"low_stock_amount":"","sales_update_date":"2026-04-16T00:07:51","calc_backorders":null,"aioseo_notices":[],"jetpack_publicize_connections":[],"jetpack-related-posts":[{"id":26564,"url":"https:\/\/docmarket-dz.com\/index.php\/product\/coffret-composite-flow-nexcomp\/","url_meta":{"origin":26693,"position":0},"title":"COFFRET COMPOSITE FLOW NEXCOMP","author":"falek.h","date":"01\/01\/1970","format":false,"excerpt":"Indications : Base\/Liner sous les restaurations directes. Comblements des contre-d\u00e9pouilles. Restaurations pour des pr\u00e9parations \u00e0 minima de classes I, III et V. R\u00e9paration des restaurations indirectes. Scellant pour puits et sillons. Personnalisation des proth\u00e8ses provisoires en composites et acryliques.. Avantages : Photopolym\u00e9risation rapide - seulement 20 sec. Excellente r\u00e9sistance. P\u00e9rennit\u00e9\u2026","rel":"","context":"Article similaire","block_context":{"text":"Article similaire","link":""},"img":{"alt_text":"","src":"https:\/\/i0.wp.com\/docmarket-dz.com\/wp-content\/uploads\/1970\/01\/Nexcomp-Flow-META-BIOMED-1623316578-e1697011797606.jpg?fit=600%2C333&ssl=1&resize=350%2C200","width":350,"height":200,"srcset":"https:\/\/i0.wp.com\/docmarket-dz.com\/wp-content\/uploads\/1970\/01\/Nexcomp-Flow-META-BIOMED-1623316578-e1697011797606.jpg?fit=600%2C333&ssl=1&resize=350%2C200 1x, https:\/\/i0.wp.com\/docmarket-dz.com\/wp-content\/uploads\/1970\/01\/Nexcomp-Flow-META-BIOMED-1623316578-e1697011797606.jpg?fit=600%2C333&ssl=1&resize=525%2C300 1.5x"},"classes":[]},{"id":28910,"url":"https:\/\/docmarket-dz.com\/index.php\/product\/embout-pour-spirometre-et-peak-flow-taille-enfant-sachet-de-50\/","url_meta":{"origin":26693,"position":1},"title":"EMBOUT 22mm pour spirometre et peak flow TAILLE ENFANT (sachet de 50)","author":"fatmazohra.nasri","date":"29\/04\/2024","format":false,"excerpt":"","rel":"","context":"Article similaire","block_context":{"text":"Article similaire","link":""},"img":{"alt_text":"","src":"https:\/\/i0.wp.com\/docmarket-dz.com\/wp-content\/uploads\/2024\/04\/embouts-carton-pour-spirometre-et-debitmetre-enfant-o22mm-les-200.jpg?fit=602%2C596&ssl=1&resize=350%2C200","width":350,"height":200,"srcset":"https:\/\/i0.wp.com\/docmarket-dz.com\/wp-content\/uploads\/2024\/04\/embouts-carton-pour-spirometre-et-debitmetre-enfant-o22mm-les-200.jpg?fit=602%2C596&ssl=1&resize=350%2C200 1x, https:\/\/i0.wp.com\/docmarket-dz.com\/wp-content\/uploads\/2024\/04\/embouts-carton-pour-spirometre-et-debitmetre-enfant-o22mm-les-200.jpg?fit=602%2C596&ssl=1&resize=525%2C300 1.5x"},"classes":[]},{"id":26583,"url":"https:\/\/docmarket-dz.com\/index.php\/product\/composite-coffret-ventura-7ser\/","url_meta":{"origin":26693,"position":2},"title":"COMPOSITE COFFRET VENTURA 7SER","author":"falek.h","date":"01\/01\/1970","format":false,"excerpt":"DESCRIPTION Composite nano-hybride. Le composite nano-hybride universel photopolym\u00e9risable qui permet de r\u00e9aliser d'excellentes restaurations ant\u00e9rieures et post\u00e9rieures de haute qualit\u00e9. Il s'agit d'un composite hybride moderne modifi\u00e9 avec des nanoparticules de c\u00e9ramique. Il pr\u00e9sente donc d'excellentes propri\u00e9t\u00e9s de manipulation et garantit des restaurations esth\u00e9tiques, s\u00fbres et durables gr\u00e2ce \u00e0 sa\u2026","rel":"","context":"Article similaire","block_context":{"text":"Article similaire","link":""},"img":{"alt_text":"","src":"https:\/\/i0.wp.com\/docmarket-dz.com\/wp-content\/uploads\/1970\/01\/73120-13618021-e1697015782133.jpg?fit=600%2C333&ssl=1&resize=350%2C200","width":350,"height":200,"srcset":"https:\/\/i0.wp.com\/docmarket-dz.com\/wp-content\/uploads\/1970\/01\/73120-13618021-e1697015782133.jpg?fit=600%2C333&ssl=1&resize=350%2C200 1x, https:\/\/i0.wp.com\/docmarket-dz.com\/wp-content\/uploads\/1970\/01\/73120-13618021-e1697015782133.jpg?fit=600%2C333&ssl=1&resize=525%2C300 1.5x"},"classes":[]},{"id":26563,"url":"https:\/\/docmarket-dz.com\/index.php\/product\/coffret-composite-essentia-starter\/","url_meta":{"origin":26693,"position":3},"title":"COFFRET COMPOSITE ESSENTIA STARTER","author":"falek.h","date":"01\/01\/1970","format":false,"excerpt":"Starter kit de composite : Con\u00e7u pour la technique de stratification des composites. Couleur universelle. La brillance \u00e0 long terme est excellente gr\u00e2ce \u00e0 l'utilisation de particules de remplissage ultrafines. 7 seringues (1 de chaque couleur) Ld, Md, Dd, Le, De, U, Ml et 20 embouts.","rel":"","context":"Article similaire","block_context":{"text":"Article similaire","link":""},"img":{"alt_text":"","src":"https:\/\/i0.wp.com\/docmarket-dz.com\/wp-content\/uploads\/1970\/01\/GC900963-Essentia-Starter-Kit-800x800-1-e1697011536144.jpg?fit=600%2C600&ssl=1&resize=350%2C200","width":350,"height":200,"srcset":"https:\/\/i0.wp.com\/docmarket-dz.com\/wp-content\/uploads\/1970\/01\/GC900963-Essentia-Starter-Kit-800x800-1-e1697011536144.jpg?fit=600%2C600&ssl=1&resize=350%2C200 1x, https:\/\/i0.wp.com\/docmarket-dz.com\/wp-content\/uploads\/1970\/01\/GC900963-Essentia-Starter-Kit-800x800-1-e1697011536144.jpg?fit=600%2C600&ssl=1&resize=525%2C300 1.5x"},"classes":[]},{"id":26587,"url":"https:\/\/docmarket-dz.com\/index.php\/product\/composite-essentia-gc-kit-4\/","url_meta":{"origin":26693,"position":4},"title":"COMPOSITE ESSENTIA GC KIT\/4","author":"falek.h","date":"01\/01\/1970","format":false,"excerpt":"Starter kit de composite : Con\u00e7u pour la technique de stratification des composites. Couleur universelle. La brillance \u00e0 long terme est excellente gr\u00e2ce \u00e0 l'utilisation de particules de remplissage ultrafines. 7 seringues (1 de chaque couleur) Ld, Md, Dd, Le, De, U, Ml et 20 embouts.","rel":"","context":"Article similaire","block_context":{"text":"Article similaire","link":""},"img":{"alt_text":"","src":"https:\/\/i0.wp.com\/docmarket-dz.com\/wp-content\/uploads\/1970\/01\/wqr-e1697016581855.jpg?fit=600%2C440&ssl=1&resize=350%2C200","width":350,"height":200,"srcset":"https:\/\/i0.wp.com\/docmarket-dz.com\/wp-content\/uploads\/1970\/01\/wqr-e1697016581855.jpg?fit=600%2C440&ssl=1&resize=350%2C200 1x, https:\/\/i0.wp.com\/docmarket-dz.com\/wp-content\/uploads\/1970\/01\/wqr-e1697016581855.jpg?fit=600%2C440&ssl=1&resize=525%2C300 1.5x"},"classes":[]},{"id":26181,"url":"https:\/\/docmarket-dz.com\/index.php\/product\/embouts-blanc\/","url_meta":{"origin":26693,"position":5},"title":"EMBOUTS BLANC","author":"falek.h","date":"12\/03\/2023","format":false,"excerpt":"","rel":"","context":"Article similaire","block_context":{"text":"Article similaire","link":""},"img":{"alt_text":"","src":"","width":0,"height":0},"classes":[]}],"jetpack_sharing_enabled":true,"tiered_pricing_type":"fixed","tiered_pricing_fixed_rules":[],"tiered_pricing_product_settings":{"layout":"default","base_unit_name":{"singular":null,"plural":null},"default_variation":null},"tiered_pricing_minimum_quantity":null,"tiered_pricing_roles_data":[],"tiered_pricing_percentage_rules":[],"_links":{"self":[{"href":"https:\/\/docmarket-dz.com\/index.php\/wp-json\/wp\/v2\/product\/26693","targetHints":{"allow":["GET"]}}],"collection":[{"href":"https:\/\/docmarket-dz.com\/index.php\/wp-json\/wp\/v2\/product"}],"about":[{"href":"https:\/\/docmarket-dz.com\/index.php\/wp-json\/wp\/v2\/types\/product"}],"replies":[{"embeddable":true,"href":"https:\/\/docmarket-dz.com\/index.php\/wp-json\/wp\/v2\/comments?post=26693"}],"wp:featuredmedia":[{"embeddable":true,"href":"https:\/\/docmarket-dz.com\/index.php\/wp-json\/wp\/v2\/media\/27008"}],"wp:attachment":[{"href":"https:\/\/docmarket-dz.com\/index.php\/wp-json\/wp\/v2\/media?parent=26693"}],"wp:term":[{"taxonomy":"product_brand","embeddable":true,"href":"https:\/\/docmarket-dz.com\/index.php\/wp-json\/wp\/v2\/product_brand?post=26693"},{"taxonomy":"product_cat","embeddable":true,"href":"https:\/\/docmarket-dz.com\/index.php\/wp-json\/wp\/v2\/product_cat?post=26693"},{"taxonomy":"product_tag","embeddable":true,"href":"https:\/\/docmarket-dz.com\/index.php\/wp-json\/wp\/v2\/product_tag?post=26693"}],"curies":[{"name":"wp","href":"https:\/\/api.w.org\/{rel}","templated":true}]}}