{"id":26772,"date":"1970-01-01T00:00:00","date_gmt":"1970-01-01T00:00:00","guid":{"rendered":"https:\/\/docmarket-dz.com\/?post_type=product&#038;p=26772"},"modified":"2023-08-09T14:30:09","modified_gmt":"2023-08-09T13:30:09","slug":"mta-white-pd","status":"publish","type":"product","link":"https:\/\/docmarket-dz.com\/index.php\/product\/mta-white-pd\/","title":{"rendered":"MTA WHITE PD"},"content":{"rendered":"","protected":false},"excerpt":{"rendered":"","protected":false},"featured_media":26897,"comment_status":"open","ping_status":"closed","template":"","meta":{"content-type":"","om_disable_all_campaigns":false,"_uf_show_specific_survey":0,"_uf_disable_surveys":false,"jetpack_publicize_message":"","jetpack_publicize_feature_enabled":true,"jetpack_social_post_already_shared":false,"jetpack_social_options":{"image_generator_settings":{"template":"highway","default_image_id":0,"font":"","enabled":false},"version":2}},"product_brand":[],"product_cat":[100],"product_tag":[],"class_list":{"0":"post-26772","1":"product","2":"type-product","3":"status-publish","4":"has-post-thumbnail","6":"product_cat-dentaire","8":"first","9":"onbackorder","10":"taxable","11":"shipping-taxable","12":"purchasable","13":"product-type-simple"},"supplier_id":null,"supplier_sku":"","barcode":null,"atum_controlled":true,"out_stock_date":null,"out_stock_threshold":null,"inheritable":false,"inbound_stock":0,"stock_on_hold":0,"sold_today":0,"sales_last_days":0,"reserved_stock":0,"customer_returns":0,"warehouse_damage":0,"lost_in_post":0,"other_logs":0,"out_stock_days":0,"lost_sales":0,"has_location":false,"update_date":"2026-04-16T00:07:56","atum_locations":[],"atum_stock_status":"onbackorder","restock_status":false,"low_stock_amount":"","sales_update_date":"2026-04-16T00:07:56","calc_backorders":null,"aioseo_notices":[],"jetpack_publicize_connections":[],"jetpack-related-posts":[{"id":26770,"url":"https:\/\/docmarket-dz.com\/index.php\/product\/mta-bioseal-itena\/","url_meta":{"origin":26772,"position":0},"title":"MTA BIOSEAL ITENA","author":"falek.h","date":"01\/01\/1970","format":false,"excerpt":"","rel":"","context":"Article similaire","block_context":{"text":"Article similaire","link":""},"img":{"alt_text":"","src":"https:\/\/i0.wp.com\/docmarket-dz.com\/wp-content\/uploads\/2023\/03\/MTA-BIOSEAL-ITENA.jpg?fit=500%2C500&ssl=1&resize=350%2C200","width":350,"height":200},"classes":[]},{"id":26652,"url":"https:\/\/docmarket-dz.com\/index.php\/product\/devitec-pd\/","url_meta":{"origin":26772,"position":1},"title":"DEVITEC PD","author":"falek.h","date":"17\/03\/2023","format":false,"excerpt":"P\u00e2te d\u00e9vitalisante Sans arsenic D\u00e9vitalisation de la pulpe","rel":"","context":"Article similaire","block_context":{"text":"Article similaire","link":""},"img":{"alt_text":"","src":"https:\/\/i0.wp.com\/docmarket-dz.com\/wp-content\/uploads\/2023\/03\/DEVITEC-PD-e1680614541567.jpg?fit=600%2C600&ssl=1&resize=350%2C200","width":350,"height":200,"srcset":"https:\/\/i0.wp.com\/docmarket-dz.com\/wp-content\/uploads\/2023\/03\/DEVITEC-PD-e1680614541567.jpg?fit=600%2C600&ssl=1&resize=350%2C200 1x, https:\/\/i0.wp.com\/docmarket-dz.com\/wp-content\/uploads\/2023\/03\/DEVITEC-PD-e1680614541567.jpg?fit=600%2C600&ssl=1&resize=525%2C300 1.5x"},"classes":[]},{"id":26508,"url":"https:\/\/docmarket-dz.com\/index.php\/product\/brosse-pour-nettoyage-des-fraise-pd\/","url_meta":{"origin":26772,"position":2},"title":"BROSSE POUR NETTOYAGE DES FRAISE PD","author":"falek.h","date":"01\/01\/1970","format":false,"excerpt":"","rel":"","context":"Article similaire","block_context":{"text":"Article similaire","link":""},"img":{"alt_text":"","src":"","width":0,"height":0},"classes":[]},{"id":26512,"url":"https:\/\/docmarket-dz.com\/index.php\/product\/camphor-mono-chlorophenol-pd\/","url_meta":{"origin":26772,"position":3},"title":"CAMPHOR MONO-CHLOROPHENOL PD","author":"falek.h","date":"17\/03\/2023","format":false,"excerpt":"Le Camphor Mono-Chlorophenol, \u00e9galement connu sous le nom de CMCP, est un d\u00e9sinfectant actif pour le traitement des canaux radiculaires infect\u00e9s et des infections p\u00e9riapicales. D\u00e9sinfection apr\u00e8s pulpectomie et pansement pulpaire Traitement de l'inflammation post-traumatique D\u00e9sinfection du canal radiculaire","rel":"","context":"Article similaire","block_context":{"text":"Article similaire","link":""},"img":{"alt_text":"","src":"https:\/\/i0.wp.com\/docmarket-dz.com\/wp-content\/uploads\/2023\/03\/CAMPHOR-MONO-CHLOROPHENOL-PD.jpg?fit=600%2C598&ssl=1&resize=350%2C200","width":350,"height":200,"srcset":"https:\/\/i0.wp.com\/docmarket-dz.com\/wp-content\/uploads\/2023\/03\/CAMPHOR-MONO-CHLOROPHENOL-PD.jpg?fit=600%2C598&ssl=1&resize=350%2C200 1x, https:\/\/i0.wp.com\/docmarket-dz.com\/wp-content\/uploads\/2023\/03\/CAMPHOR-MONO-CHLOROPHENOL-PD.jpg?fit=600%2C598&ssl=1&resize=525%2C300 1.5x"},"classes":[]},{"id":26471,"url":"https:\/\/docmarket-dz.com\/index.php\/product\/aphtisol-pd\/","url_meta":{"origin":26772,"position":4},"title":"I GINGI Calm 20 ml acide trichloroacetique","author":"falek.h","date":"17\/03\/2023","format":false,"excerpt":"Solution pour le traitement de la muqueuse buccale ulc\u00e9r\u00e9e et de l'aphte Composition Eug\u00e9nol 90%, acide trichlorac\u00e9tique 8,1%, excipient ad 100%. Propri\u00e9t\u00e9s PD Aphtisol est une pr\u00e9paration combinant les qualit\u00e9s antiseptiques, analg\u00e9siques et s\u00e9datives de l'eug\u00e9nol avec les effets astringents et caustiques de l'acide trichlorac\u00e9tique. Indications Traitement des aphtes et\u2026","rel":"","context":"Article similaire","block_context":{"text":"Article similaire","link":""},"img":{"alt_text":"","src":"","width":0,"height":0},"classes":[]},{"id":26683,"url":"https:\/\/docmarket-dz.com\/index.php\/product\/edta-pd\/","url_meta":{"origin":26772,"position":5},"title":"EDTA PD","author":"falek.h","date":"17\/03\/2023","format":false,"excerpt":"EDTA 17% facilite l\u2019instrumentation et l\u2019\u00e9limination de la boue dentinaire dans la pr\u00e9paration chimio-m\u00e9canique du canal radiculaire. Il est utilis\u00e9 pour l\u2019irrigation du canal radiculaire, l\u2019\u00e9limination des d\u00e9bris et le rin\u00e7age. L\u2019acide \u00e9thyl\u00e8nediamide t\u00e9traac\u00e9tique (EDTA) est un agent ch\u00e9latant qui se combine avec l\u2019ion calcium et l\u2019inactive, exer\u00e7ant ainsi son\u2026","rel":"","context":"Article similaire","block_context":{"text":"Article similaire","link":""},"img":{"alt_text":"","src":"https:\/\/i0.wp.com\/docmarket-dz.com\/wp-content\/uploads\/2023\/03\/EDTA-PD-e1680611750919.webp?fit=900%2C600&ssl=1&resize=350%2C200","width":350,"height":200,"srcset":"https:\/\/i0.wp.com\/docmarket-dz.com\/wp-content\/uploads\/2023\/03\/EDTA-PD-e1680611750919.webp?fit=900%2C600&ssl=1&resize=350%2C200 1x, https:\/\/i0.wp.com\/docmarket-dz.com\/wp-content\/uploads\/2023\/03\/EDTA-PD-e1680611750919.webp?fit=900%2C600&ssl=1&resize=525%2C300 1.5x, https:\/\/i0.wp.com\/docmarket-dz.com\/wp-content\/uploads\/2023\/03\/EDTA-PD-e1680611750919.webp?fit=900%2C600&ssl=1&resize=700%2C400 2x"},"classes":[]}],"jetpack_sharing_enabled":true,"tiered_pricing_type":"fixed","tiered_pricing_fixed_rules":[],"tiered_pricing_product_settings":{"layout":"default","base_unit_name":{"singular":null,"plural":null},"default_variation":null},"tiered_pricing_minimum_quantity":null,"tiered_pricing_roles_data":[],"tiered_pricing_percentage_rules":[],"_links":{"self":[{"href":"https:\/\/docmarket-dz.com\/index.php\/wp-json\/wp\/v2\/product\/26772","targetHints":{"allow":["GET"]}}],"collection":[{"href":"https:\/\/docmarket-dz.com\/index.php\/wp-json\/wp\/v2\/product"}],"about":[{"href":"https:\/\/docmarket-dz.com\/index.php\/wp-json\/wp\/v2\/types\/product"}],"replies":[{"embeddable":true,"href":"https:\/\/docmarket-dz.com\/index.php\/wp-json\/wp\/v2\/comments?post=26772"}],"wp:featuredmedia":[{"embeddable":true,"href":"https:\/\/docmarket-dz.com\/index.php\/wp-json\/wp\/v2\/media\/26897"}],"wp:attachment":[{"href":"https:\/\/docmarket-dz.com\/index.php\/wp-json\/wp\/v2\/media?parent=26772"}],"wp:term":[{"taxonomy":"product_brand","embeddable":true,"href":"https:\/\/docmarket-dz.com\/index.php\/wp-json\/wp\/v2\/product_brand?post=26772"},{"taxonomy":"product_cat","embeddable":true,"href":"https:\/\/docmarket-dz.com\/index.php\/wp-json\/wp\/v2\/product_cat?post=26772"},{"taxonomy":"product_tag","embeddable":true,"href":"https:\/\/docmarket-dz.com\/index.php\/wp-json\/wp\/v2\/product_tag?post=26772"}],"curies":[{"name":"wp","href":"https:\/\/api.w.org\/{rel}","templated":true}]}}