{"id":26773,"date":"1970-01-01T00:00:00","date_gmt":"1970-01-01T00:00:00","guid":{"rendered":"https:\/\/docmarket-dz.com\/?post_type=product&#038;p=26773"},"modified":"2023-08-09T14:30:09","modified_gmt":"2023-08-09T13:30:09","slug":"multilink-coffret","status":"publish","type":"product","link":"https:\/\/docmarket-dz.com\/index.php\/product\/multilink-coffret\/","title":{"rendered":"MULTILINK COFFRET"},"content":{"rendered":"","protected":false},"excerpt":{"rendered":"","protected":false},"featured_media":26904,"comment_status":"open","ping_status":"closed","template":"","meta":{"content-type":"","om_disable_all_campaigns":false,"_uf_show_specific_survey":0,"_uf_disable_surveys":false,"jetpack_publicize_message":"","jetpack_publicize_feature_enabled":true,"jetpack_social_post_already_shared":false,"jetpack_social_options":{"image_generator_settings":{"template":"highway","default_image_id":0,"font":"","enabled":false},"version":2}},"product_brand":[],"product_cat":[100],"product_tag":[],"class_list":{"0":"post-26773","1":"product","2":"type-product","3":"status-publish","4":"has-post-thumbnail","6":"product_cat-dentaire","8":"first","9":"onbackorder","10":"taxable","11":"shipping-taxable","12":"purchasable","13":"product-type-simple"},"supplier_id":null,"supplier_sku":"","barcode":null,"atum_controlled":true,"out_stock_date":null,"out_stock_threshold":null,"inheritable":false,"inbound_stock":0,"stock_on_hold":0,"sold_today":0,"sales_last_days":0,"reserved_stock":0,"customer_returns":0,"warehouse_damage":0,"lost_in_post":0,"other_logs":0,"out_stock_days":0,"lost_sales":0,"has_location":false,"update_date":"2026-04-16T00:07:56","atum_locations":[],"atum_stock_status":"onbackorder","restock_status":false,"low_stock_amount":"","sales_update_date":"2026-04-16T00:07:56","calc_backorders":null,"aioseo_notices":[],"jetpack_publicize_connections":[],"jetpack-related-posts":[{"id":26581,"url":"https:\/\/docmarket-dz.com\/index.php\/product\/composite-coffret-i-light\/","url_meta":{"origin":26773,"position":0},"title":"COMPOSITE COFFRET I-LIGHT","author":"falek.h","date":"01\/01\/1970","format":false,"excerpt":"Composite nano hybride, i-LIGHT coffret de 8 tubes de 4g + etching + bonding","rel":"","context":"Article similaire","block_context":{"text":"Article similaire","link":""},"img":{"alt_text":"","src":"https:\/\/i0.wp.com\/docmarket-dz.com\/wp-content\/uploads\/1970\/01\/i-light-n-4x4g-72-1000x667-1.jpg?fit=1000%2C667&ssl=1&resize=350%2C200","width":350,"height":200,"srcset":"https:\/\/i0.wp.com\/docmarket-dz.com\/wp-content\/uploads\/1970\/01\/i-light-n-4x4g-72-1000x667-1.jpg?fit=1000%2C667&ssl=1&resize=350%2C200 1x, https:\/\/i0.wp.com\/docmarket-dz.com\/wp-content\/uploads\/1970\/01\/i-light-n-4x4g-72-1000x667-1.jpg?fit=1000%2C667&ssl=1&resize=525%2C300 1.5x, https:\/\/i0.wp.com\/docmarket-dz.com\/wp-content\/uploads\/1970\/01\/i-light-n-4x4g-72-1000x667-1.jpg?fit=1000%2C667&ssl=1&resize=700%2C400 2x"},"classes":[]},{"id":26584,"url":"https:\/\/docmarket-dz.com\/index.php\/product\/composite-coffret-xcite-lc\/","url_meta":{"origin":26773,"position":1},"title":"COMPOSITE COFFRET I-XCITE LC","author":"falek.h","date":"01\/01\/1970","format":false,"excerpt":"","rel":"","context":"Article similaire","block_context":{"text":"Article similaire","link":""},"img":{"alt_text":"","src":"https:\/\/i0.wp.com\/docmarket-dz.com\/wp-content\/uploads\/1970\/01\/13059_i-dental-ixtk2-i-xcite-lc-n-spritzen-kit-dental-2.jpg?fit=1200%2C1200&ssl=1&resize=350%2C200","width":350,"height":200,"srcset":"https:\/\/i0.wp.com\/docmarket-dz.com\/wp-content\/uploads\/1970\/01\/13059_i-dental-ixtk2-i-xcite-lc-n-spritzen-kit-dental-2.jpg?fit=1200%2C1200&ssl=1&resize=350%2C200 1x, https:\/\/i0.wp.com\/docmarket-dz.com\/wp-content\/uploads\/1970\/01\/13059_i-dental-ixtk2-i-xcite-lc-n-spritzen-kit-dental-2.jpg?fit=1200%2C1200&ssl=1&resize=525%2C300 1.5x, https:\/\/i0.wp.com\/docmarket-dz.com\/wp-content\/uploads\/1970\/01\/13059_i-dental-ixtk2-i-xcite-lc-n-spritzen-kit-dental-2.jpg?fit=1200%2C1200&ssl=1&resize=700%2C400 2x, https:\/\/i0.wp.com\/docmarket-dz.com\/wp-content\/uploads\/1970\/01\/13059_i-dental-ixtk2-i-xcite-lc-n-spritzen-kit-dental-2.jpg?fit=1200%2C1200&ssl=1&resize=1050%2C600 3x"},"classes":[]},{"id":26570,"url":"https:\/\/docmarket-dz.com\/index.php\/product\/coffret-tenon-fibre-de-verre-cbd-usa\/","url_meta":{"origin":26773,"position":2},"title":"COFFRET TENON FIBRE DE VERRE CBD USA","author":"falek.h","date":"01\/01\/1970","format":false,"excerpt":"","rel":"","context":"Article similaire","block_context":{"text":"Article similaire","link":""},"img":{"alt_text":"","src":"","width":0,"height":0},"classes":[]},{"id":27883,"url":"https:\/\/docmarket-dz.com\/index.php\/product\/coffret-coloration-m-g-g-2-flacon-de-100\/","url_meta":{"origin":26773,"position":3},"title":"Coffret Coloration M.G.G 2 Flacon de 100","author":"fatmazohra.nasri","date":"26\/11\/2023","format":false,"excerpt":"A conserver \u00e0 temp\u00e9rature ambiante\u00a0\u00e0 l\u2019abri de la lumi\u00e8re.","rel":"","context":"Article similaire","block_context":{"text":"Article similaire","link":""},"img":{"alt_text":"","src":"https:\/\/i0.wp.com\/docmarket-dz.com\/wp-content\/uploads\/2023\/11\/MGG-scaled-removebg-preview.png?fit=604%2C599&ssl=1&resize=350%2C200","width":350,"height":200,"srcset":"https:\/\/i0.wp.com\/docmarket-dz.com\/wp-content\/uploads\/2023\/11\/MGG-scaled-removebg-preview.png?fit=604%2C599&ssl=1&resize=350%2C200 1x, https:\/\/i0.wp.com\/docmarket-dz.com\/wp-content\/uploads\/2023\/11\/MGG-scaled-removebg-preview.png?fit=604%2C599&ssl=1&resize=525%2C300 1.5x"},"classes":[]},{"id":26569,"url":"https:\/\/docmarket-dz.com\/index.php\/product\/coffret-nt-premium-5seringue\/","url_meta":{"origin":26773,"position":4},"title":"COFFRET NT PREMIUM avec 5 SERINGUE","author":"falek.h","date":"01\/01\/1970","format":false,"excerpt":"Recharges composites. Technique facile : choisissez une teinte et utilisez-la. Restaurations attrayantes en toute simplicit\u00e9 - Effet de m\u00e9lange sup\u00e9rieur. Nanocomposites universels polyvalents.","rel":"","context":"Article similaire","block_context":{"text":"Article similaire","link":""},"img":{"alt_text":"","src":"https:\/\/i0.wp.com\/docmarket-dz.com\/wp-content\/uploads\/1970\/01\/Coltene-NT-Premium.jpg?fit=500%2C500&ssl=1&resize=350%2C200","width":350,"height":200},"classes":[]},{"id":26564,"url":"https:\/\/docmarket-dz.com\/index.php\/product\/coffret-composite-flow-nexcomp\/","url_meta":{"origin":26773,"position":5},"title":"COFFRET COMPOSITE FLOW NEXCOMP","author":"falek.h","date":"01\/01\/1970","format":false,"excerpt":"Indications : Base\/Liner sous les restaurations directes. Comblements des contre-d\u00e9pouilles. Restaurations pour des pr\u00e9parations \u00e0 minima de classes I, III et V. R\u00e9paration des restaurations indirectes. Scellant pour puits et sillons. Personnalisation des proth\u00e8ses provisoires en composites et acryliques.. Avantages : Photopolym\u00e9risation rapide - seulement 20 sec. Excellente r\u00e9sistance. P\u00e9rennit\u00e9\u2026","rel":"","context":"Article similaire","block_context":{"text":"Article similaire","link":""},"img":{"alt_text":"","src":"https:\/\/i0.wp.com\/docmarket-dz.com\/wp-content\/uploads\/1970\/01\/Nexcomp-Flow-META-BIOMED-1623316578-e1697011797606.jpg?fit=600%2C333&ssl=1&resize=350%2C200","width":350,"height":200,"srcset":"https:\/\/i0.wp.com\/docmarket-dz.com\/wp-content\/uploads\/1970\/01\/Nexcomp-Flow-META-BIOMED-1623316578-e1697011797606.jpg?fit=600%2C333&ssl=1&resize=350%2C200 1x, https:\/\/i0.wp.com\/docmarket-dz.com\/wp-content\/uploads\/1970\/01\/Nexcomp-Flow-META-BIOMED-1623316578-e1697011797606.jpg?fit=600%2C333&ssl=1&resize=525%2C300 1.5x"},"classes":[]}],"jetpack_sharing_enabled":true,"tiered_pricing_type":"fixed","tiered_pricing_fixed_rules":[],"tiered_pricing_product_settings":{"layout":"default","base_unit_name":{"singular":null,"plural":null},"default_variation":null},"tiered_pricing_minimum_quantity":null,"tiered_pricing_roles_data":[],"tiered_pricing_percentage_rules":[],"_links":{"self":[{"href":"https:\/\/docmarket-dz.com\/index.php\/wp-json\/wp\/v2\/product\/26773","targetHints":{"allow":["GET"]}}],"collection":[{"href":"https:\/\/docmarket-dz.com\/index.php\/wp-json\/wp\/v2\/product"}],"about":[{"href":"https:\/\/docmarket-dz.com\/index.php\/wp-json\/wp\/v2\/types\/product"}],"replies":[{"embeddable":true,"href":"https:\/\/docmarket-dz.com\/index.php\/wp-json\/wp\/v2\/comments?post=26773"}],"wp:featuredmedia":[{"embeddable":true,"href":"https:\/\/docmarket-dz.com\/index.php\/wp-json\/wp\/v2\/media\/26904"}],"wp:attachment":[{"href":"https:\/\/docmarket-dz.com\/index.php\/wp-json\/wp\/v2\/media?parent=26773"}],"wp:term":[{"taxonomy":"product_brand","embeddable":true,"href":"https:\/\/docmarket-dz.com\/index.php\/wp-json\/wp\/v2\/product_brand?post=26773"},{"taxonomy":"product_cat","embeddable":true,"href":"https:\/\/docmarket-dz.com\/index.php\/wp-json\/wp\/v2\/product_cat?post=26773"},{"taxonomy":"product_tag","embeddable":true,"href":"https:\/\/docmarket-dz.com\/index.php\/wp-json\/wp\/v2\/product_tag?post=26773"}],"curies":[{"name":"wp","href":"https:\/\/api.w.org\/{rel}","templated":true}]}}