{"id":26789,"date":"1970-01-01T00:00:00","date_gmt":"1970-01-01T00:00:00","guid":{"rendered":"https:\/\/docmarket-dz.com\/?post_type=product&#038;p=26789"},"modified":"2023-08-09T14:35:03","modified_gmt":"2023-08-09T13:35:03","slug":"pansement-paro-coe-pak","status":"publish","type":"product","link":"https:\/\/docmarket-dz.com\/index.php\/product\/pansement-paro-coe-pak\/","title":{"rendered":"PANSEMENT PARO COE-PAK"},"content":{"rendered":"","protected":false},"excerpt":{"rendered":"","protected":false},"featured_media":26844,"comment_status":"open","ping_status":"closed","template":"","meta":{"content-type":"","om_disable_all_campaigns":false,"_uf_show_specific_survey":0,"_uf_disable_surveys":false,"jetpack_publicize_message":"","jetpack_publicize_feature_enabled":true,"jetpack_social_post_already_shared":false,"jetpack_social_options":{"image_generator_settings":{"template":"highway","default_image_id":0,"font":"","enabled":false},"version":2}},"product_brand":[],"product_cat":[100],"product_tag":[],"class_list":{"0":"post-26789","1":"product","2":"type-product","3":"status-publish","4":"has-post-thumbnail","6":"product_cat-dentaire","8":"first","9":"onbackorder","10":"taxable","11":"shipping-taxable","12":"purchasable","13":"product-type-simple"},"supplier_id":null,"supplier_sku":"","barcode":null,"atum_controlled":true,"out_stock_date":null,"out_stock_threshold":null,"inheritable":false,"inbound_stock":0,"stock_on_hold":0,"sold_today":0,"sales_last_days":0,"reserved_stock":0,"customer_returns":0,"warehouse_damage":0,"lost_in_post":0,"other_logs":0,"out_stock_days":0,"lost_sales":0,"has_location":false,"update_date":"2026-04-16T00:07:56","atum_locations":[],"atum_stock_status":"onbackorder","restock_status":false,"low_stock_amount":"","sales_update_date":"2026-04-16T00:07:56","calc_backorders":null,"aioseo_notices":[],"jetpack_publicize_connections":[],"jetpack-related-posts":[{"id":29151,"url":"https:\/\/docmarket-dz.com\/index.php\/product\/pansement-sterile-pour-hijama-boite-de-25-sacs-x-10-unites\/","url_meta":{"origin":26789,"position":0},"title":"Pansement St\u00e9rile pour Hijama &#8211; Boite de 25 sacs X 10 unit\u00e9s","author":"Sofiane Arbouche","date":"02\/07\/2024","format":false,"excerpt":"","rel":"","context":"Article similaire","block_context":{"text":"Article similaire","link":""},"img":{"alt_text":"","src":"https:\/\/i0.wp.com\/docmarket-dz.com\/wp-content\/uploads\/2024\/07\/Sans-titre.jpg?fit=903%2C1200&ssl=1&resize=350%2C200","width":350,"height":200,"srcset":"https:\/\/i0.wp.com\/docmarket-dz.com\/wp-content\/uploads\/2024\/07\/Sans-titre.jpg?fit=903%2C1200&ssl=1&resize=350%2C200 1x, https:\/\/i0.wp.com\/docmarket-dz.com\/wp-content\/uploads\/2024\/07\/Sans-titre.jpg?fit=903%2C1200&ssl=1&resize=525%2C300 1.5x, https:\/\/i0.wp.com\/docmarket-dz.com\/wp-content\/uploads\/2024\/07\/Sans-titre.jpg?fit=903%2C1200&ssl=1&resize=700%2C400 2x"},"classes":[]},{"id":29014,"url":"https:\/\/docmarket-dz.com\/index.php\/product\/curapor-pansement-chirurgical-sterile-10-x-15-cm-boite-de-25\/","url_meta":{"origin":26789,"position":1},"title":"Curapor\u00ae Pansement chirurgical st\u00e9rile 10 X 15 CM Boite de 25","author":"Sofiane Arbouche","date":"02\/06\/2024","format":false,"excerpt":"","rel":"","context":"Article similaire","block_context":{"text":"Article similaire","link":""},"img":{"alt_text":"","src":"https:\/\/i0.wp.com\/docmarket-dz.com\/wp-content\/uploads\/2024\/06\/Pancement.png?fit=478%2C357&ssl=1&resize=350%2C200","width":350,"height":200},"classes":[]},{"id":28138,"url":"https:\/\/docmarket-dz.com\/index.php\/product\/pince-a-pansement-longuette-courbe-24-cm\/","url_meta":{"origin":26789,"position":2},"title":"Pince \u00e0 pansement longuette courbe ( 24 CM )","author":"fatmazohra.nasri","date":"16\/12\/2023","format":false,"excerpt":"La pince Longuette droite est une pince m\u00e9dicale en acier inoxydable dot\u00e9e d'un tr\u00e8s long manche, de deux gros mors ovales et stri\u00e9s, et d'un syst\u00e8me de blocage \u00e0 cr\u00e9maill\u00e8re. Elle est utilis\u00e9e pour, par exemple, monter des compresses pli\u00e9es dans le cadre des nettoyages et des badigeonnages antiseptiques lors\u2026","rel":"","context":"Article similaire","block_context":{"text":"Article similaire","link":""},"img":{"alt_text":"","src":"https:\/\/i0.wp.com\/docmarket-dz.com\/wp-content\/uploads\/2023\/12\/29e4edb4da3707409c9a879f98f10f99.jpg?fit=900%2C900&ssl=1&resize=350%2C200","width":350,"height":200,"srcset":"https:\/\/i0.wp.com\/docmarket-dz.com\/wp-content\/uploads\/2023\/12\/29e4edb4da3707409c9a879f98f10f99.jpg?fit=900%2C900&ssl=1&resize=350%2C200 1x, https:\/\/i0.wp.com\/docmarket-dz.com\/wp-content\/uploads\/2023\/12\/29e4edb4da3707409c9a879f98f10f99.jpg?fit=900%2C900&ssl=1&resize=525%2C300 1.5x, https:\/\/i0.wp.com\/docmarket-dz.com\/wp-content\/uploads\/2023\/12\/29e4edb4da3707409c9a879f98f10f99.jpg?fit=900%2C900&ssl=1&resize=700%2C400 2x"},"classes":[]},{"id":24366,"url":"https:\/\/docmarket-dz.com\/index.php\/product\/sparadrap-multi-extensible-10mx15-cm-non-tisse-hypo-alergenique\/","url_meta":{"origin":26789,"position":3},"title":"SPARADRAP MULTI-EXTENSIBLE 10MX15 CM NON TISSE HYPO-ALERGENIQUE","author":"falek.h","date":"23\/12\/2022","format":false,"excerpt":"Le sparadrap en non tiss\u00e9 extensible est utilis\u00e9 pour la\u00a0protection des plaies et des pansements sur des surfaces importantes. En effet, ce sparadrap m\u00e9dical est indiqu\u00e9 pour la fixation de pansements et de dispositifs m\u00e9dicaux (canules, aiguilles, drains, cath\u00e9ters...). Sparadrap Fixneir en non-tiss\u00e9 Bande adh\u00e9sive gradu\u00e9e tous les 10cm Pour\u2026","rel":"","context":"Article similaire","block_context":{"text":"Article similaire","link":""},"img":{"alt_text":"","src":"https:\/\/i0.wp.com\/docmarket-dz.com\/wp-content\/uploads\/2022\/12\/SPARADRAP-MULTI-EXTENSIBLE-10-MX-15-CM-NON-TISSE-HYPOALLERGENIQUE-e1680774926598.jpg?fit=525%2C600&ssl=1&resize=350%2C200","width":350,"height":200,"srcset":"https:\/\/i0.wp.com\/docmarket-dz.com\/wp-content\/uploads\/2022\/12\/SPARADRAP-MULTI-EXTENSIBLE-10-MX-15-CM-NON-TISSE-HYPOALLERGENIQUE-e1680774926598.jpg?fit=525%2C600&ssl=1&resize=350%2C200 1x, https:\/\/i0.wp.com\/docmarket-dz.com\/wp-content\/uploads\/2022\/12\/SPARADRAP-MULTI-EXTENSIBLE-10-MX-15-CM-NON-TISSE-HYPOALLERGENIQUE-e1680774926598.jpg?fit=525%2C600&ssl=1&resize=525%2C300 1.5x"},"classes":[]},{"id":28500,"url":"https:\/\/docmarket-dz.com\/index.php\/product\/sonde-cannelee-12-cm\/","url_meta":{"origin":26789,"position":4},"title":"Sonde cannel\u00e9e 12 cm","author":"fatmazohra.nasri","date":"07\/02\/2024","format":false,"excerpt":"La\u00a0sonde cannel\u00e9e, compos\u00e9e d'une canule, est un instrument de chirurgie utilis\u00e9 pour la\u00a0dissection\u00a0ainsi que la d\u00e9coupe des pansements en toute s\u00e9curit\u00e9 sur le patient. \u00a0 Sonde cannel\u00e9e Instrument de\u00a0chirurgie Sert \u00e0 la dissection et \u00e0 la d\u00e9coupe de\u00a0pansements Domaines chirurgical, v\u00e9t\u00e9rinaire et infirmier Plusieurs dimensions disponibles","rel":"","context":"Article similaire","block_context":{"text":"Article similaire","link":""},"img":{"alt_text":"","src":"https:\/\/i0.wp.com\/docmarket-dz.com\/wp-content\/uploads\/2024\/02\/Sonde-cannelee-12-cm.jpg?fit=600%2C602&ssl=1&resize=350%2C200","width":350,"height":200,"srcset":"https:\/\/i0.wp.com\/docmarket-dz.com\/wp-content\/uploads\/2024\/02\/Sonde-cannelee-12-cm.jpg?fit=600%2C602&ssl=1&resize=350%2C200 1x, https:\/\/i0.wp.com\/docmarket-dz.com\/wp-content\/uploads\/2024\/02\/Sonde-cannelee-12-cm.jpg?fit=600%2C602&ssl=1&resize=525%2C300 1.5x"},"classes":[]},{"id":28502,"url":"https:\/\/docmarket-dz.com\/index.php\/product\/sonde-cannelee-14-cm\/","url_meta":{"origin":26789,"position":5},"title":"Sonde cannel\u00e9e 14 cm","author":"fatmazohra.nasri","date":"07\/02\/2024","format":false,"excerpt":"La\u00a0sonde cannel\u00e9e, compos\u00e9e d'une canule, est un instrument de chirurgie utilis\u00e9 pour la\u00a0dissection\u00a0ainsi que la d\u00e9coupe des pansements en toute s\u00e9curit\u00e9 sur le patient. \u00a0 Sonde cannel\u00e9e Instrument de\u00a0chirurgie Sert \u00e0 la dissection et \u00e0 la d\u00e9coupe de\u00a0pansements Domaines chirurgical, v\u00e9t\u00e9rinaire et infirmier Plusieurs dimensions disponibles","rel":"","context":"Article similaire","block_context":{"text":"Article similaire","link":""},"img":{"alt_text":"","src":"https:\/\/i0.wp.com\/docmarket-dz.com\/wp-content\/uploads\/2024\/02\/sonde-cannelee-14-cm.jpg?fit=602%2C600&ssl=1&resize=350%2C200","width":350,"height":200,"srcset":"https:\/\/i0.wp.com\/docmarket-dz.com\/wp-content\/uploads\/2024\/02\/sonde-cannelee-14-cm.jpg?fit=602%2C600&ssl=1&resize=350%2C200 1x, https:\/\/i0.wp.com\/docmarket-dz.com\/wp-content\/uploads\/2024\/02\/sonde-cannelee-14-cm.jpg?fit=602%2C600&ssl=1&resize=525%2C300 1.5x"},"classes":[]}],"jetpack_sharing_enabled":true,"tiered_pricing_type":"fixed","tiered_pricing_fixed_rules":[],"tiered_pricing_product_settings":{"layout":"default","base_unit_name":{"singular":null,"plural":null},"default_variation":null},"tiered_pricing_minimum_quantity":null,"tiered_pricing_roles_data":[],"tiered_pricing_percentage_rules":[],"_links":{"self":[{"href":"https:\/\/docmarket-dz.com\/index.php\/wp-json\/wp\/v2\/product\/26789","targetHints":{"allow":["GET"]}}],"collection":[{"href":"https:\/\/docmarket-dz.com\/index.php\/wp-json\/wp\/v2\/product"}],"about":[{"href":"https:\/\/docmarket-dz.com\/index.php\/wp-json\/wp\/v2\/types\/product"}],"replies":[{"embeddable":true,"href":"https:\/\/docmarket-dz.com\/index.php\/wp-json\/wp\/v2\/comments?post=26789"}],"wp:featuredmedia":[{"embeddable":true,"href":"https:\/\/docmarket-dz.com\/index.php\/wp-json\/wp\/v2\/media\/26844"}],"wp:attachment":[{"href":"https:\/\/docmarket-dz.com\/index.php\/wp-json\/wp\/v2\/media?parent=26789"}],"wp:term":[{"taxonomy":"product_brand","embeddable":true,"href":"https:\/\/docmarket-dz.com\/index.php\/wp-json\/wp\/v2\/product_brand?post=26789"},{"taxonomy":"product_cat","embeddable":true,"href":"https:\/\/docmarket-dz.com\/index.php\/wp-json\/wp\/v2\/product_cat?post=26789"},{"taxonomy":"product_tag","embeddable":true,"href":"https:\/\/docmarket-dz.com\/index.php\/wp-json\/wp\/v2\/product_tag?post=26789"}],"curies":[{"name":"wp","href":"https:\/\/api.w.org\/{rel}","templated":true}]}}