{"id":27492,"date":"2023-10-16T11:51:17","date_gmt":"2023-10-16T10:51:17","guid":{"rendered":"https:\/\/docmarket-dz.com\/?post_type=product&#038;p=27492"},"modified":"2024-04-03T17:39:03","modified_gmt":"2024-04-03T16:39:03","slug":"tensiometre-lian-nano-avec-brassard-m-marque-spengler","status":"publish","type":"product","link":"https:\/\/docmarket-dz.com\/index.php\/product\/tensiometre-lian-nano-avec-brassard-m-marque-spengler\/","title":{"rendered":"Tensiometre LIAN nano avec brassard M  spengler"},"content":{"rendered":"<h2><strong>Tensiom\u00e8tre manopoire Spengler Lian Nano<\/strong><\/h2>\n<p>L&#8217;essentiel du savoir-faire Spengler.<\/p>\n<p><span class=\"gras\">L\u00e9ger mais costaud :<\/span><br \/>\nConstruit en ABS,\u00a0<strong>Lian Nano<\/strong> p\u00e8se moins de 150 grammes tout en \u00e9tant tr\u00e8s r\u00e9sistant aux chocs et aux chutes.<\/p>\n<p><span class=\"fonts_18\">Contenu<\/span><br \/>\nLe tensiom\u00e8tre est livr\u00e9 avec un brassard taille Adulte (26-34 cm) et avec une trousse en nylon noir.<\/p>\n","protected":false},"excerpt":{"rendered":"<p>Tensiom\u00e8tre manopoire Spengler Lian Nano L&#8217;essentiel du savoir-faire Spengler. L\u00e9ger mais costaud : Construit en ABS,\u00a0Lian Nano p\u00e8se moins de 150 grammes tout en \u00e9tant tr\u00e8s r\u00e9sistant aux chocs et aux chutes. Contenu Le tensiom\u00e8tre est livr\u00e9 avec un brassard taille Adulte (26-34 cm) et avec une trousse en nylon noir.<\/p>\n","protected":false},"featured_media":27495,"comment_status":"open","ping_status":"closed","template":"","meta":{"content-type":"","om_disable_all_campaigns":false,"_uf_show_specific_survey":0,"_uf_disable_surveys":false,"jetpack_publicize_message":"","jetpack_publicize_feature_enabled":true,"jetpack_social_post_already_shared":false,"jetpack_social_options":{"image_generator_settings":{"template":"highway","default_image_id":0,"font":"","enabled":false},"version":2}},"product_brand":[],"product_cat":[906,487],"product_tag":[],"class_list":{"0":"post-27492","1":"product","2":"type-product","3":"status-publish","4":"has-post-thumbnail","6":"product_cat-cardiologei","7":"product_cat-medical","8":"ts_product_brand-spengler","10":"first","11":"onbackorder","12":"purchasable","13":"product-type-simple"},"supplier_id":null,"supplier_sku":"","barcode":null,"atum_controlled":true,"out_stock_date":null,"out_stock_threshold":null,"inheritable":false,"inbound_stock":0,"stock_on_hold":0,"sold_today":0,"sales_last_days":0,"reserved_stock":0,"customer_returns":0,"warehouse_damage":0,"lost_in_post":0,"other_logs":0,"out_stock_days":0,"lost_sales":0,"has_location":false,"update_date":"2026-04-10T00:05:12","atum_locations":[],"atum_stock_status":"onbackorder","restock_status":false,"low_stock_amount":"","sales_update_date":"2026-04-10T00:05:12","calc_backorders":null,"aioseo_notices":[],"jetpack_publicize_connections":[],"jetpack-related-posts":[{"id":28328,"url":"https:\/\/docmarket-dz.com\/index.php\/product\/rossmax-brassard-pour-tensiometre-electronic-m\/","url_meta":{"origin":27492,"position":0},"title":"Rossmax Brassard Pour tensiometre Electronic M","author":"TIKELALINE Amel","date":"14\/01\/2024","format":false,"excerpt":"","rel":"","context":"Article similaire","block_context":{"text":"Article similaire","link":""},"img":{"alt_text":"","src":"https:\/\/i0.wp.com\/docmarket-dz.com\/wp-content\/uploads\/2024\/01\/Rossmax-Cone-Cuff-1.jpg?fit=600%2C600&ssl=1&resize=350%2C200","width":350,"height":200,"srcset":"https:\/\/i0.wp.com\/docmarket-dz.com\/wp-content\/uploads\/2024\/01\/Rossmax-Cone-Cuff-1.jpg?fit=600%2C600&ssl=1&resize=350%2C200 1x, https:\/\/i0.wp.com\/docmarket-dz.com\/wp-content\/uploads\/2024\/01\/Rossmax-Cone-Cuff-1.jpg?fit=600%2C600&ssl=1&resize=525%2C300 1.5x"},"classes":[]},{"id":28667,"url":"https:\/\/docmarket-dz.com\/index.php\/product\/tensiometre-automatique-swing-med\/","url_meta":{"origin":27492,"position":1},"title":"Tensiometre Automatique Swing Med","author":"TIKELALINE Amel","date":"20\/03\/2024","format":false,"excerpt":"Ecran LCD Extra Large Brassard souple de 22 \u00e0 42 cm. Indicateur du seuil d'hypertension. Indicateur d'arythmie IHB. Micro USB Moyenne des 3 derni\u00e8res mesures. Indicateur batterie faible. Fonctionne avec 4 piles AAA","rel":"","context":"Article similaire","block_context":{"text":"Article similaire","link":""},"img":{"alt_text":"","src":"https:\/\/i0.wp.com\/docmarket-dz.com\/wp-content\/uploads\/2024\/03\/D4wv0ehOwEe45Hov17PE8W6xuUFNjcUnNx29oLlF.jpg?fit=603%2C596&ssl=1&resize=350%2C200","width":350,"height":200,"srcset":"https:\/\/i0.wp.com\/docmarket-dz.com\/wp-content\/uploads\/2024\/03\/D4wv0ehOwEe45Hov17PE8W6xuUFNjcUnNx29oLlF.jpg?fit=603%2C596&ssl=1&resize=350%2C200 1x, https:\/\/i0.wp.com\/docmarket-dz.com\/wp-content\/uploads\/2024\/03\/D4wv0ehOwEe45Hov17PE8W6xuUFNjcUnNx29oLlF.jpg?fit=603%2C596&ssl=1&resize=525%2C300 1.5x"},"classes":[]},{"id":30527,"url":"https:\/\/docmarket-dz.com\/index.php\/product\/tensiometre-automatique-rossmax-modele-z1\/","url_meta":{"origin":27492,"position":2},"title":"Tensiom\u00e8tre Automatique &#8211; ROSSMAX &#8211; Mod\u00e8le Z1","author":"Sofiane Arbouche","date":"02\/12\/2025","format":false,"excerpt":"Ce moniteur de pression art\u00e9rielle a pass\u00e9 les crit\u00e8res de l'European Society of Hypertension en r\u00e9alisant toutes les exigences. En outre, ce moniteur est conforme \u00e0 la norme requise par l\u2019AAMI (AAMI\/ANSI\/ISO 81060-2). \u00a0D\u00e9tection de mouvement La \u00abd\u00e9tection de mouvement\" permet de rappeler \u00e0 l'utilisateur de rester immobile et indique\u2026","rel":"","context":"Article similaire","block_context":{"text":"Article similaire","link":""},"img":{"alt_text":"","src":"https:\/\/i0.wp.com\/docmarket-dz.com\/wp-content\/uploads\/2025\/12\/Sans-titre-1.jpg?fit=1000%2C1000&ssl=1&resize=350%2C200","width":350,"height":200,"srcset":"https:\/\/i0.wp.com\/docmarket-dz.com\/wp-content\/uploads\/2025\/12\/Sans-titre-1.jpg?fit=1000%2C1000&ssl=1&resize=350%2C200 1x, https:\/\/i0.wp.com\/docmarket-dz.com\/wp-content\/uploads\/2025\/12\/Sans-titre-1.jpg?fit=1000%2C1000&ssl=1&resize=525%2C300 1.5x, https:\/\/i0.wp.com\/docmarket-dz.com\/wp-content\/uploads\/2025\/12\/Sans-titre-1.jpg?fit=1000%2C1000&ssl=1&resize=700%2C400 2x"},"classes":[]},{"id":25308,"url":"https:\/\/docmarket-dz.com\/index.php\/product\/tensiometre\/","url_meta":{"origin":27492,"position":3},"title":"TENSIOMETRE","author":"falek.h","date":"03\/03\/2023","format":false,"excerpt":"","rel":"","context":"Article similaire","block_context":{"text":"Article similaire","link":""},"img":{"alt_text":"","src":"https:\/\/i0.wp.com\/docmarket-dz.com\/wp-content\/uploads\/2023\/03\/TENSIOMETRE-OMRON-M2.jpg?fit=600%2C600&ssl=1&resize=350%2C200","width":350,"height":200,"srcset":"https:\/\/i0.wp.com\/docmarket-dz.com\/wp-content\/uploads\/2023\/03\/TENSIOMETRE-OMRON-M2.jpg?fit=600%2C600&ssl=1&resize=350%2C200 1x, https:\/\/i0.wp.com\/docmarket-dz.com\/wp-content\/uploads\/2023\/03\/TENSIOMETRE-OMRON-M2.jpg?fit=600%2C600&ssl=1&resize=525%2C300 1.5x"},"classes":[]},{"id":26581,"url":"https:\/\/docmarket-dz.com\/index.php\/product\/composite-coffret-i-light\/","url_meta":{"origin":27492,"position":4},"title":"COMPOSITE COFFRET I-LIGHT","author":"falek.h","date":"01\/01\/1970","format":false,"excerpt":"Composite nano hybride, i-LIGHT coffret de 8 tubes de 4g + etching + bonding","rel":"","context":"Article similaire","block_context":{"text":"Article similaire","link":""},"img":{"alt_text":"","src":"https:\/\/i0.wp.com\/docmarket-dz.com\/wp-content\/uploads\/1970\/01\/i-light-n-4x4g-72-1000x667-1.jpg?fit=1000%2C667&ssl=1&resize=350%2C200","width":350,"height":200,"srcset":"https:\/\/i0.wp.com\/docmarket-dz.com\/wp-content\/uploads\/1970\/01\/i-light-n-4x4g-72-1000x667-1.jpg?fit=1000%2C667&ssl=1&resize=350%2C200 1x, https:\/\/i0.wp.com\/docmarket-dz.com\/wp-content\/uploads\/1970\/01\/i-light-n-4x4g-72-1000x667-1.jpg?fit=1000%2C667&ssl=1&resize=525%2C300 1.5x, https:\/\/i0.wp.com\/docmarket-dz.com\/wp-content\/uploads\/1970\/01\/i-light-n-4x4g-72-1000x667-1.jpg?fit=1000%2C667&ssl=1&resize=700%2C400 2x"},"classes":[]},{"id":25386,"url":"https:\/\/docmarket-dz.com\/index.php\/product\/brassard-pour-mapa-obaise-cardioline\/","url_meta":{"origin":27492,"position":5},"title":"BRASSARD POUR MAPA OBAISE CARDIOLINE","author":"falek.h","date":"12\/03\/2023","format":false,"excerpt":"BRASSARD POUR MAPA OBAISE CARDIOLINE","rel":"","context":"Article similaire","block_context":{"text":"Article similaire","link":""},"img":{"alt_text":"","src":"https:\/\/i0.wp.com\/docmarket-dz.com\/wp-content\/uploads\/2023\/03\/BRASSARD-POUR-MAPA-OBAISE-CARDIOLINE-e1680780848976.jpg?fit=643%2C600&ssl=1&resize=350%2C200","width":350,"height":200,"srcset":"https:\/\/i0.wp.com\/docmarket-dz.com\/wp-content\/uploads\/2023\/03\/BRASSARD-POUR-MAPA-OBAISE-CARDIOLINE-e1680780848976.jpg?fit=643%2C600&ssl=1&resize=350%2C200 1x, https:\/\/i0.wp.com\/docmarket-dz.com\/wp-content\/uploads\/2023\/03\/BRASSARD-POUR-MAPA-OBAISE-CARDIOLINE-e1680780848976.jpg?fit=643%2C600&ssl=1&resize=525%2C300 1.5x"},"classes":[]}],"jetpack_sharing_enabled":true,"tiered_pricing_type":"fixed","tiered_pricing_fixed_rules":[],"tiered_pricing_product_settings":{"layout":"default","base_unit_name":{"singular":null,"plural":null},"default_variation":null},"tiered_pricing_minimum_quantity":null,"tiered_pricing_roles_data":[],"tiered_pricing_percentage_rules":[],"_links":{"self":[{"href":"https:\/\/docmarket-dz.com\/index.php\/wp-json\/wp\/v2\/product\/27492","targetHints":{"allow":["GET"]}}],"collection":[{"href":"https:\/\/docmarket-dz.com\/index.php\/wp-json\/wp\/v2\/product"}],"about":[{"href":"https:\/\/docmarket-dz.com\/index.php\/wp-json\/wp\/v2\/types\/product"}],"replies":[{"embeddable":true,"href":"https:\/\/docmarket-dz.com\/index.php\/wp-json\/wp\/v2\/comments?post=27492"}],"wp:featuredmedia":[{"embeddable":true,"href":"https:\/\/docmarket-dz.com\/index.php\/wp-json\/wp\/v2\/media\/27495"}],"wp:attachment":[{"href":"https:\/\/docmarket-dz.com\/index.php\/wp-json\/wp\/v2\/media?parent=27492"}],"wp:term":[{"taxonomy":"product_brand","embeddable":true,"href":"https:\/\/docmarket-dz.com\/index.php\/wp-json\/wp\/v2\/product_brand?post=27492"},{"taxonomy":"product_cat","embeddable":true,"href":"https:\/\/docmarket-dz.com\/index.php\/wp-json\/wp\/v2\/product_cat?post=27492"},{"taxonomy":"product_tag","embeddable":true,"href":"https:\/\/docmarket-dz.com\/index.php\/wp-json\/wp\/v2\/product_tag?post=27492"}],"curies":[{"name":"wp","href":"https:\/\/api.w.org\/{rel}","templated":true}]}}