{"id":27576,"date":"2023-10-17T16:32:31","date_gmt":"2023-10-17T15:32:31","guid":{"rendered":"https:\/\/docmarket-dz.com\/?post_type=product&#038;p=27576"},"modified":"2024-10-13T14:24:21","modified_gmt":"2024-10-13T13:24:21","slug":"aiguille-ck-ject-0316","status":"publish","type":"product","link":"https:\/\/docmarket-dz.com\/index.php\/product\/aiguille-ck-ject-0316\/","title":{"rendered":"AIGUILLE CK-JECT 03*16"},"content":{"rendered":"<p>Aiguille dentaire st\u00e9rile<\/p>\n<p>Calibre 30 court 0.3x16mm<\/p>\n<p>CK-Ject<\/p>\n","protected":false},"excerpt":{"rendered":"<p>Aiguille dentaire st\u00e9rile Calibre 30 court 0.3x16mm CK-Ject<\/p>\n","protected":false},"featured_media":27577,"comment_status":"open","ping_status":"closed","template":"","meta":{"content-type":"","om_disable_all_campaigns":false,"_uf_show_specific_survey":0,"_uf_disable_surveys":false,"jetpack_publicize_message":"","jetpack_publicize_feature_enabled":true,"jetpack_social_post_already_shared":false,"jetpack_social_options":{"image_generator_settings":{"template":"highway","default_image_id":0,"font":"","enabled":false},"version":2}},"product_brand":[],"product_cat":[739],"product_tag":[],"class_list":{"0":"post-27576","1":"product","2":"type-product","3":"status-publish","4":"has-post-thumbnail","6":"product_cat-acupuncture","8":"first","9":"instock","10":"taxable","11":"shipping-taxable","12":"purchasable","13":"product-type-simple"},"supplier_id":null,"supplier_sku":"","barcode":null,"atum_controlled":true,"out_stock_date":null,"out_stock_threshold":null,"inheritable":false,"inbound_stock":0,"stock_on_hold":0,"sold_today":0,"sales_last_days":0,"reserved_stock":0,"customer_returns":0,"warehouse_damage":0,"lost_in_post":0,"other_logs":0,"out_stock_days":0,"lost_sales":0,"has_location":true,"update_date":"2026-04-10T00:05:06","atum_locations":[{"id":939,"name":"C2","slug":"c2"}],"atum_stock_status":"instock","restock_status":false,"low_stock_amount":"","sales_update_date":"2026-04-10T00:05:06","calc_backorders":null,"aioseo_notices":[],"jetpack_publicize_connections":[],"jetpack-related-posts":[{"id":27581,"url":"https:\/\/docmarket-dz.com\/index.php\/product\/aiguille-ck-ject-0-421\/","url_meta":{"origin":27576,"position":0},"title":"AIGUILLE CK-JECT 0.4*21","author":"fatmazohra.nasri","date":"17\/10\/2023","format":false,"excerpt":"* St\u00e9rile * Usage unique","rel":"","context":"Article similaire","block_context":{"text":"Article similaire","link":""},"img":{"alt_text":"","src":"https:\/\/i0.wp.com\/docmarket-dz.com\/wp-content\/uploads\/2023\/10\/aiguille-2.jpg?fit=587%2C577&ssl=1&resize=350%2C200","width":350,"height":200,"srcset":"https:\/\/i0.wp.com\/docmarket-dz.com\/wp-content\/uploads\/2023\/10\/aiguille-2.jpg?fit=587%2C577&ssl=1&resize=350%2C200 1x, https:\/\/i0.wp.com\/docmarket-dz.com\/wp-content\/uploads\/2023\/10\/aiguille-2.jpg?fit=587%2C577&ssl=1&resize=525%2C300 1.5x"},"classes":[]},{"id":26434,"url":"https:\/\/docmarket-dz.com\/index.php\/product\/aiguille-0425-septedont\/","url_meta":{"origin":27576,"position":1},"title":"AIGUILLE 04*25 SEPTEDONT","author":"falek.h","date":"01\/01\/1970","format":false,"excerpt":"","rel":"","context":"Article similaire","block_context":{"text":"Article similaire","link":""},"img":{"alt_text":"","src":"https:\/\/i0.wp.com\/docmarket-dz.com\/wp-content\/uploads\/2023\/03\/AIGUILLE-04-25-SEPTEDONT.jpg?fit=600%2C600&ssl=1&resize=350%2C200","width":350,"height":200,"srcset":"https:\/\/i0.wp.com\/docmarket-dz.com\/wp-content\/uploads\/2023\/03\/AIGUILLE-04-25-SEPTEDONT.jpg?fit=600%2C600&ssl=1&resize=350%2C200 1x, https:\/\/i0.wp.com\/docmarket-dz.com\/wp-content\/uploads\/2023\/03\/AIGUILLE-04-25-SEPTEDONT.jpg?fit=600%2C600&ssl=1&resize=525%2C300 1.5x"},"classes":[]},{"id":26146,"url":"https:\/\/docmarket-dz.com\/index.php\/product\/aiguille-de-prelevement-avec-plateau-g21\/","url_meta":{"origin":27576,"position":2},"title":"AIGUILLE DE PRELEVEMENT A PLATEAU G21","author":"falek.h","date":"12\/03\/2023","format":false,"excerpt":"D\u00e9tails Aiguille de pr\u00e9l\u00e8vement facile \u00e0 manipuler. Assure une meilleure p\u00e9n\u00e9tration et le confort du patient : Tranchant du biseau trait\u00e9 par \u00e9lectrochimie. Canule lubrifi\u00e9e par \u00e9vaporation gazeuse. Manchon souple sur l'aiguille perce-bouchon. Surfaces de pr\u00e9hension plates et non polies sur les capuchons protecteurs. T\u00e9moin de non-ouverture. Caract\u00e9ristiques techniques Coloris\u00a0:\u2026","rel":"","context":"Article similaire","block_context":{"text":"Article similaire","link":""},"img":{"alt_text":"","src":"https:\/\/i0.wp.com\/docmarket-dz.com\/wp-content\/uploads\/2023\/03\/Aiguilles-de-prelevement-21G-1.png?fit=807%2C592&ssl=1&resize=350%2C200","width":350,"height":200,"srcset":"https:\/\/i0.wp.com\/docmarket-dz.com\/wp-content\/uploads\/2023\/03\/Aiguilles-de-prelevement-21G-1.png?fit=807%2C592&ssl=1&resize=350%2C200 1x, https:\/\/i0.wp.com\/docmarket-dz.com\/wp-content\/uploads\/2023\/03\/Aiguilles-de-prelevement-21G-1.png?fit=807%2C592&ssl=1&resize=525%2C300 1.5x, https:\/\/i0.wp.com\/docmarket-dz.com\/wp-content\/uploads\/2023\/03\/Aiguilles-de-prelevement-21G-1.png?fit=807%2C592&ssl=1&resize=700%2C400 2x"},"classes":[]},{"id":26151,"url":"https:\/\/docmarket-dz.com\/index.php\/product\/aiguille-spinal-sans-introducteur\/","url_meta":{"origin":27576,"position":3},"title":"AIGUILLE SPINAL SANS INTRODUCTEUR","author":"falek.h","date":"12\/03\/2023","format":false,"excerpt":"Aiguille spinale\u00a0 avec embase transparente et mandrin obturateur. L'embase du mandrin comporte un code couleur normalis\u00e9 correspondant au diam\u00e8tre ext\u00e9rieur de l'aiguille. L'embase de l'aiguille est en plastique transparent pour visualiser le reflux du liquide c\u00e9phalo-rachidien, et est ergonomique pour assurer une prise en main et une manipulation facile. Le\u2026","rel":"","context":"Article similaire","block_context":{"text":"Article similaire","link":""},"img":{"alt_text":"","src":"https:\/\/i0.wp.com\/docmarket-dz.com\/wp-content\/uploads\/2023\/03\/prd_disp_img_00518005a1-scaled-e1696406736651.jpg?fit=860%2C316&ssl=1&resize=350%2C200","width":350,"height":200,"srcset":"https:\/\/i0.wp.com\/docmarket-dz.com\/wp-content\/uploads\/2023\/03\/prd_disp_img_00518005a1-scaled-e1696406736651.jpg?fit=860%2C316&ssl=1&resize=350%2C200 1x, https:\/\/i0.wp.com\/docmarket-dz.com\/wp-content\/uploads\/2023\/03\/prd_disp_img_00518005a1-scaled-e1696406736651.jpg?fit=860%2C316&ssl=1&resize=525%2C300 1.5x, https:\/\/i0.wp.com\/docmarket-dz.com\/wp-content\/uploads\/2023\/03\/prd_disp_img_00518005a1-scaled-e1696406736651.jpg?fit=860%2C316&ssl=1&resize=700%2C400 2x"},"classes":[]},{"id":26153,"url":"https:\/\/docmarket-dz.com\/index.php\/product\/aiguille-sterille\/","url_meta":{"origin":27576,"position":4},"title":"AIGUILLE STERILLE","author":"falek.h","date":"12\/03\/2023","format":false,"excerpt":"","rel":"","context":"Article similaire","block_context":{"text":"Article similaire","link":""},"img":{"alt_text":"","src":"https:\/\/i0.wp.com\/docmarket-dz.com\/wp-content\/uploads\/2023\/03\/AIGUILLE-STERILLE.jpg?fit=700%2C700&ssl=1&resize=350%2C200","width":350,"height":200,"srcset":"https:\/\/i0.wp.com\/docmarket-dz.com\/wp-content\/uploads\/2023\/03\/AIGUILLE-STERILLE.jpg?fit=700%2C700&ssl=1&resize=350%2C200 1x, https:\/\/i0.wp.com\/docmarket-dz.com\/wp-content\/uploads\/2023\/03\/AIGUILLE-STERILLE.jpg?fit=700%2C700&ssl=1&resize=525%2C300 1.5x, https:\/\/i0.wp.com\/docmarket-dz.com\/wp-content\/uploads\/2023\/03\/AIGUILLE-STERILLE.jpg?fit=700%2C700&ssl=1&resize=700%2C400 2x"},"classes":[]},{"id":26150,"url":"https:\/\/docmarket-dz.com\/index.php\/product\/aiguille-spinal-avec-introducteur\/","url_meta":{"origin":27576,"position":5},"title":"AIGUILLE SPINAL AVEC INTRODUCTEUR","author":"falek.h","date":"12\/03\/2023","format":false,"excerpt":"","rel":"","context":"Article similaire","block_context":{"text":"Article similaire","link":""},"img":{"alt_text":"","src":"https:\/\/i0.wp.com\/docmarket-dz.com\/wp-content\/uploads\/2023\/03\/AIGUILLE-SPINAL-AVEC-INTRODUCTEUR.jpg?fit=700%2C636&ssl=1&resize=350%2C200","width":350,"height":200,"srcset":"https:\/\/i0.wp.com\/docmarket-dz.com\/wp-content\/uploads\/2023\/03\/AIGUILLE-SPINAL-AVEC-INTRODUCTEUR.jpg?fit=700%2C636&ssl=1&resize=350%2C200 1x, https:\/\/i0.wp.com\/docmarket-dz.com\/wp-content\/uploads\/2023\/03\/AIGUILLE-SPINAL-AVEC-INTRODUCTEUR.jpg?fit=700%2C636&ssl=1&resize=525%2C300 1.5x, https:\/\/i0.wp.com\/docmarket-dz.com\/wp-content\/uploads\/2023\/03\/AIGUILLE-SPINAL-AVEC-INTRODUCTEUR.jpg?fit=700%2C636&ssl=1&resize=700%2C400 2x"},"classes":[]}],"jetpack_sharing_enabled":true,"tiered_pricing_type":"fixed","tiered_pricing_fixed_rules":[],"tiered_pricing_product_settings":{"layout":"default","base_unit_name":{"singular":null,"plural":null},"default_variation":null},"tiered_pricing_minimum_quantity":null,"tiered_pricing_roles_data":[],"tiered_pricing_percentage_rules":[],"_links":{"self":[{"href":"https:\/\/docmarket-dz.com\/index.php\/wp-json\/wp\/v2\/product\/27576","targetHints":{"allow":["GET"]}}],"collection":[{"href":"https:\/\/docmarket-dz.com\/index.php\/wp-json\/wp\/v2\/product"}],"about":[{"href":"https:\/\/docmarket-dz.com\/index.php\/wp-json\/wp\/v2\/types\/product"}],"replies":[{"embeddable":true,"href":"https:\/\/docmarket-dz.com\/index.php\/wp-json\/wp\/v2\/comments?post=27576"}],"wp:featuredmedia":[{"embeddable":true,"href":"https:\/\/docmarket-dz.com\/index.php\/wp-json\/wp\/v2\/media\/27577"}],"wp:attachment":[{"href":"https:\/\/docmarket-dz.com\/index.php\/wp-json\/wp\/v2\/media?parent=27576"}],"wp:term":[{"taxonomy":"product_brand","embeddable":true,"href":"https:\/\/docmarket-dz.com\/index.php\/wp-json\/wp\/v2\/product_brand?post=27576"},{"taxonomy":"product_cat","embeddable":true,"href":"https:\/\/docmarket-dz.com\/index.php\/wp-json\/wp\/v2\/product_cat?post=27576"},{"taxonomy":"product_tag","embeddable":true,"href":"https:\/\/docmarket-dz.com\/index.php\/wp-json\/wp\/v2\/product_tag?post=27576"}],"curies":[{"name":"wp","href":"https:\/\/api.w.org\/{rel}","templated":true}]}}